{"id":39866,"date":"2024-10-24T20:16:00","date_gmt":"2024-10-24T13:16:00","guid":{"rendered":"http:\/\/azsoft.com\/-product-\/uncategorized\/trinh-chinh-sua-video-icecream-pro\/"},"modified":"2024-10-24T20:16:11","modified_gmt":"2024-10-24T13:16:11","slug":"trinh-chinh-sua-video-icecream-pro","status":"publish","type":"product","link":"https:\/\/azsoft.com\/zh\/-product-\/phan-mem\/multimedia\/video-editors\/trinh-chinh-sua-video-icecream-pro\/","title":{"rendered":"Tr\u00ecnh ch\u1ec9nh s\u1eeda video Icecream PRO"},"content":{"rendered":"<div class=\"b-product__description_text\">\n<p><strong>Icecream Video Editor l\u00e0<\/strong> m\u1ed9t tr\u00ecnh ch\u1ec9nh s\u1eeda video \u0111\u01a1n gi\u1ea3n cho Windows. Ch\u01b0\u01a1ng tr\u00ecnh ch\u1ec9nh s\u1eeda video n\u00e0y s\u1ebd cho ph\u00e9p b\u1ea1n ch\u1ec9nh s\u1eeda v\u00e0 t\u1ea1o video m\u1edbi t\u1eeb \u1ea3nh v\u00e0 video. Th\u00eam hi\u1ec7u \u1ee9ng chuy\u1ec3n ti\u1ebfp, c\u1eaft video, k\u1ebft h\u1ee3p video v\u00e0 \u1ea3nh, th\u00eam ti\u00eau \u0111\u1ec1, \u00e2m thanh n\u1ec1n<\/p>\n<p> v\u00e0 hi\u1ec7u \u1ee9ng h\u00ecnh \u1ea3nh. T\u00ednh <\/p>\n<p><strong>n\u0103ng ch\u1ec9nh s\u1eeda video<\/strong><\/p>\n<ul>\n<li>M\u1ed9t tr\u00ecnh ch\u1ec9nh s\u1eeda video \u0111\u01a1n gi\u1ea3n. S\u1eed d\u1ee5ng tr\u00ecnh ch\u1ec9nh s\u1eeda video m\u1ea1nh m\u1ebd v\u1edbi giao di\u1ec7n tr\u1ef1c quan.<\/li>\n<li>D\u00f2ng th\u1eddi gian. \u0110\u1eb7t video v\u00e0 h\u00ecnh \u1ea3nh c\u1ee7a c\u1ea3nh tr\u00ean c\u00f9ng m\u1ed9t d\u00f2ng th\u1eddi gian<\/li>\n<p>. <\/p>\n<li>Th\u00eam chuy\u1ec3n ti\u1ebfp. Ch\u1ecdn m\u1ed9t trong 15 chuy\u1ec3n ti\u1ebfp ho\u1eb7c \u201cng\u1eabu nhi\u00ean\u201d<\/li>\n<p>. <\/p>\n<li>C\u1eaft video. Th\u1eadt d\u1ec5 d\u00e0ng \u0111\u1ec3 c\u1eaft video \u0111\u01b0\u1ee3c th\u00eam v\u00e0o tr\u00ecnh ch\u1ec9nh s\u1eeda video<\/li>\n<p>. <\/p>\n<li>Th\u00eam hi\u1ec7u \u1ee9ng video. Video m\u1edd, hi\u1ec7u \u1ee9ng newsreel<\/li>\n<p> v\u00e0 nh\u1eefng th\u1ee9 kh\u00e1c. <\/p>\n<li>C\u1eaft video. C\u1eaft c\u1ea3nh \u1ea3nh v\u00e0 video khi c\u1ea7n thi\u1ebft<\/li>\n<p>. <\/p>\n<li>Th\u00eam \u00e2m thanh v\u00e0o video. Th\u00eam nh\u1ea1c ho\u1eb7c l\u1ed3ng ti\u1ebfng.<\/li>\n<li>Th\u00eam v\u0103n b\u1ea3n. Th\u00eam v\u0103n b\u1ea3n v\u00e0o b\u1ea5t k\u1ef3 c\u1ea3nh n\u00e0o tr\u00ean d\u00f2ng th\u1eddi gian<\/li>\n<p>. <\/p>\n<li>C\u00e0i \u0111\u1eb7t h\u00ecnh \u1ea3nh. \u0110\u1eb7t \u0111\u1ed9 s\u00e1ng, \u0111\u1ed9 t\u01b0\u01a1ng ph\u1ea3n, \u0111\u1ed9 b\u00e3o h\u00f2a v\u00e0 m\u00e0u<\/li>\n<\/ul>\n<p> s\u1eafc trong tr\u00ecnh ch\u1ec9nh s\u1eeda video. <\/p>\n<p><strong>\u0110i\u1ec1u g\u00ec kh\u00e1c l\u00e0m cho ph\u1ea7n m\u1ec1m ch\u1ec9nh s\u1eeda video n\u00e0y tr\u1edf n\u00ean t\u1ed1t nh\u1ea5t?<\/strong><\/p>\n<ul>\n<li>C\u00e1c \u0111\u1ecbnh d\u1ea1ng \u0111\u01b0\u1ee3c h\u1ed7 tr\u1ee3. C\u00e1c \u0111\u1ecbnh d\u1ea1ng video v\u00e0 h\u00ecnh \u1ea3nh ph\u1ed5 bi\u1ebfn \u0111\u01b0\u1ee3c h\u1ed7 tr\u1ee3 (MP4, AVI, MOV, WEBM, JPG, PNG, v.v.).<\/li>\n<li>Thay \u0111\u1ed5i t\u1ed1c \u0111\u1ed9. T\u0103ng t\u1ed1c v\u00e0 l\u00e0m ch\u1eadm video<\/li>\n<p>. <\/p>\n<li>Xoay v\u00e0 ph\u1ea3n chi\u1ebfu. Ph\u1ea3n \u00e1nh v\u00e0 xoay c\u00e1c video clip v\u00e0 \u1ea3nh \u0111\u00e3 th\u00eam<\/li>\n<p>. <\/p>\n<li>S\u1ef1 l\u1ef1a ch\u1ecdn ch\u1ea5t l\u01b0\u1ee3ng video. Ch\u1ecdn ch\u1ea5t l\u01b0\u1ee3ng \u0111\u1ea7u ra c\u1ee7a video c\u1ee7a tr\u00ecnh ch\u1ec9nh s\u1eeda video<\/li>\n<p>. <\/p>\n<li>Chia s\u1ebb video. T\u1ea3i video l\u00ean YouTube, Dropbox v\u00e0 Google Drive<\/li>\n<p>. <\/p>\n<li>T\u1ef7 l\u1ec7 khung h\u00ecnh. \u0110\u1eb7t t\u1ef7 l\u1ec7 khung h\u00ecnh cho video \u0111\u1ea7u ra &#8211; \u201cch\u00e2n dung\u201d, \u201calbum\u201d ho\u1eb7c 1:1 cho Instagram<\/li>\n<\/ul>\n<p>.<\/p><\/div>\n<p><strong>\u01afu \u0111i\u1ec3m phi\u00ean b\u1ea3n PRO:<\/strong><\/p>\n<li>\n<li>\n<ul>\n<li>Kh\u00f4ng gi\u1edbi h\u1ea1n c\u1ea3nh tr\u00ean d\u00f2ng th\u1eddi gian \u0110\u1ed9 d\u00e0i video \u0111\u1ea7u ra kh\u00f4ng gi\u1edbi h\u1ea1n m\u00e0 kh\u00f4ng c\u00f3 h\u00ecnh m\u1edd Gi\u1ea5y ph\u00e9p\n<li>tr\u1ecdn \u0111\u1eddi<\/li>\n<\/li>\n<li>cho 2 m\u00e1y t\u00ednh S\u1eed d\u1ee5ng th\u01b0\u01a1ng m\u1ea1i<\/li>\n<\/ul>\n<p> H\u1ed7 tr\u1ee3 k\u1ef9 thu\u1eadt \u01b0u ti\u00ean<\/li>\n<\/li>","protected":false},"excerpt":{"rendered":"<p>Icecream Video Editor l\u00e0 m\u1ed9t tr\u00ecnh ch\u1ec9nh s\u1eeda video \u0111\u01a1n gi\u1ea3n cho Windows. Ch\u01b0\u01a1ng tr\u00ecnh ch\u1ec9nh s\u1eeda video n\u00e0y s\u1ebd cho ph\u00e9p b\u1ea1n ch\u1ec9nh s\u1eeda v\u00e0 t\u1ea1o video m\u1edbi t\u1eeb \u1ea3nh v\u00e0 video. Th\u00eam hi\u1ec7u \u1ee9ng chuy\u1ec3n ti\u1ebfp, c\u1eaft video, k\u1ebft h\u1ee3p video v\u00e0 \u1ea3nh, th\u00eam ti\u00eau \u0111\u1ec1, \u00e2m thanh n\u1ec1n<\/p>\n<p> v\u00e0 hi\u1ec7u \u1ee9ng h\u00ecnh \u1ea3nh.<\/p>","protected":false},"featured_media":39867,"comment_status":"closed","ping_status":"closed","template":"","meta":[],"pwb-brand":[],"product_cat":[2918],"product_tag":[3461,3541],"class_list":{"0":"post-39866","1":"product","2":"type-product","3":"status-publish","4":"has-post-thumbnail","6":"product_cat-video-editors","7":"product_tag-tot","8":"product_tag-ung-dung-icecream","10":"first","11":"instock","12":"shipping-taxable","13":"product-type-simple"},"brands":[],"_links":{"self":[{"href":"https:\/\/azsoft.com\/zh\/wp-json\/wp\/v2\/product\/39866","targetHints":{"allow":["GET"]}}],"collection":[{"href":"https:\/\/azsoft.com\/zh\/wp-json\/wp\/v2\/product"}],"about":[{"href":"https:\/\/azsoft.com\/zh\/wp-json\/wp\/v2\/types\/product"}],"replies":[{"embeddable":true,"href":"https:\/\/azsoft.com\/zh\/wp-json\/wp\/v2\/comments?post=39866"}],"wp:featuredmedia":[{"embeddable":true,"href":"https:\/\/azsoft.com\/zh\/wp-json\/wp\/v2\/media\/39867"}],"wp:attachment":[{"href":"https:\/\/azsoft.com\/zh\/wp-json\/wp\/v2\/media?parent=39866"}],"wp:term":[{"taxonomy":"pwb-brand","embeddable":true,"href":"https:\/\/azsoft.com\/zh\/wp-json\/wp\/v2\/pwb-brand?post=39866"},{"taxonomy":"product_cat","embeddable":true,"href":"https:\/\/azsoft.com\/zh\/wp-json\/wp\/v2\/product_cat?post=39866"},{"taxonomy":"product_tag","embeddable":true,"href":"https:\/\/azsoft.com\/zh\/wp-json\/wp\/v2\/product_tag?post=39866"}],"curies":[{"name":"wp","href":"https:\/\/api.w.org\/{rel}","templated":true}]}}