{"id":38550,"date":"2024-08-24T18:10:15","date_gmt":"2024-08-24T11:10:15","guid":{"rendered":"http:\/\/azsoft.com\/-product-\/uncategorized\/leonardo-da-vinci-la-mot-thien-tai-vuot-thoi-gian-bach-khoa-toan-thu-da-phuong-tien-cyril-va-methodius\/"},"modified":"2024-08-24T18:10:25","modified_gmt":"2024-08-24T11:10:25","slug":"leonardo-da-vinci-la-mot-thien-tai-vuot-thoi-gian-bach-khoa-toan-thu-da-phuong-tien-cyril-va-methodius","status":"publish","type":"product","link":"https:\/\/azsoft.com\/zh\/-product-\/phan-mem\/hobbies-and-interests\/leonardo-da-vinci-la-mot-thien-tai-vuot-thoi-gian-bach-khoa-toan-thu-da-phuong-tien-cyril-va-methodius\/","title":{"rendered":"Leonardo da Vinci l\u00e0 m\u1ed9t thi\u00ean t\u00e0i v\u01b0\u1ee3t th\u1eddi gian (b\u00e1ch khoa to\u00e0n th\u01b0 \u0111a ph\u01b0\u01a1ng ti\u1ec7n Cyril v\u00e0 Methodius)"},"content":{"rendered":"<div class=\"b-product__description_text\">\n<p>M\u1ed9t b\u00e1ch khoa to\u00e0n th\u01b0 \u0111a ph\u01b0\u01a1ng ti\u1ec7n v\u1ec1 cu\u1ed9c \u0111\u1eddi v\u00e0 c\u00f4ng vi\u1ec7c c\u1ee7a thi\u00ean t\u00e0i v\u0129 \u0111\u1ea1i nh\u1ea5t c\u1ee7a nh\u00e2n lo\u1ea1i, Leonardo da Vinci. Leonardo da Vinci, m\u1ed9t h\u1ecda s\u0129, nh\u00e0 \u0111i\u00eau kh\u1eafc, ki\u1ebfn tr\u00fac s\u01b0, nh\u00e0 khoa h\u1ecdc v\u00e0 k\u1ef9 s\u01b0, \u0111\u00e3 s\u1eed d\u1ee5ng tr\u00ed th\u00f4ng minh c\u1ee7a m\u00ecnh \u0111\u1ec3 nh\u00ecn v\u00e0o t\u01b0\u01a1ng lai v\u00e0 gi\u00fap \u201ct\u1ea1o ra th\u1ebf gi\u1edbi\u201d m\u00e0 ch\u00fang ta \u0111ang s\u1ed1ng. Nhi\u1ec1u kh\u00e1m ph\u00e1, d\u1ef1 \u00e1n v\u00e0 nghi\u00ean c\u1ee9u th\u1ef1c nghi\u1ec7m c\u1ee7a \u00f4ng v\u1ec1 to\u00e1n h\u1ecdc, khoa h\u1ecdc t\u1ef1 nhi\u00ean v\u00e0 c\u01a1 h\u1ecdc th\u1ef1c s\u1ef1 \u0111\u00e1ng kinh ng\u1ea1c v\u00e0 \u0111i tr\u01b0\u1edbc nhi\u1ec1u th\u1ebf k\u1ef7 tr\u01b0\u1edbc khi th\u1ef1c hi\u1ec7n ch\u00fang. \u201cT\u00f4i mu\u1ed1n l\u00e0m m\u1ed9t ph\u00e9p m\u00e0u,\u201d Leonardo tr\u1ebb tu\u1ed5i n\u00f3i. Nh\u1eefng s\u00e1ng t\u1ea1o c\u1ee7a \u00f4ng \u0111\u00e3 tr\u1edf th\u00e0nh m\u1ed9t ph\u00e9p m\u00e0u v\u1eabn khi\u1ebfn m\u1ecdi ng\u01b0\u1eddi kinh ng\u1ea1c ng\u00e0y nay<\/p>\n<p>. <\/p>\n<p>B\u00e1ch khoa to\u00e0n th\u01b0 \u0111a ph\u01b0\u01a1ng ti\u1ec7n \u0111\u01b0\u1ee3c g\u1eedi \u0111\u1ebfn nhi\u1ec1u ng\u01b0\u1eddi d\u00f9ng quan t\u00e2m \u0111\u1ebfn vi\u1ec7c nghi\u00ean c\u1ee9u t\u00e1c ph\u1ea9m c\u1ee7a Leonardo da Vinci.<\/p>\n<p>B\u00e1ch khoa to\u00e0n th\u01b0 bao g\u1ed3m m\u1ed9t l\u01b0\u1ee3ng l\u1edbn t\u00e0i li\u1ec7u t\u1eeb di s\u1ea3n c\u1ee7a Leonardo da Vinci, m\u1ed9t thi\u00ean t\u00e0i th\u1ebf gi\u1edbi v\u0129 \u0111\u1ea1i: v\u0103n b\u1ea3n, b\u1ea3n v\u1ebd, tranh v\u1ebd, d\u1ef1 \u00e1n, c\u0169ng nh\u01b0 c\u00e1c nghi\u00ean c\u1ee9u khoa h\u1ecdc, s\u00e1ch, b\u00e0i b\u00e1o, tr\u00edch \u0111o\u1ea1n phim v\u00e0 c\u00e1c t\u00e0i li\u1ec7u kh\u00e1c c\u00f3 th\u1ec3 \u0111\u01b0\u1ee3c quy cho b\u1ed1i c\u1ea3nh cu\u1ed9c \u0111\u1eddi v\u00e0 c\u00f4ng vi\u1ec7c c\u1ee7a Leonardo (s\u1ef1 ki\u1ec7n v\u00e0 con ng\u01b0\u1eddi, chi ti\u1ebft v\u1ec1 l\u1ecbch s\u1eed, \u0111\u1ecba l\u00fd v\u00e0 v\u0103n h\u00f3a th\u1eddi \u0111\u00f3).<\/p>\n<p>V\u1ec1 t\u00ednh \u0111\u1ea7y \u0111\u1ee7 v\u00e0 ch\u00ednh x\u00e1c, th\u00f4ng tin \u0111\u01b0\u1ee3c tr\u00ecnh b\u00e0y kh\u00f4ng ch\u1ec9 mang t\u00ednh ch\u1ea5t th\u00f4ng tin m\u00e0 c\u00f2n mang t\u00ednh ch\u1ea5t gi\u00e1o d\u1ee5c v\u00e0 th\u1eadm ch\u00ed khoa h\u1ecdc (nghi\u00ean c\u1ee9u) v\u00e0 bao g\u1ed3m: c\u00e1c t\u00e1c ph\u1ea9m c\u1ee7a Leonardo da Vinci (h\u1ea7u h\u1ebft t\u1ea5t c\u1ea3 c\u00e1c v\u0103n b\u1ea3n tri\u1ebft h\u1ecdc, khoa h\u1ecdc t\u1ef1 nhi\u00ean v\u00e0 k\u1ef9 thu\u1eadt ch\u00ednh<\/p>\n<ul>\n<li>\u0111\u01b0\u1ee3c xu\u1ea5t b\u1ea3n b\u1eb1ng ti\u1ebfng Nga; b\u1ea3n sao c\u00e1c t\u00e1c ph\u1ea9m ngh\u1ec7 thu\u1eadt c\u1ee7a Leonardo da Vinci; b\u1ea3n sao c\u00e1c t\u00e1c ph\u1ea9m ngh\u1ec7 thu\u1eadt c\u1ee7a Leonardo da Vinci Chi); tham kh\u1ea3o v\u00e0 th\u00f4ng tin <\/li>\n<li>t\u00e0i li\u1ec7u v\u1ec1 ng\u00e0y th\u00e1ng v\u00e0 \u0111\u1ecba \u0111i\u1ec3m ch\u00ednh c\u1ee7a cu\u1ed9c s\u1ed1ng v\u00e0 c\u00f4ng vi\u1ec7c c\u1ee7a Leonardo da Vinci, v\u1ec1 l\u1ecbch s\u1eed v\u00e0 b\u1ea3n \u0111\u1ecba h\u00f3a hi\u1ec7n \u0111\u1ea1i c\u1ee7a c\u00e1c t\u00e1c ph\u1ea9m v\u00e0 kho l\u01b0u tr\u1eef c\u1ee7a \u00f4ng<\/li>\n<\/ul>\n<p>. <\/p>\n<li><strong>\n<li><strong>\n<li>B\u00e1ch\n<p>khoa to\u00e0n th\u01b0 \u0111a ph\u01b0\u01a1ng ti\u1ec7n ch\u1ee9a:<\/p>\n<ul>\n<li><strong>570<\/strong> b\u00e0i b\u00e1o b\u00e1ch khoa \u0111\u01b0\u1ee3c chia th\u00e0nh 4 ph\u1ea7n v\u00e0 15 ti\u1ec3u m\u1ee5c; 2.700 tr\u00edch d\u1eabn t\u1eeb Leonardo (44 t\u00e1c ph\u1ea9m v\u00e0 danh m\u1ee5c tr\u00edch d\u1eabn); <strong><strong>2.500<\/strong><\/strong> minh h\u1ecda \u0111a ph\u01b0\u01a1ng ti\u1ec7n;<\/li>\n<li>\n<li><strong>46<\/strong> \u0111o\u1ea1n \u00e2m thanh; <strong>3<\/strong>\n<li>b\u00e0i thuy\u1ebft tr\u00ecnh<\/li>\n<p> \u0111a ph\u01b0\u01a1ng ti\u1ec7n;<\/li>\n<p> 611 ng\u00e0y v\u00e0 s\u1ef1 ki\u1ec7n; 65 chuy\u00ean kh\u1ea3o to\u00e0n v\u0103n, b\u00e0i b\u00e1o v\u00e0<\/li>\n<li>t\u00e0i li\u1ec7u h\u1ed9i ngh\u1ecb v\u1ec1 Leonardo; Th\u01b0<\/li>\n<\/ul>\n<p> m\u1ee5c.<\/li>\n<p><\/strong><\/li>\n<p><\/strong><\/li>\n<\/p><\/div>","protected":false},"excerpt":{"rendered":"<p>M\u1ed9t b\u00e1ch khoa to\u00e0n th\u01b0 \u0111a ph\u01b0\u01a1ng ti\u1ec7n v\u1ec1 cu\u1ed9c \u0111\u1eddi v\u00e0 c\u00f4ng vi\u1ec7c c\u1ee7a thi\u00ean t\u00e0i v\u0129 \u0111\u1ea1i nh\u1ea5t c\u1ee7a nh\u00e2n lo\u1ea1i, Leonardo da Vinci. Leonardo da Vinci, m\u1ed9t h\u1ecda s\u0129, nh\u00e0 \u0111i\u00eau kh\u1eafc, ki\u1ebfn tr\u00fac s\u01b0, nh\u00e0 khoa h\u1ecdc v\u00e0 k\u1ef9 s\u01b0, \u0111\u00e3 s\u1eed d\u1ee5ng tr\u00ed th\u00f4ng minh c\u1ee7a m\u00ecnh \u0111\u1ec3 nh\u00ecn v\u00e0o t\u01b0\u01a1ng lai v\u00e0 gi\u00fap \u201ct\u1ea1o ra th\u1ebf gi\u1edbi\u201d m\u00e0 ch\u00fang ta \u0111ang s\u1ed1ng. Nhi\u1ec1u kh\u00e1m ph\u00e1, d\u1ef1 \u00e1n v\u00e0 nghi\u00ean c\u1ee9u th\u1ef1c nghi\u1ec7m c\u1ee7a \u00f4ng v\u1ec1 to\u00e1n h\u1ecdc, khoa h\u1ecdc t\u1ef1 nhi\u00ean v\u00e0 c\u01a1 h\u1ecdc th\u1ef1c s\u1ef1 \u0111\u00e1ng kinh ng\u1ea1c v\u00e0 \u0111i tr\u01b0\u1edbc nhi\u1ec1u th\u1ebf k\u1ef7 tr\u01b0\u1edbc khi th\u1ef1c hi\u1ec7n ch\u00fang. \u201cT\u00f4i mu\u1ed1n l\u00e0m m\u1ed9t ph\u00e9p m\u00e0u,\u201d Leonardo tr\u1ebb tu\u1ed5i n\u00f3i. Nh\u1eefng s\u00e1ng t\u1ea1o c\u1ee7a \u00f4ng \u0111\u00e3 tr\u1edf th\u00e0nh m\u1ed9t ph\u00e9p m\u00e0u v\u1eabn khi\u1ebfn m\u1ecdi ng\u01b0\u1eddi kinh ng\u1ea1c ng\u00e0y nay<\/p>\n<p>.<\/p>","protected":false},"featured_media":38551,"comment_status":"closed","ping_status":"closed","template":"","meta":[],"pwb-brand":[],"product_cat":[3022],"product_tag":[3503,25],"class_list":{"0":"post-38550","1":"product","2":"type-product","3":"status-publish","4":"has-post-thumbnail","6":"product_cat-hobbies-and-interests","7":"product_tag-cyril-va-methodius","8":"product_tag-man","10":"first","11":"instock","12":"shipping-taxable","13":"product-type-simple"},"brands":[],"_links":{"self":[{"href":"https:\/\/azsoft.com\/zh\/wp-json\/wp\/v2\/product\/38550","targetHints":{"allow":["GET"]}}],"collection":[{"href":"https:\/\/azsoft.com\/zh\/wp-json\/wp\/v2\/product"}],"about":[{"href":"https:\/\/azsoft.com\/zh\/wp-json\/wp\/v2\/types\/product"}],"replies":[{"embeddable":true,"href":"https:\/\/azsoft.com\/zh\/wp-json\/wp\/v2\/comments?post=38550"}],"wp:featuredmedia":[{"embeddable":true,"href":"https:\/\/azsoft.com\/zh\/wp-json\/wp\/v2\/media\/38551"}],"wp:attachment":[{"href":"https:\/\/azsoft.com\/zh\/wp-json\/wp\/v2\/media?parent=38550"}],"wp:term":[{"taxonomy":"pwb-brand","embeddable":true,"href":"https:\/\/azsoft.com\/zh\/wp-json\/wp\/v2\/pwb-brand?post=38550"},{"taxonomy":"product_cat","embeddable":true,"href":"https:\/\/azsoft.com\/zh\/wp-json\/wp\/v2\/product_cat?post=38550"},{"taxonomy":"product_tag","embeddable":true,"href":"https:\/\/azsoft.com\/zh\/wp-json\/wp\/v2\/product_tag?post=38550"}],"curies":[{"name":"wp","href":"https:\/\/api.w.org\/{rel}","templated":true}]}}