{"id":20171,"date":"2024-07-11T12:28:05","date_gmt":"2024-07-11T05:28:05","guid":{"rendered":"http:\/\/azsoft.com\/-product-\/uncategorized\/trellix-intrusion-prevention-system\/"},"modified":"2024-07-13T21:21:32","modified_gmt":"2024-07-13T14:21:32","slug":"trellix-intrusion-prevention-system","status":"publish","type":"product","link":"https:\/\/azsoft.com\/zh\/-product-\/phan-mem\/phan-mem-bao-mat\/bao-mat-he-thong\/trellix-intrusion-prevention-system\/","title":{"rendered":"Trellix Intrusion Prevention System"},"content":{"rendered":"<div class=\"additional-attributes-wrapper table-wrapper\">\n<table class=\"data table additional-attributes table1\" id=\"product-attribute-specs-table\">\n<caption class=\"table-caption\">\u66f4\u591a\u4fe1\u606f<\/caption>\n<tbody>\n<tr>\n<th class=\"col label\" scope=\"row\">\u8be5\u516c\u53f8<\/th>\n<td class=\"col data\" data-th=\"H\u00e3ng\">Trellix<\/td>\n<\/tr>\n<tr>\n<th class=\"col label\" scope=\"row\">\u8bb8\u53ef\u8868\u683c<\/th>\n<td class=\"col data\" data-th=\"H\u00ecnh th\u1ee9c c\u1ea5p ph\u00e9p\">\u6267\u7167<\/td>\n<\/tr>\n<tr>\n<th class=\"col label\" scope=\"row\">\u5ba2\u6237\u7ec6\u5206<\/th>\n<td class=\"col data\" data-th=\"Ph\u00e2n kh\u00fac kh\u00e1ch h\u00e0ng\">\u4e2d\u5c0f\u4f01\u4e1a<\/td>\n<\/tr>\n<tr>\n<th class=\"col label\" scope=\"row\">\u6ce8\u518c\u7c7b\u578b<\/th>\n<td class=\"col data\" data-th=\"Lo\u1ea1i h\u00ecnh \u0111\u0103ng k\u00fd\">\u8ba2\u9605<\/td>\n<\/tr>\n<tr>\n<th class=\"col label\" scope=\"row\">\u7269\u54c1\u72b6\u6001<\/th>\n<td class=\"col data\" data-th=\"Tr\u1ea1ng th\u00e1i h\u00e0ng\">\u889c<\/td>\n<\/tr>\n<\/tbody>\n<\/table><\/div>","protected":false},"excerpt":{"rendered":"<table class=\"table-attributes table2\">\n<tbody>\n<tr>\n<th scope=\"row\">\u8be5\u516c\u53f8<\/th>\n<td data-th=\"H\u00e3ng\">\n                                            Trellix                                          <\/td>\n<\/tr>\n<tr>\n<th scope=\"row\">\u8bb8\u53ef\u8868\u683c<\/th>\n<td data-th=\"H\u00ecnh th\u1ee9c c\u1ea5p ph\u00e9p\">\n                                            \u6267\u7167                                          <\/td>\n<\/tr>\n<tr>\n<th scope=\"row\">\u5ba2\u6237\u7ec6\u5206<\/th>\n<td data-th=\"Ph\u00e2n kh\u00fac kh\u00e1ch h\u00e0ng\">\n                                            \u4e2d\u5c0f\u4f01\u4e1a                                          <\/td>\n<\/tr>\n<tr>\n<th scope=\"row\">\u6ce8\u518c\u7c7b\u578b<\/th>\n<td data-th=\"Lo\u1ea1i h\u00ecnh \u0111\u0103ng k\u00fd\">\n                                            \u8ba2\u9605                                          <\/td>\n<\/tr>\n<tr>\n<th scope=\"row\">\u7269\u54c1\u72b6\u6001<\/th>\n<td data-th=\"Tr\u1ea1ng th\u00e1i h\u00e0ng\">\n<p>            <span class=\"tit\"><i class=\"porto-icon-ok\"><\/i> \u889c<\/span><\/p>\n<\/td>\n<\/tr>\n<\/tbody>\n<\/table>","protected":false},"featured_media":20172,"comment_status":"closed","ping_status":"closed","template":"","meta":[],"pwb-brand":[4070],"product_cat":[3045],"product_tag":[],"class_list":{"0":"post-20171","1":"product","2":"type-product","3":"status-publish","4":"has-post-thumbnail","6":"pwb-brand-trellix","7":"product_cat-bao-mat-he-thong","9":"first","10":"instock","11":"shipping-taxable","12":"product-type-simple"},"brands":[{"id":4070,"name":"Trellix","slug":"trellix"}],"_links":{"self":[{"href":"https:\/\/azsoft.com\/zh\/wp-json\/wp\/v2\/product\/20171","targetHints":{"allow":["GET"]}}],"collection":[{"href":"https:\/\/azsoft.com\/zh\/wp-json\/wp\/v2\/product"}],"about":[{"href":"https:\/\/azsoft.com\/zh\/wp-json\/wp\/v2\/types\/product"}],"replies":[{"embeddable":true,"href":"https:\/\/azsoft.com\/zh\/wp-json\/wp\/v2\/comments?post=20171"}],"wp:featuredmedia":[{"embeddable":true,"href":"https:\/\/azsoft.com\/zh\/wp-json\/wp\/v2\/media\/20172"}],"wp:attachment":[{"href":"https:\/\/azsoft.com\/zh\/wp-json\/wp\/v2\/media?parent=20171"}],"wp:term":[{"taxonomy":"pwb-brand","embeddable":true,"href":"https:\/\/azsoft.com\/zh\/wp-json\/wp\/v2\/pwb-brand?post=20171"},{"taxonomy":"product_cat","embeddable":true,"href":"https:\/\/azsoft.com\/zh\/wp-json\/wp\/v2\/product_cat?post=20171"},{"taxonomy":"product_tag","embeddable":true,"href":"https:\/\/azsoft.com\/zh\/wp-json\/wp\/v2\/product_tag?post=20171"}],"curies":[{"name":"wp","href":"https:\/\/api.w.org\/{rel}","templated":true}]}}