{"id":40259,"date":"2024-11-14T18:15:55","date_gmt":"2024-11-14T11:15:55","guid":{"rendered":"http:\/\/azsoft.com\/-product-\/uncategorized\/stimulsoft-reports-net\/"},"modified":"2024-11-14T18:16:06","modified_gmt":"2024-11-14T11:16:06","slug":"stimulsoft-reports-net","status":"publish","type":"product","link":"https:\/\/azsoft.com\/vi\/-product-\/phan-mem\/programming-phan-mem\/software-development\/stimulsoft-reports-net\/","title":{"rendered":"Stimulsoft Reports.Net"},"content":{"rendered":"<div class=\"b-product__description_text\">\n<p><strong>Stimulsoft Reports.Net<\/strong> l\u00e0 m\u1ed9t tr\u00ecnh t\u1ea1o b\u00e1o c\u00e1o \u0111\u1ec3 ph\u00e1t tri\u1ec3n c\u00e1c b\u00e1o c\u00e1o linh ho\u1ea1t v\u00e0 gi\u00e0u t\u00ednh n\u0103ng \u0111\u1ec3 s\u1eed d\u1ee5ng trong Windows Forms v\u00e0 Asp.Net. N\u00f3 cho ph\u00e9p b\u1ea1n s\u1eed d\u1ee5ng nh\u00e0 thi\u1ebft k\u1ebf c\u1ea3 trong qu\u00e1 tr\u00ecnh ph\u00e1t tri\u1ec3n v\u00e0 trong qu\u00e1 tr\u00ecnh th\u1ef1c hi\u1ec7n ch\u01b0\u01a1ng tr\u00ecnh. B\u00e1o c\u00e1o \u0111\u01b0\u1ee3c t\u1ea1o \u0111\u01b0\u1ee3c xu\u1ea5t sang nhi\u1ec1u \u0111\u1ecbnh d\u1ea1ng kh\u00e1c nhau. <strong>C\u00e1c t\u00ednh n\u0103ng ch\u00ednh:<\/strong><\/p>\n<ul>\n<li>S\u1eed d\u1ee5ng Stimulsoft Reports.Net, b\u1ea1n c\u00f3 th\u1ec3 x\u00e2y d\u1ef1ng b\u00e1o c\u00e1o<\/li>\n<p> d\u1ef1a tr\u00ean nhi\u1ec1u ngu\u1ed3n d\u1eef li\u1ec7u kh\u00e1c nhau. <\/p>\n<li>C\u00e1c b\u00e1o c\u00e1o l\u00e0m s\u1eb5n c\u00f3 th\u1ec3 \u0111\u01b0\u1ee3c s\u1eed d\u1ee5ng trong c\u1ea3 Windows Forms v\u00e0 Asp.Net.<\/li>\n<li>B\u1ea1n c\u00f3 th\u1ec3 xu\u1ea5t b\u00e1o c\u00e1o \u0111\u00e3 t\u1ea1o sang nhi\u1ec1u \u0111\u1ecbnh d\u1ea1ng kh\u00e1c: Pdf, Xps, Xml, Html, Word, Excel, Rtf, Txt, Csv, Emf, Bmp, Jpeg, Gif, Png v\u00e0 Tiff.<\/li>\n<li>Stimulsoft Reports.Net kh\u00f4ng y\u00eau c\u1ea7u ti\u1ec1n b\u1ea3n quy\u1ec1n khi \u0111\u01b0\u1ee3c s\u1eed d\u1ee5ng trong qu\u00e1 tr\u00ecnh th\u1ef1c hi\u1ec7n ch\u01b0\u01a1ng tr\u00ecnh.<\/li>\n<li>T\u1ea5t c\u1ea3 c\u00e1c lo\u1ea1i d\u1eef li\u1ec7u Ado.Net \u0111\u1ec1u \u0111\u01b0\u1ee3c h\u1ed7 tr\u1ee3.<\/li>\n<li>H\u01a1n 10 lo\u1ea1i m\u00e1y ch\u1ee7 d\u1eef li\u1ec7u \u0111\u01b0\u1ee3c h\u1ed7 tr\u1ee3: MS SQL Server, Oracle, My Sql, Firebird v\u00e0 c\u00e1c lo\u1ea1i kh\u00e1c.<\/li>\n<li>Tr\u00ecnh t\u1ea1o b\u00e1o c\u00e1o c\u00f3 th\u1ec3 l\u1ea5y d\u1eef li\u1ec7u t\u1eeb m\u1ed9t t\u1ec7p xml.<\/li>\n<li>H\u1ed7 tr\u1ee3 l\u00e0m vi\u1ec7c v\u1edbi c\u00e1c c\u01a1 s\u1edf kinh doanh.<\/li>\n<\/ul>\n<p>Stimulsoft Reports.Net s\u1ebd t\u1ef1 chu\u1ea9n b\u1ecb d\u1eef li\u1ec7u c\u1ee7a b\u1ea1n. S\u1eafp x\u1ebfp, nh\u00f3m, l\u1ecdc, k\u1ebft n\u1ed1i &#8211; t\u1ea5t c\u1ea3 c\u00e1c h\u00e0nh \u0111\u1ed9ng n\u00e0y c\u00f3 th\u1ec3 \u0111\u01b0\u1ee3c th\u1ef1c hi\u1ec7n tr\u00ean d\u1eef li\u1ec7u c\u1ee7a b\u1ea1n tr\u01b0\u1edbc khi<\/p>\n<\/div>\n<p> b\u00e1o c\u00e1o \u0111\u01b0\u1ee3c t\u1ea1o.<\/p>\n","protected":false},"excerpt":{"rendered":"<p>Tr\u00ecnh t\u1ea1o b\u00e1o c\u00e1o. T\u1ea1o b\u00e1o c\u00e1o linh ho\u1ea1t v\u00e0 gi\u00e0u t\u00ednh n\u0103ng \u0111\u1ec3 s\u1eed d\u1ee5ng trong Windows Forms v\u00e0 Asp.Net. N\u00f3 cho ph\u00e9p b\u1ea1n s\u1eed d\u1ee5ng nh\u00e0 thi\u1ebft k\u1ebf c\u1ea3 trong qu\u00e1 tr\u00ecnh ph\u00e1t tri\u1ec3n v\u00e0 trong qu\u00e1 tr\u00ecnh th\u1ef1c hi\u1ec7n ch\u01b0\u01a1ng tr\u00ecnh. B\u00e1o c\u00e1o \u0111\u01b0\u1ee3c t\u1ea1o \u0111\u01b0\u1ee3c xu\u1ea5t sang nhi\u1ec1u \u0111\u1ecbnh d\u1ea1ng kh\u00e1c nhau<\/p>\n<p>.<\/p>\n","protected":false},"featured_media":40260,"comment_status":"closed","ping_status":"closed","template":"","meta":[],"pwb-brand":[],"product_cat":[3005],"product_tag":[5334,5155,5416],"class_list":{"0":"post-40259","1":"product","2":"type-product","3":"status-publish","4":"has-post-thumbnail","6":"product_cat-software-development","7":"product_tag-co-so","8":"product_tag-server","9":"product_tag-stimulsoft","11":"first","12":"instock","13":"shipping-taxable","14":"product-type-simple"},"brands":[],"_links":{"self":[{"href":"https:\/\/azsoft.com\/vi\/wp-json\/wp\/v2\/product\/40259","targetHints":{"allow":["GET"]}}],"collection":[{"href":"https:\/\/azsoft.com\/vi\/wp-json\/wp\/v2\/product"}],"about":[{"href":"https:\/\/azsoft.com\/vi\/wp-json\/wp\/v2\/types\/product"}],"replies":[{"embeddable":true,"href":"https:\/\/azsoft.com\/vi\/wp-json\/wp\/v2\/comments?post=40259"}],"wp:featuredmedia":[{"embeddable":true,"href":"https:\/\/azsoft.com\/vi\/wp-json\/wp\/v2\/media\/40260"}],"wp:attachment":[{"href":"https:\/\/azsoft.com\/vi\/wp-json\/wp\/v2\/media?parent=40259"}],"wp:term":[{"taxonomy":"pwb-brand","embeddable":true,"href":"https:\/\/azsoft.com\/vi\/wp-json\/wp\/v2\/pwb-brand?post=40259"},{"taxonomy":"product_cat","embeddable":true,"href":"https:\/\/azsoft.com\/vi\/wp-json\/wp\/v2\/product_cat?post=40259"},{"taxonomy":"product_tag","embeddable":true,"href":"https:\/\/azsoft.com\/vi\/wp-json\/wp\/v2\/product_tag?post=40259"}],"curies":[{"name":"wp","href":"https:\/\/api.w.org\/{rel}","templated":true}]}}