{"id":38725,"date":"2024-08-25T11:40:16","date_gmt":"2024-08-25T04:40:16","guid":{"rendered":"http:\/\/azsoft.com\/-product-\/uncategorized\/antiratsbeep\/"},"modified":"2024-08-25T11:40:27","modified_gmt":"2024-08-25T04:40:27","slug":"antiratsbeep","status":"publish","type":"product","link":"https:\/\/azsoft.com\/vi\/-product-\/phan-mem\/hobbies-and-interests\/antiratsbeep\/","title":{"rendered":"AntiRatsBeep"},"content":{"rendered":"<div class=\"b-product__description_text\">\n<p><strong>AntiRatsBeep l\u00e0 m\u1ed9t ch\u01b0\u01a1ng tr\u00ecnh \u0111\u1ec3 xua \u0111u\u1ed5i chu\u1ed9t b\u1eb1ng si\u00eau \u00e2m.<\/strong> <br \/>N\u00f3 ho\u1ea1t \u0111\u1ed9ng th\u00e0nh c\u00f4ng tr\u00ean Windows 7. \u00c2m thanh \u0111\u1ea9y chu\u1ed9t (l\u00ean \u0111\u1ebfn 32 kHz) \u0111\u01b0\u1ee3c cung c\u1ea5p cho loa th\u00f4ng qua card<\/p>\n<\/div>\n<p> \u00e2m thanh.<\/p>\n","protected":false},"excerpt":{"rendered":"<p>M\u1ed9t ch\u01b0\u01a1ng tr\u00ecnh \u0111\u1ec3 xua \u0111u\u1ed5i chu\u1ed9t b\u1eb1ng si\u00eau \u00e2m.<\/p>\n","protected":false},"featured_media":38726,"comment_status":"closed","ping_status":"closed","template":"","meta":[],"pwb-brand":[],"product_cat":[3022],"product_tag":[3810],"class_list":{"0":"post-38725","1":"product","2":"type-product","3":"status-publish","4":"has-post-thumbnail","6":"product_cat-hobbies-and-interests","7":"product_tag-than-hoc","9":"first","10":"instock","11":"shipping-taxable","12":"product-type-simple"},"brands":[],"_links":{"self":[{"href":"https:\/\/azsoft.com\/vi\/wp-json\/wp\/v2\/product\/38725","targetHints":{"allow":["GET"]}}],"collection":[{"href":"https:\/\/azsoft.com\/vi\/wp-json\/wp\/v2\/product"}],"about":[{"href":"https:\/\/azsoft.com\/vi\/wp-json\/wp\/v2\/types\/product"}],"replies":[{"embeddable":true,"href":"https:\/\/azsoft.com\/vi\/wp-json\/wp\/v2\/comments?post=38725"}],"wp:featuredmedia":[{"embeddable":true,"href":"https:\/\/azsoft.com\/vi\/wp-json\/wp\/v2\/media\/38726"}],"wp:attachment":[{"href":"https:\/\/azsoft.com\/vi\/wp-json\/wp\/v2\/media?parent=38725"}],"wp:term":[{"taxonomy":"pwb-brand","embeddable":true,"href":"https:\/\/azsoft.com\/vi\/wp-json\/wp\/v2\/pwb-brand?post=38725"},{"taxonomy":"product_cat","embeddable":true,"href":"https:\/\/azsoft.com\/vi\/wp-json\/wp\/v2\/product_cat?post=38725"},{"taxonomy":"product_tag","embeddable":true,"href":"https:\/\/azsoft.com\/vi\/wp-json\/wp\/v2\/product_tag?post=38725"}],"curies":[{"name":"wp","href":"https:\/\/api.w.org\/{rel}","templated":true}]}}