{"id":38489,"date":"2024-08-24T15:46:18","date_gmt":"2024-08-24T08:46:18","guid":{"rendered":"http:\/\/azsoft.com\/-product-\/uncategorized\/bang-chu-cai-co-tich\/"},"modified":"2024-08-24T15:46:27","modified_gmt":"2024-08-24T08:46:27","slug":"bang-chu-cai-co-tich","status":"publish","type":"product","link":"https:\/\/azsoft.com\/vi\/-product-\/phan-mem\/e-books\/bang-chu-cai-co-tich\/","title":{"rendered":"B\u1ea3ng ch\u1eef c\u00e1i c\u1ed5 t\u00edch"},"content":{"rendered":"<div class=\"b-product__description_text\">\n Nh\u1eefng <\/p>\n<p>th\u1ee9 xung quanh ch\u00fang ta t\u1eebng ch\u1ec9 \u0111\u01b0\u1ee3c t\u00ecm th\u1ea5y trong truy\u1ec7n c\u1ed5 t\u00edch, sau \u0111\u00f3 ch\u00fang xu\u1ea5t hi\u1ec7n trong gi\u1ea5c m\u01a1, v\u00e0 ch\u1ec9 sau \u0111\u00f3 tr\u1edf th\u00e0nh s\u1ef1 v\u1eadt. Truy\u1ec7n c\u1ed5 t\u00edch t\u1ea1o ra gi\u1ea5c m\u01a1 c\u1ee7a tr\u1ebb em, \u01b0\u1edbc m\u01a1 t\u1ea1o ra t\u01b0\u01a1ng lai. Nh\u1eefng g\u00ec b\u1ea1n n\u00f3i ho\u1eb7c \u0111\u1ecdc cho con b\u1ea1n ng\u00e0y h\u00f4m nay s\u1ebd khi\u1ebfn ch\u00fang tr\u1edf th\u00e0nh m\u1ed9t l\u1eadp tr\u00ecnh vi\u00ean ho\u1eb7c ch\u00fa h\u1ec1, m\u1ed9t nh\u00e0 v\u1eadt l\u00fd ho\u1eb7c nh\u00e0 ph\u00e1t minh, m\u1ed9t b\u00e1c s\u0129 ho\u1eb7c nh\u00e0 thi\u00ean v\u0103n h\u1ecdc trong hai m\u01b0\u01a1i n\u0103m. Nh\u1eefng cu\u1ed1n s\u00e1ch trong lo\u1ea1t s\u00e1ch \u201cGi\u00e1o d\u1ee5c c\u1ed5 t\u00edch\u201d s\u1ebd gi\u00fap con b\u1ea1n h\u1ecdc c\u00e1ch nh\u00ecn th\u1ea5y \u0111i\u1ec1u b\u1ea5t th\u01b0\u1eddng trong nh\u1eefng \u0111i\u1ec1u b\u00ecnh th\u01b0\u1eddng, ch\u00fa \u00fd \u0111\u1ebfn t\u01b0\u01a1ng lai trong hi\u1ec7n t\u1ea1i, xem x\u00e9t c\u00e1c m\u00f4 h\u00ecnh trong m\u1ed9t chu\u1ed7i tai n\u1ea1n v\u00e0 t\u00ecm c\u00e1ch tho\u00e1t kh\u1ecfi b\u1ea5t k\u1ef3 th\u1ea5t b\u1ea1i n\u00e0o. H\u00e3y cho con b\u1ea1n m\u1ed9t gi\u1ea5c m\u01a1! <\/p>\n<p>V\u00e0 m\u1ed9t l\u1ea7n n\u1eefa, m\u1ed9t tr\u01b0\u1eddng h\u1ecdc r\u1eebng, n\u01a1i nh\u1eefng con v\u1eadt nh\u1ecf h\u1ecdc \u0111\u1ecdc trong c\u00e1c l\u1edbp h\u1ecdc c\u1ee7a Sova Filinovna. Nghe nh\u1eefng c\u00e2u chuy\u1ec7n v\u1ec1 vi\u1ec7c h\u1ecdc t\u1ea1i m\u1ed9t tr\u01b0\u1eddng r\u1eebng, con b\u1ea1n c\u0169ng s\u1ebd c\u00f3 th\u1ec3 h\u1ecdc \u0111\u1ecdc m\u1ed9t c\u00e1ch vui t\u01b0\u01a1i kh\u00f4ng ph\u00f4 tr\u01b0\u01a1ng c\u00f9ng v\u1edbi c\u00e1c nh\u00e2n v\u1eadt trong<\/p>\n<\/div>\n<p> truy\u1ec7n c\u1ed5 t\u00edch.<\/p>\n","protected":false},"excerpt":{"rendered":"<p>V\u00e0 m\u1ed9t l\u1ea7n n\u1eefa, m\u1ed9t tr\u01b0\u1eddng h\u1ecdc r\u1eebng, n\u01a1i nh\u1eefng con v\u1eadt nh\u1ecf h\u1ecdc \u0111\u1ecdc trong c\u00e1c l\u1edbp h\u1ecdc c\u1ee7a Sova Filinovna. Nghe nh\u1eefng c\u00e2u chuy\u1ec7n v\u1ec1 vi\u1ec7c h\u1ecdc t\u1ea1i m\u1ed9t tr\u01b0\u1eddng r\u1eebng, con b\u1ea1n c\u0169ng s\u1ebd c\u00f3 th\u1ec3 h\u1ecdc \u0111\u1ecdc m\u1ed9t c\u00e1ch vui t\u01b0\u01a1i kh\u00f4ng ph\u00f4 tr\u01b0\u01a1ng c\u00f9ng v\u1edbi c\u00e1c nh\u00e2n v\u1eadt trong<\/p>\n<p> truy\u1ec7n c\u1ed5 t\u00edch.<\/p>\n","protected":false},"featured_media":38490,"comment_status":"closed","ping_status":"closed","template":"","meta":[],"pwb-brand":[],"product_cat":[3026],"product_tag":[3393],"class_list":{"0":"post-38489","1":"product","2":"type-product","3":"status-publish","4":"has-post-thumbnail","6":"product_cat-e-books","7":"product_tag-tap-doan-marco-polo","9":"first","10":"instock","11":"shipping-taxable","12":"product-type-simple"},"brands":[],"_links":{"self":[{"href":"https:\/\/azsoft.com\/vi\/wp-json\/wp\/v2\/product\/38489","targetHints":{"allow":["GET"]}}],"collection":[{"href":"https:\/\/azsoft.com\/vi\/wp-json\/wp\/v2\/product"}],"about":[{"href":"https:\/\/azsoft.com\/vi\/wp-json\/wp\/v2\/types\/product"}],"replies":[{"embeddable":true,"href":"https:\/\/azsoft.com\/vi\/wp-json\/wp\/v2\/comments?post=38489"}],"wp:featuredmedia":[{"embeddable":true,"href":"https:\/\/azsoft.com\/vi\/wp-json\/wp\/v2\/media\/38490"}],"wp:attachment":[{"href":"https:\/\/azsoft.com\/vi\/wp-json\/wp\/v2\/media?parent=38489"}],"wp:term":[{"taxonomy":"pwb-brand","embeddable":true,"href":"https:\/\/azsoft.com\/vi\/wp-json\/wp\/v2\/pwb-brand?post=38489"},{"taxonomy":"product_cat","embeddable":true,"href":"https:\/\/azsoft.com\/vi\/wp-json\/wp\/v2\/product_cat?post=38489"},{"taxonomy":"product_tag","embeddable":true,"href":"https:\/\/azsoft.com\/vi\/wp-json\/wp\/v2\/product_tag?post=38489"}],"curies":[{"name":"wp","href":"https:\/\/api.w.org\/{rel}","templated":true}]}}