{"id":32116,"date":"2024-07-25T00:40:46","date_gmt":"2024-07-24T17:40:46","guid":{"rendered":"http:\/\/azsoft.com\/-product-\/uncategorized\/prtg-xl5-36-maintenance-month\/"},"modified":"2024-07-25T00:40:49","modified_gmt":"2024-07-24T17:40:49","slug":"prtg-xl5-36-maintenance-month","status":"publish","type":"product","link":"https:\/\/azsoft.com\/vi\/-product-\/phan-mem\/phan-mem-he-thong\/giam-sat-mang\/prtg-xl5-36-maintenance-month\/","title":{"rendered":"PRTG XL5 &#8211; 36 maintenance month"},"content":{"rendered":"<div class=\"product attribute description\">\n<div class=\"value\">\n<div class=\"magezon-builder magezon-builder-preload\">\n<div class=\"lm69sgc mgz-element mgz-element-row full_width_row\">\n<div class=\"mgz-element-inner lm69sgc-s\">\n<div class=\"inner-content mgz-container\">\n<div class=\"s9ygjyr mgz-element mgz-element-column mgz-col-xs-12\">\n<div class=\"mgz-element-inner s9ygjyr-s\">\n<div class=\"bb4y4r4 mgz-element mgz-child mgz-element-text\">\n<div class=\"mgz-element-inner bb4y4r4-s\">\n<p style=\"font-weight: bold;font-size: 12pt\"><span style=\"font-size: 14px\">T\u1ed5ng quan s\u1ea3n ph\u1ea9m:<\/span><\/p>\n<table style=\"border-collapse: collapse;width: 76.817%;border: none;height: 46px\">\n<tbody>\n<tr style=\"height: 59px\">\n<td style=\"width: 61.4305%;vertical-align: top;height: 46px\">\n<ul>\n<li>T\u00ean s\u1ea3n ph\u1ea9m: PRTG XL5 &#8211; 36 maintenance month<\/li>\n<li>H\u00ecnh th\u1ee9c c\u1ea5p ph\u00e9p: License<\/li>\n<li>S\u1ed1 l\u01b0\u1ee3ng: Unlimited sensor<\/li>\n<\/ul>\n<\/td>\n<td style=\"width: 48.3063%;vertical-align: top;height: 46px\">\n<ul>\n<li>License Program: PRTG Network Monitor<\/li>\n<li>H\u1ec7 \u0111i\u1ec1u h\u00e0nh: Windows, MacOS<\/li>\n<\/ul>\n<\/td>\n<\/tr>\n<\/tbody>\n<\/table>\n<p><strong>Th\u00f4ng tin chi ti\u1ebft<\/strong><\/p>\n<div class=\"w-full text-token-text-primary\" data-testid=\"conversation-turn-17\">\n<div class=\"px-4 py-2 justify-center text-base md:gap-6 m-auto\">\n<div class=\"flex flex-1 text-base mx-auto gap-3 md:px-5 lg:px-1 xl:px-5 md:max-w-3xl lg:max-w-[40rem] xl:max-w-[48rem] group\">\n<div class=\"relative flex w-full flex-col agent-turn\">\n<div class=\"flex-col gap-1 md:gap-3\">\n<div class=\"flex flex-grow flex-col max-w-full\">\n<div data-message-author-role=\"assistant\" data-message-id=\"1294c7f9-f315-4c26-80f7-156e5817c20b\" class=\"min-h-[20px] text-message flex flex-col items-start gap-3 whitespace-pre-wrap break-words [.text-message+&amp;]:mt-5 overflow-x-auto\">\n<div class=\"markdown prose w-full break-words dark:prose-invert light\">\n<p style=\"text-align: justify\">PRTG Network Monitor ph\u00f9 h\u1ee3p v\u1edbi m\u1ecdi ng\u00e2n s\u00e1ch v\u00e0 ph\u00e1t tri\u1ec3n theo nhu c\u1ea7u c\u1ee7a doanh nghi\u1ec7p. N\u00f3 c\u00f3 th\u1ec3 l\u00e0m cho m\u1ea1ng \u0111\u00e1ng tin c\u1eady h\u01a1n v\u00e0 c\u00f4ng vi\u1ec7c d\u1ec5 d\u00e0ng h\u01a1n. M\u1ecdi th\u1ee9 ng\u01b0\u1eddi d\u00f9ng c\u1ea7n \u0111\u1ec1u c\u00f3 trong m\u1ed9t tr\u00ecnh c\u00e0i \u0111\u1eb7t \u0111\u01a1n gi\u1ea3n, kh\u00f4ng c\u1ea7n t\u1ea3i th\u00eam. PRTG XL5 \u2013 36 maintenance month c\u00f3 kh\u1ea3 n\u0103ng gi\u00e1m s\u00e1t m\u1ea1ng an to\u00e0n, bao g\u1ed3m m\u00e1y ch\u1ee7, thi\u1ebft b\u1ecb m\u1ea1ng, \u1ee9ng d\u1ee5ng, v\u00e0 c\u1ea3m bi\u1ebfn. \u0110i\u1ec1u n\u00e0y ph\u00f9 h\u1ee3p v\u1edbi c\u00e1c doanh nghi\u1ec7p c\u00f3 h\u1ea1 t\u1ea7ng m\u1ea1ng l\u1edbn v\u00e0 ph\u1ee9c t\u1ea1p, \u0111\u00f2i h\u1ecfi vi\u1ec7c gi\u00e1m s\u00e1t v\u00e0 qu\u1ea3n l\u00fd nhi\u1ec1u thi\u1ebft b\u1ecb v\u00e0 m\u00f4i tr\u01b0\u1eddng m\u1ea1ng.<\/p>\n<p style=\"text-align: justify\"><strong><\/strong><\/p>\n<p style=\"text-align: justify\"><strong>\u0110\u1eb7c \u0111i\u1ec3m n\u1ed5i b\u1eadt<\/strong><\/p>\n<\/div>\n<\/div>\n<\/div>\n<\/div>\n<\/div>\n<\/div>\n<\/div>\n<\/div>\n<ol>\n<li>\n<p style=\"text-align: justify\">H\u1ed7 tr\u1ee3 l\u1edbn s\u1ed1 l\u01b0\u1ee3ng c\u1ea3m bi\u1ebfn: Phi\u00ean b\u1ea3n XL5 c\u00f3 th\u1ec3 h\u1ed7 tr\u1ee3 m\u1ed9t s\u1ed1 l\u01b0\u1ee3ng l\u1edbn c\u1ea3m bi\u1ebfn, cho ph\u00e9p gi\u00e1m s\u00e1t v\u00e0 qu\u1ea3n l\u00fd \u0111a d\u1ea1ng c\u00e1c thi\u1ebft b\u1ecb v\u00e0 t\u00e0i nguy\u00ean trong m\u1ea1ng v\u00e0 h\u1ec7 th\u1ed1ng c\u1ee7a b\u1ea1n.<\/p>\n<\/li>\n<li>\n<p style=\"text-align: justify\">H\u1ed7 tr\u1ee3 m\u1edf r\u1ed9ng: Phi\u00ean b\u1ea3n XL5 c\u00f3 th\u1ec3 \u0111\u01b0\u1ee3c m\u1edf r\u1ed9ng \u0111\u1ec3 \u0111\u00e1p \u1ee9ng nhu c\u1ea7u c\u1ee7a c\u00e1c m\u1ea1ng ph\u1ee9c t\u1ea1p v\u00e0 doanh nghi\u1ec7p l\u1edbn, c\u00f3 th\u1ec3 t\u0103ng s\u1ed1 l\u01b0\u1ee3ng c\u1ea3m bi\u1ebfn khi m\u1ea1ng m\u1edf r\u1ed9ng.<\/p>\n<\/li>\n<li>\n<p style=\"text-align: justify\">H\u1ed7 tr\u1ee3 d\u00e0i h\u1ea1n: Phi\u00ean b\u1ea3n n\u00e0y \u0111i k\u00e8m v\u1edbi gi\u1ea5y ph\u00e9p h\u1ed7 tr\u1ee3 v\u00e0 c\u1eadp nh\u1eadt trong v\u00f2ng 36 th\u00e1ng k\u1ec3 t\u1eeb ng\u00e0y k\u00edch ho\u1ea1t. \u0110i\u1ec1u n\u00e0y \u0111\u1ea3m b\u1ea3o r\u1eb1ng ng\u01b0\u1eddi d\u00f9ng c\u00f3 th\u1ec3 ti\u1ebfp t\u1ee5c nh\u1eadn c\u00e1c b\u1ea3n c\u1eadp nh\u1eadt v\u00e0 h\u1ed7 tr\u1ee3 t\u1eeb nh\u00e0 cung c\u1ea5p trong su\u1ed1t th\u1eddi gian d\u00e0i.<\/p>\n<\/li>\n<li>\n<p style=\"text-align: justify\">T\u00edch h\u1ee3p nhi\u1ec1u t\u00ednh n\u0103ng: PRTG th\u01b0\u1eddng \u0111i k\u00e8m v\u1edbi nhi\u1ec1u t\u00ednh n\u0103ng h\u1eefu \u00edch nh\u01b0 giao di\u1ec7n tr\u1ef1c quan, c\u1ea3nh b\u00e1o t\u1ee9c th\u00ec, t\u1ea1o b\u00e1o c\u00e1o, t\u00f9y ch\u1ec9nh b\u1ea3ng \u0111i\u1ec1u khi\u1ec3n v\u00e0 bi\u1ec3u \u0111\u1ed3, v\u00e0 nhi\u1ec1u t\u00ednh n\u0103ng kh\u00e1c \u0111\u1ec3 gi\u00fap ng\u01b0\u1eddi d\u00f9ng qu\u1ea3n l\u00fd m\u1ea1ng v\u00e0 h\u1ec7 th\u1ed1ng m\u1ed9t c\u00e1ch hi\u1ec7u qu\u1ea3.<\/p>\n<\/li>\n<\/ol>\n<\/div>\n<\/div>\n<\/div>\n<\/div>\n<\/div>\n<\/div>\n<\/div>\n<\/div>\n<\/div>\n<\/div>\n<table class=\"data table additional-attributes table1\" id=\"product-attribute-specs-table\">\n<caption class=\"table-caption\">More Information<\/caption>\n<tbody>\n<tr>\n<th class=\"col label\" scope=\"row\">H\u00e3ng<\/th>\n<td class=\"col data\" data-th=\"H\u00e3ng\"> Paessler<\/td>\n<\/tr>\n<tr>\n<th class=\"col label\" scope=\"row\">H\u00ecnh th\u1ee9c c\u1ea5p ph\u00e9p<\/th>\n<td class=\"col data\" data-th=\"H\u00ecnh th\u1ee9c c\u1ea5p ph\u00e9p\">License<\/td>\n<\/tr>\n<tr>\n<th class=\"col label\" scope=\"row\">Ph\u00e2n kh\u00fac kh\u00e1ch h\u00e0ng<\/th>\n<td class=\"col data\" data-th=\"Ph\u00e2n kh\u00fac kh\u00e1ch h\u00e0ng\">Enterprise<\/td>\n<\/tr>\n<\/tbody>\n<\/table>\n<table class=\"data table additional-attributes table1\" id=\"product-attribute-specs-table\">\n<caption class=\"table-caption\">More Information<\/caption>\n<tbody>\n<tr>\n<th class=\"col label\" scope=\"row\">H\u00e3ng<\/th>\n<td class=\"col data\" data-th=\"H\u00e3ng\"> Paessler<\/td>\n<\/tr>\n<tr>\n<th class=\"col label\" scope=\"row\">H\u00ecnh th\u1ee9c c\u1ea5p ph\u00e9p<\/th>\n<td class=\"col data\" data-th=\"H\u00ecnh th\u1ee9c c\u1ea5p ph\u00e9p\">License<\/td>\n<\/tr>\n<tr>\n<th class=\"col label\" scope=\"row\">Ph\u00e2n kh\u00fac kh\u00e1ch h\u00e0ng<\/th>\n<td class=\"col data\" data-th=\"Ph\u00e2n kh\u00fac kh\u00e1ch h\u00e0ng\">Enterprise<\/td>\n<\/tr>\n<\/tbody>\n<\/table>\n","protected":false},"excerpt":{"rendered":"<table class=\"table-attributes table2\">\n<tbody>\n<tr>\n<th scope=\"row\">H\u00e3ng<\/th>\n<td data-th=\"H\u00e3ng\">\n                                             Paessler                                          <\/td>\n<\/tr>\n<tr>\n<th scope=\"row\">H\u00ecnh th\u1ee9c c\u1ea5p ph\u00e9p<\/th>\n<td data-th=\"H\u00ecnh th\u1ee9c c\u1ea5p ph\u00e9p\">\n                                            License                                          <\/td>\n<\/tr>\n<tr>\n<th scope=\"row\">Ph\u00e2n kh\u00fac kh\u00e1ch h\u00e0ng<\/th>\n<td data-th=\"Ph\u00e2n kh\u00fac kh\u00e1ch h\u00e0ng\">\n                                            Enterprise                                          <\/td>\n<\/tr>\n<\/tbody>\n<\/table>\n","protected":false},"featured_media":32117,"comment_status":"closed","ping_status":"closed","template":"","meta":[],"pwb-brand":[],"product_cat":[3034],"product_tag":[],"class_list":{"0":"post-32116","1":"product","2":"type-product","3":"status-publish","4":"has-post-thumbnail","6":"product_cat-giam-sat-mang","8":"first","9":"instock","10":"shipping-taxable","11":"product-type-simple"},"brands":[],"_links":{"self":[{"href":"https:\/\/azsoft.com\/vi\/wp-json\/wp\/v2\/product\/32116","targetHints":{"allow":["GET"]}}],"collection":[{"href":"https:\/\/azsoft.com\/vi\/wp-json\/wp\/v2\/product"}],"about":[{"href":"https:\/\/azsoft.com\/vi\/wp-json\/wp\/v2\/types\/product"}],"replies":[{"embeddable":true,"href":"https:\/\/azsoft.com\/vi\/wp-json\/wp\/v2\/comments?post=32116"}],"wp:featuredmedia":[{"embeddable":true,"href":"https:\/\/azsoft.com\/vi\/wp-json\/wp\/v2\/media\/32117"}],"wp:attachment":[{"href":"https:\/\/azsoft.com\/vi\/wp-json\/wp\/v2\/media?parent=32116"}],"wp:term":[{"taxonomy":"pwb-brand","embeddable":true,"href":"https:\/\/azsoft.com\/vi\/wp-json\/wp\/v2\/pwb-brand?post=32116"},{"taxonomy":"product_cat","embeddable":true,"href":"https:\/\/azsoft.com\/vi\/wp-json\/wp\/v2\/product_cat?post=32116"},{"taxonomy":"product_tag","embeddable":true,"href":"https:\/\/azsoft.com\/vi\/wp-json\/wp\/v2\/product_tag?post=32116"}],"curies":[{"name":"wp","href":"https:\/\/api.w.org\/{rel}","templated":true}]}}