{"id":31876,"date":"2024-07-24T06:15:44","date_gmt":"2024-07-23T23:15:44","guid":{"rendered":"http:\/\/azsoft.com\/-product-\/uncategorized\/bkav-privileged-access-management-pam\/"},"modified":"2024-07-24T06:15:49","modified_gmt":"2024-07-23T23:15:49","slug":"bkav-privileged-access-management-pam","status":"publish","type":"product","link":"https:\/\/azsoft.com\/vi\/-product-\/phan-mem\/phan-mem-he-thong\/giam-sat-he-thong\/bkav-privileged-access-management-pam\/","title":{"rendered":"Bkav Privileged Access Management (PAM)"},"content":{"rendered":"<table class=\"data table additional-attributes table1\" id=\"product-attribute-specs-table\">\n<caption class=\"table-caption\">More Information<\/caption>\n<tbody>\n<tr>\n<th class=\"col label\" scope=\"row\">H\u00e3ng<\/th>\n<td class=\"col data\" data-th=\"H\u00e3ng\">Bkav<\/td>\n<\/tr>\n<tr>\n<th class=\"col label\" scope=\"row\">H\u00ecnh th\u1ee9c c\u1ea5p ph\u00e9p<\/th>\n<td class=\"col data\" data-th=\"H\u00ecnh th\u1ee9c c\u1ea5p ph\u00e9p\">License<\/td>\n<\/tr>\n<tr>\n<th class=\"col label\" scope=\"row\">Ph\u00e2n kh\u00fac kh\u00e1ch h\u00e0ng<\/th>\n<td class=\"col data\" data-th=\"Ph\u00e2n kh\u00fac kh\u00e1ch h\u00e0ng\">SMB<\/td>\n<\/tr>\n<tr>\n<th class=\"col label\" scope=\"row\">Lo\u1ea1i h\u00ecnh \u0111\u0103ng k\u00fd<\/th>\n<td class=\"col data\" data-th=\"Lo\u1ea1i h\u00ecnh \u0111\u0103ng k\u00fd\">Thu\u00ea bao<\/td>\n<\/tr>\n<tr>\n<th class=\"col label\" scope=\"row\">Tr\u1ea1ng th\u00e1i h\u00e0ng<\/th>\n<td class=\"col data\" data-th=\"Tr\u1ea1ng th\u00e1i h\u00e0ng\">C\u00f2n h\u00e0ng<\/td>\n<\/tr>\n<\/tbody>\n<\/table>\n<table class=\"data table additional-attributes table1\" id=\"product-attribute-specs-table\">\n<caption class=\"table-caption\">More Information<\/caption>\n<tbody>\n<tr>\n<th class=\"col label\" scope=\"row\">H\u00e3ng<\/th>\n<td class=\"col data\" data-th=\"H\u00e3ng\">Bkav<\/td>\n<\/tr>\n<tr>\n<th class=\"col label\" scope=\"row\">H\u00ecnh th\u1ee9c c\u1ea5p ph\u00e9p<\/th>\n<td class=\"col data\" data-th=\"H\u00ecnh th\u1ee9c c\u1ea5p ph\u00e9p\">License<\/td>\n<\/tr>\n<tr>\n<th class=\"col label\" scope=\"row\">Ph\u00e2n kh\u00fac kh\u00e1ch h\u00e0ng<\/th>\n<td class=\"col data\" data-th=\"Ph\u00e2n kh\u00fac kh\u00e1ch h\u00e0ng\">SMB<\/td>\n<\/tr>\n<tr>\n<th class=\"col label\" scope=\"row\">Lo\u1ea1i h\u00ecnh \u0111\u0103ng k\u00fd<\/th>\n<td class=\"col data\" data-th=\"Lo\u1ea1i h\u00ecnh \u0111\u0103ng k\u00fd\">Thu\u00ea bao<\/td>\n<\/tr>\n<tr>\n<th class=\"col label\" scope=\"row\">Tr\u1ea1ng th\u00e1i h\u00e0ng<\/th>\n<td class=\"col data\" data-th=\"Tr\u1ea1ng th\u00e1i h\u00e0ng\">C\u00f2n h\u00e0ng<\/td>\n<\/tr>\n<\/tbody>\n<\/table>\n","protected":false},"excerpt":{"rendered":"<table class=\"table-attributes table2\">\n<tbody>\n<tr>\n<th scope=\"row\">H\u00e3ng<\/th>\n<td data-th=\"H\u00e3ng\">\n                                            Bkav                                          <\/td>\n<\/tr>\n<tr>\n<th scope=\"row\">H\u00ecnh th\u1ee9c c\u1ea5p ph\u00e9p<\/th>\n<td data-th=\"H\u00ecnh th\u1ee9c c\u1ea5p ph\u00e9p\">\n                                            License                                          <\/td>\n<\/tr>\n<tr>\n<th scope=\"row\">Ph\u00e2n kh\u00fac kh\u00e1ch h\u00e0ng<\/th>\n<td data-th=\"Ph\u00e2n kh\u00fac kh\u00e1ch h\u00e0ng\">\n                                            SMB                                          <\/td>\n<\/tr>\n<tr>\n<th scope=\"row\">Lo\u1ea1i h\u00ecnh \u0111\u0103ng k\u00fd<\/th>\n<td data-th=\"Lo\u1ea1i h\u00ecnh \u0111\u0103ng k\u00fd\">\n                                            Thu\u00ea bao                                          <\/td>\n<\/tr>\n<tr>\n<th scope=\"row\">Tr\u1ea1ng th\u00e1i h\u00e0ng<\/th>\n<td data-th=\"Tr\u1ea1ng th\u00e1i h\u00e0ng\">\n<p>            <span class=\"tit\"><i class=\"porto-icon-ok\"><\/i> C\u00f2n h\u00e0ng<\/span><\/p>\n<\/td>\n<\/tr>\n<\/tbody>\n<\/table>\n","protected":false},"featured_media":31877,"comment_status":"closed","ping_status":"closed","template":"","meta":[],"pwb-brand":[],"product_cat":[3032],"product_tag":[25],"class_list":{"0":"post-31876","1":"product","2":"type-product","3":"status-publish","4":"has-post-thumbnail","6":"product_cat-giam-sat-he-thong","7":"product_tag-man","9":"first","10":"instock","11":"shipping-taxable","12":"product-type-simple"},"brands":[],"_links":{"self":[{"href":"https:\/\/azsoft.com\/vi\/wp-json\/wp\/v2\/product\/31876","targetHints":{"allow":["GET"]}}],"collection":[{"href":"https:\/\/azsoft.com\/vi\/wp-json\/wp\/v2\/product"}],"about":[{"href":"https:\/\/azsoft.com\/vi\/wp-json\/wp\/v2\/types\/product"}],"replies":[{"embeddable":true,"href":"https:\/\/azsoft.com\/vi\/wp-json\/wp\/v2\/comments?post=31876"}],"wp:featuredmedia":[{"embeddable":true,"href":"https:\/\/azsoft.com\/vi\/wp-json\/wp\/v2\/media\/31877"}],"wp:attachment":[{"href":"https:\/\/azsoft.com\/vi\/wp-json\/wp\/v2\/media?parent=31876"}],"wp:term":[{"taxonomy":"pwb-brand","embeddable":true,"href":"https:\/\/azsoft.com\/vi\/wp-json\/wp\/v2\/pwb-brand?post=31876"},{"taxonomy":"product_cat","embeddable":true,"href":"https:\/\/azsoft.com\/vi\/wp-json\/wp\/v2\/product_cat?post=31876"},{"taxonomy":"product_tag","embeddable":true,"href":"https:\/\/azsoft.com\/vi\/wp-json\/wp\/v2\/product_tag?post=31876"}],"curies":[{"name":"wp","href":"https:\/\/api.w.org\/{rel}","templated":true}]}}