{"id":21320,"date":"2024-07-11T16:43:13","date_gmt":"2024-07-11T09:43:13","guid":{"rendered":"http:\/\/azsoft.com\/-product-\/uncategorized\/50-cach-de-tang-loi-nhuan-cua-mot-tiem-anh\/"},"modified":"2024-07-11T16:43:22","modified_gmt":"2024-07-11T09:43:22","slug":"50-cach-de-tang-loi-nhuan-cua-mot-tiem-anh","status":"publish","type":"product","link":"https:\/\/azsoft.com\/vi\/-product-\/phan-mem\/e-books\/50-cach-de-tang-loi-nhuan-cua-mot-tiem-anh\/","title":{"rendered":"50 c\u00e1ch \u0111\u1ec3 t\u0103ng l\u1ee3i nhu\u1eadn c\u1ee7a m\u1ed9t ti\u1ec7m \u1ea3nh"},"content":{"rendered":"<div class=\"b-product__description_text\">\n<p><strong>50 c\u00e1ch \u0111\u1ec3 t\u0103ng l\u1ee3i nhu\u1eadn salon<\/strong> l\u00e0 m\u1ed9t cu\u1ed1n s\u00e1ch c\u1ef1c k\u1ef3 h\u1eefu \u00edch cho ch\u1ee7 s\u1edf h\u1eefu v\u00e0 qu\u1ea3n l\u00fd ti\u1ec7m. N\u00f3 ch\u1ec9 m\u00f4 t\u1ea3 c\u00e1c ph\u01b0\u01a1ng ph\u00e1p l\u00e0m vi\u1ec7c \u0111\u1ec3 t\u0103ng l\u1ee3i nhu\u1eadn v\u00e0 doanh s\u1ed1 cho ph\u00e9p b\u1ea1n <em><strong>\u0111\u1ea1t \u0111\u01b0\u1ee3c l\u1ee3i nhu\u1eadn t\u1eeb 30% tr\u1edf l\u00ean trong m\u1ed9t th\u00e1ng<\/strong><\/em>. <\/p>\n<p>Cu\u1ed1n s\u00e1ch n\u00e0y th\u1ea3o lu\u1eadn v\u1ec1 <strong>50 c\u00e1ch hi\u1ec7u qu\u1ea3<\/strong> s\u1ebd cho ph\u00e9p b\u1ea1n t\u0103ng doanh s\u1ed1 b\u00e1n h\u00e0ng c\u1ee7a ti\u1ec7m \u1ea3nh ho\u1eb7c th\u1eadm ch\u00ed th\u1ed5i s\u1ee9c s\u1ed1ng m\u1edbi v\u00e0o m\u1ed9t doanh nghi\u1ec7p kh\u00f4ng mang l\u1ea1i s\u1ed1 ti\u1ec1n b\u1ea1n mu\u1ed1n. B\u1ea1n c\u00f3 th\u1ec3 kh\u00f4ng nh\u1eadn ra anh ta v\u00e0o ng\u00e0y mai! H\u00e3y h\u00e0nh \u0111\u1ed9ng ngay b\u00e2y gi\u1edd v\u00e0 nh\u1edb r\u1eb1ng trong khi b\u1ea1n l\u00e3ng ph\u00ed th\u1eddi gian c\u1ee7a m\u00ecnh, c\u00e1c doanh nh\u00e2n kh\u00e1c s\u1ebd nh\u1eadn \u0111\u01b0\u1ee3c l\u1ee3i nhu\u1eadn c\u1ee7a b\u1ea1n<\/p>\n<\/div>\n<p>.<\/p>\n","protected":false},"excerpt":{"rendered":"<p>M\u1ed9t cu\u1ed1n s\u00e1ch c\u1ef1c k\u1ef3 h\u1eefu \u00edch cho ch\u1ee7 s\u1edf h\u1eefu v\u00e0 ng\u01b0\u1eddi qu\u1ea3n l\u00fd c\u1ee7a c\u00e1c studio \u1ea3nh. N\u00f3 ch\u1ec9 m\u00f4 t\u1ea3 c\u00e1c ph\u01b0\u01a1ng ph\u00e1p l\u00e0m vi\u1ec7c \u0111\u1ec3 t\u0103ng l\u1ee3i nhu\u1eadn v\u00e0 doanh s\u1ed1 cho ph\u00e9p b\u1ea1n \u0111\u1ea1t \u0111\u01b0\u1ee3c l\u1ee3i nhu\u1eadn t\u1eeb 30% tr\u1edf l\u00ean trong m\u1ed9t th\u00e1ng<\/p>\n<p>.<\/p>\n","protected":false},"featured_media":21321,"comment_status":"closed","ping_status":"closed","template":"","meta":[],"pwb-brand":[],"product_cat":[3026],"product_tag":[25,3327],"class_list":{"0":"post-21320","1":"product","2":"type-product","3":"status-publish","4":"has-post-thumbnail","6":"product_cat-e-books","7":"product_tag-man","8":"product_tag-phan-mem-ams","10":"first","11":"instock","12":"shipping-taxable","13":"product-type-simple"},"brands":[],"_links":{"self":[{"href":"https:\/\/azsoft.com\/vi\/wp-json\/wp\/v2\/product\/21320","targetHints":{"allow":["GET"]}}],"collection":[{"href":"https:\/\/azsoft.com\/vi\/wp-json\/wp\/v2\/product"}],"about":[{"href":"https:\/\/azsoft.com\/vi\/wp-json\/wp\/v2\/types\/product"}],"replies":[{"embeddable":true,"href":"https:\/\/azsoft.com\/vi\/wp-json\/wp\/v2\/comments?post=21320"}],"wp:featuredmedia":[{"embeddable":true,"href":"https:\/\/azsoft.com\/vi\/wp-json\/wp\/v2\/media\/21321"}],"wp:attachment":[{"href":"https:\/\/azsoft.com\/vi\/wp-json\/wp\/v2\/media?parent=21320"}],"wp:term":[{"taxonomy":"pwb-brand","embeddable":true,"href":"https:\/\/azsoft.com\/vi\/wp-json\/wp\/v2\/pwb-brand?post=21320"},{"taxonomy":"product_cat","embeddable":true,"href":"https:\/\/azsoft.com\/vi\/wp-json\/wp\/v2\/product_cat?post=21320"},{"taxonomy":"product_tag","embeddable":true,"href":"https:\/\/azsoft.com\/vi\/wp-json\/wp\/v2\/product_tag?post=21320"}],"curies":[{"name":"wp","href":"https:\/\/api.w.org\/{rel}","templated":true}]}}