{"id":20547,"date":"2024-07-11T13:49:20","date_gmt":"2024-07-11T06:49:20","guid":{"rendered":"http:\/\/azsoft.com\/-product-\/uncategorized\/mfe-email-gateway-5000-appl-d-1yr-bznbd-emg5000dnbda\/"},"modified":"2024-07-13T16:12:34","modified_gmt":"2024-07-13T09:12:34","slug":"mfe-email-gateway-5000-appl-d-1yr-bznbd-emg5000dnbda","status":"publish","type":"product","link":"https:\/\/azsoft.com\/vi\/-product-\/phan-mem\/phan-mem-bao-mat\/bao-mat-email\/mfe-email-gateway-5000-appl-d-1yr-bznbd-emg5000dnbda\/","title":{"rendered":"MFE Email Gateway 5000 Appl-D 1Yr BZ+NBD (EMG5000DNBDA)"},"content":{"rendered":"<div class=\"additional-attributes-wrapper table-wrapper\">\n<table class=\"data table additional-attributes table1\" id=\"product-attribute-specs-table\">\n<caption class=\"table-caption\">More Information<\/caption>\n<tbody>\n<tr>\n<th class=\"col label\" scope=\"row\">H\u00e3ng<\/th>\n<td class=\"col data\" data-th=\"H\u00e3ng\">McAfee<\/td>\n<\/tr>\n<tr>\n<th class=\"col label\" scope=\"row\">H\u00ecnh th\u1ee9c c\u1ea5p ph\u00e9p<\/th>\n<td class=\"col data\" data-th=\"H\u00ecnh th\u1ee9c c\u1ea5p ph\u00e9p\">License<\/td>\n<\/tr>\n<tr>\n<th class=\"col label\" scope=\"row\">Lo\u1ea1i h\u00ecnh \u0111\u0103ng k\u00fd<\/th>\n<td class=\"col data\" data-th=\"Lo\u1ea1i h\u00ecnh \u0111\u0103ng k\u00fd\">Thu\u00ea bao<\/td>\n<\/tr>\n<tr>\n<th class=\"col label\" scope=\"row\">C\u00e0i \u0111\u1eb7t h\u1ec7 th\u1ed1ng<\/th>\n<td class=\"col data\" data-th=\"C\u00e0i \u0111\u1eb7t h\u1ec7 th\u1ed1ng\">M\u00e1y ch\u1ee7<\/td>\n<\/tr>\n<tr>\n<th class=\"col label\" scope=\"row\">Tr\u1ea1ng th\u00e1i h\u00e0ng<\/th>\n<td class=\"col data\" data-th=\"Tr\u1ea1ng th\u00e1i h\u00e0ng\">C\u00f2n h\u00e0ng<\/td>\n<\/tr>\n<\/tbody>\n<\/table><\/div>\n","protected":false},"excerpt":{"rendered":"<table class=\"table-attributes table2\">\n<tbody>\n<tr>\n<th scope=\"row\">H\u00e3ng<\/th>\n<td data-th=\"H\u00e3ng\">\n                                            McAfee                                          <\/td>\n<\/tr>\n<tr>\n<th scope=\"row\">H\u00ecnh th\u1ee9c c\u1ea5p ph\u00e9p<\/th>\n<td data-th=\"H\u00ecnh th\u1ee9c c\u1ea5p ph\u00e9p\">\n                                            License                                          <\/td>\n<\/tr>\n<tr>\n<th scope=\"row\">Lo\u1ea1i h\u00ecnh \u0111\u0103ng k\u00fd<\/th>\n<td data-th=\"Lo\u1ea1i h\u00ecnh \u0111\u0103ng k\u00fd\">\n                                            Thu\u00ea bao                                          <\/td>\n<\/tr>\n<tr>\n<th scope=\"row\">C\u00e0i \u0111\u1eb7t h\u1ec7 th\u1ed1ng<\/th>\n<td data-th=\"C\u00e0i \u0111\u1eb7t h\u1ec7 th\u1ed1ng\">\n                                            M\u00e1y ch\u1ee7                                          <\/td>\n<\/tr>\n<tr>\n<th scope=\"row\">Tr\u1ea1ng th\u00e1i h\u00e0ng<\/th>\n<td data-th=\"Tr\u1ea1ng th\u00e1i h\u00e0ng\">\n<p>            <span class=\"tit\"><i class=\"porto-icon-ok\"><\/i> C\u00f2n h\u00e0ng<\/span><\/p>\n<\/td>\n<\/tr>\n<\/tbody>\n<\/table>\n","protected":false},"featured_media":20548,"comment_status":"closed","ping_status":"closed","template":"","meta":[],"pwb-brand":[4043],"product_cat":[3048],"product_tag":[],"class_list":{"0":"post-20547","1":"product","2":"type-product","3":"status-publish","4":"has-post-thumbnail","6":"pwb-brand-mcafee","7":"product_cat-bao-mat-email","9":"first","10":"instock","11":"shipping-taxable","12":"product-type-simple"},"brands":[{"id":4043,"name":"McAfee","slug":"mcafee"}],"_links":{"self":[{"href":"https:\/\/azsoft.com\/vi\/wp-json\/wp\/v2\/product\/20547","targetHints":{"allow":["GET"]}}],"collection":[{"href":"https:\/\/azsoft.com\/vi\/wp-json\/wp\/v2\/product"}],"about":[{"href":"https:\/\/azsoft.com\/vi\/wp-json\/wp\/v2\/types\/product"}],"replies":[{"embeddable":true,"href":"https:\/\/azsoft.com\/vi\/wp-json\/wp\/v2\/comments?post=20547"}],"wp:featuredmedia":[{"embeddable":true,"href":"https:\/\/azsoft.com\/vi\/wp-json\/wp\/v2\/media\/20548"}],"wp:attachment":[{"href":"https:\/\/azsoft.com\/vi\/wp-json\/wp\/v2\/media?parent=20547"}],"wp:term":[{"taxonomy":"pwb-brand","embeddable":true,"href":"https:\/\/azsoft.com\/vi\/wp-json\/wp\/v2\/pwb-brand?post=20547"},{"taxonomy":"product_cat","embeddable":true,"href":"https:\/\/azsoft.com\/vi\/wp-json\/wp\/v2\/product_cat?post=20547"},{"taxonomy":"product_tag","embeddable":true,"href":"https:\/\/azsoft.com\/vi\/wp-json\/wp\/v2\/product_tag?post=20547"}],"curies":[{"name":"wp","href":"https:\/\/api.w.org\/{rel}","templated":true}]}}