{"id":20224,"date":"2024-07-11T12:37:13","date_gmt":"2024-07-11T05:37:13","guid":{"rendered":"http:\/\/azsoft.com\/-product-\/uncategorized\/ap-phich-nhung-nguoi-cai-tri-nga-tu-rurik-den-putin\/"},"modified":"2024-07-11T12:37:25","modified_gmt":"2024-07-11T05:37:25","slug":"ap-phich-nhung-nguoi-cai-tri-nga-tu-rurik-den-putin","status":"publish","type":"product","link":"https:\/\/azsoft.com\/vi\/-product-\/phan-mem\/e-books\/ap-phich-nhung-nguoi-cai-tri-nga-tu-rurik-den-putin\/","title":{"rendered":"\u00c1p ph\u00edch Nh\u1eefng ng\u01b0\u1eddi cai tr\u1ecb Nga t\u1eeb Rurik \u0111\u1ebfn Putin"},"content":{"rendered":"<div class=\"b-product__description_text\">\n \u00c1p ph\u00edch \u0111i\u1ec7n t\u1eed \u201cNh\u1eefng ng\u01b0\u1eddi cai tr\u1ecb Nga t\u1eeb Rurik \u0111\u1ebfn Putin\u201d \u1edf \u0111\u1ecbnh d\u1ea1ng PDF. M\u1ed9t kho\u1ea3ng <br \/>th\u1eddi gian h\u01a1n 1000 n\u0103m \u0111\u00e3 \u0111\u01b0\u1ee3c bao ph\u1ee7 v\u00e0 tr\u00ecnh b\u00e0y tr\u00ean tr\u1ee5c th\u1eddi gian, kho\u1ea3ng m\u1ed9t tr\u0103m ng\u01b0\u1eddi cai tr\u1ecb \u0111\u01b0\u1ee3c \u0111\u1ea1i di\u1ec7n v\u00e0 v\u00e0i tr\u0103m s\u1ef1 ki\u1ec7n \u0111\u01b0\u1ee3c \u0111\u1ec1 c\u1eadp. C\u00e1c giai \u0111o\u1ea1n cai tr\u1ecb c\u1ee7a nh\u1eefng ng\u01b0\u1eddi cai tr\u1ecb \u0111\u01b0\u1ee3c th\u1ec3 hi\u1ec7n b\u1eb1ng c\u00e1c ph\u00e2n \u0111o\u1ea1n tr\u00ean tr\u1ee5c th\u1eddi gian t\u1ef7 l\u1ec7 v\u1edbi \u0111\u1ed9 d\u00e0i c\u1ee7a ch\u00ednh ph\u1ee7. C\u00e1c \u0111i\u1ec1u kho\u1ea3n c\u1ee7a ch\u00ednh ph\u1ee7 v\u00e0 cu\u1ed9c s\u1ed1ng \u0111\u01b0\u1ee3c ch\u1ec9 \u0111\u1ecbnh. C\u00e1c n\u0103m tr\u00ean tr\u1ee5c th\u1eddi gian \u0111\u01b0\u1ee3c \u0111\u1eb7t ng\u01b0\u1ee3c l\u1ea1i theo ni\u00ean \u0111\u1ea1i t\u1eeb ng\u00e0y Ch\u00faa gi\u00e1ng sinh v\u00e0 s\u1ef1 s\u00e1ng t\u1ea1o c\u1ee7a<\/div>\n<p> th\u1ebf gi\u1edbi.<\/p>\n","protected":false},"excerpt":{"rendered":"<p>\u00c1p ph\u00edch \u0111i\u1ec7n t\u1eed \u201cNh\u1eefng ng\u01b0\u1eddi cai tr\u1ecb Nga t\u1eeb Rurik \u0111\u1ebfn Putin\u201d \u1edf \u0111\u1ecbnh d\u1ea1ng PDF. M\u1ed9t kho\u1ea3ng th\u1eddi gian h\u01a1n 1000 n\u0103m \u0111\u00e3 \u0111\u01b0\u1ee3c bao ph\u1ee7 v\u00e0 tr\u00ecnh b\u00e0y tr\u00ean tr\u1ee5c th\u1eddi gian, kho\u1ea3ng m\u1ed9t tr\u0103m ng\u01b0\u1eddi cai tr\u1ecb \u0111\u01b0\u1ee3c \u0111\u1ea1i di\u1ec7n v\u00e0 v\u00e0i tr\u0103m s\u1ef1 ki\u1ec7n \u0111\u01b0\u1ee3c \u0111\u1ec1 c\u1eadp. C\u00e1c giai \u0111o\u1ea1n [&#8230;]\n","protected":false},"featured_media":20225,"comment_status":"closed","ping_status":"closed","template":"","meta":[],"pwb-brand":[],"product_cat":[3026],"product_tag":[3810],"class_list":{"0":"post-20224","1":"product","2":"type-product","3":"status-publish","4":"has-post-thumbnail","6":"product_cat-e-books","7":"product_tag-than-hoc","9":"first","10":"instock","11":"shipping-taxable","12":"product-type-simple"},"brands":[],"_links":{"self":[{"href":"https:\/\/azsoft.com\/vi\/wp-json\/wp\/v2\/product\/20224","targetHints":{"allow":["GET"]}}],"collection":[{"href":"https:\/\/azsoft.com\/vi\/wp-json\/wp\/v2\/product"}],"about":[{"href":"https:\/\/azsoft.com\/vi\/wp-json\/wp\/v2\/types\/product"}],"replies":[{"embeddable":true,"href":"https:\/\/azsoft.com\/vi\/wp-json\/wp\/v2\/comments?post=20224"}],"wp:featuredmedia":[{"embeddable":true,"href":"https:\/\/azsoft.com\/vi\/wp-json\/wp\/v2\/media\/20225"}],"wp:attachment":[{"href":"https:\/\/azsoft.com\/vi\/wp-json\/wp\/v2\/media?parent=20224"}],"wp:term":[{"taxonomy":"pwb-brand","embeddable":true,"href":"https:\/\/azsoft.com\/vi\/wp-json\/wp\/v2\/pwb-brand?post=20224"},{"taxonomy":"product_cat","embeddable":true,"href":"https:\/\/azsoft.com\/vi\/wp-json\/wp\/v2\/product_cat?post=20224"},{"taxonomy":"product_tag","embeddable":true,"href":"https:\/\/azsoft.com\/vi\/wp-json\/wp\/v2\/product_tag?post=20224"}],"curies":[{"name":"wp","href":"https:\/\/api.w.org\/{rel}","templated":true}]}}