{"id":19352,"date":"2024-07-11T09:04:07","date_gmt":"2024-07-11T02:04:07","guid":{"rendered":"http:\/\/azsoft.com\/-product-\/uncategorized\/2016-dua-no-len-cap-do-tiep-theo-sach-dien-tu\/"},"modified":"2024-07-15T12:11:16","modified_gmt":"2024-07-15T05:11:16","slug":"2016-dua-no-len-cap-do-tiep-theo-sach-dien-tu","status":"publish","type":"product","link":"https:\/\/azsoft.com\/vi\/-product-\/phan-mem\/e-books\/2016-dua-no-len-cap-do-tiep-theo-sach-dien-tu\/","title":{"rendered":"2016: \u0110\u01b0a n\u00f3 l\u00ean c\u1ea5p \u0111\u1ed9 ti\u1ebfp theo (s\u00e1ch \u0111i\u1ec7n t\u1eed)"},"content":{"rendered":"<div class=\"b-product__description_text\">\n<p><strong>C\u00e1c nguy\u00ean t\u1eafc n\u0103ng su\u1ea5t trong th\u1eddi \u0111\u1ea1i h\u1ed7n lo\u1ea1n th\u00f4ng tin<\/strong><\/p>\n<p>Cu\u1ed1n s\u00e1ch \u201c2016: Getting to the Level\u201d mang \u0111\u1ebfn m\u1ed9t c\u00e1i nh\u00ecn m\u1edbi m\u1ebb v\u1ec1 v\u1ea5n \u0111\u1ec1 l\u00e2u \u0111\u1eddi c\u1ee7a vi\u1ec7c t\u0103ng n\u0103ng su\u1ea5t c\u00e1 nh\u00e2n. Ng\u00e0y nay, khi vi\u1ec7c l\u00e0m c\u1ee7a ch\u00fang ta \u0111ang t\u0103ng l\u00ean m\u1ed7i ng\u00e0y, c\u00e1c l\u0129nh v\u1ef1c tr\u00e1ch nhi\u1ec7m c\u1ee7a ch\u00fang ta kh\u00f4ng ng\u1eebng m\u1edf r\u1ed9ng v\u00e0 s\u1ed1 l\u01b0\u1ee3ng phi\u1ec1n nhi\u1ec5u xung quanh ch\u00fang ta kh\u00f4ng ng\u1eebng t\u0103ng l\u00ean, ch\u1ee7 \u0111\u1ec1 n\u00e0y<\/p>\n<p> ph\u00f9 h\u1ee3p h\u01a1n bao gi\u1edd h\u1ebft.<\/p>\n<p>Internet \u0111\u00e3 cho ch\u00fang ta quy\u1ec1n truy c\u1eadp v\u00e0o m\u1ed9t c\u01a1 s\u1edf ki\u1ebfn th\u1ee9c to\u00e0n c\u1ea7u v\u00e0 t\u1ea1o ra nh\u1eefng c\u01a1 h\u1ed9i ch\u01b0a t\u1eebng c\u00f3. Nh\u01b0ng \u0111\u1ed3ng th\u1eddi, n\u00f3 c\u0169ng t\u1ea1o ra m\u1ed9t v\u1ea5n \u0111\u1ec1 cho ch\u00fang ta: k\u1ef7 nguy\u00ean qu\u00e1 b\u00e3o h\u00f2a th\u00f4ng tin \u0111\u00e3 \u0111\u01b0\u1ee3c thay th\u1ebf b\u1eb1ng m\u1ed9t k\u1ef7 nguy\u00ean h\u1ed7n lo\u1ea1n th\u00f4ng tin. Gigabyte th\u00f4ng tin ch\u1ee7 \u0111\u1ed9ng x\u00e2m nh\u1eadp kh\u00f4ng ch\u1ec9 TV m\u00e0 c\u1ea3 \u0111i\u1ec7n tho\u1ea1i th\u00f4ng minh c\u1ee7a ch\u00fang ta t\u1ea1o ra m\u1ed9t s\u1ed1 l\u01b0\u1ee3ng l\u1edbn c\u00e1c \u0111\u1ed9ng l\u1ef1c cho s\u1ef1 tr\u00ec ho\u00e3n c\u1ea3n tr\u1edf kh\u1ea3 n\u0103ng t\u1eadp trung c\u1ee7a ch\u00fang ta v\u00e0o nh\u1eefng \u0111i\u1ec1u th\u1ef1c s\u1ef1 quan tr\u1ecdng. \u0110\u1ed3ng th\u1eddi, s\u1ef1 c\u1ea1nh tranh cao v\u1ec1 s\u1ef1 ch\u00fa \u00fd c\u1ee7a kh\u00e1n gi\u1ea3 v\u00e0 ng\u01b0\u1ee1ng tham gia th\u1ea5p \u0111\u00e3 d\u1eabn \u0111\u1ebfn th\u1ef1c t\u1ebf l\u00e0 m\u1ed7i n\u0103m vi\u1ec7c t\u1ea1o ra th\u1ee9 g\u00ec \u0111\u00f3 n\u1ed5i b\u1eadt v\u00e0 n\u1ed5i b\u1eadt so v\u1edbi \u0111\u1ed1i th\u1ee7 trong h\u1ea7u h\u1ebft c\u00e1c l\u0129nh v\u1ef1c ho\u1ea1t \u0111\u1ed9ng tr\u1edf n\u00ean kh\u00f3<\/p>\n<p> kh\u0103n h\u01a1n.<\/p>\n<p>Trong nh\u1eefng \u0111i\u1ec1u ki\u1ec7n nh\u01b0 v\u1eady, thu\u1eadt ng\u1eef \u201cn\u0103ng su\u1ea5t\u201d kh\u00f4ng c\u00f2n \u0111\u1ec1 c\u1eadp \u0111\u1ebfn kh\u1ea3 n\u0103ng th\u00f4ng th\u01b0\u1eddng \u0111\u1ec3 gi\u1ea3i quy\u1ebft nhi\u1ec1u nhi\u1ec7m v\u1ee5 h\u01a1n trong th\u1eddi gian ng\u1eafn h\u01a1n, m\u00e0 tr\u01b0\u1edbc h\u1ebft l\u00e0 kh\u1ea3 n\u0103ng \u0111\u01b0a ra quy\u1ebft \u0111\u1ecbnh s\u00e1ng t\u1ea1o, \u0111\u1eb7t ra c\u00e1c m\u1ee5c ti\u00eau \u0111\u1ea7y tham v\u1ecdng v\u00e0 \u0111\u01b0\u1ee3c l\u1ef1a ch\u1ecdn t\u1ed1t v\u00e0 l\u00e0m vi\u1ec7c m\u1ed9t c\u00e1ch c\u00f3 h\u1ec7 th\u1ed1ng \u0111\u1ec3 \u0111\u1ea1t \u0111\u01b0\u1ee3c ch\u00fang.<\/p>\n<p>Cu\u1ed1n s\u00e1ch n\u00e0y m\u00f4 t\u1ea3 c\u00e1c nguy\u00ean t\u1eafc n\u0103ng su\u1ea5t trong th\u1eddi \u0111\u1ea1i h\u1ed7n lo\u1ea1n th\u00f4ng tin, d\u1ef1a tr\u00ean c\u00e1c th\u1ef1c ti\u1ec5n \u0111\u00e3 \u0111\u01b0\u1ee3c ch\u1ee9ng minh c\u1ee7a vi\u1ec7c t\u1ef1 t\u1ed5 ch\u1ee9c b\u1eb1ng c\u00e1ch s\u1eed d\u1ee5ng c\u00e1c c\u00f4ng c\u1ee5 hi\u1ec7n \u0111\u1ea1i (\u0111\u1eb7c bi\u1ec7t l\u00e0 c\u00e1c \u1ee9ng d\u1ee5ng). C\u00e1c ph\u01b0\u01a1ng ph\u00e1p l\u1eadp k\u1ebf ho\u1ea1ch \u0111\u01b0\u1ee3c tr\u00ecnh b\u00e0y \u1edf \u0111\u00e2y, c\u0169ng nh\u01b0 c\u00e1c chi\u1ebfn l\u01b0\u1ee3c \u0111\u1ec3 \u0111\u1ea1t \u0111\u01b0\u1ee3c tr\u1ea1ng th\u00e1i s\u1ea3n xu\u1ea5t, \u0111\u01b0\u1ee3c thi\u1ebft k\u1ebf \u0111\u1ec3 gi\u00fap b\u1ea1n c\u1ea3i thi\u1ec7n \u0111\u00e1ng k\u1ec3 ch\u1ea5t l\u01b0\u1ee3ng t\u1ef1 t\u1ed5 ch\u1ee9c v\u00e0 \u0111\u1ea1t \u0111\u1ebfn m\u1ed9t m\u1ee9c n\u0103ng su\u1ea5t m\u1edbi<\/p>\n<p>.<\/p>\n<p>\u0110\u00e2y l\u00e0 m\u1ed9t cu\u1ed1n s\u00e1ch kh\u00e1 ng\u1eafn, kh\u00f4ng c\u00f3 n\u01b0\u1edbc ho\u1eb7c \u201cnghi\u00ean c\u1ee9u c\u1ee7a c\u00e1c nh\u00e0 khoa h\u1ecdc Anh\u201d, gi\u1ea3i th\u00edch m\u1ed9t c\u00e1ch \u0111\u01a1n gi\u1ea3n v\u00e0 d\u1ec5 hi\u1ec3u c\u00e1c th\u00e0nh ph\u1ea7n quan tr\u1ecdng nh\u1ea5t \u0111\u1ec3 \u0111\u1ea1t \u0111\u01b0\u1ee3c tr\u1ea1ng th\u00e1i m\u00e0 b\u1ea1n c\u00f3 th\u1ec3 \u0111\u1ea1t \u0111\u01b0\u1ee3c m\u1ee5c ti\u00eau c\u1ee7a m\u00ecnh trong khi t\u00edch l\u0169y ki\u1ebfn th\u1ee9c, k\u1ef9 n\u0103ng v\u00e0 \u00fd t\u01b0\u1edfng theo c\u00e1ch \u0111\u1ec3 thi\u1ebft l\u1eadp v\u00e0 \u0111\u1ea1t \u0111\u01b0\u1ee3c k\u1ebft qu\u1ea3 ng\u00e0y c\u00e0ng \u1ea5n t\u01b0\u1ee3ng h\u01a1n trong t\u01b0\u01a1ng lai.<\/p>\n<p>Cu\u1ed1n s\u00e1ch bao g\u1ed3m c\u00e1c ch\u1ee7 \u0111\u1ec1 sau:<\/p>\n<ul>\n<li>Nh\u1eefng sai l\u1ea7m c\u01a1 b\u1ea3n tr\u00ean con \u0111\u01b0\u1eddng t\u0103ng n\u0103ng su\u1ea5t Ph\u01b0\u01a1ng ph\u00e1p<\/li>\n<p> l\u1eadp <\/p>\n<li>k\u1ebf ho\u1ea1ch hi\u1ec7u qu\u1ea3 s\u1eed d\u1ee5ng ng\u01b0\u1eddi t\u1ed5 ch\u1ee9c L\u1eadp k\u1ebf ho\u1ea1ch d\u1ef1 \u00e1n<\/li>\n<li>v\u00e0 s\u1eed d\u1ee5ng danh s\u00e1ch theo ng\u1eef c\u1ea3nh Ph\u00e1t tri\u1ec3n c\u00e1c th\u00f3i quen v\u00e0 k\u1ef7 lu\u1eadt ph\u00f9 h\u1ee3p Qu\u1ea3n <\/li>\n<li>l\u00fd s\u1ef1 ch\u00fa \u00fd v\u00e0 n\u0103ng l\u01b0\u1ee3ng<\/li>\n<p> Ti\u00eau th\u1ee5 th\u00f4ng tin hi\u1ec7u qu\u1ea3 <\/p>\n<li>\n<li>khi \u0111\u1ed1i m\u1eb7t v\u1edbi s\u1ef1 d\u01b0 th\u1eeba th\u00f4ng tin<\/li>\n<p> Thi\u1ebft l\u1eadp m\u1ee5c ti\u00eau t\u00edch c\u1ef1c <\/p>\n<li>nh\u01b0 m\u1ed9t ph\u01b0\u01a1ng ti\u1ec7n \u0111\u1ec3 \u0111\u1ea1t \u0111\u01b0\u1ee3c k\u1ebft qu\u1ea3 v\u01b0\u1ee3t tr\u1ed9i<\/li>\n<\/ul>\n<p>T\u00e1c gi\u1ea3: Dmitry Tarasov, ng\u01b0\u1eddi s\u00e1ng l\u1eadp d\u1ecbch v\u1ee5 Chaos Control Ng\u00e0y xu\u1ea5t b\u1ea3n: 2015 S\u1ed1 trang: 60 \u0110\u1ecbnh d\u1ea1ng: s\u00e1ch \u0111i\u1ec7n t\u1eed (PDF||ePub)<\/p>\n<\/p><\/div>\n","protected":false},"excerpt":{"rendered":"<p>Cu\u1ed1n s\u00e1ch \u201c2016: \u0110i \u0111\u1ebfn c\u1ea5p \u0111\u1ed9\u201d m\u00f4 t\u1ea3 c\u00e1c nguy\u00ean t\u1eafc n\u0103ng su\u1ea5t trong th\u1eddi \u0111\u1ea1i h\u1ed7n lo\u1ea1n th\u00f4ng tin, d\u1ef1a tr\u00ean c\u00e1c th\u1ef1c ti\u1ec5n \u0111\u00e3 \u0111\u01b0\u1ee3c ch\u1ee9ng minh v\u1ec1 t\u1ef1 t\u1ed5 ch\u1ee9c b\u1eb1ng c\u00e1ch s\u1eed d\u1ee5ng c\u00e1c c\u00f4ng c\u1ee5 hi\u1ec7n \u0111\u1ea1i (\u0111\u1eb7c bi\u1ec7t l\u00e0 c\u00e1c \u1ee9ng d\u1ee5ng). C\u00e1c ph\u01b0\u01a1ng ph\u00e1p l\u1eadp k\u1ebf ho\u1ea1ch \u0111\u01b0\u1ee3c tr\u00ecnh b\u00e0y \u1edf \u0111\u00e2y, c\u0169ng nh\u01b0 c\u00e1c chi\u1ebfn l\u01b0\u1ee3c \u0111\u1ec3 \u0111\u1ea1t \u0111\u01b0\u1ee3c tr\u1ea1ng th\u00e1i s\u1ea3n xu\u1ea5t, \u0111\u01b0\u1ee3c thi\u1ebft k\u1ebf \u0111\u1ec3 gi\u00fap b\u1ea1n c\u1ea3i thi\u1ec7n \u0111\u00e1ng k\u1ec3 ch\u1ea5t l\u01b0\u1ee3ng t\u1ef1 t\u1ed5 ch\u1ee9c v\u00e0 \u0111\u1ea1t \u0111\u1ebfn m\u1ed9t m\u1ee9c n\u0103ng su\u1ea5t m\u1edbi<\/p>\n<p>.<\/p>\n","protected":false},"featured_media":19353,"comment_status":"closed","ping_status":"closed","template":"","meta":[],"pwb-brand":[3988],"product_cat":[3026],"product_tag":[3745,25,55,3461],"class_list":{"0":"post-19352","1":"product","2":"type-product","3":"status-publish","4":"has-post-thumbnail","6":"pwb-brand-microsoft","7":"product_cat-e-books","8":"product_tag-dmitry-tarasov","9":"product_tag-man","10":"product_tag-run","11":"product_tag-tot","13":"first","14":"instock","15":"shipping-taxable","16":"product-type-simple"},"brands":[{"id":3988,"name":"Microsoft","slug":"microsoft"}],"_links":{"self":[{"href":"https:\/\/azsoft.com\/vi\/wp-json\/wp\/v2\/product\/19352","targetHints":{"allow":["GET"]}}],"collection":[{"href":"https:\/\/azsoft.com\/vi\/wp-json\/wp\/v2\/product"}],"about":[{"href":"https:\/\/azsoft.com\/vi\/wp-json\/wp\/v2\/types\/product"}],"replies":[{"embeddable":true,"href":"https:\/\/azsoft.com\/vi\/wp-json\/wp\/v2\/comments?post=19352"}],"wp:featuredmedia":[{"embeddable":true,"href":"https:\/\/azsoft.com\/vi\/wp-json\/wp\/v2\/media\/19353"}],"wp:attachment":[{"href":"https:\/\/azsoft.com\/vi\/wp-json\/wp\/v2\/media?parent=19352"}],"wp:term":[{"taxonomy":"pwb-brand","embeddable":true,"href":"https:\/\/azsoft.com\/vi\/wp-json\/wp\/v2\/pwb-brand?post=19352"},{"taxonomy":"product_cat","embeddable":true,"href":"https:\/\/azsoft.com\/vi\/wp-json\/wp\/v2\/product_cat?post=19352"},{"taxonomy":"product_tag","embeddable":true,"href":"https:\/\/azsoft.com\/vi\/wp-json\/wp\/v2\/product_tag?post=19352"}],"curies":[{"name":"wp","href":"https:\/\/api.w.org\/{rel}","templated":true}]}}