{"id":18084,"date":"2024-07-11T04:04:35","date_gmt":"2024-07-10T21:04:35","guid":{"rendered":"http:\/\/azsoft.com\/-product-\/uncategorized\/bo-loc-noi-dung-internet-control-server\/"},"modified":"2024-07-15T11:56:20","modified_gmt":"2024-07-15T04:56:20","slug":"bo-loc-noi-dung-internet-control-server","status":"publish","type":"product","link":"https:\/\/azsoft.com\/vi\/-product-\/phan-mem\/network-and-internet\/parental-control\/bo-loc-noi-dung-internet-control-server\/","title":{"rendered":"B\u1ed9 l\u1ecdc n\u1ed9i dung Internet Control Server"},"content":{"rendered":"<div class=\"b-product__description_text\">\n                    B\u1ed9 <\/p>\n<p><strong>l\u1ecdc n\u1ed9i dung ICS<\/strong> l\u00e0 m\u1ed9t gi\u1ea3i ph\u00e1p cho c\u00e1c t\u1ed5 ch\u1ee9c gi\u00e1o d\u1ee5c v\u00e0 th\u01b0 vi\u1ec7n cho ph\u00e9p b\u1ea1n ki\u1ec3m so\u00e1t quy\u1ec1n truy c\u1eadp c\u1ee7a ng\u01b0\u1eddi d\u00f9ng v\u00e0o m\u1ea1ng. Kh\u1ea3 n\u0103ng c\u1ea5u h\u00ecnh linh ho\u1ea1t c\u00e1c quy t\u1eafc cho c\u00e1c nh\u00f3m ng\u01b0\u1eddi d\u00f9ng &#8211; h\u1ecdc sinh, nh\u00e2n vi\u00ean v\u00e0 qu\u1ea3n l\u00fd tr\u01b0\u1eddng h\u1ecdc. Qu\u1ea3n tr\u1ecb \u0111\u01b0\u1ee3c th\u1ef1c hi\u1ec7n th\u00f4ng qua giao di\u1ec7n web<\/p>\n<p>.<\/p>\n<p>ICS \u0111\u01b0\u1ee3c \u0111\u01b0a v\u00e0o S\u1ed5 \u0111\u0103ng k\u00fd ph\u1ea7n m\u1ec1m m\u00e1y t\u00ednh v\u00e0 c\u01a1 s\u1edf d\u1eef li\u1ec7u c\u1ee7a Nga (s\u1ed1 322) v\u00e0 \u0111\u1ea3m b\u1ea3o tu\u00e2n th\u1ee7 lu\u1eadt ph\u00e1p li\u00ean bang:<\/p>\n<ul>\n<li>436 \u201cV\u1ec1 b\u1ea3o v\u1ec7 tr\u1ebb em kh\u1ecfi th\u00f4ng tin c\u00f3 h\u1ea1i cho s\u1ee9c kh\u1ecfe v\u00e0 s\u1ef1 ph\u00e1t tri\u1ec3n c\u1ee7a ch\u00fang\u201d;<\/li>\n<li>S\u1ed1 139 \u201cV\u1ec1 s\u1eeda \u0111\u1ed5i Lu\u1eadt Li\u00ean bang \u201cV\u1ec1 b\u1ea3o v\u1ec7 tr\u1ebb em kh\u1ecfi th\u00f4ng tin c\u00f3 h\u1ea1i cho s\u1ee9c kh\u1ecfe v\u00e0 s\u1ef1 ph\u00e1t tri\u1ec3n c\u1ee7a ch\u00fang\u201d;<\/li>\n<li>S\u1ed1 149 \u201cV\u1ec1 th\u00f4ng tin, c\u00f4ng ngh\u1ec7 th\u00f4ng tin v\u00e0 b\u1ea3o v\u1ec7 th\u00f4ng tin<\/li>\n<p>\u201d.<\/ul>\n<p><strong>C\u00e1c t\u00ednh n\u0103ng b\u1ed9 l\u1ecdc n\u1ed9i dung ICS:<\/strong><\/p>\n<ul>\n<li><strong>L\u1ecdc n\u1ed9i dung<\/strong>. B\u1ed9 l\u1ecdc n\u1ed9i dung ICS n\u00e2ng cao, ch\u1eb7n th\u00f4ng tin kh\u00f4ng mong mu\u1ed1n b\u1eb1ng t\u1eeb v\u00e0 c\u1ee5m t\u1eeb, ch\u1eb7n t\u1ec7p, gi\u1ea3i m\u00e3 v\u00e0 ki\u1ec3m tra l\u01b0u l\u01b0\u1ee3ng HTTPS, b\u1ed9 l\u1ecdc web Garnet v\u00e0 SkyDNS<\/li>\n<p> (\u0111\u01b0\u1ee3c c\u1ea5p ph\u00e9p ri\u00eang). <\/p>\n<li><strong>Ki\u1ec3m so\u00e1t truy c\u1eadp<\/strong>. \u1ee6y quy\u1ec1n theo \u0111\u1ecba ch\u1ec9 IP v\u00e0 \u0111\u1ecba ch\u1ec9 MAC. X\u00e1c th\u1ef1c ng\u01b0\u1eddi d\u00f9ng mi\u1ec1n s\u1eed d\u1ee5ng giao th\u1ee9c Kerberos v\u00e0 NTLM. \u1ee6y quy\u1ec1n Captive Portal: th\u00f4ng qua tr\u00ecnh duy\u1ec7t web b\u1eb1ng \u0111\u0103ng nh\u1eadp v\u00e0 m\u1eadt kh\u1ea9u, qua sms, b\u1eb1ng cu\u1ed9c g\u1ecdi (bao g\u1ed3m c\u1ea3 WI-FI). \u1ee6y quy\u1ec1n VPN. B\u00e1o c\u00e1o t\u00edch h\u1ee3p.<\/li>\n<li><strong>Danh s\u00e1ch c\u1ee7a B\u1ed9 T\u01b0 ph\u00e1p<\/strong>. H\u1ea1n ch\u1ebf quy\u1ec1n truy c\u1eadp c\u1ee7a h\u1ecdc sinh v\u00e0o c\u00e1c t\u00e0i nguy\u00ean b\u1ecb c\u1ea5m \u1edf Li\u00ean bang Nga<\/li>\n<p>. <\/p>\n<li><strong>T\u00ecm ki\u1ebfm an to\u00e0n<\/strong>. C\u1ea5m k\u1ebft qu\u1ea3 trong tr\u01b0\u1eddng h\u1ee3p truy v\u1ea5n t\u00ecm ki\u1ebfm kh\u00f4ng mong mu\u1ed1n<\/li>\n<p>. Danh <\/p>\n<li><strong>m\u1ee5c l\u01b0u l\u01b0\u1ee3ng truy c\u1eadp Garnet Web Filter<\/strong> (\u0111\u01b0\u1ee3c c\u1ea5p ph\u00e9p b\u1ed5 sung). Ph\u00e1t tri\u1ec3n ri\u00eang. X\u00e1c \u0111\u1ecbnh danh m\u1ee5c trang web d\u1ef1a tr\u00ean ph\u00e2n t\u00edch n\u1ed9i dung v\u0103n b\u1ea3n b\u1eb1ng thu\u1eadt to\u00e1n h\u1ecdc m\u00e1y. \u0110\u00e0o t\u1ea1o m\u1ea1ng n\u01a1-ron li\u00ean t\u1ee5c, c\u1eadp nh\u1eadt th\u01b0\u1eddng xuy\u00ean c\u00e1c danh m\u1ee5c, ph\u00e2n t\u00edch t\u1eebng trang web \u0111\u01b0\u1ee3c y\u00eau c\u1ea7u.<\/li>\n<li><strong>Danh m\u1ee5c l\u01b0u l\u01b0\u1ee3ng truy c\u1eadp SkyDNS<\/strong> (\u0111\u01b0\u1ee3c c\u1ea5p ph\u00e9p ri\u00eang). H\u1ecd ph\u00e2n t\u00edch \u0111\u1ecba ch\u1ec9 trang web (URL) v\u00e0 h\u01a1n 105 tri\u1ec7u t\u00e0i nguy\u00ean Internet trong c\u01a1 s\u1edf d\u1eef li\u1ec7u<\/li>\n<p>. Danh <\/p>\n<li><strong>m\u1ee5c AdBlock<\/strong>. C\u1ea5m c\u1eeda s\u1ed5 b\u1eadt l\u00ean v\u00e0 qu\u1ea3ng c\u00e1o x\u00e2m nh\u1eadp.<\/li>\n<li><strong>B\u1ea3o v\u1ec7 kh\u1ecfi truy c\u1eadp tr\u00e1i ph\u00e9p<\/strong>, c\u00e1c m\u1ed1i \u0111e d\u1ecda b\u00ean ngo\u00e0i v\u00e0 b\u00ean trong. T\u01b0\u1eddng l\u1eeda, h\u1ec7 th\u1ed1ng ng\u0103n ch\u1eb7n x\u00e2m nh\u1eadp IDS\/IPS, ki\u1ec3m so\u00e1t \u1ee9ng d\u1ee5ng, b\u1ea3o v\u1ec7 t\u00e0i nguy\u00ean web, ch\u1ed1ng vi-r\u00fat ph\u00e1t tr\u1ef1c tuy\u1ebfn, b\u1ea3o v\u1ec7 d\u1ecbch v\u1ee5 ch\u1ed1ng l\u1ea1i c\u00e1c cu\u1ed9c t\u1ea5n c\u00f4ng brute-force (fail2ban), qu\u1ea3n l\u00fd quy t\u1eafc NAT. Kh\u1ea3 n\u0103ng k\u1ebft n\u1ed1i qua ICAP v\u1edbi c\u00e1c h\u1ec7 th\u1ed1ng DLP c\u1ee7a b\u00ean th\u1ee9 ba, ph\u1ea7n m\u1ec1m ch\u1ed1ng vi-r\u00fat v\u00e0 c\u00e1c gi\u1ea3i ph\u00e1p l\u1ecdc n\u1ed9i dung. K\u1ebft n\u1ed1i v\u1edbi SIEM th\u00f4ng qua giao th\u1ee9c syslog<\/li>\n<\/ul>\n<p>.<\/p>\n<p><strong>T\u1ea1i sao b\u1ed9 l\u1ecdc n\u1ed9i dung ICS kh\u00f4ng ch\u1ec9 l\u00e0 m\u1ed9t m\u00f4-\u0111un l\u1ecdc \u0111\u01b0\u1ee3c tri\u1ec3n khai b\u1edfi c\u00e1c s\u1ea3n ph\u1ea9m t\u01b0\u01a1ng t\u1ef1?<\/strong><\/p>\n<ul>\n<li><strong>C\u1eadp nh\u1eadt th\u01b0\u1eddng xuy\u00ean.<\/strong> Nh\u00f3m ph\u00e1t tri\u1ec3n gi\u00e1m s\u00e1t vi\u1ec7c c\u1eadp nh\u1eadt danh s\u00e1ch c\u00e1c t\u00e0i li\u1ec7u b\u1ecb c\u1ea5m b\u1edfi c\u00e1c c\u01a1 quan qu\u1ea3n l\u00fd, ph\u00e2n t\u00edch d\u1eef li\u1ec7u thu \u0111\u01b0\u1ee3c v\u00e0 chu\u1ea9n b\u1ecb danh s\u00e1ch c\u00e1c t\u1eeb v\u00e0 bi\u1ec3u th\u1ee9c ch\u00ednh quy \u0111\u1ec3 nh\u1eadp v\u00e0o<\/li>\n<p> ICS. <\/p>\n<li><strong>M\u1ed9t c\u00e1ch ti\u1ebfp c\u1eadn ph\u1ed5 qu\u00e1t \u0111\u1ec3 ph\u00e2n t\u00edch l\u01b0u l\u01b0\u1ee3ng truy c\u1eadp.<\/strong> L\u1ecdc n\u1ed9i dung theo t\u1eeb kh\u00f3a (t\u1eeb v\u00e0 c\u1ee5m t\u1eeb c\u1ee5 th\u1ec3) v\u00e0 x\u1eed l\u00fd ng\u00f4n ng\u1eef t\u1ef1 nhi\u00ean b\u1eb1ng c\u00e1ch s\u1eed d\u1ee5ng<\/li>\n<p> bi\u1ec3u th\u1ee9c ch\u00ednh quy. <\/p>\n<li><strong>Y\u00eau c\u1ea7u t\u1ed1c \u0111\u1ed9 x\u1eed l\u00fd.<\/strong> Y\u00eau c\u1ea7u c\u1ee7a ng\u01b0\u1eddi d\u00f9ng \u0111\u1ed1i v\u1edbi c\u00e1c c\u00f4ng c\u1ee5 t\u00ecm ki\u1ebfm \u0111\u01b0\u1ee3c ki\u1ec3m tra ngay c\u1ea3 tr\u01b0\u1edbc khi ch\u00fang xu\u1ea5t hi\u1ec7n trong k\u1ebft qu\u1ea3 t\u00ecm ki\u1ebfm<\/li>\n<p>. <\/p>\n<li><strong>Ph\u01b0\u01a1ng ph\u00e1p l\u00e0m vi\u1ec7c \u0111\u00e1ng tin c\u1eady (tr\u00e1i ng\u01b0\u1ee3c v\u1edbi l\u1ecdc url).<\/strong> Ngay c\u1ea3 khi \u0111\u1ecba ch\u1ec9 thay \u0111\u1ed5i, t\u00e0i nguy\u00ean web kh\u00f4ng mong mu\u1ed1n s\u1ebd b\u1ecb ch\u1eb7n d\u1ef1a tr\u00ean n\u1ed9i dung ch\u1ee9a v\u00e0 s\u1ef1 hi\u1ec7n di\u1ec7n c\u1ee7a c\u00e1c<\/li>\n<p> t\u1eeb \u0111\u00e1nh d\u1ea5u. <\/p>\n<li><strong>C\u00f3 danh m\u1ee5c l\u01b0u l\u01b0\u1ee3ng truy c\u1eadp ri\u00eang c\u1ee7a Garnet.<\/strong> Ch\u00fang cho ph\u00e9p b\u1ea1n x\u00e1c \u0111\u1ecbnh danh m\u1ee5c trang web d\u1ef1a tr\u00ean ph\u00e2n t\u00edch n\u1ed9i dung v\u0103n b\u1ea3n b\u1eb1ng thu\u1eadt to\u00e1n h\u1ecdc m\u00e1y.<\/li>\n<\/ul>\n<p><strong>\u0110i\u1ec1u ki\u1ec7n c\u1ea5p ph\u00e9p<\/strong><\/p>\n<ul>\n<li>Chi ph\u00ed c\u1ee7a ICS ph\u1ee5 thu\u1ed9c v\u00e0o s\u1ed1 l\u01b0\u1ee3ng ng\u01b0\u1eddi d\u00f9ng \u0111\u00e3 \u0111\u0103ng k\u00fd v\u00e0 bao g\u1ed3m trong ch\u01b0\u01a1ng tr\u00ecnh. Phi\u00ean b\u1ea3n d\u00e0nh cho t\u1ed1i \u0111a 9 ng\u01b0\u1eddi d\u00f9ng l\u00e0 mi\u1ec5n ph\u00ed. B\u1ea3n d\u00f9ng th\u1eed mi\u1ec5n ph\u00ed v\u1edbi h\u1ed7 tr\u1ee3 \u01b0u ti\u00ean c\u00f3 s\u1eb5n trong 35 ng\u00e0y<\/li>\n<p>. <\/p>\n<li>\u0110\u1ed1i v\u1edbi c\u00e1c t\u1ed5 ch\u1ee9c nh\u00e0 n\u01b0\u1edbc tham gia v\u00e0o c\u00e1c ho\u1ea1t \u0111\u1ed9ng gi\u00e1o d\u1ee5c, c\u00f3 nh\u1eefng \u0111i\u1ec1u ki\u1ec7n \u0111\u1eb7c bi\u1ec7t \u0111\u1ec3 mua gi\u1ea5y ph\u00e9p ICS.<\/li>\n<\/ul>\n<li>Gi\u00e1 c\u1ee7a gi\u1ea5y ph\u00e9p m\u1edbi bao g\u1ed3m kh\u00f3a k\u00edch ho\u1ea1t, h\u1ed7 tr\u1ee3 k\u1ef9 thu\u1eadt v\u00e0 c\u1eadp nh\u1eadt 1 n\u0103m.<\/li><\/div>\n","protected":false},"excerpt":{"rendered":"<p>B\u1ed9 <\/p>\n<p><strong>l\u1ecdc n\u1ed9i dung ICS<\/strong> l\u00e0 m\u1ed9t gi\u1ea3i ph\u00e1p cho c\u00e1c t\u1ed5 ch\u1ee9c gi\u00e1o d\u1ee5c v\u00e0 th\u01b0 vi\u1ec7n cho ph\u00e9p b\u1ea1n ki\u1ec3m so\u00e1t quy\u1ec1n truy c\u1eadp c\u1ee7a ng\u01b0\u1eddi d\u00f9ng v\u00e0o m\u1ea1ng. Kh\u1ea3 n\u0103ng c\u1ea5u h\u00ecnh linh ho\u1ea1t c\u00e1c quy t\u1eafc cho c\u00e1c nh\u00f3m ng\u01b0\u1eddi d\u00f9ng &#8211; h\u1ecdc sinh, nh\u00e2n vi\u00ean v\u00e0 qu\u1ea3n l\u00fd tr\u01b0\u1eddng h\u1ecdc. Qu\u1ea3n tr\u1ecb \u0111\u01b0\u1ee3c th\u1ef1c hi\u1ec7n th\u00f4ng qua giao di\u1ec7n web<\/p>\n<p>.<\/p>\n","protected":false},"featured_media":18085,"comment_status":"closed","ping_status":"closed","template":"","meta":[],"pwb-brand":[3988],"product_cat":[2939],"product_tag":[3312,3635],"class_list":{"0":"post-18084","1":"product","2":"type-product","3":"status-publish","4":"has-post-thumbnail","6":"pwb-brand-microsoft","7":"product_cat-parental-control","8":"product_tag-skydns","9":"product_tag-tu-van-a-real","11":"first","12":"instock","13":"shipping-taxable","14":"product-type-simple"},"brands":[{"id":3988,"name":"Microsoft","slug":"microsoft"}],"_links":{"self":[{"href":"https:\/\/azsoft.com\/vi\/wp-json\/wp\/v2\/product\/18084","targetHints":{"allow":["GET"]}}],"collection":[{"href":"https:\/\/azsoft.com\/vi\/wp-json\/wp\/v2\/product"}],"about":[{"href":"https:\/\/azsoft.com\/vi\/wp-json\/wp\/v2\/types\/product"}],"replies":[{"embeddable":true,"href":"https:\/\/azsoft.com\/vi\/wp-json\/wp\/v2\/comments?post=18084"}],"wp:featuredmedia":[{"embeddable":true,"href":"https:\/\/azsoft.com\/vi\/wp-json\/wp\/v2\/media\/18085"}],"wp:attachment":[{"href":"https:\/\/azsoft.com\/vi\/wp-json\/wp\/v2\/media?parent=18084"}],"wp:term":[{"taxonomy":"pwb-brand","embeddable":true,"href":"https:\/\/azsoft.com\/vi\/wp-json\/wp\/v2\/pwb-brand?post=18084"},{"taxonomy":"product_cat","embeddable":true,"href":"https:\/\/azsoft.com\/vi\/wp-json\/wp\/v2\/product_cat?post=18084"},{"taxonomy":"product_tag","embeddable":true,"href":"https:\/\/azsoft.com\/vi\/wp-json\/wp\/v2\/product_tag?post=18084"}],"curies":[{"name":"wp","href":"https:\/\/api.w.org\/{rel}","templated":true}]}}