{"id":16488,"date":"2024-07-10T22:32:05","date_gmt":"2024-07-10T15:32:05","guid":{"rendered":"http:\/\/azsoft.com\/-product-\/uncategorized\/tat-ca-nguoi-gui\/"},"modified":"2024-07-15T11:44:31","modified_gmt":"2024-07-15T04:44:31","slug":"tat-ca-nguoi-gui","status":"publish","type":"product","link":"https:\/\/azsoft.com\/vi\/-product-\/phan-mem\/network-and-internet\/seo-internet-marketing\/tat-ca-nguoi-gui\/","title":{"rendered":"T\u1ea5t c\u1ea3 ng\u01b0\u1eddi g\u1eedi"},"content":{"rendered":"<div class=\"b-product__description_text\">\n<p><span style=\"font-size: 13.12px\"><strong>AllSubmitter<\/strong> l\u00e0 m\u1ed9t c\u00f4ng c\u1ee5 SEO ph\u1ed5 qu\u00e1t, \u0111a ch\u1ee9c n\u0103ng \u0111\u1ec3 qu\u1ea3ng b\u00e1 v\u00e0 qu\u1ea3ng b\u00e1 c\u00e1c trang web.<\/span> <span style=\"font-size: 13.12px\"><\/span><\/p>\n<p class=\"MsoNormal\">Ch\u01b0\u01a1ng tr\u00ecnh \u0111\u01b0\u1ee3c thi\u1ebft k\u1ebf \u0111\u1ec3 gi\u00fap qu\u1ea3n tr\u1ecb web, SEO v\u00e0 ch\u1ee7 s\u1edf h\u1eefu trang web qu\u1ea3ng b\u00e1 c\u00e1c trang web trong c\u00e1c c\u00f4ng c\u1ee5 t\u00ecm ki\u1ebfm m\u00e0 kh\u00f4ng c\u1ea7n nhi\u1ec1u n\u1ed7 l\u1ef1c v\u00e0 ti\u1ec1n b\u1ea1c.<\/p>\n<p class=\"MsoNormal\"><strong>C\u00e1c t\u00ednh n\u0103ng ch\u00ednh c\u1ee7a Allsubmitter: T\u00ednh<\/strong><\/p>\n<ul>\n<li><em><strong>linh ho\u1ea1t<\/strong><\/em> <br \/>B\u1ea1n kh\u00f4ng c\u1ea7n ph\u1ea3i mua nhi\u1ec1u ch\u01b0\u01a1ng tr\u00ecnh SEO. Ngay b\u00e2y gi\u1edd b\u1ea1n c\u00f3 th\u1ec3 nh\u1eadn \u0111\u01b0\u1ee3c m\u1ed9t b\u1ed9 c\u00f4ng c\u1ee5 \u0111\u1ea7y \u0111\u1ee7 \u0111\u1ec3 qu\u1ea3ng b\u00e1 trang web d\u01b0\u1edbi d\u1ea1ng Allsubmitter, \u0111\u1ee7 \u0111\u1ec3 qu\u1ea3ng b\u00e1 v\u00e0 h\u1ed7 tr\u1ee3<\/li>\n<p> c\u00e1c trang web trong c\u00e1c c\u00f4ng c\u1ee5 t\u00ecm ki\u1ebfm H\u00c0NG \u0110\u1ea6U. <\/p>\n<li><strong><em>D\u1ec5 d\u00e0ng v\u00e0 nhanh ch\u00f3ng<\/em><\/strong> <br \/>B\u1ea1n kh\u00f4ng c\u1ea7n k\u1ef9 n\u0103ng \u0111\u1eb7c bi\u1ec7t \u0111\u1ec3 l\u00e0m vi\u1ec7c v\u1edbi ch\u01b0\u01a1ng tr\u00ecnh. Allsubmitter s\u1ebd gi\u00fap b\u1ea1n nhanh ch\u00f3ng, hi\u1ec7u qu\u1ea3 v\u00e0 kh\u00f4ng c\u00f3 ki\u1ebfn th\u1ee9c \u0111\u1eb7c bi\u1ec7t th\u1ef1c hi\u1ec7n c\u00e1c nhi\u1ec7m v\u1ee5 t\u1ed1i \u01b0u h\u00f3a c\u00f4ng c\u1ee5 t\u00ecm ki\u1ebfm c\u1ea7n thi\u1ebft \u0111\u1ec3 c\u00f3 \u0111\u01b0\u1ee3c v\u1ecb tr\u00ed cao trong b\u1ea5t k\u1ef3 c\u00f4ng c\u1ee5 t\u00ecm ki\u1ebfm Internet n\u00e0o<\/li>\n<p>. <\/p>\n<li><strong><em>\u0110\u1ed9 tin c\u1eady<\/em><\/strong> c\u1ee7a c\u00e1c <br \/>c\u00f4ng c\u1ee5 SEO c\u00f3 trong ch\u01b0\u01a1ng tr\u00ecnh Allsubmitter \u0111\u00e3 \u0111\u01b0\u1ee3c th\u1eed nghi\u1ec7m trong ho\u1ea1t \u0111\u1ed9ng v\u00e0 \u0111\u00e3 \u0111\u01b0\u1ee3c c\u00e1c chuy\u00ean gia SEO v\u00e0 ch\u1ee7 s\u1edf h\u1eefu trang web s\u1eed d\u1ee5ng trong h\u01a1n 10 n\u0103m. Ch\u00fang t\u00f4i r\u1ea5t vui v\u00ec h\u01a1n 30.000 qu\u1ea3n tr\u1ecb web v\u00e0 ng\u01b0\u1eddi t\u1ed1i \u01b0u h\u00f3a s\u1eed d\u1ee5ng ch\u01b0\u01a1ng tr\u00ecnh c\u1ee7a ch\u00fang t\u00f4i cho nhu c\u1ea7u qu\u1ea3ng b\u00e1 trang web c\u1ee7a h\u1ecd<\/li>\n<\/ul>\n<p>. <\/p>\n<p class=\"MsoNormal\"><strong>Allsubmitter<\/strong> l\u00e0 m\u1ed9t c\u00f4ng c\u1ee5 SEO m\u1ea1nh m\u1ebd v\u00e0 \u0111a ch\u1ee9c n\u0103ng cho ph\u00e9p b\u1ea1n qu\u1ea3ng b\u00e1 v\u00e0 duy tr\u00ec c\u00e1c trang web \u1edf v\u1ecb tr\u00ed cao trong c\u00e1c c\u00f4ng c\u1ee5 t\u00ecm ki\u1ebfm b\u1ea5t k\u1ec3 k\u1ef9 n\u0103ng c\u1ee7a b\u1ea1n.<\/p>\n<p class=\"MsoNormal\"><strong>Allsubmitter \u0111\u01b0\u1ee3c<\/strong> th\u00e0nh l\u1eadp t\u1ed1t trong s\u1ed1 c\u00e1c c\u00f4ng ty SEO, c\u00e1c nh\u00e0 ti\u1ebfp th\u1ecb chuy\u00ean nghi\u1ec7p v\u00e0 SEO v\u00ec n\u00f3 ch\u1ee9a to\u00e0n b\u1ed9 c\u00e1c c\u00f4ng c\u1ee5 SEO chuy\u00ean nghi\u1ec7p.<\/p>\n<p class=\"MsoNormal\"><strong>C\u00e1c t\u00ednh n\u0103ng v\u00e0 c\u00f4ng c\u1ee5:<\/strong><\/p>\n<ul>\n<li>\u0110\u0103ng k\u00fd trang web.<\/li>\n<li>M\u00e1y ph\u00e2n t\u00edch v\u1ecb tr\u00ed v\u00e0 tham s\u1ed1.<\/li>\n<li>C\u01a1 s\u1edf d\u1eef li\u1ec7u th\u01b0 m\u1ee5c.<\/li>\n<li>L\u1ef1a ch\u1ecdn t\u1eeb kh\u00f3a.<\/li>\n<li>Ph\u00e2n t\u00edch n\u1ed9i dung c\u1ee7a \u0111\u1ed1i th\u1ee7 c\u1ea1nh tranh.<\/li>\n<li>B\u00e1o c\u00e1o th\u01b0 \u0111\u0103ng k\u00fd.<\/li>\n<li>\u0110\u0103ng k\u00fd v\u00e0 b\u00e1o c\u00e1o g\u1eedi th\u01b0.<\/li>\n<li>Ph\u00e2n t\u00edch chi ph\u00ed backlink.<\/li>\n<li>M\u00e1y t\u1ea1o gi\u00e1 tr\u1ecb.<\/li>\n<li>M\u00e1y ph\u00e2n t\u00edch \u0111\u1ea1o v\u0103n.<\/li>\n<li>Tr\u00ecnh t\u1ed1i \u01b0u h\u00f3a HTML v\u00e0 Tr\u00ecnh x\u00e1c th\u1ef1c HTML.<\/li>\n<li>Allsubmitter DirectMail.<\/li>\n<\/ul>\n<li><span style=\"font-size: 13.12px\">M\u00e1y ph\u00e2n t\u00edch trao \u0111\u1ed5i Sape v\u00e0 Linkfeed (mi\u1ec5n ph\u00ed).<\/span><\/li><\/div>\n<li>X\u00e1c \u0111\u1ecbnh captcha v\u00e0 c\u00e1c t\u00f9y ch\u1ecdn kh\u00e1c.<\/li>\n<p class=\"MsoNormal\"><span><strong>Allsubmitter<\/strong> \u0111\u00e3 tr\u1edf n\u00ean \u0111\u00e1ng tin c\u1eady v\u00e0 kh\u00f4ng th\u1ec3 thay th\u1ebf trong vi\u1ec7c t\u1ed1i \u01b0u h\u00f3a v\u00e0 qu\u1ea3ng b\u00e1 trang web cho ng\u01b0\u1eddi d\u00f9ng \u1edf m\u1ecdi c\u1ea5p \u0111\u1ed9 v\u00e0 cho ph\u00e9p trang web c\u1ee7a b\u1ea1n th\u1ed1ng tr\u1ecb SEO.<\/span><\/p>\n","protected":false},"excerpt":{"rendered":"<p><strong>Allsubmitter s\u1ebd t\u0103ng<\/strong> t\u1ed1c qu\u00e1 tr\u00ecnh th\u00eam trang web c\u1ee7a b\u1ea1n v\u00e0o t\u1ea5t c\u1ea3 c\u00e1c th\u01b0 m\u1ee5c, di\u1ec5n \u0111\u00e0n, x\u1ebfp h\u1ea1ng, c\u00f4ng c\u1ee5 t\u00ecm ki\u1ebfm, blog v\u00e0 c\u00e1c h\u1ec7 th\u1ed1ng kh\u00e1c c\u00f3 th\u1ec3.<\/p>\n","protected":false},"featured_media":16491,"comment_status":"closed","ping_status":"closed","template":"","meta":[],"pwb-brand":[4944],"product_cat":[2937],"product_tag":[2840,3461,3450],"class_list":{"0":"post-16488","1":"product","2":"type-product","3":"status-publish","4":"has-post-thumbnail","6":"pwb-brand-webloganalyzer","7":"product_cat-seo-internet-marketing","8":"product_tag-do-tin-cay","9":"product_tag-tot","10":"product_tag-webloganalyzer","12":"first","13":"instock","14":"shipping-taxable","15":"product-type-simple"},"brands":[{"id":4944,"name":"WebLogAnalyzer","slug":"webloganalyzer"}],"_links":{"self":[{"href":"https:\/\/azsoft.com\/vi\/wp-json\/wp\/v2\/product\/16488","targetHints":{"allow":["GET"]}}],"collection":[{"href":"https:\/\/azsoft.com\/vi\/wp-json\/wp\/v2\/product"}],"about":[{"href":"https:\/\/azsoft.com\/vi\/wp-json\/wp\/v2\/types\/product"}],"replies":[{"embeddable":true,"href":"https:\/\/azsoft.com\/vi\/wp-json\/wp\/v2\/comments?post=16488"}],"wp:featuredmedia":[{"embeddable":true,"href":"https:\/\/azsoft.com\/vi\/wp-json\/wp\/v2\/media\/16491"}],"wp:attachment":[{"href":"https:\/\/azsoft.com\/vi\/wp-json\/wp\/v2\/media?parent=16488"}],"wp:term":[{"taxonomy":"pwb-brand","embeddable":true,"href":"https:\/\/azsoft.com\/vi\/wp-json\/wp\/v2\/pwb-brand?post=16488"},{"taxonomy":"product_cat","embeddable":true,"href":"https:\/\/azsoft.com\/vi\/wp-json\/wp\/v2\/product_cat?post=16488"},{"taxonomy":"product_tag","embeddable":true,"href":"https:\/\/azsoft.com\/vi\/wp-json\/wp\/v2\/product_tag?post=16488"}],"curies":[{"name":"wp","href":"https:\/\/api.w.org\/{rel}","templated":true}]}}