{"id":16256,"date":"2024-07-10T21:32:29","date_gmt":"2024-07-10T14:32:29","guid":{"rendered":"http:\/\/azsoft.com\/-product-\/uncategorized\/kidlogger-cho-android\/"},"modified":"2024-07-15T11:44:08","modified_gmt":"2024-07-15T04:44:08","slug":"kidlogger-cho-android","status":"publish","type":"product","link":"https:\/\/azsoft.com\/vi\/-product-\/phan-mem\/network-and-internet\/parental-control\/kidlogger-cho-android\/","title":{"rendered":"Kidlogger cho Android"},"content":{"rendered":"<div class=\"b-product__description_text\">\n<p>Kidlogger cho Android l\u00e0 m\u1ed9t \u1ee9ng d\u1ee5ng \u0111\u1ec3 theo d\u00f5i \u0111i\u1ec7n tho\u1ea1i v\u00e0 m\u00e1y t\u00ednh b\u1ea3ng d\u1ef1a tr\u00ean h\u1ec7 \u0111i\u1ec1u h\u00e0nh Android. N\u00f3 thu th\u1eadp d\u1eef li\u1ec7u v\u1ec1 vi\u1ec7c s\u1eed d\u1ee5ng c\u00e1c thi\u1ebft b\u1ecb, v\u1ec1 chuy\u1ec3n \u0111\u1ed9ng c\u1ee7a ch\u1ee7 s\u1edf h\u1eefu \u0111i\u1ec7n tho\u1ea1i, ghi l\u1ea1i c\u00e1c cu\u1ed9c g\u1ecdi v\u00e0 \u1ea3nh \u0111\u01b0\u1ee3c ch\u1ee5p b\u1eb1ng camera \u0111i\u1ec7n tho\u1ea1i th\u00f4ng minh. Kidlogger gi\u00fap b\u1ea1n theo d\u00f5i con b\u1ea1n. B\u1ea1n s\u1ebd ch\u1eafc ch\u1eafn r\u1eb1ng anh \u1ea5y an to\u00e0n. T\u1ecda \u0111\u1ed9 s\u1ebd hi\u1ec3n th\u1ecb v\u1ecb tr\u00ed, b\u1ea1n s\u1ebd t\u00ecm ra ai \u0111ang g\u1ecdi cho con b\u1ea1n, theo d\u00f5i danh b\u1ea1 \u0111\u01b0\u1ee3c quay s\u1ed1 th\u01b0\u1eddng xuy\u00ean, tin nh\u1eafn SMS v\u00e0 t\u00ecm ki\u1ebfm tr\u00ean tr\u00ecnh duy\u1ec7t Internet. Th\u1eddi gian v\u00e0 th\u1eddi gian s\u1eed d\u1ee5ng \u0111i\u1ec7n tho\u1ea1i \u0111\u01b0\u1ee3c \u1ee9ng d\u1ee5ng ghi l\u1ea1i<\/p>\n<\/div>\n<p>.<\/p>\n","protected":false},"excerpt":{"rendered":"<p>M\u1ed9t \u1ee9ng d\u1ee5ng \u0111\u1ec3 theo d\u00f5i \u0111i\u1ec7n tho\u1ea1i v\u00e0 m\u00e1y t\u00ednh b\u1ea3ng d\u1ef1a tr\u00ean h\u1ec7 \u0111i\u1ec1u h\u00e0nh Android. N\u00f3 thu th\u1eadp d\u1eef li\u1ec7u v\u1ec1 vi\u1ec7c s\u1eed d\u1ee5ng c\u00e1c thi\u1ebft b\u1ecb, chuy\u1ec3n \u0111\u1ed9ng c\u1ee7a ch\u1ee7 s\u1edf h\u1eefu \u0111i\u1ec7n tho\u1ea1i, ghi l\u1ea1i c\u00e1c cu\u1ed9c g\u1ecdi v\u00e0 \u1ea3nh \u0111\u01b0\u1ee3c ch\u1ee5p b\u1eb1ng camera \u0111i\u1ec7n tho\u1ea1i th\u00f4ng minh<\/p>\n<p>.<\/p>\n","protected":false},"featured_media":16257,"comment_status":"closed","ping_status":"closed","template":"","meta":[],"pwb-brand":[3997],"product_cat":[2939],"product_tag":[3349],"class_list":{"0":"post-16256","1":"product","2":"type-product","3":"status-publish","4":"has-post-thumbnail","6":"pwb-brand-safejka-srl","7":"product_cat-parental-control","8":"product_tag-safejka-srl","10":"first","11":"instock","12":"shipping-taxable","13":"product-type-simple"},"brands":[{"id":3997,"name":"SafeJka SRL","slug":"safejka-srl"}],"_links":{"self":[{"href":"https:\/\/azsoft.com\/vi\/wp-json\/wp\/v2\/product\/16256","targetHints":{"allow":["GET"]}}],"collection":[{"href":"https:\/\/azsoft.com\/vi\/wp-json\/wp\/v2\/product"}],"about":[{"href":"https:\/\/azsoft.com\/vi\/wp-json\/wp\/v2\/types\/product"}],"replies":[{"embeddable":true,"href":"https:\/\/azsoft.com\/vi\/wp-json\/wp\/v2\/comments?post=16256"}],"wp:featuredmedia":[{"embeddable":true,"href":"https:\/\/azsoft.com\/vi\/wp-json\/wp\/v2\/media\/16257"}],"wp:attachment":[{"href":"https:\/\/azsoft.com\/vi\/wp-json\/wp\/v2\/media?parent=16256"}],"wp:term":[{"taxonomy":"pwb-brand","embeddable":true,"href":"https:\/\/azsoft.com\/vi\/wp-json\/wp\/v2\/pwb-brand?post=16256"},{"taxonomy":"product_cat","embeddable":true,"href":"https:\/\/azsoft.com\/vi\/wp-json\/wp\/v2\/product_cat?post=16256"},{"taxonomy":"product_tag","embeddable":true,"href":"https:\/\/azsoft.com\/vi\/wp-json\/wp\/v2\/product_tag?post=16256"}],"curies":[{"name":"wp","href":"https:\/\/api.w.org\/{rel}","templated":true}]}}