{"id":15844,"date":"2024-07-10T20:00:31","date_gmt":"2024-07-10T13:00:31","guid":{"rendered":"http:\/\/azsoft.com\/-product-\/uncategorized\/trailer-mot-tap-hop-cac-slide-hoat-hinh-cho-trinh-chieu\/"},"modified":"2024-07-15T11:43:24","modified_gmt":"2024-07-15T04:43:24","slug":"trailer-mot-tap-hop-cac-slide-hoat-hinh-cho-trinh-chieu","status":"publish","type":"product","link":"https:\/\/azsoft.com\/vi\/-product-\/phan-mem\/graphics-and-design\/templates-and-clipart\/trailer-mot-tap-hop-cac-slide-hoat-hinh-cho-trinh-chieu\/","title":{"rendered":"\u201cTrailer\u201d \u2014 m\u1ed9t t\u1eadp h\u1ee3p c\u00e1c slide ho\u1ea1t h\u00ecnh cho tr\u00ecnh chi\u1ebfu"},"content":{"rendered":"<div class=\"b-product__description_text\">\n<p><strong>\u201c\u0110o\u1ea1n gi\u1edbi thi\u1ec7u\u201d<\/strong> l\u00e0 m\u1ed9t t\u1eadp h\u1ee3p c\u00e1c slide ho\u1ea1t h\u00ecnh \u0111\u1ec3 t\u1ea1o tr\u00ecnh chi\u1ebfu c\u00e1ch \u0111i\u1ec7u trong ch\u01b0\u01a1ng tr\u00ecnh \u201cPhotoShow PRO\u201d. V\u1edbi c\u00e1c m\u1eabu n\u00e0y, b\u1ea1n c\u00f3 th\u1ec3 t\u1ea1o m\u1ed9t video g\u1ed1c d\u1ef1a tr\u00ean \u1ea3nh v\u00e0 video y\u00eau th\u00edch c\u1ee7a b\u1ea1n t\u1eeb kho l\u01b0u tr\u1eef c\u00e1 nh\u00e2n c\u1ee7a b\u1ea1n. G\u00e2y ng\u1ea1c nhi\u00ean cho b\u1ea1n b\u00e8 v\u00e0 gia \u0111\u00ecnh c\u1ee7a b\u1ea1n v\u00e0 \u0111\u1eafm m\u00ecnh trong b\u1ea7u kh\u00f4ng kh\u00ed ly k\u1ef3 c\u1ee7a m\u1ed9t \u0111o\u1ea1n trailer s\u1eed thi Hollywood c\u00f9ng nhau. <br \/>T\u1ea3i m\u1eabu l\u00ean ch\u01b0\u01a1ng tr\u00ecnh, th\u00eam \u1ea3nh v\u00e0 nh\u1ea1c. Ch\u1ecdn m\u1ed9t b\u00e0i h\u00e1t v\u1edbi \u0111\u1ea7y \u0111\u1ee7 tr\u00e1ch nhi\u1ec7m! N\u00f3 ph\u1ea3i h\u00e0i h\u00f2a v\u1edbi chu\u1ed7i video, v\u00ec nh\u1ea1c phim \u0111\u00f3ng m\u1ed9t vai tr\u00f2 r\u1ea5t quan tr\u1ecdng trong m\u1ed9t b\u1ed9 phim. N\u1ebfu mu\u1ed1n, b\u1ea1n c\u00f3 th\u1ec3 ch\u1ec9nh s\u1eeda t\u1eebng slide trong b\u1ed9: s\u1eed d\u1ee5ng c\u00e1c l\u1edbp m\u1edbi, \u0111i\u1ec1u ch\u1ec9nh h\u00ecnh \u1ea3nh \u0111\u1ed9ng, ghi l\u1ea1i nh\u1eadn x\u00e9t b\u1eb1ng gi\u1ecdng n\u00f3i!<\/p>\n<\/div>\n","protected":false},"excerpt":{"rendered":"<p>\u201c\u0110o\u1ea1n gi\u1edbi thi\u1ec7u\u201d l\u00e0 m\u1ed9t t\u1eadp h\u1ee3p c\u00e1c slide ho\u1ea1t h\u00ecnh \u0111\u1ec3 t\u1ea1o tr\u00ecnh chi\u1ebfu c\u00e1ch \u0111i\u1ec7u trong ch\u01b0\u01a1ng tr\u00ecnh \u201cPhotoShow PRO\u201d. V\u1edbi c\u00e1c m\u1eabu n\u00e0y, b\u1ea1n c\u00f3 th\u1ec3 t\u1ea1o m\u1ed9t video g\u1ed1c d\u1ef1a tr\u00ean \u1ea3nh v\u00e0 video y\u00eau th\u00edch c\u1ee7a b\u1ea1n t\u1eeb kho l\u01b0u tr\u1eef c\u00e1 nh\u00e2n c\u1ee7a b\u1ea1n. G\u00e2y ng\u1ea1c nhi\u00ean cho b\u1ea1n b\u00e8 v\u00e0 gia \u0111\u00ecnh c\u1ee7a b\u1ea1n v\u00e0 \u0111\u1eafm m\u00ecnh trong b\u1ea7u kh\u00f4ng kh\u00ed ly k\u1ef3 c\u1ee7a m\u1ed9t \u0111o\u1ea1n trailer s\u1eed thi Hollywood c\u00f9ng nhau<\/p>\n<p>.<\/p>\n","protected":false},"featured_media":15845,"comment_status":"closed","ping_status":"closed","template":"","meta":[],"pwb-brand":[4108],"product_cat":[2916],"product_tag":[3327],"class_list":{"0":"post-15844","1":"product","2":"type-product","3":"status-publish","4":"has-post-thumbnail","6":"pwb-brand-ams-software","7":"product_cat-templates-and-clipart","8":"product_tag-phan-mem-ams","10":"first","11":"instock","12":"shipping-taxable","13":"product-type-simple"},"brands":[{"id":4108,"name":"AMS Software","slug":"ams-software"}],"_links":{"self":[{"href":"https:\/\/azsoft.com\/vi\/wp-json\/wp\/v2\/product\/15844","targetHints":{"allow":["GET"]}}],"collection":[{"href":"https:\/\/azsoft.com\/vi\/wp-json\/wp\/v2\/product"}],"about":[{"href":"https:\/\/azsoft.com\/vi\/wp-json\/wp\/v2\/types\/product"}],"replies":[{"embeddable":true,"href":"https:\/\/azsoft.com\/vi\/wp-json\/wp\/v2\/comments?post=15844"}],"wp:featuredmedia":[{"embeddable":true,"href":"https:\/\/azsoft.com\/vi\/wp-json\/wp\/v2\/media\/15845"}],"wp:attachment":[{"href":"https:\/\/azsoft.com\/vi\/wp-json\/wp\/v2\/media?parent=15844"}],"wp:term":[{"taxonomy":"pwb-brand","embeddable":true,"href":"https:\/\/azsoft.com\/vi\/wp-json\/wp\/v2\/pwb-brand?post=15844"},{"taxonomy":"product_cat","embeddable":true,"href":"https:\/\/azsoft.com\/vi\/wp-json\/wp\/v2\/product_cat?post=15844"},{"taxonomy":"product_tag","embeddable":true,"href":"https:\/\/azsoft.com\/vi\/wp-json\/wp\/v2\/product_tag?post=15844"}],"curies":[{"name":"wp","href":"https:\/\/api.w.org\/{rel}","templated":true}]}}