{"id":11705,"date":"2024-07-08T22:25:12","date_gmt":"2024-07-08T15:25:12","guid":{"rendered":"http:\/\/azsoft.com\/-product-\/uncategorized\/thiet-bi-mang-router-wifi-mikrotik-rb952ui-5ac2nd-tc-ma-san-pham-rb952ui-5ac2nd-tc\/"},"modified":"2024-07-13T15:12:18","modified_gmt":"2024-07-13T08:12:18","slug":"thiet-bi-mang-router-wifi-mikrotik-rb952ui-5ac2nd-tc-ma-san-pham-rb952ui-5ac2nd-tc","status":"publish","type":"product","link":"https:\/\/azsoft.com\/vi\/-product-\/hardware\/networking\/mikrotik\/thiet-bi-mang-router-wifi-mikrotik-rb952ui-5ac2nd-tc-ma-san-pham-rb952ui-5ac2nd-tc\/","title":{"rendered":"Thi\u1ebft B\u1ecb M\u1ea1ng Router Wifi Mikrotik RB952Ui-5ac2nD-TC M\u00e3 s\u1ea3n ph\u1ea9m: RB952UI-5AC2ND-TC"},"content":{"rendered":"<div class=\"showText tabs\" id=\"tab2\">\n<div class=\"box_right_pro_view\">\n<div class=\"thongso_pro a_technical\" style=\"max-height: fit-content\">\n<table border=\"1\" cellspacing=\"0\" cellpadding=\"0\">\n<tbody>\n<tr>\n<td class=\"xl65\"><span lang=\"EN-US\">Product Code<\/span><\/td>\n<td class=\"xl65\"><span lang=\"EN-US\">RB952Ui-5ac2nD-TC<\/span><\/td>\n<\/tr>\n<tr>\n<td class=\"xl66\"><span lang=\"EN-US\">Ethernet<\/span><\/td>\n<td class=\"xl66\"><span lang=\"EN-US\">5 x 10\/100 Ethernet ports<\/span><\/td>\n<\/tr>\n<tr>\n<td class=\"xl66\"><span lang=\"EN-US\">Antenna gain dBi for 2.4 GHz<\/span><\/td>\n<td class=\"xl66\"><span lang=\"EN-US\">2<\/span><\/td>\n<\/tr>\n<tr>\n<td class=\"xl66\"><span lang=\"EN-US\">CPU<\/span><\/td>\n<td class=\"xl66\"><span lang=\"EN-US\">QCA9531<\/span><\/td>\n<\/tr>\n<tr>\n<td class=\"xl66\"><span lang=\"EN-US\">CPU core count<\/span><\/td>\n<td class=\"xl66\"><span lang=\"EN-US\">1<\/span><\/td>\n<\/tr>\n<tr>\n<td class=\"xl66\"><span lang=\"EN-US\">CPU nominal frequency<\/span><\/td>\n<td class=\"xl66\"><span lang=\"EN-US\">650 MHz<\/span><\/td>\n<\/tr>\n<tr>\n<td class=\"xl66\"><span lang=\"EN-US\">Size of RAM<\/span><\/td>\n<td class=\"xl66\"><span lang=\"EN-US\">64 MB<\/span><\/td>\n<\/tr>\n<tr>\n<td class=\"xl66\"><span lang=\"EN-US\">Storage size<\/span><\/td>\n<td class=\"xl66\"><span lang=\"EN-US\">16 MB<\/span><\/td>\n<\/tr>\n<tr>\n<td class=\"xl66\"><span lang=\"EN-US\">Storage type<\/span><\/td>\n<td class=\"xl66\"><span lang=\"EN-US\">FLASH<\/span><\/td>\n<\/tr>\n<tr>\n<td class=\"xl66\"><span lang=\"EN-US\">Operating System<\/span><\/td>\n<td class=\"xl66\"><span lang=\"EN-US\">RouterOS<\/span><\/td>\n<\/tr>\n<tr>\n<td class=\"xl66\"><span lang=\"EN-US\">License level<\/span><\/td>\n<td class=\"xl66\"><span lang=\"EN-US\">4<\/span><\/td>\n<\/tr>\n<tr>\n<td class=\"xl66\"><span lang=\"EN-US\">Wireless 2.4 GHz chip model<\/span><\/td>\n<td class=\"xl66\"><span lang=\"EN-US\">QCA9531<\/span><\/td>\n<\/tr>\n<tr>\n<td class=\"xl66\"><span lang=\"EN-US\">Wireless 2.4 GHz standards<\/span><\/td>\n<td class=\"xl66\"><span lang=\"EN-US\">802.11b\/g\/n<\/span><\/td>\n<\/tr>\n<tr>\n<td class=\"xl66\"><span lang=\"EN-US\">Wireless 5 GHz chip model<\/span><\/td>\n<td class=\"xl66\"><span lang=\"EN-US\">QCA-9887<\/span><\/td>\n<\/tr>\n<tr>\n<td class=\"xl66\"><span lang=\"EN-US\">Wireless 5 GHz standards<\/span><\/td>\n<td class=\"xl66\"><span lang=\"EN-US\">802.11ac<\/span><\/td>\n<\/tr>\n<tr>\n<td class=\"xl66\"><span lang=\"EN-US\">PoE in<\/span><\/td>\n<td class=\"xl66\"><span lang=\"EN-US\">Passive PoE<\/span><\/td>\n<\/tr>\n<tr>\n<td class=\"xl66\"><span lang=\"EN-US\">PoE Out<\/span><\/td>\n<td class=\"xl66\"><span lang=\"EN-US\">Passive PoE<\/span><\/td>\n<\/tr>\n<tr>\n<td class=\"xl66\"><span lang=\"EN-US\">PoE-out ports<\/span><\/td>\n<td class=\"xl66\"><span lang=\"EN-US\">Ether5<\/span><\/td>\n<\/tr>\n<tr>\n<td class=\"xl66\"><span lang=\"EN-US\">Number of USB ports<\/span><\/td>\n<td class=\"xl66\"><span lang=\"EN-US\">1<\/span><\/td>\n<\/tr>\n<tr>\n<td class=\"xl66\"><span lang=\"EN-US\">Number of chains<\/span><\/td>\n<td class=\"xl66\"><span lang=\"EN-US\">2<\/span><\/td>\n<\/tr>\n<tr>\n<td class=\"xl66\"><span lang=\"EN-US\">USB Power Reset<\/span><\/td>\n<td class=\"xl66\"><span lang=\"EN-US\">Yes<\/span><\/td>\n<\/tr>\n<tr>\n<td class=\"xl66\"><span lang=\"EN-US\">USB slot type<\/span><\/td>\n<td class=\"xl66\"><span lang=\"EN-US\">USB type A<\/span><\/td>\n<\/tr>\n<tr>\n<td class=\"xl66\"><span lang=\"EN-US\">Max Power consumption<\/span><\/td>\n<td class=\"xl66\"><span lang=\"EN-US\">8W<\/span><\/td>\n<\/tr>\n<tr>\n<td class=\"xl66\"><span lang=\"EN-US\">Power Jack<\/span><\/td>\n<td class=\"xl66\"><span lang=\"EN-US\">1<\/span><\/td>\n<\/tr>\n<tr>\n<td class=\"xl66\"><span lang=\"EN-US\">Dimensions<\/span><\/td>\n<td class=\"xl66\"><span lang=\"EN-US\">34 x 119 x 98mm<br \/><\/span><\/td>\n<\/tr>\n<\/tbody>\n<\/table><\/div>\n<p>                            <!--                            <\/p>\n<div class=\"xemthem_id_r\">--><br \/>\n                            <!--                                <a><!--\/show\/?token=--><br \/>\n                            <!--\"--><br \/>\n                            <!--                                   class=&quot;preview fancybox fancybox.ajax&quot; rel=&quot;nofollow&quot;&gt;Xem th&#234;m th&#244;ng s&#7889; k&#7929; thu&#7853;t<\/a>--><br \/>\n                            <!--                            <\/div>\n<p>-->\n                        <\/p><\/div>\n<\/p><\/div>\n","protected":false},"excerpt":{"rendered":"<ul>\n<ul>\n<li style=\"text-align: justify\">hAP ac lite l\u00e0 \u0111i\u1ec3m truy c\u1eadp ho\u1ea1t \u0111\u1ed9ng \u1edf 2 t\u1ea7n s\u1ed1 2.4GHz v\u00e0 5GHz c\u00f9ng l\u00fac.<\/li>\n<li style=\"text-align: justify\"><span style=\"font-size: 16px;font-family: 'Times New Roman', serif\">B\u1ed9 vi x\u1eed l\u00fd : 650MHz<\/span><\/li>\n<li style=\"text-align: justify\"><span style=\"font-size: 16px;font-family: 'Times New Roman', serif\">RAM : 64MB<\/span><\/li>\n<li style=\"text-align: justify\"><span style=\"font-size: 16px;font-family: 'Times New Roman', serif\">5 c\u1ed5ng Ethernet 10\/100Mbps (c\u1ed5ng PoE tr\u00ean c\u1ed5ng 5).<\/span><\/li>\n<li style=\"text-align: justify\"><span style=\"font-size: 16px;font-family: 'Times New Roman', serif\">H\u1ed7 tr\u1ee3 Wifi chu\u1ea9n 802.11b\/g\/n 2.4GHz, 802.11ac 5GHz, c\u1ed5ng USB cho 3G\/4G modem v\u00e0 gi\u1ea5y ph\u00e9p RouterOS L4.<\/span><\/li>\n<li style=\"text-align: justify\"><span style=\"font-size: 16px;font-family: 'Times New Roman', serif\">D\u1ec5 d\u00e0ng \u0111\u1ec3 b\u00e0n ho\u1eb7c l\u1eafp t\u01b0\u1eddng<\/span><\/li>\n<\/ul>\n<\/ul>\n","protected":false},"featured_media":11706,"comment_status":"closed","ping_status":"closed","template":"","meta":[],"pwb-brand":[4030],"product_cat":[3117],"product_tag":[2852],"class_list":{"0":"post-11705","1":"product","2":"type-product","3":"status-publish","4":"has-post-thumbnail","6":"pwb-brand-mikrotik","7":"product_cat-mikrotik","8":"product_tag-wireless","10":"first","11":"instock","12":"shipping-taxable","13":"product-type-simple"},"brands":[{"id":4030,"name":"Mikrotik","slug":"mikrotik"}],"_links":{"self":[{"href":"https:\/\/azsoft.com\/vi\/wp-json\/wp\/v2\/product\/11705","targetHints":{"allow":["GET"]}}],"collection":[{"href":"https:\/\/azsoft.com\/vi\/wp-json\/wp\/v2\/product"}],"about":[{"href":"https:\/\/azsoft.com\/vi\/wp-json\/wp\/v2\/types\/product"}],"replies":[{"embeddable":true,"href":"https:\/\/azsoft.com\/vi\/wp-json\/wp\/v2\/comments?post=11705"}],"wp:featuredmedia":[{"embeddable":true,"href":"https:\/\/azsoft.com\/vi\/wp-json\/wp\/v2\/media\/11706"}],"wp:attachment":[{"href":"https:\/\/azsoft.com\/vi\/wp-json\/wp\/v2\/media?parent=11705"}],"wp:term":[{"taxonomy":"pwb-brand","embeddable":true,"href":"https:\/\/azsoft.com\/vi\/wp-json\/wp\/v2\/pwb-brand?post=11705"},{"taxonomy":"product_cat","embeddable":true,"href":"https:\/\/azsoft.com\/vi\/wp-json\/wp\/v2\/product_cat?post=11705"},{"taxonomy":"product_tag","embeddable":true,"href":"https:\/\/azsoft.com\/vi\/wp-json\/wp\/v2\/product_tag?post=11705"}],"curies":[{"name":"wp","href":"https:\/\/api.w.org\/{rel}","templated":true}]}}