{"id":42013,"date":"2025-10-01T12:30:45","date_gmt":"2025-10-01T05:30:45","guid":{"rendered":"http:\/\/azsoft.com\/-product-\/uncategorized\/phan-mem-aceoffix-standard-edition\/"},"modified":"2025-10-01T12:31:12","modified_gmt":"2025-10-01T05:31:12","slug":"phan-mem-aceoffix-standard-edition","status":"publish","type":"product","link":"https:\/\/azsoft.com\/ur\/-product-\/phan-mem\/phan-mem-van-phong\/phan-mem-office\/phan-mem-aceoffix-standard-edition\/","title":{"rendered":"Ph\u1ea7n m\u1ec1m Aceoffix Standard Edition"},"content":{"rendered":"<div class=\"product attribute description\">\n<div class=\"value\">\n<div class=\"magezon-builder magezon-builder-preload\">\n<div class=\"c2nrd8d mgz-element mgz-element-row full_width_row\">\n<div class=\"mgz-element-inner c2nrd8d-s\">\n<div class=\"inner-content mgz-container\">\n<div class=\"yqoj4hf mgz-element mgz-element-column mgz-col-xs-12\">\n<div class=\"mgz-element-inner yqoj4hf-s\">\n<div class=\"ug4pv2d mgz-element mgz-child mgz-element-text\">\n<div class=\"mgz-element-inner ug4pv2d-s\">\n<div data-state=\"closed\">\n<div>\n<div>\n<div>\n<div data-orientation=\"vertical\">\n<div data-state=\"closed\" data-orientation=\"vertical\">\n<h3 data-orientation=\"vertical\" data-state=\"closed\"><strong><span style=\"font-size: 16px\">Gi\u1edbi thi\u1ec7u v\u1ec1 Ph\u1ea7n m\u1ec1m Aceoffix Standard<\/span><\/strong><\/h3>\n<\/div>\n<\/div>\n<\/div>\n<\/div>\n<\/div>\n<\/div>\n<div>\n<p dir=\"auto\"><strong>Aceoffix Standard<\/strong> l\u00e0 m\u1ed9t g\u00f3i b\u1ea3n quy\u1ec1n c\u01a1 b\u1ea3n c\u1ee7a <strong>Aceoffix<\/strong>, m\u1ed9t b\u1ed9 th\u00e0nh ph\u1ea7n ph\u00e1t tri\u1ec3n web (web component) cho ph\u00e9p nh\u00fang v\u00e0 ch\u1ec9nh s\u1eeda t\u00e0i li\u1ec7u Microsoft Office (Word, Excel, PowerPoint) tr\u1ef1c ti\u1ebfp trong tr\u00ecnh duy\u1ec7t m\u00e0 kh\u00f4ng c\u1ea7n \u0111\u00e1m m\u00e2y ho\u1eb7c Office Online. \u0110\u01b0\u1ee3c ph\u00e1t tri\u1ec3n b\u1edfi <strong>Aceoffix Information Technology Inc.<\/strong> (Trung Qu\u1ed1c), Aceoffix Standard t\u1eadp trung v\u00e0o c\u00e1c t\u00ednh n\u0103ng thi\u1ebft y\u1ebfu nh\u01b0 xem, ch\u1ec9nh s\u1eeda, v\u00e0 l\u01b0u t\u00e0i li\u1ec7u Office tr\u00ean web, s\u1eed d\u1ee5ng ph\u1ea7n m\u1ec1m Office c\u1ee5c b\u1ed9 tr\u00ean m\u00e1y ch\u1ee7. Ph\u00f9 h\u1ee3p cho c\u00e1c \u1ee9ng d\u1ee5ng n\u1ed9i b\u1ed9 nh\u01b0 qu\u1ea3n l\u00fd t\u00e0i li\u1ec7u, ph\u00ea duy\u1ec7t, ho\u1eb7c chia s\u1ebb file trong m\u00f4i tr\u01b0\u1eddng an to\u00e0n (kh\u00f4ng r\u00f2 r\u1ec9 d\u1eef li\u1ec7u), g\u00f3i n\u00e0y h\u1ed7 tr\u1ee3 ASP.NET, Java, PHP, v\u00e0 c\u00e1c tr\u00ecnh duy\u1ec7t ph\u1ed5 bi\u1ebfn (Chrome, Edge, Firefox, Safari). V\u1edbi giao di\u1ec7n \u0111\u01a1n gi\u1ea3n v\u00e0 kh\u00f4ng y\u00eau c\u1ea7u c\u00e0i \u0111\u1eb7t plugin, Aceoffix Standard gi\u00fap t\u00edch h\u1ee3p nhanh ch\u00f3ng v\u00e0o h\u1ec7 th\u1ed1ng web, \u0111\u1eb7c bi\u1ec7t cho ch\u00ednh ph\u1ee7, qu\u00e2n s\u1ef1, v\u00e0 doanh nghi\u1ec7p c\u1ea7n b\u1ea3o m\u1eadt cao. Gi\u00e1 b\u00e1n $1299\u00a0cho gi\u1ea5y ph\u00e9p v\u0129nh vi\u1ec5n, v\u1edbi th\u1eed nghi\u1ec7m mi\u1ec5n ph\u00ed 30 ng\u00e0y.<\/p>\n<h4 dir=\"auto\"><span style=\"font-size: 16px\"><strong>T\u00ednh n\u0103ng n\u1ed5i b\u1eadt c\u1ee7a Aceoffix Standard<\/strong><\/span><\/h4>\n<ol dir=\"auto\">\n<li><strong>Ch\u1ec9nh s\u1eeda Office tr\u00ean web<\/strong>:\n<ul dir=\"auto\">\n<li><strong>Xem v\u00e0 ch\u1ec9nh s\u1eeda Word\/Excel\/PPT<\/strong>: H\u1ed7 tr\u1ee3 \u0111\u1ea7y \u0111\u1ee7 ch\u1ee9c n\u0103ng nh\u01b0 nh\u1eadp v\u0103n b\u1ea3n, c\u00f4ng th\u1ee9c, b\u1ea3ng bi\u1ec3u, m\u00e0 kh\u00f4ng c\u1ea7n t\u1ea3i l\u00ean \u0111\u00e1m m\u00e2y.<\/li>\n<li><strong>Ch\u1ebf \u0111\u1ed9 \u0111\u1ecdc<\/strong>: Hi\u1ec3n th\u1ecb t\u00e0i li\u1ec7u ch\u1ec9 \u0111\u1ecdc, ng\u0103n ch\u1eb7n sao ch\u00e9p\/in \u1ea5n.<\/li>\n<\/ul>\n<\/li>\n<li><strong>B\u1ea3o m\u1eadt v\u00e0 ki\u1ec3m so\u00e1t<\/strong>:\n<ul dir=\"auto\">\n<li><strong>Ch\u1ec9nh s\u1eeda v\u00f9ng c\u1ee5 th\u1ec3<\/strong>: Gi\u1edbi h\u1ea1n ch\u1ec9nh s\u1eeda theo quy\u1ec1n ng\u01b0\u1eddi d\u00f9ng (v\u00ed d\u1ee5: ch\u1ec9 ch\u1ec9nh s\u1eeda ph\u1ea7n n\u1ed9i dung, kh\u00f4ng thay \u0111\u1ed5i template).<\/li>\n<li><strong>Kh\u00f4ng r\u00f2 r\u1ec9 d\u1eef li\u1ec7u<\/strong>: Ho\u1ea1t \u0111\u1ed9ng offline, s\u1eed d\u1ee5ng Office c\u1ee5c b\u1ed9, kh\u00f4ng l\u01b0u tr\u1eef tr\u00ean server b\u00ean ngo\u00e0i.<\/li>\n<\/ul>\n<\/li>\n<li><strong>T\u00edch h\u1ee3p d\u1ec5 d\u00e0ng<\/strong>:\n<ul dir=\"auto\">\n<li><strong>H\u1ed7 tr\u1ee3 \u0111a n\u1ec1n t\u1ea3ng<\/strong>: ASP.NET, Java, PHP, IIS, Apache, Tomcat.<\/li>\n<li><strong>T\u01b0\u01a1ng th\u00edch tr\u00ecnh duy\u1ec7t<\/strong>: Chrome, Edge, Firefox, Safari (kh\u00f4ng c\u1ea7n plugin).<\/li>\n<\/ul>\n<\/li>\n<li><strong>\u1ee8ng d\u1ee5ng th\u1ef1c t\u1ebf<\/strong>:\n<ul dir=\"auto\">\n<li><strong>Qu\u1ea3n l\u00fd t\u00e0i li\u1ec7u<\/strong>: Ph\u00ea duy\u1ec7t h\u1ee3p \u0111\u1ed3ng, b\u00e1o c\u00e1o trong h\u1ec7 th\u1ed1ng n\u1ed9i b\u1ed9.<\/li>\n<li><strong>H\u1ec7 th\u1ed1ng doanh nghi\u1ec7p<\/strong>: T\u00edch h\u1ee3p v\u00e0o ERP, CRM cho ch\u1ec9nh s\u1eeda file Office an to\u00e0n.<\/li>\n<\/ul>\n<\/li>\n<\/ol>\n<\/div>\n<\/div>\n<\/div>\n<\/div>\n<\/div>\n<\/div>\n<\/div>\n<\/div>\n<div class=\"sn1nldx mgz-element mgz-element-row full_width_row\">\n<div class=\"mgz-element-inner sn1nldx-s\">\n<div class=\"inner-content mgz-container\">\n<div class=\"cl16gnx mgz-element mgz-element-column mgz-col-xs-12\">\n<div class=\"mgz-element-inner cl16gnx-s\">\n<div class=\"y0vcf4f mgz-element mgz-child mgz-element-text\">\n<div class=\"mgz-element-inner y0vcf4f-s\">\n<h4 dir=\"auto\"><strong><span style=\"font-size: 16px\">B\u1ea3ng so s\u00e1nh t\u00ednh n\u0103ng c\u00e1c g\u00f3i b\u1ea3n quy\u1ec1n ph\u1ea7n m\u1ec1m Aceoffix<\/span><\/strong><\/h4>\n<table border=\"1\" cellpadding=\"5\" cellspacing=\"5\">\n<thead>\n<tr>\n<th data-col-size=\"lg\"><strong>T\u00ednh n\u0103ng<\/strong><\/th>\n<th data-col-size=\"md\"><strong>Standard<\/strong><\/th>\n<th data-col-size=\"lg\"><strong>Professional<\/strong><\/th>\n<th data-col-size=\"lg\"><strong>Enterprise<\/strong><\/th>\n<\/tr>\n<\/thead>\n<tbody>\n<tr>\n<td data-col-size=\"lg\"><strong>Gi\u00e1 (v\u0129nh vi\u1ec5n)<\/strong><\/td>\n<td data-col-size=\"md\">$1299<\/td>\n<td data-col-size=\"lg\">$2599<\/td>\n<td data-col-size=\"lg\">$7999<\/td>\n<\/tr>\n<tr>\n<td data-col-size=\"lg\"><strong>Ch\u1ec9nh s\u1eeda Word\/Excel\/PPT<\/strong><\/td>\n<td data-col-size=\"md\">C\u00f3 (c\u01a1 b\u1ea3n)<\/td>\n<td data-col-size=\"lg\">C\u00f3 (n\u00e2ng cao, v\u00f9ng ch\u1ec9nh s\u1eeda)<\/td>\n<td data-col-size=\"lg\">C\u00f3 (\u0111\u1ea7y \u0111\u1ee7, t\u1ef1 \u0111\u1ed9ng h\u00f3a)<\/td>\n<\/tr>\n<tr>\n<td data-col-size=\"lg\"><strong>Ch\u1ebf \u0111\u1ed9 \u0111\u1ecdc\/ch\u1ec9nh s\u1eeda<\/strong><\/td>\n<td data-col-size=\"md\">C\u00f3<\/td>\n<td data-col-size=\"lg\">C\u00f3 (ki\u1ec3m so\u00e1t quy\u1ec1n)<\/td>\n<td data-col-size=\"lg\">C\u00f3 (ki\u1ec3m so\u00e1t n\u00e2ng cao, workflow)<\/td>\n<\/tr>\n<tr>\n<td data-col-size=\"lg\"><strong>T\u00edch h\u1ee3p ASP.NET\/Java\/PHP<\/strong><\/td>\n<td data-col-size=\"md\">C\u00f3<\/td>\n<td data-col-size=\"lg\">C\u00f3<\/td>\n<td data-col-size=\"lg\">C\u00f3 (t\u00f9y ch\u1ec9nh)<\/td>\n<\/tr>\n<tr>\n<td data-col-size=\"lg\"><strong>H\u1ed7 tr\u1ee3 tr\u00ecnh duy\u1ec7t<\/strong><\/td>\n<td data-col-size=\"md\">Chrome, Edge, Firefox<\/td>\n<td data-col-size=\"lg\">Chrome, Edge, Firefox, Safari<\/td>\n<td data-col-size=\"lg\">T\u1ea5t c\u1ea3 tr\u00ecnh duy\u1ec7t ph\u1ed5 bi\u1ebfn<\/td>\n<\/tr>\n<tr>\n<td data-col-size=\"lg\"><strong>B\u1ea3o m\u1eadt d\u1eef li\u1ec7u<\/strong><\/td>\n<td data-col-size=\"md\">C\u01a1 b\u1ea3n (offline)<\/td>\n<td data-col-size=\"lg\">N\u00e2ng cao (x\u00f3a t\u1ef1 \u0111\u1ed9ng)<\/td>\n<td data-col-size=\"lg\">Cao c\u1ea5p (m\u00e3 h\u00f3a, audit log)<\/td>\n<\/tr>\n<tr>\n<td data-col-size=\"lg\"><strong>Ch\u1ec9nh s\u1eeda v\u00f9ng c\u1ee5 th\u1ec3<\/strong><\/td>\n<td data-col-size=\"md\">Kh\u00f4ng<\/td>\n<td data-col-size=\"lg\">C\u00f3<\/td>\n<td data-col-size=\"lg\">C\u00f3 (theo quy\u1ec1n ng\u01b0\u1eddi d\u00f9ng)<\/td>\n<\/tr>\n<tr>\n<td data-col-size=\"lg\"><strong>In\/Preview<\/strong><\/td>\n<td data-col-size=\"md\">C\u00f3<\/td>\n<td data-col-size=\"lg\">C\u00f3<\/td>\n<td data-col-size=\"lg\">C\u00f3 (n\u00e2ng cao)<\/td>\n<\/tr>\n<tr>\n<td data-col-size=\"lg\"><strong>T\u00edch h\u1ee3p database<\/strong><\/td>\n<td data-col-size=\"md\">C\u01a1 b\u1ea3n (Access, SQL)<\/td>\n<td data-col-size=\"lg\">C\u00f3 (Oracle, MySQL)<\/td>\n<td data-col-size=\"lg\">C\u00f3 (\u0111\u1ea7y \u0111\u1ee7, t\u00f9y ch\u1ec9nh)<\/td>\n<\/tr>\n<tr>\n<td data-col-size=\"lg\"><strong>H\u1ed7 tr\u1ee3 Office formats<\/strong><\/td>\n<td data-col-size=\"md\">DOC, XLS, PPT<\/td>\n<td data-col-size=\"lg\">DOC, XLS, PPT, XML, RTF<\/td>\n<td data-col-size=\"lg\">T\u1ea5t c\u1ea3 (bao g\u1ed3m PDF export)<\/td>\n<\/tr>\n<tr>\n<td data-col-size=\"lg\"><strong>S\u1ed1 l\u01b0\u1ee3ng server<\/strong><\/td>\n<td data-col-size=\"md\">1 server<\/td>\n<td data-col-size=\"lg\">1-3 server<\/td>\n<td data-col-size=\"lg\">Kh\u00f4ng gi\u1edbi h\u1ea1n<\/td>\n<\/tr>\n<tr>\n<td data-col-size=\"lg\"><strong>H\u1ed7 tr\u1ee3 k\u1ef9 thu\u1eadt<\/strong><\/td>\n<td data-col-size=\"md\">Email c\u01a1 b\u1ea3n<\/td>\n<td data-col-size=\"lg\">Email \u01b0u ti\u00ean<\/td>\n<td data-col-size=\"lg\">24\/7, t\u00f9y ch\u1ec9nh<\/td>\n<\/tr>\n<tr>\n<td data-col-size=\"lg\"><strong>\u1ee8ng d\u1ee5ng<\/strong><\/td>\n<td data-col-size=\"md\">\u1ee8ng d\u1ee5ng n\u1ed9i b\u1ed9 nh\u1ecf<\/td>\n<td data-col-size=\"lg\">Doanh nghi\u1ec7p v\u1eeba<\/td>\n<td data-col-size=\"lg\">Doanh nghi\u1ec7p l\u1edbn, ch\u00ednh ph\u1ee7<\/td>\n<\/tr>\n<\/tbody>\n<\/table>\n<\/div>\n<\/div>\n<\/div>\n<\/div>\n<\/div>\n<\/div>\n<\/div>\n<div class=\"vunq6ag mgz-element mgz-element-row full_width_row\">\n<div class=\"mgz-element-inner vunq6ag-s\">\n<div class=\"inner-content mgz-container\">\n<div class=\"umb2rgh mgz-element mgz-element-column mgz-col-xs-12\">\n<div class=\"mgz-element-inner umb2rgh-s\">\n<div class=\"rtifmab mgz-element mgz-child mgz-element-text\">\n<div class=\"mgz-element-inner rtifmab-s\">\n<div style=\"padding: 15px\"><\/div>\n<div style=\"font-family: TAHOMA;font-size: 16pt;font-weight: bold;color: white;background: #0078d4;padding: 20px;width: 100%\">Mua ph\u1ea7n m\u1ec1m Aceoffix b\u1ea3n quy\u1ec1n t\u1ea1i AzSoft<\/div>\n<table style=\"width: 100%\">\n<tbody>\n<tr>\n<td style=\"font-family: TAHOMA;font-size: 13pt;padding: 10px 20px;text-align: justify;line-height: 150%;width: 89.6606%\">\n<p>Soft365 \u0111\u01b0\u1ee3c ch\u1ee9ng nh\u1eadn l\u00e0 \u0111\u1ed1i t\u00e1c cung c\u1ea5p ph\u1ea7n m\u1ec1m Aceoffix b\u1ea3n quy\u1ec1n. Tr\u1ea3i qua 15 n\u0103m h\u00ecnh th\u00e0nh ph\u00e1t tri\u1ec3n v\u00e0 gi\u1eef v\u1eefng v\u1ecb th\u1ebf tr\u00ean th\u1ecb tr\u01b0\u1eddng, ch\u00fang t\u00f4i t\u1ef1 h\u00e0o mang \u0111\u1ebfn cho qu\u00fd kh\u00e1ch h\u00e0ng gi\u1ea3i ph\u00e1p ph\u1ea7n m\u1ec1m b\u1ea3n quy\u1ec1n ch\u00ednh h\u00e3ng v\u1edbi m\u1ee9c gi\u00e1 \u01b0u \u0111\u00e3i, d\u1ecbch v\u1ee5 t\u01b0 v\u1ea5n v\u00e0 h\u1ed7 tr\u1ee3 ho\u00e0n h\u1ea3o.<\/p>\n<p><\/p>\n<p><img decoding=\"async\" src=\"http:\/\/azsoft.com\/wp-content\/uploads\/2025\/10\/slack_icon-2.png\" width=\"15\" title=\"slack_icon-2\"> H\u1ed7 tr\u1ee3 t\u01b0 v\u1ea5n \u2013 k\u1ef9 thu\u1eadt k\u1ecbp th\u1eddi: T\u01b0 v\u1ea5n v\u00e0 gi\u1ea3i quy\u1ebft c\u00e1c v\u1ea5n \u0111\u1ec1 k\u1ef9 thu\u1eadt 24\/7 t\u1ea5t c\u1ea3 c\u00e1c ng\u00e0y trong tu\u1ea7n.<\/p>\n<p><img decoding=\"async\" src=\"http:\/\/azsoft.com\/wp-content\/uploads\/2025\/10\/slack_icon-2.png\" width=\"15\" title=\"slack_icon-2\"> \u0110\u1ed1i t\u00e1c uy t\u00edn \u2013 Gi\u00e1 c\u1ea3 c\u1ea1nh tranh: Cung c\u1ea5p ph\u1ea7n m\u1ec1m b\u1ea3n quy\u1ec1n t\u1edbi kh\u00e1ch h\u00e0ng v\u1edbi gi\u00e1 t\u1ed1t nh\u1ea5t<\/p>\n<p><img decoding=\"async\" src=\"http:\/\/azsoft.com\/wp-content\/uploads\/2025\/10\/slack_icon-2.png\" width=\"15\" title=\"slack_icon-2\"> Tri\u1ec3n khai nhanh ch\u00f3ng \u2013 chuy\u00ean nghi\u1ec7p: \u0110\u1ed9i ng\u0169 k\u1ef9 thu\u1eadt c\u00f3 nhi\u1ec1u n\u0103m kinh nghi\u1ec7m trong vi\u1ec7c tri\u1ec3n khai.<\/p>\n<\/td>\n<td style=\"width: 10.2684%\"><\/td>\n<\/tr>\n<\/tbody>\n<\/table>\n<\/div>\n<\/div>\n<\/div>\n<\/div>\n<\/div>\n<\/div>\n<\/div>\n<\/div>\n<\/div>\n<\/div>\n<table class=\"data table additional-attributes table1\" id=\"product-attribute-specs-table\">\n<caption class=\"table-caption\">More Information<\/caption>\n<tbody>\n<tr>\n<th class=\"col label\" scope=\"row\">H\u00e3ng<\/th>\n<td class=\"col data\" data-th=\"H\u00e3ng\">Aceoffix<\/td>\n<\/tr>\n<tr>\n<th class=\"col label\" scope=\"row\">H\u00ecnh th\u1ee9c c\u1ea5p ph\u00e9p<\/th>\n<td class=\"col data\" data-th=\"H\u00ecnh th\u1ee9c c\u1ea5p ph\u00e9p\">License<\/td>\n<\/tr>\n<tr>\n<th class=\"col label\" scope=\"row\">Ph\u00e2n kh\u00fac kh\u00e1ch h\u00e0ng<\/th>\n<td class=\"col data\" data-th=\"Ph\u00e2n kh\u00fac kh\u00e1ch h\u00e0ng\">Doanh nghi\u1ec7p SMB, Doanh nghi\u1ec7p Enterprise<\/td>\n<\/tr>\n<tr>\n<th class=\"col label\" scope=\"row\">Lo\u1ea1i h\u00ecnh \u0111\u0103ng k\u00fd<\/th>\n<td class=\"col data\" data-th=\"Lo\u1ea1i h\u00ecnh \u0111\u0103ng k\u00fd\">V\u0129nh vi\u1ec5n<\/td>\n<\/tr>\n<tr>\n<th class=\"col label\" scope=\"row\">B\u1ed9 gi\u1ea3i ph\u00e1p<\/th>\n<td class=\"col data\" data-th=\"B\u1ed9 gi\u1ea3i ph\u00e1p\">Ph\u1ea7n m\u1ec1m Office<\/td>\n<\/tr>\n<\/tbody>\n<\/table>\n<table class=\"data table additional-attributes table1\" id=\"product-attribute-specs-table\">\n<caption class=\"table-caption\">More Information<\/caption>\n<tbody>\n<tr>\n<th class=\"col label\" scope=\"row\">H\u00e3ng<\/th>\n<td class=\"col data\" data-th=\"H\u00e3ng\">Aceoffix<\/td>\n<\/tr>\n<tr>\n<th class=\"col label\" scope=\"row\">H\u00ecnh th\u1ee9c c\u1ea5p ph\u00e9p<\/th>\n<td class=\"col data\" data-th=\"H\u00ecnh th\u1ee9c c\u1ea5p ph\u00e9p\">License<\/td>\n<\/tr>\n<tr>\n<th class=\"col label\" scope=\"row\">Ph\u00e2n kh\u00fac kh\u00e1ch h\u00e0ng<\/th>\n<td class=\"col data\" data-th=\"Ph\u00e2n kh\u00fac kh\u00e1ch h\u00e0ng\">Doanh nghi\u1ec7p SMB, Doanh nghi\u1ec7p Enterprise<\/td>\n<\/tr>\n<tr>\n<th class=\"col label\" scope=\"row\">Lo\u1ea1i h\u00ecnh \u0111\u0103ng k\u00fd<\/th>\n<td class=\"col data\" data-th=\"Lo\u1ea1i h\u00ecnh \u0111\u0103ng k\u00fd\">V\u0129nh vi\u1ec5n<\/td>\n<\/tr>\n<tr>\n<th class=\"col label\" scope=\"row\">B\u1ed9 gi\u1ea3i ph\u00e1p<\/th>\n<td class=\"col data\" data-th=\"B\u1ed9 gi\u1ea3i ph\u00e1p\">Ph\u1ea7n m\u1ec1m Office<\/td>\n<\/tr>\n<\/tbody>\n<\/table>","protected":false},"excerpt":{"rendered":"<table class=\"table-attributes table2\">\n<tbody>\n<tr>\n<th scope=\"row\">H\u00e3ng<\/th>\n<td data-th=\"H\u00e3ng\">\n                                            Aceoffix                                    <\/td>\n<\/tr>\n<tr>\n<th scope=\"row\">H\u00ecnh th\u1ee9c c\u1ea5p ph\u00e9p<\/th>\n<td data-th=\"H\u00ecnh th\u1ee9c c\u1ea5p ph\u00e9p\">\n                                            License                                    <\/td>\n<\/tr>\n<tr>\n<th scope=\"row\">Ph\u00e2n kh\u00fac kh\u00e1ch h\u00e0ng<\/th>\n<td data-th=\"Ph\u00e2n kh\u00fac kh\u00e1ch h\u00e0ng\">\n                                            Doanh nghi\u1ec7p SMB, Doanh nghi\u1ec7p Enterprise                                    <\/td>\n<\/tr>\n<tr>\n<th scope=\"row\">Lo\u1ea1i h\u00ecnh \u0111\u0103ng k\u00fd<\/th>\n<td data-th=\"Lo\u1ea1i h\u00ecnh \u0111\u0103ng k\u00fd\">\n                                            V\u0129nh vi\u1ec5n                                    <\/td>\n<\/tr>\n<tr>\n<th scope=\"row\">B\u1ed9 gi\u1ea3i ph\u00e1p<\/th>\n<td data-th=\"B\u1ed9 gi\u1ea3i ph\u00e1p\">\n                                            Ph\u1ea7n m\u1ec1m Office                                    <\/td>\n<\/tr>\n<\/tbody>\n<\/table>","protected":false},"featured_media":42014,"comment_status":"closed","ping_status":"closed","template":"","meta":[],"pwb-brand":[],"product_cat":[3066],"product_tag":[5638,5486,5487,25,5491,3812,55,5155,3461],"class_list":{"0":"post-42013","1":"product","2":"type-product","3":"status-publish","4":"has-post-thumbnail","6":"product_cat-phan-mem-office","7":"product_tag-aceoffix-standard-edition","8":"product_tag-data","9":"product_tag-database","10":"product_tag-man","11":"product_tag-mysql","12":"product_tag-ptc","13":"product_tag-run","14":"product_tag-server","15":"product_tag-tot","17":"first","18":"instock","19":"shipping-taxable","20":"product-type-simple"},"brands":[],"_links":{"self":[{"href":"https:\/\/azsoft.com\/ur\/wp-json\/wp\/v2\/product\/42013","targetHints":{"allow":["GET"]}}],"collection":[{"href":"https:\/\/azsoft.com\/ur\/wp-json\/wp\/v2\/product"}],"about":[{"href":"https:\/\/azsoft.com\/ur\/wp-json\/wp\/v2\/types\/product"}],"replies":[{"embeddable":true,"href":"https:\/\/azsoft.com\/ur\/wp-json\/wp\/v2\/comments?post=42013"}],"wp:featuredmedia":[{"embeddable":true,"href":"https:\/\/azsoft.com\/ur\/wp-json\/wp\/v2\/media\/42014"}],"wp:attachment":[{"href":"https:\/\/azsoft.com\/ur\/wp-json\/wp\/v2\/media?parent=42013"}],"wp:term":[{"taxonomy":"pwb-brand","embeddable":true,"href":"https:\/\/azsoft.com\/ur\/wp-json\/wp\/v2\/pwb-brand?post=42013"},{"taxonomy":"product_cat","embeddable":true,"href":"https:\/\/azsoft.com\/ur\/wp-json\/wp\/v2\/product_cat?post=42013"},{"taxonomy":"product_tag","embeddable":true,"href":"https:\/\/azsoft.com\/ur\/wp-json\/wp\/v2\/product_tag?post=42013"}],"curies":[{"name":"wp","href":"https:\/\/api.w.org\/{rel}","templated":true}]}}