{"id":38884,"date":"2024-09-06T12:02:12","date_gmt":"2024-09-06T05:02:12","guid":{"rendered":"http:\/\/azsoft.com\/-product-\/uncategorized\/xlstools-hop-nhat-cac-hang-trung-lap\/"},"modified":"2024-09-06T12:02:27","modified_gmt":"2024-09-06T05:02:27","slug":"xlstools-hop-nhat-cac-hang-trung-lap","status":"publish","type":"product","link":"https:\/\/azsoft.com\/ur\/-product-\/phan-mem\/office-programs\/utilities-for-excel\/xlstools-hop-nhat-cac-hang-trung-lap\/","title":{"rendered":"XLStools: H\u1ee3p nh\u1ea5t c\u00e1c h\u00e0ng tr\u00f9ng l\u1eb7p"},"content":{"rendered":"<div class=\"b-product__description_text\">\n \u1ee8ng d\u1ee5ng <b>XLStools: Merge Duplicate Rows cho ph\u00e9p b\u1ea1n k\u1ebft h\u1ee3p c\u00e1c h\u00e0ng<\/b> trong b\u1ea3ng Excel c\u00f3 ch\u1ee9a c\u00e1c gi\u00e1 tr\u1ecb gi\u1ed1ng nhau trong m\u1ed9t ho\u1eb7c nhi\u1ec1u c\u1ed9t. <\/p>\n<p>Ch\u01b0\u01a1ng tr\u00ecnh cho ph\u00e9p b\u1ea1n ch\u1ecdn ti\u00eau ch\u00ed \u0111\u1ec3 so s\u00e1nh c\u00e1c h\u00e0ng, ch\u1eb3ng h\u1ea1n nh\u01b0 c\u00e1c c\u1ed9t ch\u00ednh, c\u0169ng nh\u01b0 ch\u1ecdn c\u00e1c c\u1ed9t m\u00e0 t\u1eeb \u0111\u00f3 c\u00e1c gi\u00e1 tr\u1ecb b\u1ea1n mu\u1ed1n k\u1ebft h\u1ee3p. C\u00e1c gi\u00e1 tr\u1ecb k\u1ebft h\u1ee3p c\u00f3 th\u1ec3 \u0111\u01b0\u1ee3c l\u01b0u \u1edf \u0111\u1ecbnh d\u1ea1ng v\u0103n b\u1ea3n b\u1eb1ng c\u00e1ch s\u1eed d\u1ee5ng k\u00fd t\u1ef1 ph\u00e2n t\u00e1ch ho\u1eb7c chu\u1ed7i ph\u00e2n c\u00e1ch ho\u1eb7c \u1edf \u0111\u1ecbnh d\u1ea1ng s\u1ed1 b\u1eb1ng c\u00e1ch s\u1eed d\u1ee5ng m\u1ed9t trong c\u00e1c h\u00e0m, ch\u1eb3ng h\u1ea1n nh\u01b0 SUM, AVERAGE, MAX ho\u1eb7c MIN. <\/p>\n<p>Ch\u01b0\u01a1ng tr\u00ecnh cho ph\u00e9p b\u1ea1n k\u1ebft h\u1ee3p c\u00e1c h\u00e0ng tr\u00f9ng l\u1eb7p \u1edf ch\u1ebf \u0111\u1ed9 h\u00e0ng lo\u1ea1t cho h\u00e0ng ngh\u00ecn t\u1ec7p Excel v\u00e0 \u0111\u1eb7t c\u00e1c t\u00f9y ch\u1ecdn h\u1ee3p nh\u1ea5t d\u00f2ng ri\u00eang l\u1ebb cho m\u1ed7i trang t\u00ednh ho\u1eb7c cho t\u1ea5t c\u1ea3 c\u00e1c t\u1ec7p s\u1ed5 l\u00e0m vi\u1ec7c Excel c\u00f9ng m\u1ed9t l\u00fac. MS Excel kh\u00f4ng c\u1ea7n thi\u1ebft \u0111\u1ec3 \u1ee9ng d\u1ee5ng n\u00e0y ho\u1ea1t \u0111\u1ed9ng.<\/p><\/div>","protected":false},"excerpt":{"rendered":"<p>\u1ee8ng d\u1ee5ng XLStools: Merge Duplicate Rows cho ph\u00e9p b\u1ea1n k\u1ebft h\u1ee3p c\u00e1c h\u00e0ng trong b\u1ea3ng Excel c\u00f3 ch\u1ee9a c\u00e1c gi\u00e1 tr\u1ecb gi\u1ed1ng nhau trong m\u1ed9t ho\u1eb7c nhi\u1ec1u c\u1ed9t. Ch\u01b0\u01a1ng tr\u00ecnh cho ph\u00e9p b\u1ea1n ch\u1ecdn ti\u00eau ch\u00ed \u0111\u1ec3 so s\u00e1nh c\u00e1c h\u00e0ng, ch\u1eb3ng h\u1ea1n nh\u01b0 c\u00e1c c\u1ed9t ch\u00ednh, c\u0169ng nh\u01b0 ch\u1ecdn c\u00e1c c\u1ed9t m\u00e0 t\u1eeb \u0111\u00f3 [&#8230;]","protected":false},"featured_media":38885,"comment_status":"closed","ping_status":"closed","template":"","meta":[],"pwb-brand":[],"product_cat":[2886],"product_tag":[5350],"class_list":{"0":"post-38884","1":"product","2":"type-product","3":"status-publish","4":"has-post-thumbnail","6":"product_cat-utilities-for-excel","7":"product_tag-cong-cu-xls","9":"first","10":"instock","11":"shipping-taxable","12":"product-type-simple"},"brands":[],"_links":{"self":[{"href":"https:\/\/azsoft.com\/ur\/wp-json\/wp\/v2\/product\/38884","targetHints":{"allow":["GET"]}}],"collection":[{"href":"https:\/\/azsoft.com\/ur\/wp-json\/wp\/v2\/product"}],"about":[{"href":"https:\/\/azsoft.com\/ur\/wp-json\/wp\/v2\/types\/product"}],"replies":[{"embeddable":true,"href":"https:\/\/azsoft.com\/ur\/wp-json\/wp\/v2\/comments?post=38884"}],"wp:featuredmedia":[{"embeddable":true,"href":"https:\/\/azsoft.com\/ur\/wp-json\/wp\/v2\/media\/38885"}],"wp:attachment":[{"href":"https:\/\/azsoft.com\/ur\/wp-json\/wp\/v2\/media?parent=38884"}],"wp:term":[{"taxonomy":"pwb-brand","embeddable":true,"href":"https:\/\/azsoft.com\/ur\/wp-json\/wp\/v2\/pwb-brand?post=38884"},{"taxonomy":"product_cat","embeddable":true,"href":"https:\/\/azsoft.com\/ur\/wp-json\/wp\/v2\/product_cat?post=38884"},{"taxonomy":"product_tag","embeddable":true,"href":"https:\/\/azsoft.com\/ur\/wp-json\/wp\/v2\/product_tag?post=38884"}],"curies":[{"name":"wp","href":"https:\/\/api.w.org\/{rel}","templated":true}]}}