{"id":38485,"date":"2024-08-24T15:34:23","date_gmt":"2024-08-24T08:34:23","guid":{"rendered":"http:\/\/azsoft.com\/-product-\/uncategorized\/giay-chung-nhan-dien-tu-litres\/"},"modified":"2024-08-24T15:34:32","modified_gmt":"2024-08-24T08:34:32","slug":"giay-chung-nhan-dien-tu-litres","status":"publish","type":"product","link":"https:\/\/azsoft.com\/ur\/-product-\/phan-mem\/hobbies-and-interests\/giay-chung-nhan-dien-tu-litres\/","title":{"rendered":"Gi\u1ea5y ch\u1ee9ng nh\u1eadn \u0111i\u1ec7n t\u1eed LitRes"},"content":{"rendered":"<div class=\"b-product__description_text\">\n<p>Cu\u1ed1n s\u00e1ch l\u00e0 m\u00f3n qu\u00e0 t\u1ed1t nh\u1ea5t! T\u1eb7ng s\u00e1ch cho nh\u1eefng ng\u01b0\u1eddi th\u00e2n y\u00eau c\u1ee7a b\u1ea1n, nh\u1eefng ng\u01b0\u1eddi th\u00e2n y\u00eau v\u00e0 nh\u1eefng ng\u01b0\u1eddi t\u1ed1t! Gi\u1ea5y ch\u1ee9ng nh\u1eadn \u0111i\u1ec7n t\u1eed \u0111\u1ec3 mua h\u00e0ng tr\u00ean trang web <strong>Lit<\/strong> Res<\/p>\n<p>. <\/p>\n<p><strong>LitR<\/strong> es l\u00e0 th\u01b0 vi\u1ec7n s\u00e1ch \u0111i\u1ec7n t\u1eed l\u1edbn nh\u1ea5t &#8211; t\u1ea3i xu\u1ed1ng, \u0111\u1ecdc v\u00e0 nghe h\u01a1n 856,000 s\u00e1ch \u0111i\u1ec7n t\u1eed v\u00e0 s\u00e1ch \u00e2m thanh \u0111\u01b0\u1ee3c c\u1ea5p ph\u00e9p cho m\u1ecdi thi\u1ebft b\u1ecb.<\/p>\n<p>Tr\u00ean Lit <strong>R<\/strong> es, b\u1ea1n s\u1ebd t\u00ecm th\u1ea5y x\u1ebfp h\u1ea1ng c\u1ee7a nh\u1eefng cu\u1ed1n s\u00e1ch hay nh\u1ea5t, \u0111\u00e1nh gi\u00e1, \u0111\u1ec1 xu\u1ea5t, t\u00e1c gi\u1ea3 n\u1ed5i ti\u1ebfng v\u00e0 nhi\u1ec1u h\u01a1n n\u1eefa &#8211; h\u00e3y tham gia!<\/p>\n<p><strong>Ph\u1ea1m<\/strong> vi s\u1ea3n ph\u1ea9m c\u1ee7a LitRes bao g\u1ed3m:<\/p>\n<li>\n<ul>\n<li>1.000.000 s\u00e1ch \u0111i\u1ec7n t\u1eed b\u1eb1ng ti\u1ebfng Nga v\u00e0 ngo\u1ea1i ng\u1eef<\/li>\n<li>48.000 s\u00e1ch mi\u1ec5n ph\u00ed 65.000 audiobook 5.000 cu\u1ed1n<\/li>\n<li>s\u00e1ch m\u1edbi m\u1ed7i th\u00e1ng<\/li>\n<\/ul>\n<p>.<\/li>\n<p> C\u00e1c <\/p>\n<p>d\u1ecbch v\u1ee5 c\u1ee7a c\u00f4ng ty c\u00f3 l\u01b0\u1ee3ng kh\u00e1n gi\u1ea3 h\u00e0ng th\u00e1ng l\u00e0 12,5 tri\u1ec7u ng\u01b0\u1eddi t\u1ea3i xu\u1ed1ng h\u01a1n 1,5 tri\u1ec7u cu\u1ed1n s\u00e1ch m\u1ed7i th\u00e1ng. <br \/>C\u00f4ng ty \u0111\u00e3 ph\u00e1t tri\u1ec3n 25 \u1ee9ng d\u1ee5ng \u0111\u1ec3 \u0111\u1ecdc v\u00e0 nghe s\u00e1ch \u0111i\u1ec7n t\u1eed, bao g\u1ed3m LitRes<strong>: Read it!<\/strong> v\u00e0 Lit <strong>Res: Nghe n\u00e0y!<\/strong> cho c\u00e1c n\u1ec1n t\u1ea3ng di \u0111\u1ed9ng iOS, Android, Windows Phone 8, Windows 8 v\u00e0 Samsung Smart TV.<\/p>\n<p><strong>LitRes: \u0110\u1ecdc!<\/strong> \u1ee9ng d\u1ee5ng m\u1edf r\u1ed9ng kh\u1ea3 n\u0103ng t\u00ecm ki\u1ebfm s\u00e1ch. B\u00e2y gi\u1edd b\u1ea1n c\u00f3 th\u1ec3 t\u00ecm th\u1ea5y m\u1ed9t cu\u1ed1n s\u00e1ch \u0111i\u1ec7n t\u1eed b\u1eb1ng c\u00e1ch ch\u1ee5p \u1ea3nh b\u00eca c\u1ee7a m\u1ed9t cu\u1ed1n s\u00e1ch gi\u1ea5y. Th\u01b0 vi\u1ec7n v\u00e0 d\u1ea5u trang c\u1ee7a m\u1ed7i ng\u01b0\u1eddi d\u00f9ng \u0111\u01b0\u1ee3c \u0111\u1ed3ng b\u1ed9 h\u00f3a tr\u00ean t\u1ea5t c\u1ea3 c\u00e1c thi\u1ebft b\u1ecb, cho ph\u00e9p h\u1ecd ti\u1ebfp t\u1ee5c \u0111\u1ecdc ho\u1eb7c nghe s\u00e1ch tr\u00ean thi\u1ebft b\u1ecb kh\u00e1c v\u00e0o \u0111\u00fang th\u1eddi \u0111i\u1ec3m<\/p>\n<\/div>\n<p>.<\/p>","protected":false},"excerpt":{"rendered":"<p><span>Cu\u1ed1n s\u00e1ch l\u00e0 m\u00f3n qu\u00e0 t\u1ed1t nh\u1ea5t! T\u1eb7ng s\u00e1ch cho nh\u1eefng ng\u01b0\u1eddi th\u00e2n y\u00eau c\u1ee7a b\u1ea1n, nh\u1eefng ng\u01b0\u1eddi th\u00e2n y\u00eau v\u00e0 nh\u1eefng ng\u01b0\u1eddi t\u1ed1t! Gi\u1ea5y ch\u1ee9ng nh\u1eadn \u0111i\u1ec7n t\u1eed \u0111\u1ec3 mua h\u00e0ng tr\u00ean trang web <strong>Lit<\/strong> Res<\/span><\/p>\n<p>.<\/p>","protected":false},"featured_media":38486,"comment_status":"closed","ping_status":"closed","template":"","meta":[],"pwb-brand":[],"product_cat":[3022],"product_tag":[5320,3461],"class_list":{"0":"post-38485","1":"product","2":"type-product","3":"status-publish","4":"has-post-thumbnail","6":"product_cat-hobbies-and-interests","7":"product_tag-lit","8":"product_tag-tot","10":"first","11":"instock","12":"shipping-taxable","13":"product-type-simple"},"brands":[],"_links":{"self":[{"href":"https:\/\/azsoft.com\/ur\/wp-json\/wp\/v2\/product\/38485","targetHints":{"allow":["GET"]}}],"collection":[{"href":"https:\/\/azsoft.com\/ur\/wp-json\/wp\/v2\/product"}],"about":[{"href":"https:\/\/azsoft.com\/ur\/wp-json\/wp\/v2\/types\/product"}],"replies":[{"embeddable":true,"href":"https:\/\/azsoft.com\/ur\/wp-json\/wp\/v2\/comments?post=38485"}],"wp:featuredmedia":[{"embeddable":true,"href":"https:\/\/azsoft.com\/ur\/wp-json\/wp\/v2\/media\/38486"}],"wp:attachment":[{"href":"https:\/\/azsoft.com\/ur\/wp-json\/wp\/v2\/media?parent=38485"}],"wp:term":[{"taxonomy":"pwb-brand","embeddable":true,"href":"https:\/\/azsoft.com\/ur\/wp-json\/wp\/v2\/pwb-brand?post=38485"},{"taxonomy":"product_cat","embeddable":true,"href":"https:\/\/azsoft.com\/ur\/wp-json\/wp\/v2\/product_cat?post=38485"},{"taxonomy":"product_tag","embeddable":true,"href":"https:\/\/azsoft.com\/ur\/wp-json\/wp\/v2\/product_tag?post=38485"}],"curies":[{"name":"wp","href":"https:\/\/api.w.org\/{rel}","templated":true}]}}