{"id":17998,"date":"2024-07-11T03:47:13","date_gmt":"2024-07-10T20:47:13","guid":{"rendered":"http:\/\/azsoft.com\/-product-\/uncategorized\/canh-sat-truong-internet\/"},"modified":"2024-07-15T11:56:05","modified_gmt":"2024-07-15T04:56:05","slug":"canh-sat-truong-internet","status":"publish","type":"product","link":"https:\/\/azsoft.com\/ur\/-product-\/phan-mem\/network-and-internet\/parental-control\/canh-sat-truong-internet\/","title":{"rendered":"C\u1ea3nh s\u00e1t tr\u01b0\u1edfng Internet"},"content":{"rendered":"<div class=\"b-product__description_text\">\n<p><strong>Internet Sheriff<\/strong> l\u00e0 m\u1ed9t ch\u01b0\u01a1ng tr\u00ecnh ch\u1eb7n c\u00e1c trang web c\u00f3 th\u1ec3 \u0111\u01b0\u1ee3c s\u1eed d\u1ee5ng c\u1ea3 \u1edf nh\u00e0, \u0111\u1ec3 b\u1ea3o v\u1ec7 tr\u1ebb em kh\u1ecfi c\u00e1c trang web \u0111\u00e1ng ng\u1edd, kh\u1ecfi n\u1ed9i dung khi\u00eau d\u00e2m, c\u00f3 h\u1ea1i v\u00e0 qu\u1ea3ng c\u00e1o, t\u1eeb c\u00e1c trang web c\u00f3 c\u1ea3nh b\u1ea1o l\u1ef1c, tuy\u00ean truy\u1ec1n ma t\u00fay v\u00e0 t\u00e0n \u00e1c, v\u00e0 trong c\u00e1c t\u1ed5 ch\u1ee9c, \u0111\u1ec3 ki\u1ec3m so\u00e1t nh\u00e2n vi\u00ean v\u00e0 ch\u1eb7n m\u1ea1ng x\u00e3 h\u1ed9i v\u00e0 t\u00e0i nguy\u00ean gi\u1ea3i tr\u00ed. <\/p>\n<p>Ch\u01b0\u01a1ng tr\u00ecnh <strong>C\u1ea3nh s\u00e1t tr\u01b0\u1edfng Internet<\/strong> ho\u1ea1t \u0111\u1ed9ng \u1edf ch\u1ebf \u0111\u1ed9 ho\u00e0n to\u00e0n v\u00f4 h\u00ecnh, n\u00f3 \u0111\u01b0\u1ee3c \u1ea9n trong h\u1ec7 th\u1ed1ng v\u00e0 kh\u00f4ng th\u1ec3 \u0111\u01b0\u1ee3c ph\u00e1t hi\u1ec7n v\u00e0 v\u00f4 hi\u1ec7u h\u00f3a trong tr\u00ecnh qu\u1ea3n l\u00fd t\u00e1c v\u1ee5. C\u00e1c trang web b\u1ecb ch\u1eb7n m\u00e0 ng\u01b0\u1eddi d\u00f9ng kh\u00f4ng ch\u00fa \u00fd, c\u00f3 v\u1ebb nh\u01b0 trang web ch\u1ec9 \u0111\u01a1n gi\u1ea3n l\u00e0 kh\u00f4ng ho\u1ea1t \u0111\u1ed9ng. <\/p>\n<p>Ch\u01b0\u01a1ng tr\u00ecnh <strong>C\u1ea3nh s\u00e1t tr\u01b0\u1edfng Internet<\/strong> \u0111\u00e3 c\u00f3 danh s\u00e1ch s\u1eb5n s\u00e0ng \u0111\u1ec3 ch\u1eb7n: <br \/>\u2014 C\u00e1c trang web khi\u00eau d\u00e2m v\u00e0 \u0111\u1ed9c h\u1ea1i. <br \/>\u2014 Ph\u01b0\u01a1ng ti\u1ec7n truy\u1ec1n th\u00f4ng x\u00e3 h\u1ed9i. <br \/>\u2014 C\u00e1c trang web video. <br \/>\u2014 Bi\u1ec3u ng\u1eef qu\u1ea3ng c\u00e1o. <\/p>\n<p>B\u1ea1n c\u0169ng c\u00f3 th\u1ec3 xem nh\u1eefng trang web m\u00e0 con b\u1ea1n \u0111\u00e3 truy c\u1eadp v\u00e0 ch\u1eb7n ch\u00fang tr\u1ef1c ti\u1ebfp t\u1eeb b\u00e1o c\u00e1o. Trong t\u01b0\u01a1ng lai, c\u00e1c trang web b\u1ecb ch\u1eb7n s\u1ebd ng\u1eebng m\u1edf. <\/p>\n<\/div>\n<p>Ch\u01b0\u01a1ng tr\u00ecnh <strong>Internet Sheriff<\/strong> r\u1ea5t d\u1ec5 c\u00e0i \u0111\u1eb7t v\u00e0 c\u00f3 giao di\u1ec7n th\u00e2n thi\u1ec7n v\u1edbi ng\u01b0\u1eddi d\u00f9ng d\u1ec5 hi\u1ec3u ngay c\u1ea3 \u0111\u1ed1i v\u1edbi ng\u01b0\u1eddi d\u00f9ng kh\u00f4ng cao c\u1ea5p. <br \/>Ch\u1eb7n trang web ho\u1ea1t \u0111\u1ed9ng tr\u00ean to\u00e0n b\u1ed9 d\u00f2ng Windows, t\u1eeb Windows XP \u0111\u1ebfn Windows 8.1.<\/p>","protected":false},"excerpt":{"rendered":"<p>M\u1ed9t ch\u01b0\u01a1ng tr\u00ecnh \u0111\u1ec3 ch\u1eb7n c\u00e1c trang web c\u00f3 n\u1ed9i dung \u0111\u00e1ng ng\u1edd, c\u00f3 h\u1ea1i, khi\u00eau d\u00e2m ho\u1eb7c qu\u1ea3ng c\u00e1o. C\u1ea3nh s\u00e1t tr\u01b0\u1edfng Internet ho\u1ea1t \u0111\u1ed9ng \u1edf ch\u1ebf \u0111\u1ed9 \u1ea9n v\u00e0 kh\u00f4ng xu\u1ea5t hi\u1ec7n trong Explorer v\u00e0 Tr\u00ecnh qu\u1ea3n l\u00fd t\u00e1c v\u1ee5. C\u00e1c trang web c\u00f3 h\u1ea1i s\u1ebd b\u1ecb ch\u1eb7n m\u00e0 tr\u1ebb kh\u00f4ng ch\u00fa \u00fd. Ch\u01b0\u01a1ng tr\u00ecnh t\u1ea1o b\u00e1o c\u00e1o th\u1ed1ng k\u00ea v\u1ec1 c\u00e1c trang web \u0111\u00e3 truy c\u1eadp, v\u00ec v\u1eady b\u1ea1n lu\u00f4n c\u00f3 th\u1ec3 t\u00ecm hi\u1ec3u nh\u1eefng t\u00e0i nguy\u00ean m\u00e0 con b\u1ea1n truy c\u1eadp v\u00e0 b\u1ea3o v\u1ec7 ch\u00fang kh\u1ecfi th\u00f4ng tin \u0111\u00e1ng ng\u1edd v\u00e0 nh\u1eefng ng\u01b0\u1eddi quen kh\u00f4ng mong mu\u1ed1n k\u1ecbp th\u1eddi. Ch\u01b0\u01a1ng tr\u00ecnh c\u0169ng c\u00f3 th\u1ec3 \u0111\u01b0\u1ee3c s\u1eed d\u1ee5ng trong c\u00e1c t\u1ed5 ch\u1ee9c \u0111\u1ec3 ch\u1eb7n c\u00e1c trang web gi\u1ea3i tr\u00ed v\u00e0 m\u1ea1ng x\u00e3 h\u1ed9i tr\u00ean m\u00e1y t\u00ednh c\u1ee7a nh\u00e2n vi\u00ean<\/p>\n<p>.<\/p>","protected":false},"featured_media":17999,"comment_status":"closed","ping_status":"closed","template":"","meta":[],"pwb-brand":[4939],"product_cat":[2939],"product_tag":[3625],"class_list":{"0":"post-17998","1":"product","2":"type-product","3":"status-publish","4":"has-post-thumbnail","6":"pwb-brand-mcsoft","7":"product_cat-parental-control","8":"product_tag-mcsoft","10":"first","11":"instock","12":"shipping-taxable","13":"product-type-simple"},"brands":[{"id":4939,"name":"MCsoft","slug":"mcsoft"}],"_links":{"self":[{"href":"https:\/\/azsoft.com\/ur\/wp-json\/wp\/v2\/product\/17998","targetHints":{"allow":["GET"]}}],"collection":[{"href":"https:\/\/azsoft.com\/ur\/wp-json\/wp\/v2\/product"}],"about":[{"href":"https:\/\/azsoft.com\/ur\/wp-json\/wp\/v2\/types\/product"}],"replies":[{"embeddable":true,"href":"https:\/\/azsoft.com\/ur\/wp-json\/wp\/v2\/comments?post=17998"}],"wp:featuredmedia":[{"embeddable":true,"href":"https:\/\/azsoft.com\/ur\/wp-json\/wp\/v2\/media\/17999"}],"wp:attachment":[{"href":"https:\/\/azsoft.com\/ur\/wp-json\/wp\/v2\/media?parent=17998"}],"wp:term":[{"taxonomy":"pwb-brand","embeddable":true,"href":"https:\/\/azsoft.com\/ur\/wp-json\/wp\/v2\/pwb-brand?post=17998"},{"taxonomy":"product_cat","embeddable":true,"href":"https:\/\/azsoft.com\/ur\/wp-json\/wp\/v2\/product_cat?post=17998"},{"taxonomy":"product_tag","embeddable":true,"href":"https:\/\/azsoft.com\/ur\/wp-json\/wp\/v2\/product_tag?post=17998"}],"curies":[{"name":"wp","href":"https:\/\/api.w.org\/{rel}","templated":true}]}}