{"id":40203,"date":"2024-11-11T14:30:56","date_gmt":"2024-11-11T07:30:56","guid":{"rendered":"http:\/\/azsoft.com\/-product-\/uncategorized\/may-tinh-de-ban-ublinux-doanh-nghiep\/"},"modified":"2024-11-11T14:31:08","modified_gmt":"2024-11-11T07:31:08","slug":"may-tinh-de-ban-ublinux-doanh-nghiep","status":"publish","type":"product","link":"https:\/\/azsoft.com\/ru\/-product-\/phan-mem\/os\/linux-and-unix-os\/may-tinh-de-ban-ublinux-doanh-nghiep\/","title":{"rendered":"M\u00e1y t\u00ednh \u0111\u1ec3 b\u00e0n UBLinux Doanh nghi\u1ec7p"},"content":{"rendered":"<div class=\"b-product__description_text\">\n<p>\u041e\u043f\u0435\u0440\u0430\u0446\u0438\u043e\u043d\u043d\u0430\u044f \u0441\u0438\u0441\u0442\u0435\u043c\u0430 <strong>UBlux Desktop Enterprise<\/strong> \u0111\u01b0\u1ee3c thi\u1ebft k\u1ebf \u0111\u1ec3 s\u1eed d\u1ee5ng tr\u00ean m\u00e1y tr\u1ea1m c\u1ee7a ng\u01b0\u1eddi d\u00f9ng (m\u00e1y tr\u1ea1m, m\u00e1y t\u00ednh x\u00e1ch tay, m\u00e1y kh\u00e1ch m\u1ecfng, m\u00e1y \u1ea3o, m\u00e1y t\u00ednh c\u00f4ng nghi\u1ec7p, v.v.). H\u1ec7 th\u1ed1ng c\u0169ng h\u1ed7 tr\u1ee3 thi\u1ebft b\u1ecb t\u01b0\u01a1ng t\u00e1c (c\u00e1c b\u1ea3ng t\u01b0\u01a1ng t\u00e1c kh\u00e1c nhau, bao g\u1ed3m c\u1ea3 nh\u1eefng b\u1ea3ng c\u00f3 m\u00e0n h\u00ecnh c\u1ea3m \u1ee9ng v\u1edbi h\u1ed7 tr\u1ee3 c\u1ea3m \u1ee9ng \u0111a \u0111i\u1ec3m<\/p>\n<p>). <\/p>\n<p>H\u1ec7 \u0111i\u1ec1u h\u00e0nh UBLinux (Yubilinux) \u0111\u00e3 \u0111\u01b0\u1ee3c \u0111\u0103ng k\u00fd ch\u00ednh th\u1ee9c (s\u1ed1 \u0111\u0103ng k\u00fd 2020611087) v\u00e0 \u0111\u00e3 \u0111\u01b0\u1ee3c \u0111\u01b0a v\u00e0o S\u1ed5 \u0111\u0103ng k\u00fd th\u1ed1ng nh\u1ea5t c\u00e1c ch\u01b0\u01a1ng tr\u00ecnh Nga cho m\u00e1y t\u00ednh \u0111i\u1ec7n t\u1eed (s\u1ed1 \u0111\u0103ng k\u00fd 6874) k\u1ec3 t\u1eeb n\u0103m 2020. \u0110\u1ebfn nay, uBlux \u0111\u00e3 \u0111\u01b0\u1ee3c ch\u1ee9ng minh l\u00e0 m\u1ed9t gi\u1ea3i ph\u00e1p \u0111\u00e1ng tin c\u1eady, hi\u1ec7u qu\u1ea3 v\u00e0 an to\u00e0n<\/p>\n<p>. <\/p>\n<p>UBLinux c\u00f3 ki\u1ebfn tr\u00fac an to\u00e0n m\u00f4-\u0111un, v\u1ec1 c\u01a1 b\u1ea3n kh\u00e1c v\u1edbi h\u1ea7u h\u1ebft c\u00e1c h\u1ec7 \u0111i\u1ec1u h\u00e0nh trong n\u01b0\u1edbc, gi\u00fap \u0111\u1ea3m b\u1ea3o m\u1ee9c \u0111\u1ed9 b\u1ea3o m\u1eadt th\u00f4ng tin h\u1ec7 th\u1ed1ng cao, kh\u1ea3 n\u0103ng ph\u1ee5c h\u1ed3i cao, kh\u1ea3 n\u0103ng th\u00edch \u1ee9ng v\u00e0 kh\u1ea3 n\u0103ng m\u1edf r\u1ed9ng. M\u00f4-\u0111un <strong>Winix<\/strong> cung c\u1ea5p kh\u1edfi ch\u1ea1y g\u1ed1c c\u00e1c \u1ee9ng d\u1ee5ng \u0111\u01b0\u1ee3c ph\u00e1t tri\u1ec3n cho m\u00f4i tr\u01b0\u1eddng Windows<\/p>\n<p>. <\/p>\n<p>Nh\u1edd ch\u1ebf \u0111\u1ed9 sandbox linh ho\u1ea1t, t\u1eeb \u201cl\u01b0u ho\u00e0n to\u00e0n\u201d t\u1ea5t c\u1ea3 c\u00e1c c\u00e0i \u0111\u1eb7t, c\u00e1c \u1ee9ng d\u1ee5ng \u0111\u00e3 c\u00e0i \u0111\u1eb7t v\u00e0 c\u00e1c thay \u0111\u1ed5i do ng\u01b0\u1eddi d\u00f9ng th\u1ef1c hi\u1ec7n \u0111\u1ed1i v\u1edbi h\u1ec7 th\u1ed1ng, \u0111\u1ebfn ch\u1ebf \u0111\u1ed9 \u201ch\u1ed9p c\u00e1t \u0111\u1ea7y \u0111\u1ee7\u201d. \u0110i\u1ec1u n\u00e0y gi\u00fap \u0111\u1ea3m b\u1ea3o kh\u1ea3 n\u0103ng ch\u1ecbu l\u1ed7i cao v\u00e0 kh\u00f4i ph\u1ee5c hi\u1ec7u su\u1ea5t c\u1ee7a m\u00e1y tr\u1ea1m v\u00e0 gi\u1ea3m thi\u1ec3u c\u00e1c v\u1ea5n \u0111\u1ec1 do con ng\u01b0\u1eddi can thi\u1ec7p v\u00e0o ho\u1ea1t \u0111\u1ed9ng c\u1ee7a h\u1ec7 th\u1ed1ng<\/p>\n<p>. <\/p>\n<p>\u0110\u1ebfn nay, UBLinux \u0111\u00e3 \u0111\u01b0\u1ee3c ch\u1ee9ng minh l\u00e0 m\u1ed9t gi\u1ea3i ph\u00e1p \u0111\u00e1ng tin c\u1eady, hi\u1ec7u qu\u1ea3 v\u00e0 an to\u00e0n. Gia \u0111\u00ecnh h\u1ec7 \u0111i\u1ec1u h\u00e0nh ti\u1ebfp t\u1ee5c ph\u00e1t tri\u1ec3n nhanh ch\u00f3ng, bao g\u1ed3m c\u00e1c phi\u00ean b\u1ea3n \u1ed5n \u0111\u1ecbnh hi\u1ec7n \u0111\u1ea1i c\u1ee7a nh\u00e2n Linux, h\u1ec7 th\u1ed1ng v\u00e0 ph\u1ea7n m\u1ec1m \u1ee9ng d\u1ee5ng. Ph\u1ea1m vi thi\u1ebft b\u1ecb ngo\u1ea1i vi r\u1ed9ng nh\u1ea5t c\u00f3 th\u1ec3 \u0111\u01b0\u1ee3c h\u1ed7 tr\u1ee3, ch\u1ee9c n\u0103ng c\u1ee7a h\u1ec7 th\u1ed1ng \u0111\u1ea7u v\u00e0o c\u1ea3m bi\u1ebfn (Multitouch) ho\u1ea1t \u0111\u1ed9ng ch\u00ednh x\u00e1c v\u00e0 t\u1ecda \u0111\u1ed9 c\u1ee7a 20 \u0111i\u1ec3m ti\u1ebfp x\u00fac \u0111\u1ed3ng th\u1eddi \u0111\u01b0\u1ee3c x\u00e1c \u0111\u1ecbnh m\u1ed9t c\u00e1ch \u0111\u00e1ng tin c\u1eady<\/p>\n<\/div>\n<p>.<\/p>","protected":false},"excerpt":{"rendered":"<p>H\u1ec7 \u0111i\u1ec1u h\u00e0nh UBlux Desktop Enterprise \u0111\u01b0\u1ee3c thi\u1ebft k\u1ebf \u0111\u1ec3 s\u1eed d\u1ee5ng tr\u00ean m\u00e1y tr\u1ea1m c\u1ee7a ng\u01b0\u1eddi d\u00f9ng (m\u00e1y tr\u1ea1m, m\u00e1y t\u00ednh x\u00e1ch tay, m\u00e1y kh\u00e1ch m\u1ecfng, m\u00e1y \u1ea3o, m\u00e1y t\u00ednh c\u00f4ng nghi\u1ec7p, v.v.).<\/p>","protected":false},"featured_media":40204,"comment_status":"closed","ping_status":"closed","template":"","meta":[],"pwb-brand":[],"product_cat":[2900],"product_tag":[5157,5415],"class_list":{"0":"post-40203","1":"product","2":"type-product","3":"status-publish","4":"has-post-thumbnail","6":"product_cat-linux-and-unix-os","7":"product_tag-desktop","8":"product_tag-ubitech","10":"first","11":"instock","12":"shipping-taxable","13":"product-type-simple"},"brands":[],"_links":{"self":[{"href":"https:\/\/azsoft.com\/ru\/wp-json\/wp\/v2\/product\/40203","targetHints":{"allow":["GET"]}}],"collection":[{"href":"https:\/\/azsoft.com\/ru\/wp-json\/wp\/v2\/product"}],"about":[{"href":"https:\/\/azsoft.com\/ru\/wp-json\/wp\/v2\/types\/product"}],"replies":[{"embeddable":true,"href":"https:\/\/azsoft.com\/ru\/wp-json\/wp\/v2\/comments?post=40203"}],"wp:featuredmedia":[{"embeddable":true,"href":"https:\/\/azsoft.com\/ru\/wp-json\/wp\/v2\/media\/40204"}],"wp:attachment":[{"href":"https:\/\/azsoft.com\/ru\/wp-json\/wp\/v2\/media?parent=40203"}],"wp:term":[{"taxonomy":"pwb-brand","embeddable":true,"href":"https:\/\/azsoft.com\/ru\/wp-json\/wp\/v2\/pwb-brand?post=40203"},{"taxonomy":"product_cat","embeddable":true,"href":"https:\/\/azsoft.com\/ru\/wp-json\/wp\/v2\/product_cat?post=40203"},{"taxonomy":"product_tag","embeddable":true,"href":"https:\/\/azsoft.com\/ru\/wp-json\/wp\/v2\/product_tag?post=40203"}],"curies":[{"name":"wp","href":"https:\/\/api.w.org\/{rel}","templated":true}]}}