{"id":39900,"date":"2024-10-26T02:32:04","date_gmt":"2024-10-25T19:32:04","guid":{"rendered":"http:\/\/azsoft.com\/-product-\/uncategorized\/cay-gia-dinh-familytree\/"},"modified":"2024-10-26T02:32:15","modified_gmt":"2024-10-25T19:32:15","slug":"cay-gia-dinh-familytree","status":"publish","type":"product","link":"https:\/\/azsoft.com\/ru\/-product-\/phan-mem\/hobbies-and-interests\/cay-gia-dinh-familytree\/","title":{"rendered":"C\u00e2y gia \u0111\u00ecnh (FamilyTree)"},"content":{"rendered":"<div class=\"b-product__description_text\">\n<p><strong>Family Tree l\u00e0 m\u1ed9t ch\u01b0\u01a1ng tr\u00ecnh \u0111\u1ec3 b\u1ea3o t\u1ed3n l\u1ecbch s\u1eed v\u00e0 x\u00e2y d\u1ef1ng m\u1ed9t c\u00e2y ph\u1ea3 h\u1ec7<\/strong>. V\u1edbi n\u00f3, b\u1ea1n s\u1ebd t\u1ea1o m\u1ed9t danh s\u00e1ch chi ti\u1ebft c\u00e1c th\u00e0nh vi\u00ean trong gia \u0111\u00ecnh, th\u00eam ti\u1ec3u s\u1eed, \u1ea3nh v\u00e0 video c\u1ee7a h\u1ecd. Ch\u01b0\u01a1ng tr\u00ecnh r\u1ea5t d\u1ec5 h\u1ecdc, c\u00f3 giao di\u1ec7n r\u00f5 r\u00e0ng v\u00e0 \u0111\u1eb9p m\u1eaft, \u0111\u1ed3ng th\u1eddi cung c\u1ea5p c\u00e1c c\u00f4ng c\u1ee5 m\u1ea1nh m\u1ebd \u0111\u1ec3 t\u1ea1o ra m\u1ed9t c\u00e2y ph\u1ea3 h\u1ec7 chi ti\u1ebft. Tab <strong>\u201cL\u1ecbch<\/strong> <strong>s\u1ef1 ki\u1ec7n\u201d<\/strong> cho ph\u00e9p b\u1ea1n xem tr\u1ef1c quan nh\u1eefng ng\u00e0y c\u1ee7a c\u00e1c s\u1ef1 ki\u1ec7n gia \u0111\u00ecnh quan tr\u1ecdng. B\u1ea1n c\u00f3 th\u1ec3 t\u00f9y ch\u1ec9nh b\u1ea5t k\u1ef3 y\u1ebfu t\u1ed1 n\u00e0o c\u1ee7a l\u1ecbch: ph\u00f4ng ch\u1eef, n\u1ec1n, b\u1ed1 c\u1ee5c th\u00e1ng v\u00e0 \u1ea3nh<\/p>\n<p>. <\/p>\n<li>\n<li>C\u00e1c\n<p><strong>ch\u1ee9c n\u0103ng c\u1ee7a ch\u01b0\u01a1ng tr\u00ecnh \u201cC\u00e2y gia \u0111\u00ecnh\u201d: bi\u00ean so\u1ea1n ti\u1ec3u s\u1eed c\u1ee7a<\/strong><\/p>\n<li>t\u1eebng th\u00e0nh vi\u00ean trong gia \u0111\u00ecnh; b\u1ea3o t\u1ed3n l\u1ecbch s\u1eed gia \u0111\u00ecnh;<\/li>\n<li>x\u00e2y d\u1ef1ng m\u1ed9t c\u00e2y ph\u1ea3 h\u1ec7 chung<\/li>\n<li>cho t\u1ea5t c\u1ea3 m\u1ecdi ng\u01b0\u1eddi trong danh s\u00e1ch; x\u00e2y d\u1ef1ng m\u1ed9t nh\u00e1nh gia \u0111\u00ecnh c\u00e1 nh\u00e2n; x\u00e2y d\u1ef1ng m\u1ed9t c\u00e2y ph\u1ea3 h\u1ec7 c\u1ee7a c\u00e1c qu\u1ed1c gia;<\/li>\n<li>bi\u00ean so\u1ea1n m\u1ed9t danh s\u00e1ch c\u00e1c th\u1ebf h\u1ec7;<\/li>\n<li>x\u00e2y d\u1ef1ng m\u1ed9t c\u00e2y ph\u1ea3 h\u1ec7 chung d\u1ecdc theo d\u00f2ng nam ho\u1eb7c n\u1eef; hi\u1ec3n th\u1ecb l\u1ecbch c\u00e1c s\u1ef1 ki\u1ec7n gia \u0111\u00ecnh;<\/li>\n<li>bi\u00ean so\u1ea1n\n<li>album \u1ea3nh gia \u0111\u00ecnh v\u00e0<\/li>\n<p> kho l\u01b0u tr\u1eef video;<\/li>\n<\/li>\n<\/li>\n<ul>\n<li>nh\u1eafc nh\u1edf <\/li>\n<\/ul>\n<\/div>\n<li>th\u00e0nh vi\u00ean gia \u0111\u00ecnh v\u00e0 ng\u01b0\u1eddi th\u00e2n v\u1ec1 sinh nh\u1eadt; in\n<li>c\u00e2y gia \u0111\u00ecnh, ti\u1ec3u s\u1eed v\u00e0 \u1ea3nh c\u1ee7a c\u00e1c th\u00e0nh vi\u00ean trong gia \u0111\u00ecnh;\n<li>l\u01b0u tr\u1eef b\u1ea3n sao t\u00e0i li\u1ec7u; l\u01b0u tr\u1eef<\/li>\n<p> d\u1eef li\u1ec7u trong kho l\u01b0u tr\u1eef;<\/li>\n<li>kh\u00f4i ph\u1ee5c d\u1eef li\u1ec7u t\u1eeb kho l\u01b0u tr\u1eef v\u1edbi ch\u1ee9c n\u0103ng k\u1ebft h\u1ee3p c\u01a1 s\u1edf d\u1eef li\u1ec7u; xu\u1ea5t\/nh\u1eadp G\n<li>EDCOM<\/li>\n<p>.<\/li>\n<\/li>","protected":false},"excerpt":{"rendered":"<p><strong>Family Tree<span><\/span> l\u00e0 m\u1ed9t ch\u01b0\u01a1ng tr\u00ecnh \u0111\u1ec3 b\u1ea3o t\u1ed3n l\u1ecbch s\u1eed v\u00e0 x\u00e2y d\u1ef1ng m\u1ed9t c\u00e2y ph\u1ea3 h\u1ec7<\/strong><span>. V\u1edbi n\u00f3, b\u1ea1n s\u1ebd t\u1ea1o m\u1ed9t danh s\u00e1ch chi ti\u1ebft c\u00e1c th\u00e0nh vi\u00ean trong gia \u0111\u00ecnh, th\u00eam ti\u1ec3u s\u1eed, \u1ea3nh v\u00e0 video c\u1ee7a h\u1ecd. Ch\u01b0\u01a1ng tr\u00ecnh r\u1ea5t d\u1ec5 h\u1ecdc, c\u00f3 giao di\u1ec7n r\u00f5 r\u00e0ng v\u00e0 \u0111\u1eb9p m\u1eaft, \u0111\u1ed3ng th\u1eddi cung c\u1ea5p c\u00e1c c\u00f4ng c\u1ee5 m\u1ea1nh m\u1ebd \u0111\u1ec3 t\u1ea1o ra m\u1ed9t c\u00e2y ph\u1ea3 h\u1ec7 chi ti\u1ebft.<\/span> <br \/>Tab<span><\/span> <strong>\u201cL\u1ecbch<\/strong> <strong>s\u1ef1 ki\u1ec7n\u201d<span><\/span><\/strong> <span>cho ph\u00e9p b\u1ea1n xem tr\u1ef1c quan nh\u1eefng ng\u00e0y c\u1ee7a c\u00e1c s\u1ef1 ki\u1ec7n gia \u0111\u00ecnh quan tr\u1ecdng. B\u1ea1n c\u00f3 th\u1ec3 t\u00f9y ch\u1ec9nh b\u1ea5t k\u1ef3 y\u1ebfu t\u1ed1 n\u00e0o c\u1ee7a l\u1ecbch: ph\u00f4ng ch\u1eef, n\u1ec1n, b\u1ed1 c\u1ee5c th\u00e1ng v\u00e0 \u1ea3nh<\/span><\/p>\n<p>.<\/p>","protected":false},"featured_media":39901,"comment_status":"closed","ping_status":"closed","template":"","meta":[],"pwb-brand":[],"product_cat":[3022],"product_tag":[5334,3570],"class_list":{"0":"post-39900","1":"product","2":"type-product","3":"status-publish","4":"has-post-thumbnail","6":"product_cat-hobbies-and-interests","7":"product_tag-co-so","8":"product_tag-dmitry-konyukhov","10":"first","11":"instock","12":"shipping-taxable","13":"product-type-simple"},"brands":[],"_links":{"self":[{"href":"https:\/\/azsoft.com\/ru\/wp-json\/wp\/v2\/product\/39900","targetHints":{"allow":["GET"]}}],"collection":[{"href":"https:\/\/azsoft.com\/ru\/wp-json\/wp\/v2\/product"}],"about":[{"href":"https:\/\/azsoft.com\/ru\/wp-json\/wp\/v2\/types\/product"}],"replies":[{"embeddable":true,"href":"https:\/\/azsoft.com\/ru\/wp-json\/wp\/v2\/comments?post=39900"}],"wp:featuredmedia":[{"embeddable":true,"href":"https:\/\/azsoft.com\/ru\/wp-json\/wp\/v2\/media\/39901"}],"wp:attachment":[{"href":"https:\/\/azsoft.com\/ru\/wp-json\/wp\/v2\/media?parent=39900"}],"wp:term":[{"taxonomy":"pwb-brand","embeddable":true,"href":"https:\/\/azsoft.com\/ru\/wp-json\/wp\/v2\/pwb-brand?post=39900"},{"taxonomy":"product_cat","embeddable":true,"href":"https:\/\/azsoft.com\/ru\/wp-json\/wp\/v2\/product_cat?post=39900"},{"taxonomy":"product_tag","embeddable":true,"href":"https:\/\/azsoft.com\/ru\/wp-json\/wp\/v2\/product_tag?post=39900"}],"curies":[{"name":"wp","href":"https:\/\/api.w.org\/{rel}","templated":true}]}}