{"id":39043,"date":"2024-09-12T02:30:42","date_gmt":"2024-09-11T19:30:42","guid":{"rendered":"http:\/\/azsoft.com\/-product-\/uncategorized\/movavica-converter-vi-du-movavi\/"},"modified":"2024-09-12T02:30:51","modified_gmt":"2024-09-11T19:30:51","slug":"movavica-converter-vi-du-movavi","status":"publish","type":"product","link":"https:\/\/azsoft.com\/ru\/-product-\/phan-mem\/multimedia\/converters-and-encoders\/movavica-converter-vi-du-movavi\/","title":{"rendered":"Movavica Converter (v\u00ed d\u1ee5. Movavi)"},"content":{"rendered":"<div class=\"b-product__description_text\">\n<p><strong>Movavica Converter<\/strong> l\u00e0 m\u1ed9t ch\u01b0\u01a1ng tr\u00ecnh thu\u1eadn ti\u1ec7n \u0111\u1ec3 chuy\u1ec3n \u0111\u1ed5i video, \u00e2m thanh v\u00e0 h\u00ecnh \u1ea3nh c\u1ef1c nhanh.<\/p>\n<p>Qu\u00ean c\u00e1c v\u1ea5n \u0111\u1ec1 v\u1ec1 \u0111\u1ecbnh d\u1ea1ng: chuy\u1ec3n \u0111\u1ed5i video, \u00e2m thanh v\u00e0 h\u00ecnh \u1ea3nh \u1edf t\u1ed1c \u0111\u1ed9 si\u00eau nhanh. N\u00e9n c\u00e1c t\u1ec7p l\u1edbn m\u00e0 kh\u00f4ng l\u00e0m gi\u1ea3m ch\u1ea5t l\u01b0\u1ee3ng v\u00e0 ti\u1ebft ki\u1ec7m dung l\u01b0\u1ee3ng tr\u00ean m\u00e1y t\u00ednh c\u1ee7a b\u1ea1n. D\u1ec5 d\u00e0ng t\u00ecm ph\u1ee5 \u0111\u1ec1 cho c\u00e1c b\u1ed9 phim y\u00eau th\u00edch c\u1ee7a b\u1ea1n. N\u00e2ng cao \u0111\u1ed9 ph\u00e2n gi\u1ea3i c\u1ee7a video b\u1eb1ng tr\u00ed tu\u1ec7 nh\u00e2n t\u1ea1o \u0111\u1ec3 l\u00e0m cho ch\u00fang tr\u00f4ng tuy\u1ec7t v\u1eddi c\u1ea3 tr\u00ean \u0111i\u1ec7n tho\u1ea1i c\u1ee7a b\u1ea1n v\u00e0 tr\u00ean TV l\u1edbn<\/p>\n<p>. <\/p>\n<p>Ch\u01b0\u01a1ng tr\u00ecnh c\u00f3 thi\u1ebft k\u1ebf \u0111\u01a1n gi\u1ea3n v\u00e0 d\u1ec5 hi\u1ec3u m\u00e0 ngay c\u1ea3 ng\u01b0\u1eddi m\u1edbi b\u1eaft \u0111\u1ea7u c\u0169ng c\u00f3 th\u1ec3 d\u1ec5 d\u00e0ng hi\u1ec3u.<\/p>\n<ul>\n<li>CHUY\u1ec2N \u0110\u1ed4I T\u1ec6P PH\u01af\u01a0NG TI\u1ec6N SANG H\u01a0N 180 \u0110\u1ecaNH D\u1ea0NG. Chuy\u1ec3n \u0111\u1ed5i video v\u00e0 phim \u0111\u1ec3 xem tr\u00ean \u0111i\u1ec7n tho\u1ea1i th\u00f4ng minh v\u00e0 m\u00e1y t\u00ednh b\u1ea3ng. L\u01b0u nh\u1ea1c v\u00e0 audiobook \u1edf \u0111\u1ecbnh d\u1ea1ng \u01b0a th\u00edch c\u1ee7a b\u1ea1n<\/li>\n<p>. <\/p>\n<li>GI\u1ea2M K\u00cdCH TH\u01af\u1edaC C\u1ee6A C\u00c1C T\u1ec6P PH\u01af\u01a0NG TI\u1ec6N. Gi\u1ea3m tr\u1ecdng l\u01b0\u1ee3ng c\u1ee7a t\u1ec7p v\u00e0 ch\u1ec9 \u0111\u1ecbnh k\u00edch th\u01b0\u1edbc mong mu\u1ed1n sau khi n\u00e9n. G\u1eedi video qua email, nh\u00fang video v\u00e0o b\u1ea3n tr\u00ecnh b\u00e0y v\u00e0 ch\u1ee5p kh\u00f4ng ch\u1ec9 m\u1ed9t m\u00e0 l\u00e0 ba b\u1ed9 phim y\u00eau th\u00edch c\u1ee7a b\u1ea1n trong chuy\u1ebfn \u0111i ti\u1ebfp theo c\u1ee7a b\u1ea1n<\/li>\n<p>. <\/p>\n<li>C\u1eaeT, H\u1ee2P NH\u1ea4T, XOAY. C\u1eaft c\u00e1c video k\u1ebft qu\u1ea3 v\u00e0 d\u00e1n ch\u00fang l\u1ea1i v\u1edbi nhau. Xoay video d\u1ecdc, \u0111\u1ecbnh h\u01b0\u1edbng l\u1ea1i h\u00ecnh \u1ea3nh t\u1eeb ngang sang<\/li>\n<p> d\u1ecdc v\u00e0 ng\u01b0\u1ee3c l\u1ea1i. <\/p>\n<li>TH\u00caM PH\u1ee4 \u0110\u1ec0. L\u00e0m cho video d\u1ec5 \u0111\u1ecdc h\u01a1n b\u1eb1ng c\u00e1ch t\u00ecm v\u00e0 ngay l\u1eadp t\u1ee9c th\u00eam ph\u1ee5 \u0111\u1ec1<\/li>\n<p> tr\u1ef1c ti\u1ebfp t\u1eeb ch\u01b0\u01a1ng tr\u00ecnh. <\/p>\n<li>VI\u1ec6C S\u1eec D\u1ee4NG C\u00c1C B\u1ed8 L\u1eccC. Th\u1eed nghi\u1ec7m v\u1edbi \u0111\u1ed9 s\u1eafc n\u00e9t, h\u1ecda ti\u1ebft, hi\u1ec7u \u1ee9ng m\u1eaft c\u00e1 v\u00e0 c\u00e1c b\u1ed9 l\u1ecdc kh\u00e1c<\/li>\n<p>. <\/p>\n<li>T\u0102NG \u0110\u1ed8 PH\u00c2N GI\u1ea2I B\u1eb0NG AI. Tr\u00ed tu\u1ec7 nh\u00e2n t\u1ea1o s\u1ebd gi\u00fap t\u0103ng \u0111\u1ed9 ph\u00e2n gi\u1ea3i video l\u00ean 2, 4 ho\u1eb7c 8 l\u1ea7n! Sau \u0111\u00f3, video c\u1ee7a b\u1ea1n s\u1ebd tr\u00f4ng tuy\u1ec7t v\u1eddi tr\u00ean c\u1ea3 \u0111i\u1ec7n tho\u1ea1i th\u00f4ng minh v\u00e0 TV l\u1edbn<\/li>\n<\/ul>\n<p>. <\/p>\n<p>Chuy\u1ec3n \u0111\u1ed5i nhanh th\u1eadt d\u1ec5 d\u00e0ng!<\/p>\n<\/div>","protected":false},"excerpt":{"rendered":"<p><strong>Movavica Converter<\/strong> l\u00e0 m\u1ed9t c\u00f4ng c\u1ee5 chuy\u1ec3n \u0111\u1ed5i ph\u01b0\u01a1ng ti\u1ec7n nhanh ch\u00f3ng v\u00e0 m\u1ea1nh m\u1ebd. Ch\u01b0\u01a1ng tr\u00ecnh c\u00f3 m\u1ecdi th\u1ee9 b\u1ea1n c\u1ea7n \u0111\u1ec3 chuy\u1ec3n \u0111\u1ed5i v\u00e0 sau \u0111\u00f3 x\u1eed l\u00fd video, \u00e2m thanh v\u00e0 h\u00ecnh \u1ea3nh.<\/p>","protected":false},"featured_media":39044,"comment_status":"closed","ping_status":"closed","template":"","meta":[],"pwb-brand":[],"product_cat":[2921],"product_tag":[3346,5361],"class_list":{"0":"post-39043","1":"product","2":"type-product","3":"status-publish","4":"has-post-thumbnail","6":"product_cat-converters-and-encoders","7":"product_tag-movavi","8":"product_tag-movavika","10":"first","11":"instock","12":"shipping-taxable","13":"product-type-simple"},"brands":[],"_links":{"self":[{"href":"https:\/\/azsoft.com\/ru\/wp-json\/wp\/v2\/product\/39043","targetHints":{"allow":["GET"]}}],"collection":[{"href":"https:\/\/azsoft.com\/ru\/wp-json\/wp\/v2\/product"}],"about":[{"href":"https:\/\/azsoft.com\/ru\/wp-json\/wp\/v2\/types\/product"}],"replies":[{"embeddable":true,"href":"https:\/\/azsoft.com\/ru\/wp-json\/wp\/v2\/comments?post=39043"}],"wp:featuredmedia":[{"embeddable":true,"href":"https:\/\/azsoft.com\/ru\/wp-json\/wp\/v2\/media\/39044"}],"wp:attachment":[{"href":"https:\/\/azsoft.com\/ru\/wp-json\/wp\/v2\/media?parent=39043"}],"wp:term":[{"taxonomy":"pwb-brand","embeddable":true,"href":"https:\/\/azsoft.com\/ru\/wp-json\/wp\/v2\/pwb-brand?post=39043"},{"taxonomy":"product_cat","embeddable":true,"href":"https:\/\/azsoft.com\/ru\/wp-json\/wp\/v2\/product_cat?post=39043"},{"taxonomy":"product_tag","embeddable":true,"href":"https:\/\/azsoft.com\/ru\/wp-json\/wp\/v2\/product_tag?post=39043"}],"curies":[{"name":"wp","href":"https:\/\/api.w.org\/{rel}","templated":true}]}}