{"id":38704,"date":"2024-08-25T04:05:14","date_gmt":"2024-08-24T21:05:14","guid":{"rendered":"http:\/\/azsoft.com\/-product-\/uncategorized\/chuyen-doi-video-movavi\/"},"modified":"2024-08-25T04:05:27","modified_gmt":"2024-08-24T21:05:27","slug":"chuyen-doi-video-movavi","status":"publish","type":"product","link":"https:\/\/azsoft.com\/ru\/-product-\/phan-mem\/multimedia\/converters-and-encoders\/chuyen-doi-video-movavi\/","title":{"rendered":"Chuy\u1ec3n \u0111\u1ed5i video Movavi"},"content":{"rendered":"<div class=\"b-product__description_text\">\n<p><b>Movavi Video Converter<\/b> l\u00e0 m\u1ed9t \u1ee9ng d\u1ee5ng thu\u1eadn ti\u1ec7n v\u00e0 nhanh ch\u00f3ng \u0111\u1ec3 chuy\u1ec3n \u0111\u1ed5i c\u00e1c t\u1ec7p ph\u01b0\u01a1ng ti\u1ec7n. Ch\u1ee9c n\u0103ng c\u1ee7a \u1ee9ng d\u1ee5ng cho ph\u00e9p b\u1ea1n chuy\u1ec3n \u0111\u1ed5i c\u00e1c t\u1ec7p video, \u1ea3nh v\u00e0 \u0111\u1ed3 h\u1ecda sang b\u1ea5t k\u1ef3 \u0111\u1ecbnh d\u1ea1ng ph\u1ed5 bi\u1ebfn n\u00e0o, c\u0169ng nh\u01b0 x\u1eed l\u00fd h\u1eadu k\u1ef3 k\u1ebft qu\u1ea3 tr\u01b0\u1edbc khi l\u01b0u. Xem nh\u1eefng b\u1ed9 phim y\u00eau th\u00edch c\u1ee7a b\u1ea1n khi \u0111ang di chuy\u1ec3n, nghe nh\u1ea1c ngay c\u1ea3 tr\u00ean thi\u1ebft b\u1ecb c\u0169 nh\u1ea5t, l\u01b0u ph\u01b0\u01a1ng ti\u1ec7n \u1edf \u0111\u1ecbnh d\u1ea1ng ph\u00f9 h\u1ee3p \u0111\u1ec3 t\u1ea3i l\u00ean m\u1ea1ng x\u00e3 h\u1ed9i<\/p>\n<p> v\u00e0 nhi\u1ec1u h\u01a1n n\u1eefa! <\/p>\n<p><b>Movavi Video Converter<\/b> c\u00f3 giao di\u1ec7n \u0111\u01a1n gi\u1ea3n v\u00e0 s\u00fac t\u00edch, d\u1ec5 hi\u1ec3u ngay c\u1ea3 \u0111\u1ed1i v\u1edbi ng\u01b0\u1eddi m\u1edbi b\u1eaft \u0111\u1ea7u.<\/p>\n<ul>\n<li>CHUY\u1ec2N \u0110\u1ed4I C\u00c1C T\u1ec6P PH\u01af\u01a0NG TI\u1ec6N SANG H\u01a0N 180 \u0110\u1ecaNH D\u1ea0NG. Chuy\u1ec3n \u0111\u1ed5i video v\u00e0 phim \u0111\u1ec3 xem tr\u00ean \u0111i\u1ec7n tho\u1ea1i th\u00f4ng minh v\u00e0 m\u00e1y t\u00ednh b\u1ea3ng. L\u01b0u nh\u1ea1c v\u00e0 audiobook \u1edf<\/li>\n<p> \u0111\u1ecbnh d\u1ea1ng thu\u1eadn ti\u1ec7n cho b\u1ea1n. <\/p>\n<li>GI\u1ea2M K\u00cdCH TH\u01af\u1edaC C\u1ee6A C\u00c1C T\u1ec6P PH\u01af\u01a0NG TI\u1ec6N. N\u00e9n t\u1ec7p m\u00e0 kh\u00f4ng l\u00e0m gi\u1ea3m ch\u1ea5t l\u01b0\u1ee3ng \u0111\u1ec3 l\u01b0u \u1ea3nh v\u00e0 video \u0111\u00e1ng nh\u1edb h\u01a1n<\/li>\n<p>. <\/p>\n<li>C\u1eaeT, H\u1ee2P NH\u1ea4T, XOAY. C\u1eaft c\u00e1c video k\u1ebft qu\u1ea3 v\u00e0 d\u00e1n ch\u00fang l\u1ea1i v\u1edbi nhau. Xoay video d\u1ecdc, \u0111\u1ecbnh h\u01b0\u1edbng l\u1ea1i h\u00ecnh \u1ea3nh t\u1eeb ngang sang<\/li>\n<p> d\u1ecdc v\u00e0 ng\u01b0\u1ee3c l\u1ea1i. <\/p>\n<li>TH\u00caM PH\u1ee4 \u0110\u1ec0. L\u00e0m cho video d\u1ec5 \u0111\u1ecdc h\u01a1n b\u1eb1ng c\u00e1ch th\u00eam ph\u1ee5 \u0111\u1ec1<\/li>\n<p>. <\/p>\n<li>VI\u1ec6C S\u1eec D\u1ee4NG C\u00c1C B\u1ed8 L\u1eccC. Th\u1eed nghi\u1ec7m v\u1edbi \u0111\u1ed9 s\u1eafc n\u00e9t, h\u1ecda ti\u1ebft, hi\u1ec7u \u1ee9ng m\u1eaft c\u00e1 v\u00e0 c\u00e1c b\u1ed9 l\u1ecdc chuy\u00ean nghi\u1ec7p kh\u00e1c \u0111\u1ec3 t\u00f4 \u0111i\u1ec3m cho h\u00ecnh \u1ea3nh.<\/li>\n<li>C\u1ea2I THI\u1ec6N CH\u1ea4T L\u01af\u1ee2NG T\u1ef0 \u0110\u1ed8NG B\u1eb0NG AI. C\u1ea3i thi\u1ec7n ch\u1ea5t l\u01b0\u1ee3ng \u1ea3nh v\u00e0 video ch\u1ec9 b\u1eb1ng m\u1ed9t l\u1ea7n ch\u1ea1m &#8211; b\u1ea1n nh\u1ea5n n\u00fat v\u00e0 m\u1ea1ng th\u1ea7n kinh s\u1ebd th\u1ef1c hi\u1ec7n ph\u1ea7n c\u00f2n l\u1ea1i cho<\/li>\n<\/ul>\n<p> b\u1ea1n! <\/p>\n<p><b>N\u1ebfu b\u1ea1n \u0111ang t\u00ecm ki\u1ebfm m\u1ed9t tr\u00ecnh chuy\u1ec3n \u0111\u1ed5i \u0111a ph\u01b0\u01a1ng ti\u1ec7n t\u1ea5t c\u1ea3 trong m\u1ed9t, h\u00e3y th\u1eed Movavi Video Converter!<\/b> Ch\u01b0\u01a1ng tr\u00ecnh n\u00e0y s\u1ebd gi\u00fap b\u1ea1n gi\u1ea3i quy\u1ebft m\u1ecdi v\u1ea5n \u0111\u1ec1 li\u00ean quan \u0111\u1ebfn vi\u1ec7c thay \u0111\u1ed5i k\u00edch th\u01b0\u1edbc t\u1ec7p ho\u1eb7c chuy\u1ec3n \u0111\u1ed5i ch\u00fang sang \u0111\u1ecbnh d\u1ea1ng kh\u00e1c<\/p>\n<p>. <\/p>\n<p>Phi\u00ean b\u1ea3n Mac<\/p>\n<\/div>","protected":false},"excerpt":{"rendered":"<p><strong>Movavi Video Converter l\u00e0 m\u1ed9t tr\u00ecnh chuy\u1ec3n \u0111\u1ed5i<\/strong> ph\u01b0\u01a1ng ti\u1ec7n nhanh ch\u00f3ng v\u00e0 m\u1ea1nh m\u1ebd. Trong ch\u01b0\u01a1ng tr\u00ecnh, b\u1ea1n s\u1ebd t\u00ecm th\u1ea5y m\u1ecdi th\u1ee9 b\u1ea1n c\u1ea7n \u0111\u1ec3 chuy\u1ec3n \u0111\u1ed5i v\u00e0 sau \u0111\u00f3 x\u1eed l\u00fd c\u00e1c t\u1ec7p video, \u00e2m thanh v\u00e0 \u0111\u1ed3 h\u1ecda. &#8211; Chuy\u1ec3n \u0111\u1ed5i t\u1ec7p ph\u01b0\u01a1ng ti\u1ec7n sang h\u01a1n<\/p>\n<p> 180 \u0111\u1ecbnh d\u1ea1ng.<\/p>","protected":false},"featured_media":38705,"comment_status":"closed","ping_status":"closed","template":"","meta":[],"pwb-brand":[],"product_cat":[2921],"product_tag":[3346],"class_list":{"0":"post-38704","1":"product","2":"type-product","3":"status-publish","4":"has-post-thumbnail","6":"product_cat-converters-and-encoders","7":"product_tag-movavi","9":"first","10":"instock","11":"shipping-taxable","12":"product-type-simple"},"brands":[],"_links":{"self":[{"href":"https:\/\/azsoft.com\/ru\/wp-json\/wp\/v2\/product\/38704","targetHints":{"allow":["GET"]}}],"collection":[{"href":"https:\/\/azsoft.com\/ru\/wp-json\/wp\/v2\/product"}],"about":[{"href":"https:\/\/azsoft.com\/ru\/wp-json\/wp\/v2\/types\/product"}],"replies":[{"embeddable":true,"href":"https:\/\/azsoft.com\/ru\/wp-json\/wp\/v2\/comments?post=38704"}],"wp:featuredmedia":[{"embeddable":true,"href":"https:\/\/azsoft.com\/ru\/wp-json\/wp\/v2\/media\/38705"}],"wp:attachment":[{"href":"https:\/\/azsoft.com\/ru\/wp-json\/wp\/v2\/media?parent=38704"}],"wp:term":[{"taxonomy":"pwb-brand","embeddable":true,"href":"https:\/\/azsoft.com\/ru\/wp-json\/wp\/v2\/pwb-brand?post=38704"},{"taxonomy":"product_cat","embeddable":true,"href":"https:\/\/azsoft.com\/ru\/wp-json\/wp\/v2\/product_cat?post=38704"},{"taxonomy":"product_tag","embeddable":true,"href":"https:\/\/azsoft.com\/ru\/wp-json\/wp\/v2\/product_tag?post=38704"}],"curies":[{"name":"wp","href":"https:\/\/api.w.org\/{rel}","templated":true}]}}