{"id":34609,"date":"2024-07-29T09:05:30","date_gmt":"2024-07-29T02:05:30","guid":{"rendered":"http:\/\/azsoft.com\/-product-\/uncategorized\/sender-based-routing-for-exchange-server\/"},"modified":"2024-07-29T09:05:35","modified_gmt":"2024-07-29T02:05:35","slug":"sender-based-routing-for-exchange-server","status":"publish","type":"product","link":"https:\/\/azsoft.com\/ru\/-product-\/phan-mem\/phan-mem-lap-trinh\/cong-cu-lap-trinh\/sender-based-routing-for-exchange-server\/","title":{"rendered":"Sender Based Routing for Exchange Server"},"content":{"rendered":"<table class=\"data table additional-attributes table1\" id=\"product-attribute-specs-table\">\n<caption class=\"table-caption\">\u0411\u043e\u043b\u044c\u0448\u0435 \u0438\u043d\u0444\u043e\u0440\u043c\u0430\u0446\u0438\u0438<\/caption>\n<tbody>\n<tr>\n<th class=\"col label\" scope=\"row\">\u0424\u0438\u0440\u043c\u0430<\/th>\n<td class=\"col data\" data-th=\"H\u00e3ng\">AdminSystem Software<\/td>\n<\/tr>\n<tr>\n<th class=\"col label\" scope=\"row\">\u0424\u043e\u0440\u043c\u0430 \u043b\u0438\u0446\u0435\u043d\u0437\u0438\u0440\u043e\u0432\u0430\u043d\u0438\u044f<\/th>\n<td class=\"col data\" data-th=\"H\u00ecnh th\u1ee9c c\u1ea5p ph\u00e9p\">\u041b\u0438\u0446\u0435\u043d\u0437\u0438\u044f<\/td>\n<\/tr>\n<tr>\n<th class=\"col label\" scope=\"row\">\u0421\u0435\u0433\u043c\u0435\u043d\u0442\u0430\u0446\u0438\u044f \u043a\u043b\u0438\u0435\u043d\u0442\u043e\u0432<\/th>\n<td class=\"col data\" data-th=\"Ph\u00e2n kh\u00fac kh\u00e1ch h\u00e0ng\">\u0421\u041c\u0411<\/td>\n<\/tr>\n<tr>\n<th class=\"col label\" scope=\"row\">\u0422\u0438\u043f \u0440\u0435\u0433\u0438\u0441\u0442\u0440\u0430\u0446\u0438\u0438<\/th>\n<td class=\"col data\" data-th=\"Lo\u1ea1i h\u00ecnh \u0111\u0103ng k\u00fd\">\u043d\u0430\u0432\u0441\u0435\u0433\u0434\u0430<\/td>\n<\/tr>\n<tr>\n<th class=\"col label\" scope=\"row\">\u0421\u0442\u0430\u0442\u0443\u0441 \u0442\u043e\u0432\u0430\u0440\u0430<\/th>\n<td class=\"col data\" data-th=\"Tr\u1ea1ng th\u00e1i h\u00e0ng\">\u0427\u0443\u043b\u043e\u043a<\/td>\n<\/tr>\n<\/tbody>\n<\/table>\n<table class=\"data table additional-attributes table1\" id=\"product-attribute-specs-table\">\n<caption class=\"table-caption\">\u0411\u043e\u043b\u044c\u0448\u0435 \u0438\u043d\u0444\u043e\u0440\u043c\u0430\u0446\u0438\u0438<\/caption>\n<tbody>\n<tr>\n<th class=\"col label\" scope=\"row\">\u0424\u0438\u0440\u043c\u0430<\/th>\n<td class=\"col data\" data-th=\"H\u00e3ng\">AdminSystem Software<\/td>\n<\/tr>\n<tr>\n<th class=\"col label\" scope=\"row\">\u0424\u043e\u0440\u043c\u0430 \u043b\u0438\u0446\u0435\u043d\u0437\u0438\u0440\u043e\u0432\u0430\u043d\u0438\u044f<\/th>\n<td class=\"col data\" data-th=\"H\u00ecnh th\u1ee9c c\u1ea5p ph\u00e9p\">\u041b\u0438\u0446\u0435\u043d\u0437\u0438\u044f<\/td>\n<\/tr>\n<tr>\n<th class=\"col label\" scope=\"row\">\u0421\u0435\u0433\u043c\u0435\u043d\u0442\u0430\u0446\u0438\u044f \u043a\u043b\u0438\u0435\u043d\u0442\u043e\u0432<\/th>\n<td class=\"col data\" data-th=\"Ph\u00e2n kh\u00fac kh\u00e1ch h\u00e0ng\">\u0421\u041c\u0411<\/td>\n<\/tr>\n<tr>\n<th class=\"col label\" scope=\"row\">\u0422\u0438\u043f \u0440\u0435\u0433\u0438\u0441\u0442\u0440\u0430\u0446\u0438\u0438<\/th>\n<td class=\"col data\" data-th=\"Lo\u1ea1i h\u00ecnh \u0111\u0103ng k\u00fd\">\u043d\u0430\u0432\u0441\u0435\u0433\u0434\u0430<\/td>\n<\/tr>\n<tr>\n<th class=\"col label\" scope=\"row\">\u0421\u0442\u0430\u0442\u0443\u0441 \u0442\u043e\u0432\u0430\u0440\u0430<\/th>\n<td class=\"col data\" data-th=\"Tr\u1ea1ng th\u00e1i h\u00e0ng\">\u0427\u0443\u043b\u043e\u043a<\/td>\n<\/tr>\n<\/tbody>\n<\/table>","protected":false},"excerpt":{"rendered":"<table class=\"table-attributes table2\">\n<tbody>\n<tr>\n<th scope=\"row\">\u0424\u0438\u0440\u043c\u0430<\/th>\n<td data-th=\"H\u00e3ng\">\n                                            AdminSystem Software                                          <\/td>\n<\/tr>\n<tr>\n<th scope=\"row\">\u0424\u043e\u0440\u043c\u0430 \u043b\u0438\u0446\u0435\u043d\u0437\u0438\u0440\u043e\u0432\u0430\u043d\u0438\u044f<\/th>\n<td data-th=\"H\u00ecnh th\u1ee9c c\u1ea5p ph\u00e9p\">\n                                            \u041b\u0438\u0446\u0435\u043d\u0437\u0438\u044f                                          <\/td>\n<\/tr>\n<tr>\n<th scope=\"row\">\u0421\u0435\u0433\u043c\u0435\u043d\u0442\u0430\u0446\u0438\u044f \u043a\u043b\u0438\u0435\u043d\u0442\u043e\u0432<\/th>\n<td data-th=\"Ph\u00e2n kh\u00fac kh\u00e1ch h\u00e0ng\">\n                                            \u0421\u041c\u0411                                          <\/td>\n<\/tr>\n<tr>\n<th scope=\"row\">\u0422\u0438\u043f \u0440\u0435\u0433\u0438\u0441\u0442\u0440\u0430\u0446\u0438\u0438<\/th>\n<td data-th=\"Lo\u1ea1i h\u00ecnh \u0111\u0103ng k\u00fd\">\n                                            \u043d\u0430\u0432\u0441\u0435\u0433\u0434\u0430                                          <\/td>\n<\/tr>\n<tr>\n<th scope=\"row\">\u0421\u0442\u0430\u0442\u0443\u0441 \u0442\u043e\u0432\u0430\u0440\u0430<\/th>\n<td data-th=\"Tr\u1ea1ng th\u00e1i h\u00e0ng\">\n<p>            <span class=\"tit\"><i class=\"porto-icon-ok\"><\/i> \u0427\u0443\u043b\u043e\u043a<\/span><\/p>\n<\/td>\n<\/tr>\n<\/tbody>\n<\/table>","protected":false},"featured_media":34610,"comment_status":"closed","ping_status":"closed","template":"","meta":[],"pwb-brand":[],"product_cat":[3085],"product_tag":[],"class_list":{"0":"post-34609","1":"product","2":"type-product","3":"status-publish","4":"has-post-thumbnail","6":"product_cat-cong-cu-lap-trinh","8":"first","9":"instock","10":"shipping-taxable","11":"product-type-simple"},"brands":[],"_links":{"self":[{"href":"https:\/\/azsoft.com\/ru\/wp-json\/wp\/v2\/product\/34609","targetHints":{"allow":["GET"]}}],"collection":[{"href":"https:\/\/azsoft.com\/ru\/wp-json\/wp\/v2\/product"}],"about":[{"href":"https:\/\/azsoft.com\/ru\/wp-json\/wp\/v2\/types\/product"}],"replies":[{"embeddable":true,"href":"https:\/\/azsoft.com\/ru\/wp-json\/wp\/v2\/comments?post=34609"}],"wp:featuredmedia":[{"embeddable":true,"href":"https:\/\/azsoft.com\/ru\/wp-json\/wp\/v2\/media\/34610"}],"wp:attachment":[{"href":"https:\/\/azsoft.com\/ru\/wp-json\/wp\/v2\/media?parent=34609"}],"wp:term":[{"taxonomy":"pwb-brand","embeddable":true,"href":"https:\/\/azsoft.com\/ru\/wp-json\/wp\/v2\/pwb-brand?post=34609"},{"taxonomy":"product_cat","embeddable":true,"href":"https:\/\/azsoft.com\/ru\/wp-json\/wp\/v2\/product_cat?post=34609"},{"taxonomy":"product_tag","embeddable":true,"href":"https:\/\/azsoft.com\/ru\/wp-json\/wp\/v2\/product_tag?post=34609"}],"curies":[{"name":"wp","href":"https:\/\/api.w.org\/{rel}","templated":true}]}}