{"id":21786,"date":"2024-07-11T19:14:15","date_gmt":"2024-07-11T12:14:15","guid":{"rendered":"http:\/\/azsoft.com\/-product-\/uncategorized\/phan-mem-symantec-endpoint-encryption-additional-quantity-subscription-license-with-support-25-49-devices-1-yr-see-add-25-49-1y-b\/"},"modified":"2024-07-13T21:22:17","modified_gmt":"2024-07-13T14:22:17","slug":"phan-mem-symantec-endpoint-encryption-additional-quantity-subscription-license-with-support-25-49-devices-1-yr-see-add-25-49-1y-b","status":"publish","type":"product","link":"https:\/\/azsoft.com\/ru\/-product-\/phan-mem\/phan-mem-bao-mat\/phan-mem-ma-hoa\/phan-mem-symantec-endpoint-encryption-additional-quantity-subscription-license-with-support-25-49-devices-1-yr-see-add-25-49-1y-b\/","title":{"rendered":"Ph\u1ea7n m\u1ec1m Symantec Endpoint Encryption, Additional Quantity Subscription License with Support, 25-49 Devices 1 YR (SEE-ADD-25-49-1Y-B)"},"content":{"rendered":"<div class=\"additional-attributes-wrapper table-wrapper\">\n<table class=\"data table additional-attributes table1\" id=\"product-attribute-specs-table\">\n<caption class=\"table-caption\">\u0411\u043e\u043b\u044c\u0448\u0435 \u0438\u043d\u0444\u043e\u0440\u043c\u0430\u0446\u0438\u0438<\/caption>\n<tbody>\n<tr>\n<th class=\"col label\" scope=\"row\">\u0424\u0438\u0440\u043c\u0430<\/th>\n<td class=\"col data\" data-th=\"H\u00e3ng\">\u0421\u0438\u043c\u0430\u043d\u0442\u0435\u043a<\/td>\n<\/tr>\n<tr>\n<th class=\"col label\" scope=\"row\">Product Line<\/th>\n<td class=\"col data\" data-th=\"Product Line\">Symantec Advanced Threat Protection<\/td>\n<\/tr>\n<tr>\n<th class=\"col label\" scope=\"row\">\u0424\u043e\u0440\u043c\u0430 \u043b\u0438\u0446\u0435\u043d\u0437\u0438\u0440\u043e\u0432\u0430\u043d\u0438\u044f<\/th>\n<td class=\"col data\" data-th=\"H\u00ecnh th\u1ee9c c\u1ea5p ph\u00e9p\">\u041b\u0438\u0446\u0435\u043d\u0437\u0438\u044f<\/td>\n<\/tr>\n<tr>\n<th class=\"col label\" scope=\"row\">\u0421\u0435\u0433\u043c\u0435\u043d\u0442\u0430\u0446\u0438\u044f \u043a\u043b\u0438\u0435\u043d\u0442\u043e\u0432<\/th>\n<td class=\"col data\" data-th=\"Ph\u00e2n kh\u00fac kh\u00e1ch h\u00e0ng\">\u0421\u041c\u0411<\/td>\n<\/tr>\n<tr>\n<th class=\"col label\" scope=\"row\">\u0422\u0438\u043f \u0440\u0435\u0433\u0438\u0441\u0442\u0440\u0430\u0446\u0438\u0438<\/th>\n<td class=\"col data\" data-th=\"Lo\u1ea1i h\u00ecnh \u0111\u0103ng k\u00fd\">\u041f\u043e\u0434\u043f\u0438\u0441\u0430\u0442\u044c\u0441\u044f<\/td>\n<\/tr>\n<tr>\n<th class=\"col label\" scope=\"row\">\u0423\u0441\u0442\u0430\u043d\u043e\u0432\u043a\u0430 \u0441\u0438\u0441\u0442\u0435\u043c\u044b<\/th>\n<td class=\"col data\" data-th=\"C\u00e0i \u0111\u1eb7t h\u1ec7 th\u1ed1ng\">\u041a\u043b\u0438\u0435\u043d\u0442<\/td>\n<\/tr>\n<tr>\n<th class=\"col label\" scope=\"row\">\u0421\u0442\u0430\u0442\u0443\u0441 \u0442\u043e\u0432\u0430\u0440\u0430<\/th>\n<td class=\"col data\" data-th=\"Tr\u1ea1ng th\u00e1i h\u00e0ng\">\u0427\u0443\u043b\u043e\u043a<\/td>\n<\/tr>\n<\/tbody>\n<\/table><\/div>","protected":false},"excerpt":{"rendered":"<table class=\"table-attributes table2\">\n<tbody>\n<tr>\n<th scope=\"row\">\u0424\u0438\u0440\u043c\u0430<\/th>\n<td data-th=\"H\u00e3ng\">\n                                            \u0421\u0438\u043c\u0430\u043d\u0442\u0435\u043a                                          <\/td>\n<\/tr>\n<tr>\n<th scope=\"row\">Product Line<\/th>\n<td data-th=\"Product Line\">\n                                            Symantec Advanced Threat Protection                                          <\/td>\n<\/tr>\n<tr>\n<th scope=\"row\">\u0424\u043e\u0440\u043c\u0430 \u043b\u0438\u0446\u0435\u043d\u0437\u0438\u0440\u043e\u0432\u0430\u043d\u0438\u044f<\/th>\n<td data-th=\"H\u00ecnh th\u1ee9c c\u1ea5p ph\u00e9p\">\n                                            \u041b\u0438\u0446\u0435\u043d\u0437\u0438\u044f                                          <\/td>\n<\/tr>\n<tr>\n<th scope=\"row\">\u0421\u0435\u0433\u043c\u0435\u043d\u0442\u0430\u0446\u0438\u044f \u043a\u043b\u0438\u0435\u043d\u0442\u043e\u0432<\/th>\n<td data-th=\"Ph\u00e2n kh\u00fac kh\u00e1ch h\u00e0ng\">\n                                            \u0421\u041c\u0411                                          <\/td>\n<\/tr>\n<tr>\n<th scope=\"row\">\u0422\u0438\u043f \u0440\u0435\u0433\u0438\u0441\u0442\u0440\u0430\u0446\u0438\u0438<\/th>\n<td data-th=\"Lo\u1ea1i h\u00ecnh \u0111\u0103ng k\u00fd\">\n                                            \u041f\u043e\u0434\u043f\u0438\u0441\u0430\u0442\u044c\u0441\u044f                                          <\/td>\n<\/tr>\n<tr>\n<th scope=\"row\">\u0423\u0441\u0442\u0430\u043d\u043e\u0432\u043a\u0430 \u0441\u0438\u0441\u0442\u0435\u043c\u044b<\/th>\n<td data-th=\"C\u00e0i \u0111\u1eb7t h\u1ec7 th\u1ed1ng\">\n                                            \u041a\u043b\u0438\u0435\u043d\u0442                                          <\/td>\n<\/tr>\n<tr>\n<th scope=\"row\">\u0421\u0442\u0430\u0442\u0443\u0441 \u0442\u043e\u0432\u0430\u0440\u0430<\/th>\n<td data-th=\"Tr\u1ea1ng th\u00e1i h\u00e0ng\">\n<p>            <span class=\"tit\"><i class=\"porto-icon-ok\"><\/i> \u0427\u0443\u043b\u043e\u043a<\/span><\/p>\n<\/td>\n<\/tr>\n<\/tbody>\n<\/table>","protected":false},"featured_media":21787,"comment_status":"closed","ping_status":"closed","template":"","meta":[],"pwb-brand":[4062],"product_cat":[3051],"product_tag":[25,3790],"class_list":{"0":"post-21786","1":"product","2":"type-product","3":"status-publish","4":"has-post-thumbnail","6":"pwb-brand-symantec","7":"product_cat-phan-mem-ma-hoa","8":"product_tag-man","9":"product_tag-subscription-license-with-support","11":"first","12":"instock","13":"shipping-taxable","14":"product-type-simple"},"brands":[{"id":4062,"name":"Symantec","slug":"symantec"}],"_links":{"self":[{"href":"https:\/\/azsoft.com\/ru\/wp-json\/wp\/v2\/product\/21786","targetHints":{"allow":["GET"]}}],"collection":[{"href":"https:\/\/azsoft.com\/ru\/wp-json\/wp\/v2\/product"}],"about":[{"href":"https:\/\/azsoft.com\/ru\/wp-json\/wp\/v2\/types\/product"}],"replies":[{"embeddable":true,"href":"https:\/\/azsoft.com\/ru\/wp-json\/wp\/v2\/comments?post=21786"}],"wp:featuredmedia":[{"embeddable":true,"href":"https:\/\/azsoft.com\/ru\/wp-json\/wp\/v2\/media\/21787"}],"wp:attachment":[{"href":"https:\/\/azsoft.com\/ru\/wp-json\/wp\/v2\/media?parent=21786"}],"wp:term":[{"taxonomy":"pwb-brand","embeddable":true,"href":"https:\/\/azsoft.com\/ru\/wp-json\/wp\/v2\/pwb-brand?post=21786"},{"taxonomy":"product_cat","embeddable":true,"href":"https:\/\/azsoft.com\/ru\/wp-json\/wp\/v2\/product_cat?post=21786"},{"taxonomy":"product_tag","embeddable":true,"href":"https:\/\/azsoft.com\/ru\/wp-json\/wp\/v2\/product_tag?post=21786"}],"curies":[{"name":"wp","href":"https:\/\/api.w.org\/{rel}","templated":true}]}}