{"id":17600,"date":"2024-07-11T02:32:25","date_gmt":"2024-07-10T19:32:25","guid":{"rendered":"http:\/\/azsoft.com\/-product-\/uncategorized\/giai-ma-dvcprohd-q-da-hieu-chuan\/"},"modified":"2024-07-15T11:53:42","modified_gmt":"2024-07-15T04:53:42","slug":"giai-ma-dvcprohd-q-da-hieu-chuan","status":"publish","type":"product","link":"https:\/\/azsoft.com\/ru\/-product-\/phan-mem\/multimedia\/converters-and-encoders\/giai-ma-dvcprohd-q-da-hieu-chuan\/","title":{"rendered":"Gi\u1ea3i m\u00e3 DVCProHD {Q} \u0111\u00e3 hi\u1ec7u chu\u1ea9n"},"content":{"rendered":"<div class=\"b-product__description_text\">\n<p><strong>Hi\u1ec7u ch\u1ec9nh {Q} DVCProHD Decode l\u00e0 m\u1ed9t codec VCProHD QuickTime \u0111a lu\u1ed3ng (ch\u1ec9 gi\u1ea3i m\u00e3) cho ph\u00e9p b\u1ea1n xem v\u00e0 s\u1eed d\u1ee5ng c\u00e1c t\u1ec7p QuickTime DVCProHD<\/strong> MOV trong QuickTime Player v\u00e0 c\u00e1c \u1ee9ng d\u1ee5ng h\u1ed7 tr\u1ee3 QuickTime c\u1ee7a b\u00ean th\u1ee9 ba kh\u00e1c.<\/p>\n<p>Khi <strong>Calibrated {Q} DVCProHD Decode ho\u1ea1t \u0111\u1ed9ng v\u1edbi Calibrated {Q}<\/strong> <strong>MXF Import, ng\u01b0\u1eddi d\u00f9ng c\u00f3 th\u1ec3 ph\u00e1t c\u00e1c t\u1ec7p P2 DVCProHD v\u00e0 ch\u1ecdn t\u1ec7p OP1a DVCProHD<\/strong> MXF trong QuickTime Player ho\u1eb7c CatDV. Gi\u1ea3i ph\u00e1p n\u00e0y c\u0169ng cho ph\u00e9p b\u1ea1n b\u1eadt v\u00e0 t\u1eaft hi\u1ec7u ch\u1ec9nh gamma trong QuickTime v\u00e0 ki\u1ec3m so\u00e1t nhi\u1ec1u t\u00f9y ch\u1ecdn m\u00e0u kh\u00e1c trong \u1ee9ng d\u1ee5ng Calibrated {Q} DVC<\/p>\n<p> ProHD Options. <\/p>\n<p><strong>T\u00ednh n\u0103ng gi\u1ea3i m\u00e3 {Q} DVCProHD \u0111\u00e3 hi\u1ec7u ch\u1ec9nh: Hi\u1ec3n th\u1ecb v\u00e0 s\u1eed d\u1ee5ng c\u00e1c t\u1ec7p Apple DVCProHD v\u00e0 Avid DVCProHD<\/strong><\/p>\n<p> QuickTime MOV trong Quick <\/p>\n<ul>\n<li>Time Player v\u00e0 c\u00e1c \u1ee9ng d\u1ee5ng kh\u00e1c h\u1ed7 tr\u1ee3 QuickTime<\/li>\n<p>. <\/p>\n<li>Chuy\u1ec3n \u0111\u1ed5i YUV sang SMPTE (16,235) RGB ho\u1eb7c Full Range (0.255) RGB.<\/li>\n<li>T\u00f9y ch\u1ecdn gamma.<\/li>\n<li>T\u00f9y ch\u1ecdn ch\u1ea5t l\u01b0\u1ee3ng.<\/li>\n<\/ul>\n<\/div>","protected":false},"excerpt":{"rendered":"<p>Ph\u1ea7n m\u1ec1m gi\u1ea3i m\u00e3 DVCProHD \u0111\u01b0\u1ee3c hi\u1ec7u ch\u1ec9nh {Q} l\u00e0 m\u1ed9t codec VCProHD QuickTime \u0111a lu\u1ed3ng (ch\u1ec9 gi\u1ea3i m\u00e3) cho ph\u00e9p b\u1ea1n xem v\u00e0 s\u1eed d\u1ee5ng c\u00e1c t\u1ec7p QuickTime DVCProHD MOV trong QuickTime Player v\u00e0 c\u00e1c \u1ee9ng d\u1ee5ng h\u1ed7 tr\u1ee3 QuickTime c\u1ee7a b\u00ean th\u1ee9 ba kh\u00e1c.<\/p>","protected":false},"featured_media":17601,"comment_status":"closed","ping_status":"closed","template":"","meta":[],"pwb-brand":[4878],"product_cat":[2921],"product_tag":[3544],"class_list":{"0":"post-17600","1":"product","2":"type-product","3":"status-publish","4":"has-post-thumbnail","6":"pwb-brand-calibrated-software-inc","7":"product_cat-converters-and-encoders","8":"product_tag-phan-mem-hieu-chinh-inc","10":"first","11":"instock","12":"shipping-taxable","13":"product-type-simple"},"brands":[{"id":4878,"name":"Calibrated Software Inc.","slug":"calibrated-software-inc"}],"_links":{"self":[{"href":"https:\/\/azsoft.com\/ru\/wp-json\/wp\/v2\/product\/17600","targetHints":{"allow":["GET"]}}],"collection":[{"href":"https:\/\/azsoft.com\/ru\/wp-json\/wp\/v2\/product"}],"about":[{"href":"https:\/\/azsoft.com\/ru\/wp-json\/wp\/v2\/types\/product"}],"replies":[{"embeddable":true,"href":"https:\/\/azsoft.com\/ru\/wp-json\/wp\/v2\/comments?post=17600"}],"wp:featuredmedia":[{"embeddable":true,"href":"https:\/\/azsoft.com\/ru\/wp-json\/wp\/v2\/media\/17601"}],"wp:attachment":[{"href":"https:\/\/azsoft.com\/ru\/wp-json\/wp\/v2\/media?parent=17600"}],"wp:term":[{"taxonomy":"pwb-brand","embeddable":true,"href":"https:\/\/azsoft.com\/ru\/wp-json\/wp\/v2\/pwb-brand?post=17600"},{"taxonomy":"product_cat","embeddable":true,"href":"https:\/\/azsoft.com\/ru\/wp-json\/wp\/v2\/product_cat?post=17600"},{"taxonomy":"product_tag","embeddable":true,"href":"https:\/\/azsoft.com\/ru\/wp-json\/wp\/v2\/product_tag?post=17600"}],"curies":[{"name":"wp","href":"https:\/\/api.w.org\/{rel}","templated":true}]}}