{"id":16530,"date":"2024-07-10T22:43:46","date_gmt":"2024-07-10T15:43:46","guid":{"rendered":"http:\/\/azsoft.com\/-product-\/uncategorized\/giam-sat-giao-thong-infowatch\/"},"modified":"2024-07-15T11:44:36","modified_gmt":"2024-07-15T04:44:36","slug":"giam-sat-giao-thong-infowatch","status":"publish","type":"product","link":"https:\/\/azsoft.com\/ru\/-product-\/phan-mem\/russian-software\/antivirus-protection\/giam-sat-giao-thong-infowatch\/","title":{"rendered":"Gi\u00e1m s\u00e1t giao th\u00f4ng InfoWatch"},"content":{"rendered":"<div class=\"b-product__description_text\">\n<p><strong>InfoWatch Traffic Monitor l\u00e0<\/strong> h\u1ec7 th\u1ed1ng DLP th\u1ebf h\u1ec7 ti\u1ebfp theo \u0111\u1ea7u ti\u00ean c\u1ee7a Nga c\u00f3 tr\u00ed tu\u1ec7 nh\u00e2n t\u1ea1o. H\u1ec7 th\u1ed1ng DLP c\u1ee7a Nga \u0111\u01b0\u1ee3c thi\u1ebft k\u1ebf \u0111\u1ec3 b\u1ea3o v\u1ec7 d\u1eef li\u1ec7u c\u1ee7a t\u1ed5 ch\u1ee9c b\u1ea1n kh\u1ecfi r\u00f2 r\u1ec9 v\u00e0 \u0111\u1ea3m b\u1ea3o tu\u00e2n th\u1ee7 c\u00e1c y\u00eau c\u1ea7u quy \u0111\u1ecbnh. H\u1ec7 th\u1ed1ng Traffic Monitor DLP ho\u00e0n to\u00e0n tu\u00e2n th\u1ee7 c\u00e1c<\/p>\n<p> y\u00eau c\u1ea7u thay th\u1ebf nh\u1eadp kh\u1ea9u.<\/p>\n<p><strong>InfoWatch Traffic Monitor<\/strong> gi\u1ea3i quy\u1ebft nhi\u1ec1u nhi\u1ec7m v\u1ee5 h\u01a1n so v\u1edbi DLP truy\u1ec1n th\u1ed1ng. Ngo\u00e0i vi\u1ec7c ng\u0103n ch\u1eb7n vi\u1ec7c chuy\u1ec3n giao th\u00f4ng tin b\u00ed m\u1eadt b\u00ean ngo\u00e0i h\u1ec7 th\u1ed1ng th\u00f4ng tin c\u1ee7a t\u1ed5 ch\u1ee9c, h\u1ec7 th\u1ed1ng DLP trong n\u01b0\u1edbc th\u1ebf h\u1ec7 ti\u1ebfp theo gi\u00fap x\u00e1c \u0111\u1ecbnh r\u1ee7i ro v\u00e0 ng\u0103n ng\u1eeba s\u1ef1 c\u1ed1 b\u1ea3o m\u1eadt th\u00f4ng tin, \u0111\u1ed3ng th\u1eddi b\u00e1o hi\u1ec7u h\u00e0nh vi b\u1ea5t th\u01b0\u1eddng. Ngo\u00e0i ra, h\u1ec7 th\u1ed1ng DLP trong n\u01b0\u1edbc th\u1ebf h\u1ec7 ti\u1ebfp theo cho ph\u00e9p b\u1ea1n theo d\u00f5i ho\u1ea1t \u0111\u1ed9ng c\u00f4ng vi\u1ec7c c\u1ee7a nh\u00e2n vi\u00ean, cung c\u1ea5p cho ban qu\u1ea3n l\u00fd d\u1eef li\u1ec7u v\u1ec1 s\u1ef1 t\u01b0\u01a1ng t\u00e1c c\u1ee7a nh\u00e2n vi\u00ean m\u1ed9t c\u00e1ch d\u1ec5 hi\u1ec3u v\u00e0 r\u00f5 r\u00e0ng, \u0111\u1ed3ng th\u1eddi cho ph\u00e9p b\u1ea1n qu\u1ea3n l\u00fd quy\u1ec1n truy c\u1eadp c\u1ee7a nh\u00e2n vi\u00ean v\u00e0o c\u00e1c t\u00e0i nguy\u00ean k\u1ef9 thu\u1eadt s\u1ed1. H\u1ec7 th\u1ed1ng DLP trong n\u01b0\u1edbc, \u0111\u01b0\u1ee3c t\u00edch h\u1ee3p v\u00e0o m\u00f4i tr\u01b0\u1eddng c\u00f4ng ty k\u1ef9 thu\u1eadt s\u1ed1, cung c\u1ea5p b\u1ea3o v\u1ec7 d\u1eef li\u1ec7u t\u1ed1i \u0111a khi \u0111\u1ed1i m\u1eb7t v\u1edbi qu\u00e1 tr\u00ecnh chuy\u1ec3n \u0111\u1ed5i quy m\u00f4 l\u1edbn sang<\/p>\n<p> ph\u1ea7n m\u1ec1m trong n\u01b0\u1edbc.<\/p>\n<p><strong>C\u00e1c t\u00ednh n\u0103ng c\u1ee7a InfoWatch Traffic Monitor:<\/strong><\/p>\n<ul>\n<li>Ki\u1ec3m so\u00e1t lu\u1ed3ng th\u00f4ng tin v\u00e0 ng\u0103n ch\u1eb7n c\u00e1c h\u00e0nh \u0111\u1ed9ng b\u1ea5t h\u1ee3p ph\u00e1p v\u1edbi th\u00f4ng tin.<\/li>\n<li>X\u00e1c \u0111\u1ecbnh nh\u00e2n vi\u00ean kh\u00f4ng trung th\u00e0nh v\u00e0 gi\u00e1m s\u00e1t h\u00e0nh \u0111\u1ed9ng c\u1ee7a ng\u01b0\u1eddi d\u00f9ng \u0111\u1eb7c quy\u1ec1n.<\/li>\n<li>H\u1ec7 th\u1ed1ng DCAP. Ki\u1ec3m to\u00e1n l\u01b0u tr\u1eef d\u1eef li\u1ec7u tr\u00ean t\u00e0i nguy\u00ean t\u1ec7p c\u1ee7a t\u1ed5 ch\u1ee9c<\/li>\n<p>. <\/p>\n<li>H\u1ec7 th\u1ed1ng BI \u0111\u1ec3 ph\u00e2n t\u00edch c\u00e1c s\u1ef1 ki\u1ec7n DLP. T\u0103ng t\u1ed1c \u0111\u1ed9 \u0111i\u1ec1u tra l\u00ean 3-4 l\u1ea7n.<\/li>\n<li>H\u1ec7 th\u1ed1ng UBA d\u1ef1a tr\u00ean c\u00f4ng ngh\u1ec7 tr\u00ed tu\u1ec7 nh\u00e2n t\u1ea1o. Ph\u00e2n t\u00edch d\u1ef1 \u0111o\u00e1n d\u1eef li\u1ec7u h\u1ec7 th\u1ed1ng DLP \u0111\u1ec3<\/li>\n<p> d\u1ef1 \u0111o\u00e1n r\u1ee7i ro b\u1ea3o m\u1eadt th\u00f4ng tin<\/ul>\n<p>. <\/p>\n<li>Tu\u00e2n th\u1ee7 c\u00e1c y\u00eau c\u1ea7u quy \u0111\u1ecbnh.<\/li>\n<p><strong>T\u1ea1i sao InfoWatch Traffic Monitor b\u1ea3o v\u1ec7 d\u1eef li\u1ec7u t\u1ed1t h\u01a1n c\u00e1c h\u1ec7 th\u1ed1ng DLP kh\u00e1c?<\/strong><\/p>\n<ul>\n<li>KH\u00d4NG C\u00d3 \u0110I\u1ec2M M\u00d9. 100% t\u00e0i li\u1ec7u c\u1ee7a c\u00f4ng ty, nh\u1eefng t\u00e0i li\u1ec7u \u0111\u01b0\u1ee3c l\u01b0u tr\u1eef v\u00e0 nh\u1eefng t\u00e0i li\u1ec7u \u0111\u01b0\u1ee3c chuy\u1ec3n giao, \u0111\u1ec1u n\u1eb1m trong t\u1ea7m nh\u00ecn. Ho\u00e0n to\u00e0n t\u1ea5t c\u1ea3 d\u1eef li\u1ec7u \u0111\u01b0\u1ee3c ph\u00e2n lo\u1ea1i t\u1ef1 \u0111\u1ed9ng g\u1ecdn g\u00e0ng b\u1eb1ng c\u00f4ng ngh\u1ec7 h\u1ecdc m\u00e1y, v\u00ec v\u1eady b\u1ea1n c\u00f3 th\u1ec3 \u0111\u1eb7t ch\u00ednh s\u00e1ch b\u1ea3o m\u1eadt cho t\u1ea5t c\u1ea3 c\u00e1c t\u00e0i li\u1ec7u c\u1ea7n b\u1ea3o v\u1ec7<\/li>\n<p>. <\/p>\n<li>PH\u00c2N T\u00cdCH CH\u00cdNH X\u00c1C \u2014 CH\u00daNG TA KH\u00d4NG B\u1ece L\u1ee0 NH\u1eeeNG \u0110I\u1ec0U QUAN TR\u1eccNG, CH\u00daNG TA KH\u00d4NG \u201cB\u1eaeT\u201d NH\u1eeeNG TH\u1ee8 KH\u00d4NG C\u1ea6N THI\u1ebeT. Ch\u1ec9 b\u1eb1ng c\u00e1ch \u0111\u00e0o t\u1ea1o h\u1ec7 th\u1ed1ng ph\u00e2n lo\u1ea1i \u0111\u00fang n\u1ed9i dung \u0111\u1ec3 x\u00e1c \u0111\u1ecbnh ch\u00ednh x\u00e1c li\u1ec7u th\u00f4ng tin c\u00f3 nh\u1ea1y c\u1ea3m hay kh\u00f4ng. B\u1ec1 r\u1ed9ng v\u00e0 chi\u1ec1u s\u00e2u c\u1ee7a c\u00f4ng ngh\u1ec7 ph\u00e2n t\u00edch n\u1ed9i dung InfoWatch l\u00e0 duy nh\u1ea5t. N\u00f3 \u0111\u01b0\u1ee3c b\u1ea3o v\u1ec7 b\u1edfi 25 b\u1eb1ng s\u00e1ng ch\u1ebf<\/li>\n<p>. <\/p>\n<li>CH\u1ee4P T\u1ec6P T\u1eea B\u1ea4T K\u1ef2 \u1ee8NG D\u1ee4NG V\u00c0 L\u01afU TR\u1eee \u0110\u00c1M M\u00c2Y. M\u1ed9t h\u1ec7 th\u1ed1ng thu th\u1eadp t\u1ec7p ph\u1ed5 qu\u00e1t cho ph\u00e9p b\u1ea1n h\u1ed7 tr\u1ee3 ch\u1eb7n c\u00e1c t\u1ec7p \u0111\u00e3 xu\u1ea5t b\u1ea3n th\u00f4ng qua b\u1ea5t k\u1ef3 \u1ee9ng d\u1ee5ng n\u00e0o, bao g\u1ed3m c\u1ea3 nh\u1eefng \u1ee9ng d\u1ee5ng \u0111\u01b0\u1ee3c thi\u1ebft k\u1ebf \u0111\u1eb7c bi\u1ec7t cho nhu c\u1ea7u c\u1ee7a m\u1ed9t c\u00f4ng ty c\u1ee5 th\u1ec3. N\u00f3 kh\u00f4ng ph\u1ee5 thu\u1ed9c v\u00e0o giao th\u1ee9c v\u00e0 c\u00f3 th\u1ec3 \u0111\u01b0\u1ee3c ph\u00e1t tri\u1ec3n nhanh ch\u00f3ng cho b\u1ea5t k\u1ef3 \u1ee9ng d\u1ee5ng n\u00e0o trong v\u00e0i gi\u1edd<\/li>\n<p>. <\/p>\n<li>\u0110I\u1ec0U TRA S\u1ef0 C\u1ed0 NHANH H\u01a0N 3-4 L\u1ea6N (D\u1ef1a tr\u00ean nghi\u00ean c\u1ee9u tr\u1ea3i nghi\u1ec7m kh\u00e1ch h\u00e0ng, InfoWatch, 2022). InfoWatch Vision l\u00e0 m\u1ed9t h\u1ec7 th\u1ed1ng BI cho d\u1eef li\u1ec7u DLP cho ph\u00e9p b\u1ea1n ho\u1ea1t \u0111\u1ed9ng tr\u00ean m\u1ed9t l\u01b0\u1ee3ng l\u1edbn d\u1eef li\u1ec7u m\u1ed9t c\u00e1ch nhanh ch\u00f3ng, chuy\u1ec3n \u0111\u1ed5i gi\u1eefa c\u00e1c ch\u1ebf \u0111\u1ed9 xem kh\u00e1c nhau &#8211; bi\u1ec3u \u0111\u1ed3 m\u1ed1i quan h\u1ec7 v\u00e0 b\u00e1o c\u00e1o th\u1ed1ng k\u00ea &#8211; m\u00e0 kh\u00f4ng l\u00e0m m\u1ea5t b\u1ed1i c\u1ea3nh, thu h\u1eb9p v\u00e0 m\u1edf r\u1ed9ng m\u1eabu \u0111\u1ec3 t\u00ecm ki\u1ebfm s\u1ef1 th\u1eadt, b\u1eb1ng ch\u1ee9ng v\u00e0<\/li>\n<p> th\u00f4ng tin chi ti\u1ebft. <\/p>\n<li>X\u00c1C \u0110\u1ecaNH H\u00c0NH VI \u0110\u00c1NG NG\u1edc, KH\u00d4NG CH\u1ec8 KI\u1ec2M SO\u00c1T R\u00d2 R\u1ec8. T\u01b0\u01a1ng quan, ph\u00e2n t\u00edch v\u00e0 gi\u1ea3i th\u00edch th\u00f4ng tin \u0111\u01b0\u1ee3c thu th\u1eadp b\u1edfi h\u1ec7 th\u1ed1ng DLP gi\u00fap nh\u1eadn th\u1ea5y r\u1ee7i ro s\u1edbm h\u01a1n. Nh\u00e2n vi\u00ean c\u1ee7a c\u00f4ng ty, nh\u1edd nhi\u1ec7m v\u1ee5 c\u1ee7a h\u1ecd, c\u00f3 quy\u1ec1n truy c\u1eadp v\u00e0o th\u00f4ng tin nh\u1ea1y c\u1ea3m. \u0110\u00e2y l\u00e0 l\u00fd do t\u1ea1i sao ch\u00fang c\u00f3 th\u1ec3 g\u00e2y ra thi\u1ec7t h\u1ea1i nghi\u00eam tr\u1ecdng nh\u1ea5t, cho d\u00f9 l\u00e0 do c\u1ed1 \u00fd hay thi\u1ebfu hi\u1ec3u bi\u1ebft. X\u00e1c \u0111\u1ecbnh h\u00e0nh vi \u0111\u00e1ng ng\u1edd c\u1ee7a nh\u00e2n vi\u00ean b\u1eb1ng c\u00e1ch s\u1eed d\u1ee5ng m\u00f4-\u0111un UBA D\u1ef1 \u0111o\u00e1n InfoWatch gi\u00fap d\u1ef1 \u0111o\u00e1n r\u1ee7i ro ch\u01b0a \u0111\u01b0\u1ee3c th\u1ef1c hi\u1ec7n<\/li>\n<p>. <\/p>\n<li>C\u00d4NG VI\u1ec6C \u0110\u00c1NG TIN C\u1eacY TRONG C\u00c1C T\u1ed4 CH\u1ee8C L\u1edaN V\u1edaI &gt;200.000 NG\u01af\u1edcI D\u00d9NG. Kh\u00e1ch h\u00e0ng c\u1ee7a Infowatch bao g\u1ed3m 3.000 c\u00f4ng ty v\u00e0 t\u1ed5 ch\u1ee9c l\u1edbn v\u00e0 r\u1ea5t l\u1edbn v\u1edbi y\u00eau c\u1ea7u cao v\u1ec1 t\u00ednh \u1ed5n \u0111\u1ecbnh c\u1ee7a h\u1ec7 th\u1ed1ng v\u00e0 t\u00ednh li\u00ean t\u1ee5c kinh doanh, kh\u1ea3 n\u0103ng qu\u1ea3n l\u00fd h\u1ec7 th\u1ed1ng trong c\u00e1c t\u1ed5 ch\u1ee9c ph\u00e2n b\u1ed1 theo th\u1ee9 b\u1eadc theo \u0111\u1ecba l\u00fd, ph\u00e2n t\u00e1ch vai tr\u00f2, kh\u1ea3 n\u0103ng ki\u1ec3m so\u00e1t v\u00e0 ki\u1ec3m to\u00e1n. Ki\u1ebfn tr\u00fac h\u1ec7 th\u1ed1ng cung c\u1ea5p kh\u1ea3 n\u0103ng m\u1edf r\u1ed9ng v\u00e0 \u1ed5n \u0111\u1ecbnh ch\u1ee9c n\u0103ng<\/li>\n<\/ul>\n<p>.                <\/p><\/div>","protected":false},"excerpt":{"rendered":"<p>InfoWatch Traffic Monitor l\u00e0 h\u1ec7 th\u1ed1ng DLP th\u1ebf h\u1ec7 ti\u1ebfp theo \u0111\u1ea7u ti\u00ean c\u1ee7a Nga c\u00f3 tr\u00ed tu\u1ec7 nh\u00e2n t\u1ea1o. H\u1ec7 th\u1ed1ng DLP c\u1ee7a Nga \u0111\u01b0\u1ee3c thi\u1ebft k\u1ebf \u0111\u1ec3 b\u1ea3o v\u1ec7 d\u1eef li\u1ec7u c\u1ee7a t\u1ed5 ch\u1ee9c b\u1ea1n kh\u1ecfi r\u00f2 r\u1ec9 v\u00e0 \u0111\u1ea3m b\u1ea3o tu\u00e2n th\u1ee7 c\u00e1c y\u00eau c\u1ea7u quy \u0111\u1ecbnh. H\u1ec7 th\u1ed1ng Traffic Monitor DLP ho\u00e0n to\u00e0n tu\u00e2n th\u1ee7 c\u00e1c<\/p>\n<p> y\u00eau c\u1ea7u thay th\u1ebf nh\u1eadp kh\u1ea9u.<\/p>","protected":false},"featured_media":16531,"comment_status":"closed","ping_status":"closed","template":"","meta":[],"pwb-brand":[4764],"product_cat":[2954],"product_tag":[3480,55,3461],"class_list":{"0":"post-16530","1":"product","2":"type-product","3":"status-publish","4":"has-post-thumbnail","6":"pwb-brand-infowatch","7":"product_cat-antivirus-protection","8":"product_tag-dong-ho-thong-tin","9":"product_tag-run","10":"product_tag-tot","12":"first","13":"instock","14":"shipping-taxable","15":"product-type-simple"},"brands":[{"id":4764,"name":"InfoWatch","slug":"infowatch"}],"_links":{"self":[{"href":"https:\/\/azsoft.com\/ru\/wp-json\/wp\/v2\/product\/16530","targetHints":{"allow":["GET"]}}],"collection":[{"href":"https:\/\/azsoft.com\/ru\/wp-json\/wp\/v2\/product"}],"about":[{"href":"https:\/\/azsoft.com\/ru\/wp-json\/wp\/v2\/types\/product"}],"replies":[{"embeddable":true,"href":"https:\/\/azsoft.com\/ru\/wp-json\/wp\/v2\/comments?post=16530"}],"wp:featuredmedia":[{"embeddable":true,"href":"https:\/\/azsoft.com\/ru\/wp-json\/wp\/v2\/media\/16531"}],"wp:attachment":[{"href":"https:\/\/azsoft.com\/ru\/wp-json\/wp\/v2\/media?parent=16530"}],"wp:term":[{"taxonomy":"pwb-brand","embeddable":true,"href":"https:\/\/azsoft.com\/ru\/wp-json\/wp\/v2\/pwb-brand?post=16530"},{"taxonomy":"product_cat","embeddable":true,"href":"https:\/\/azsoft.com\/ru\/wp-json\/wp\/v2\/product_cat?post=16530"},{"taxonomy":"product_tag","embeddable":true,"href":"https:\/\/azsoft.com\/ru\/wp-json\/wp\/v2\/product_tag?post=16530"}],"curies":[{"name":"wp","href":"https:\/\/api.w.org\/{rel}","templated":true}]}}