{"id":15678,"date":"2024-07-10T19:26:16","date_gmt":"2024-07-10T12:26:16","guid":{"rendered":"http:\/\/azsoft.com\/-product-\/uncategorized\/trinh-chinh-sua-video-movavi\/"},"modified":"2024-07-15T11:43:09","modified_gmt":"2024-07-15T04:43:09","slug":"trinh-chinh-sua-video-movavi","status":"publish","type":"product","link":"https:\/\/azsoft.com\/ru\/-product-\/phan-mem\/multimedia\/video-editors\/trinh-chinh-sua-video-movavi\/","title":{"rendered":"Tr\u00ecnh ch\u1ec9nh s\u1eeda video Movavi"},"content":{"rendered":"<div class=\"b-product__description_text\">\n<p><b>Movavi Video Editor<\/b> l\u00e0 m\u1ed9t ch\u01b0\u01a1ng tr\u00ecnh ch\u1ec9nh s\u1eeda video m\u1ea1nh m\u1ebd v\u00e0 \u0111a ch\u1ee9c n\u0103ng. B\u1ea1n c\u00f3 th\u1ec3 quay video t\u1eeb webcam \u1edf ch\u1ea5t l\u01b0\u1ee3ng HD, c\u1eaft v\u00e0 ch\u1ec9nh s\u1eeda c\u1ea3nh quay c\u0169ng nh\u01b0 s\u1eed d\u1ee5ng hi\u1ec7u \u1ee9ng \u00e2m thanh v\u00e0 h\u00ecnh \u1ea3nh chuy\u00ean nghi\u1ec7p. T\u1ea1o video s\u1ed1ng \u0111\u1ed9ng cho ph\u01b0\u01a1ng ti\u1ec7n truy\u1ec1n th\u00f4ng x\u00e3 h\u1ed9i, ch\u1ec9nh s\u1eeda video cho k\u00eanh YouTube c\u1ee7a b\u1ea1n, t\u1ea1o<\/p>\n<p> video du l\u1ecbch v\u00e0 nhi\u1ec1u h\u01a1n n\u1eefa! <\/p>\n<p>T\u1eacN D\u1ee4NG T\u1ed0I \u0110A L\u1ee2I TH\u1ebe C\u1ee6A B\u1ea2NG L\u1eaeP. T\u1ea3i l\u00ean nhi\u1ec1u video c\u00f9ng m\u1ed9t l\u00fac, c\u1eaft v\u00e0 s\u1eafp x\u1ebfp c\u00e1c clip ch\u1ec9 b\u1eb1ng m\u1ed9t ch\u1ea1m, thay \u0111\u1ed5i t\u1ed1c \u0111\u1ed9 video<\/p>\n<p> v\u00e0 h\u01a1n th\u1ebf n\u1eefa. <\/p>\n<p>CH\u00c8N CHUY\u1ec2N TI\u1ebeP HO\u1ea0T H\u00ccNH. L\u00e0m cho video c\u1ee7a b\u1ea1n tr\u1edf n\u00ean s\u1ed1ng \u0111\u1ed9ng v\u1edbi chuy\u1ec3n ti\u1ebfp ho\u1ea1t h\u00ecnh g\u1ed1c gi\u1eefa c\u00e1c clip<\/p>\n<p>. <\/p>\n<p>TH\u00caM PH\u1ee4 \u0110\u1ec0 V\u00c0 PH\u1ee4 \u0110\u1ec0. S\u1eed d\u1ee5ng ph\u1ee5 \u0111\u1ec1 v\u00e0 ph\u1ee5 \u0111\u1ec1 t\u00f9y ch\u1ec9nh \u0111\u1ec3 tr\u00ecnh b\u00e0y t\u1ea5t c\u1ea3 th\u00f4ng tin b\u1ea1n c\u1ea7n theo c\u00e1ch t\u1ed1t nh\u1ea5t c\u00f3 th\u1ec3<\/p>\n<p>. <\/p>\n<p>S\u1eec D\u1ee4NG HI\u1ec6U \u1ee8NG \u00c2M THANH V\u00c0 H\u00ccNH \u1ea2NH. B\u1ed9 l\u1ecdc chuy\u00ean nghi\u1ec7p, theo d\u00f5i chuy\u1ec3n \u0111\u1ed9ng, ph\u00edm s\u1eafc &#8211; t\u1ea5t c\u1ea3 nh\u1eefng \u0111i\u1ec1u n\u00e0y gi\u00fap l\u00e0m cho c\u1ea3nh quay c\u1ee7a b\u1ea1n tr\u1edf n\u00ean k\u1ef3 di\u1ec7u v\u00e0 \u0111\u1eb7c bi\u1ec7t, gi\u1ed1ng nh\u01b0 trong phim\u200e. V\u00e0 \u00e2m nh\u1ea1c v\u00e0 \u00e2m thanh t\u1eeb b\u1ed9 s\u01b0u t\u1eadp t\u00edch h\u1ee3p c\u1ee7a \u1ee9ng d\u1ee5ng ho\u00e0n th\u00e0nh b\u1ed1 c\u1ee5c<\/p>\n<p>. <\/p>\n<p><b>Movavi<\/b> <b>Video Editor s\u1ebd bi\u1ebfn<\/b> b\u1ea5t k\u1ef3 video th\u00f4ng th\u01b0\u1eddng n\u00e0o th\u00e0nh m\u1ed9t video ngo\u1ea1n m\u1ee5c v\u00e0 \u0111\u00e1ng nh\u1edb.<\/p>\n<p>Phi\u00ean b\u1ea3n Mac &gt;&gt;<\/p>\n<\/div>","protected":false},"excerpt":{"rendered":"<p>Movavi Video Editor l\u00e0 m\u1ed9t ch\u01b0\u01a1ng tr\u00ecnh ch\u1ec9nh s\u1eeda video \u0111\u01a1n gi\u1ea3n v\u00e0 ti\u1ec7n l\u1ee3i. Trong ch\u01b0\u01a1ng tr\u00ecnh, b\u1ea1n s\u1ebd t\u00ecm th\u1ea5y m\u1ecdi th\u1ee9 b\u1ea1n c\u1ea7n \u0111\u1ec3 t\u1ea1o n\u1ed9i dung video ch\u1ea5t l\u01b0\u1ee3ng cao v\u00e0 h\u1ea5p d\u1eabn. <\/p>\n<p>S\u1eed d\u1ee5ng s\u1ee9c m\u1ea1nh c\u1ee7a tr\u00ed tu\u1ec7 nh\u00e2n t\u1ea1o \u0111\u1ec3 thay th\u1ebf n\u1ec1n trong video ho\u1eb7c x\u00f3a b\u1ea3n \u00e2m thanh kh\u1ecfi ti\u1ebfng \u1ed3n g\u00e2y phi\u1ec1n nhi\u1ec5u<br \/>\nC\u1eaft video ngay l\u1eadp t\u1ee9c v\u00e0o khung h\u00ecnh v\u00e0 t\u1ea1o c\u00e1c ch\u1ec9nh s\u1eeda \u1edf c\u1ea5p \u0111\u1ed9 c\u1ee7a c\u00e1c blogger h\u00e0ng \u0111\u1ea7u.<br \/>\nTh\u00eam ti\u00eau \u0111\u1ec1, b\u1ed9 l\u1ecdc v\u00e0 chuy\u1ec3n ti\u1ebfp phong c\u00e1ch<br \/>\n\u00c1p d\u1ee5ng hi\u1ec7u \u1ee9ng h\u00ecnh \u1ea3nh, th\u00eam nh\u1ea1c<\/p>","protected":false},"featured_media":15679,"comment_status":"closed","ping_status":"closed","template":"","meta":[],"pwb-brand":[4730],"product_cat":[2918],"product_tag":[3346],"class_list":{"0":"post-15678","1":"product","2":"type-product","3":"status-publish","4":"has-post-thumbnail","6":"pwb-brand-movavi","7":"product_cat-video-editors","8":"product_tag-movavi","10":"first","11":"instock","12":"shipping-taxable","13":"product-type-simple"},"brands":[{"id":4730,"name":"MOVAVI","slug":"movavi"}],"_links":{"self":[{"href":"https:\/\/azsoft.com\/ru\/wp-json\/wp\/v2\/product\/15678","targetHints":{"allow":["GET"]}}],"collection":[{"href":"https:\/\/azsoft.com\/ru\/wp-json\/wp\/v2\/product"}],"about":[{"href":"https:\/\/azsoft.com\/ru\/wp-json\/wp\/v2\/types\/product"}],"replies":[{"embeddable":true,"href":"https:\/\/azsoft.com\/ru\/wp-json\/wp\/v2\/comments?post=15678"}],"wp:featuredmedia":[{"embeddable":true,"href":"https:\/\/azsoft.com\/ru\/wp-json\/wp\/v2\/media\/15679"}],"wp:attachment":[{"href":"https:\/\/azsoft.com\/ru\/wp-json\/wp\/v2\/media?parent=15678"}],"wp:term":[{"taxonomy":"pwb-brand","embeddable":true,"href":"https:\/\/azsoft.com\/ru\/wp-json\/wp\/v2\/pwb-brand?post=15678"},{"taxonomy":"product_cat","embeddable":true,"href":"https:\/\/azsoft.com\/ru\/wp-json\/wp\/v2\/product_cat?post=15678"},{"taxonomy":"product_tag","embeddable":true,"href":"https:\/\/azsoft.com\/ru\/wp-json\/wp\/v2\/product_tag?post=15678"}],"curies":[{"name":"wp","href":"https:\/\/api.w.org\/{rel}","templated":true}]}}