{"id":11474,"date":"2024-07-08T21:45:08","date_gmt":"2024-07-08T14:45:08","guid":{"rendered":"http:\/\/azsoft.com\/-product-\/uncategorized\/thiet-bi-mang-switch-tp-link-24-ports-managed-jetstream-24-4g-gigabit-uplink-tl-sl5428e-ma-san-pham-tl-sl5428e\/"},"modified":"2024-07-13T15:11:43","modified_gmt":"2024-07-13T08:11:43","slug":"thiet-bi-mang-switch-tp-link-24-ports-managed-jetstream-24-4g-gigabit-uplink-tl-sl5428e-ma-san-pham-tl-sl5428e","status":"publish","type":"product","link":"https:\/\/azsoft.com\/ru\/-product-\/hardware\/networking\/tp-link\/thiet-bi-mang-switch-tp-link-24-ports-managed-jetstream-24-4g-gigabit-uplink-tl-sl5428e-ma-san-pham-tl-sl5428e\/","title":{"rendered":"Thi\u1ebft B\u1ecb M\u1ea1ng Switch TP-Link 24 Ports Managed JetStream 24 + 4G Gigabit-Uplink TL-SL5428E M\u00e3 s\u1ea3n ph\u1ea9m: TL-SL5428E"},"content":{"rendered":"<div class=\"showText tabs\" id=\"tab2\">\n<div class=\"box_right_pro_view\">\n<div class=\"thongso_pro a_technical\" style=\"max-height: fit-content\">\n<table>\n<thead>\n<tr id=\"tr_603\">\n<th colspan=\"2\"><a>T\u00cdNH N\u0102NG PH\u1ea6N C\u1ee8NG<\/a><\/th>\n<\/tr>\n<\/thead>\n<tbody>\n<tr id=\"tr_1079\">\n<th width=\"35%\">Chu\u1ea9n v\u00e0 Giao th\u1ee9c<\/th>\n<td width=\"65%\">IEEE 802.3i, IEEE 802.3u, IEEE 802.3ab, IEEE802.3z, IEEE 802.3ad, IEEE 802.3x, IEEE 802.1d, IEEE 802.1s, IEEE 802.1w, IEEE 802.1q, IEEE 802.1x, IEEE 802.1p<\/td>\n<\/tr>\n<tr id=\"tr_694\">\n<th width=\"35%\">Giao di\u1ec7n<\/th>\n<td width=\"65%\">24 10\/100Mbps RJ45 Ports<br \/>(Auto Negotiation\/Auto MDI\/MDIX)<br \/>4 10\/100\/1000Mbps RJ45 Ports<br \/>(Auto Negotiation\/Auto MDI\/MDIX)<br \/>4 Combo Gigabit SFP Ports<br \/>1 Console Port<\/td>\n<\/tr>\n<tr id=\"tr_1097\">\n<th width=\"35%\">M\u1ea1ng Media<\/th>\n<td width=\"65%\">10BASE-T: UTP category 3, 4, 5 cable (maximum 100m)<br \/>EIA\/TIA-568 100\u03a9 STP (maximum 100m)<br \/>100BASE-TX\/1000Base-T: UTP category 5, 5e cable (maximum 100m)<br \/>EIA\/TIA-568 100\u03a9 STP (maximum 100m)<br \/>1000BASE-X: MMF, SMF<\/td>\n<\/tr>\n<tr id=\"tr_2336\">\n<th width=\"35%\">S\u1ed1 l\u01b0\u1ee3ng qu\u1ea1t<\/th>\n<td width=\"65%\">Fanless<\/td>\n<\/tr>\n<tr id=\"tr_1111\">\n<th width=\"35%\">B\u1ed9 c\u1ea5p ngu\u1ed3n<\/th>\n<td width=\"65%\">100~240VAC, 50\/60Hz<\/td>\n<\/tr>\n<tr id=\"tr_1083\">\n<th width=\"35%\">\u0110i\u1ec7n n\u0103ng ti\u00eau th\u1ee5<\/th>\n<td width=\"65%\">Maximum: 15W (220V\/50Hz)<\/td>\n<\/tr>\n<tr id=\"tr_697\">\n<th width=\"35%\">K\u00edch th\u01b0\u1edbc ( R x D x C )<\/th>\n<td width=\"65%\">17.3*7.1*1.7 in.(440*180*44 mm\uff09<\/td>\n<\/tr>\n<\/tbody>\n<\/table>\n<table>\n<thead>\n<tr id=\"tr_1487\">\n<th colspan=\"2\"><a>HI\u1ec6U SU\u1ea4T<\/a><\/th>\n<\/tr>\n<\/thead>\n<tbody>\n<tr id=\"tr_1500\">\n<th width=\"35%\">Stacking<\/th>\n<td width=\"65%\">32 Units Virtual Stacking<\/td>\n<\/tr>\n<tr id=\"tr_1494\">\n<th width=\"35%\">Bandwidth\/Backplane<\/th>\n<td width=\"65%\">12.8Gbps<\/td>\n<\/tr>\n<tr id=\"tr_1496\">\n<th width=\"35%\">T\u1ed1c \u0111\u1ed9 chuy\u1ec3n g\u00f3i<\/th>\n<td width=\"65%\">9.5Mpps<\/td>\n<\/tr>\n<tr id=\"tr_1497\">\n<th width=\"35%\">B\u1ea3ng \u0111\u1ecba ch\u1ec9 MAC<\/th>\n<td width=\"65%\">8k<\/td>\n<\/tr>\n<tr id=\"tr_1499\">\n<th width=\"35%\">Khung Jumbo<\/th>\n<td width=\"65%\">2048 Bytes<\/td>\n<\/tr>\n<\/tbody>\n<\/table>\n<table>\n<thead>\n<tr id=\"tr_605\">\n<th colspan=\"2\"><a>T\u00cdNH N\u0102NG PH\u1ea6N M\u1ec0M<\/a><\/th>\n<\/tr>\n<\/thead>\n<tbody>\n<tr id=\"tr_708\">\n<th width=\"35%\">Ch\u1ea5t l\u01b0\u1ee3ng d\u1ecbch v\u1ee5<\/th>\n<td width=\"65%\">4 Queues\/Port 802.1p\/IP DSCP based COS,TOS<\/td>\n<\/tr>\n<tr id=\"tr_1139\">\n<th width=\"35%\">L2 Features<\/th>\n<td width=\"65%\">IGMP Snooping: V1\/V2\/V3<br \/>802.3ad with LACP<br \/>Spanning Tree STP\/RSTP\/MSTP<br \/>BPDU Filtering\/Guard<br \/>Port Mirroring<br \/>Flow Control<\/td>\n<\/tr>\n<tr id=\"tr_1135\">\n<th width=\"35%\">VLAN<\/th>\n<td width=\"65%\">Supports up to 4K VLANs simultaneously (out of 4K VLAN IDs)<br \/>Port\/ Tag-based\/Private\/Protocol-based VLAN\/<br \/>Q in Q,GARP \/ GVRP<\/td>\n<\/tr>\n<tr id=\"tr_1136\">\n<th width=\"35%\">Access Control List<\/th>\n<td width=\"65%\">Packet Flow Filter; Packet Flow Redirection;<br \/>Time Range Based; Flow-based QoS<\/td>\n<\/tr>\n<tr id=\"tr_1060\">\n<th width=\"35%\">\u0411\u0435\u0437\u043e\u043f\u0430\u0441\u043d\u043e\u0441\u0442\u044c<\/th>\n<td width=\"65%\">IP-MAC-Port-VID Binding<br \/>IEEE 802.1X (Radius):Port\/MAC Based, VLAN assignment, Guest VLAN, QoS assignment,<br \/>Supplicant Support<br \/>DoS Defence<br \/>Dynamic ARP inspection (DAI)<br \/>SSH: V1\/V2<br \/>SSL:V1.5\/V2<br \/>Port Security<br \/>Broadcast Storm Control<br \/>Guest VLAN<br \/>IP Source Guard<\/td>\n<\/tr>\n<tr id=\"tr_2352\">\n<th width=\"35%\">IPv6<\/th>\n<td width=\"65%\">Dual IPv4\/IPv6 stack<br \/>Multicast Listener Discovery (MLD) Snooping<br \/>IPv6 neighbor discovery (ND)<br \/>Path maximum transmission unit (MTU) discovery<br \/>Internet Control Message Protocol (ICMP) version 6<br \/>TCPv6\/UDPv6<\/td>\n<\/tr>\n<tr id=\"tr_3750\">\n<th width=\"35%\">IPv6 Applications<\/th>\n<td width=\"65%\">DHCPv6 Client<br \/>Ping6<br \/>Tracert6<br \/>Telnet(v6)<br \/>IPv6 SNMP<br \/>IPv6 SSH<br \/>IPv6 SSL<br \/>Http\/Https<br \/>IPv6 TFTP<\/td>\n<\/tr>\n<tr id=\"tr_713\">\n<th width=\"35%\">Qu\u1ea3n l\u00fd<\/th>\n<td width=\"65%\">System Diagnose: VCT<br \/>SNMP: V1\/V2\/V3<br \/>RMON: Group 1, 2, 3, 9<br \/>Command Line Interface: Telnet\/Console<br \/>Time Setting: SNTP<br \/>Firmware Upgrade: TFTP &amp; Web<br \/>DGCO Client &amp; BOOTP Client<br \/>SYSLOG &amp; Public MIBS<\/td>\n<\/tr>\n<\/tbody>\n<\/table>\n<table>\n<thead>\n<tr id=\"tr_606\">\n<th colspan=\"2\"><a>KH\u00c1C<\/a><\/th>\n<\/tr>\n<\/thead>\n<tbody>\n<tr id=\"tr_714\">\n<th width=\"35%\">Ch\u1ee9ng ch\u1ec9<\/th>\n<td width=\"65%\">CE, FCC, RoHS<\/td>\n<\/tr>\n<tr id=\"tr_715\">\n<th width=\"35%\">S\u1ea3n ph\u1ea9m bao g\u1ed3m<\/th>\n<td width=\"65%\">Switch; Power Cord; Quick Installation Guide;<br \/>Resource CD; Rackmount Kit; Rubber Feet<\/td>\n<\/tr>\n<tr id=\"tr_716\">\n<th width=\"35%\">System Requirements<\/th>\n<td width=\"65%\">Microsoft\u00ae Windows\u00ae 98SE, NT, 2000, XP, Vista\u2122 or Windows 7, MAC\u00ae OS, NetWare\u00ae, UNIX\u00ae or Linux.<\/td>\n<\/tr>\n<tr id=\"tr_717\">\n<th width=\"35%\">M\u00f4i tr\u01b0\u1eddng<\/th>\n<td width=\"65%\">Operating Temperature: 0\u2103~40\u2103 (32\u2109~104\u2109);<br \/>Storage Temperature: -40\u2103~70\u2103 (-40\u2109~158\u2109)<br \/>Operating Humidity: 10%~90% non-condensing<br \/>Storage Humidity: 5%~90% non-condensing<\/td>\n<\/tr>\n<\/tbody>\n<\/table><\/div>\n<p>                            <!--                            <\/p>\n<div class=\"xemthem_id_r\">--><br \/>\n                            <!--                                <a><!--\/show\/?token=--><br \/>\n                            <!--\"--><br \/>\n                            <!--                                   class=&quot;preview fancybox fancybox.ajax&quot; rel=&quot;nofollow&quot;&gt;Xem th&#234;m th&#244;ng s&#7889; k&#7929; thu&#7853;t<\/a>--><br \/>\n                            <!--                            <\/div>\n<p>-->\n                        <\/p><\/div>\n<\/p><\/div>","protected":false},"excerpt":{"rendered":"<ul>\n<h1 style=\"margin: 12px 0px 0px;padding: 0px;font-size: 1.625em;font-weight: 400;line-height: 1.2;color: #32343a;border: none;font-family: AktivGrotesk-Corp, Helvetica, sans-serif;background-color: #ffffff\"><span style=\"font-size: 14px\"><strong>B\u1ed9 qu\u1ea3n l\u00fd chia t\u00edn hi\u1ec7u JetStream 24 c\u1ed5ng t\u1ed1c \u0111\u1ed9 10\/100Mbps c\u00f9ng 4 c\u1ed5ng Gigabit L2<\/strong><\/span><\/h1>\n<p><span style=\"background-color: #ffffff;font-family: 'Open Sans', 'Lucida Grande', 'Lucida Sans Unicode', Arial, Helvetica, Verdana, sans-serif;font-size: 12px\">&#8211; ACL, Ch\u1ee9ng th\u1ef1c 802.1X, C\u1ed5ng b\u1ea3o m\u1eadt, B\u1ed9 l\u1ecdc \u0111\u1ecba ch\u1ec9 IP, Ki\u1ec3m so\u00e1t nhi\u1ec5u, DHCP Snooping, IP Source Guard v\u00e0 DoS Defend cung c\u1ea5p cho b\u1ea1n m\u1ed9t gi\u1ea3i ph\u00e1p an ninh v\u1eefng ch\u1eafc<\/span><\/p>\n<p><span style=\"font-family: 'Open Sans', 'Lucida Grande', 'Lucida Sans Unicode', Arial, Helvetica, Verdana, sans-serif;font-size: 12px;background-color: #ffffff\">&#8211; H\u1ed7 tr\u1ee3 Single-IP-Management ng\u0103n x\u1ebfp \u1ea3o c\u1ee7a 32 \u0111\u01a1n v\u1ecb<\/span><\/p>\n<p><span style=\"font-family: 'Open Sans', 'Lucida Grande', 'Lucida Sans Unicode', Arial, Helvetica, Verdana, sans-serif;font-size: 12px;background-color: #ffffff\">&#8211; QoS L2\/L3\/L4 v\u00e0 ICMP Snooping t\u1ed1i \u01b0u h\u00f3a cho c\u00e1c \u1ee9ng d\u1ee5ng \u00e2m thanh v\u00e0 video<\/span><\/p>\n<p><span style=\"font-family: 'Open Sans', 'Lucida Grande', 'Lucida Sans Unicode', Arial, Helvetica, Verdana, sans-serif;font-size: 12px;background-color: #ffffff\">&#8211; V\u1edbi SNMP, RMON, WEB\/CLI\/Teltnet Log-in, mang l\u1ea1i cho b\u1ea1n c\u00e1c ch\u00ednh s\u00e1ch qu\u1ea3n tr\u1ecb \u0111a d\u1ea1ng<\/span><\/p>\n<p><span class=\"item hide d-block\" style=\"margin-bottom: 5px;color: #222222;font-family: Roboto, sans-serif;font-size: 14px;font-style: normal;font-weight: 400;letter-spacing: normal;text-align: left;text-indent: 0px;text-transform: none;background-color: #ffffff\">C\u00f4ng ngh\u1ec7 n\u0103ng l\u01b0\u1ee3ng hi\u1ec7u qu\u1ea3 s\u00e1ng t\u1ea1o ti\u1ebft ki\u1ec7m n\u0103ng l\u01b0\u1ee3ng l\u00ean \u0111\u1ebfn 40%<\/span><span class=\"item hide d-block\" style=\"margin-bottom: 5px;color: #222222;font-family: Roboto, sans-serif;font-size: 14px;font-style: normal;font-weight: 400;letter-spacing: normal;text-align: left;text-indent: 0px;text-transform: none;background-color: #ffffff\">H\u1ed7 tr\u1ee3 t\u1ef1 h\u1ecdc \u0111\u1ecba ch\u1ec9 MAC, t\u1ef1 \u0111\u1ed9ng MDI\/MDIX v\u00e0 \u0111\u00e0m ph\u00e1n t\u1ef1 \u0111\u1ed9ng<\/span><span class=\"item hide d-block\" style=\"margin-bottom: 5px;color: #222222;font-family: Roboto, sans-serif;font-size: 14px;font-style: normal;font-weight: 400;letter-spacing: normal;text-align: left;text-indent: 0px;text-transform: none;background-color: #ffffff\">Thi\u1ebft k\u1ebf c\u1eafm v\u00e0o v\u00e0 s\u1eed d\u1ee5n<\/span><\/p>\n<p>\u00a0<\/p>\n<p>\u00a0<\/p>\n<p>\u00a0<\/p>\n<p>\u00a0<\/p>\n<\/ul>","protected":false},"featured_media":11475,"comment_status":"closed","ping_status":"closed","template":"","meta":[],"pwb-brand":[4025],"product_cat":[3114],"product_tag":[25,2849],"class_list":{"0":"post-11474","1":"product","2":"type-product","3":"status-publish","4":"has-post-thumbnail","6":"pwb-brand-tp-link","7":"product_cat-tp-link","8":"product_tag-man","9":"product_tag-switch","11":"first","12":"instock","13":"shipping-taxable","14":"product-type-simple"},"brands":[{"id":4025,"name":"TP-Link","slug":"tp-link"}],"_links":{"self":[{"href":"https:\/\/azsoft.com\/ru\/wp-json\/wp\/v2\/product\/11474","targetHints":{"allow":["GET"]}}],"collection":[{"href":"https:\/\/azsoft.com\/ru\/wp-json\/wp\/v2\/product"}],"about":[{"href":"https:\/\/azsoft.com\/ru\/wp-json\/wp\/v2\/types\/product"}],"replies":[{"embeddable":true,"href":"https:\/\/azsoft.com\/ru\/wp-json\/wp\/v2\/comments?post=11474"}],"wp:featuredmedia":[{"embeddable":true,"href":"https:\/\/azsoft.com\/ru\/wp-json\/wp\/v2\/media\/11475"}],"wp:attachment":[{"href":"https:\/\/azsoft.com\/ru\/wp-json\/wp\/v2\/media?parent=11474"}],"wp:term":[{"taxonomy":"pwb-brand","embeddable":true,"href":"https:\/\/azsoft.com\/ru\/wp-json\/wp\/v2\/pwb-brand?post=11474"},{"taxonomy":"product_cat","embeddable":true,"href":"https:\/\/azsoft.com\/ru\/wp-json\/wp\/v2\/product_cat?post=11474"},{"taxonomy":"product_tag","embeddable":true,"href":"https:\/\/azsoft.com\/ru\/wp-json\/wp\/v2\/product_tag?post=11474"}],"curies":[{"name":"wp","href":"https:\/\/api.w.org\/{rel}","templated":true}]}}