{"id":41980,"date":"2025-08-15T15:15:39","date_gmt":"2025-08-15T08:15:39","guid":{"rendered":"http:\/\/azsoft.com\/-product-\/uncategorized\/phan-mem-carbon-black-edr\/"},"modified":"2025-08-15T15:24:38","modified_gmt":"2025-08-15T08:24:38","slug":"phan-mem-carbon-black-edr","status":"publish","type":"product","link":"https:\/\/azsoft.com\/pt\/-product-\/phan-mem\/phan-mem-bao-mat\/bao-mat-he-thong\/phan-mem-carbon-black-edr\/","title":{"rendered":"Ph\u1ea7n m\u1ec1m Carbon Black EDR"},"content":{"rendered":"<div class=\"product attribute description\">\n<div class=\"value\">\n<div class=\"magezon-builder magezon-builder-preload\">\n<div class=\"jxsvlyw mgz-element mgz-element-row full_width_row\">\n<div class=\"mgz-element-inner jxsvlyw-s\">\n<div class=\"inner-content mgz-container\">\n<div class=\"pi2vwbt mgz-element mgz-element-column mgz-col-xs-12\">\n<div class=\"mgz-element-inner pi2vwbt-s\">\n<div class=\"d0hjj81 mgz-element mgz-child mgz-element-text\">\n<div class=\"mgz-element-inner d0hjj81-s\">\n<h3 dir=\"auto\"><strong>Gi\u1edbi thi\u1ec7u v\u1ec1 ph\u1ea7n m\u1ec1m Carbon Black EDR<\/strong><\/h3>\n<p dir=\"auto\"><strong>Carbon Black EDR<\/strong> (Endpoint Detection and Response) l\u00e0 m\u1ed9t gi\u1ea3i ph\u00e1p b\u1ea3o m\u1eadt \u0111i\u1ec3m cu\u1ed1i ti\u00ean ti\u1ebfn do <strong>VMware by Broadcom<\/strong> ph\u00e1t tri\u1ec3n, t\u1eadp trung v\u00e0o vi\u1ec7c ph\u00e1t hi\u1ec7n, ng\u0103n ch\u1eb7n v\u00e0 ph\u1ea3n h\u1ed3i c\u00e1c m\u1ed1i \u0111e d\u1ecda m\u1ea1ng trong th\u1eddi gian th\u1ef1c. N\u1ec1n t\u1ea3ng n\u00e0y \u0111\u01b0\u1ee3c thi\u1ebft k\u1ebf cho c\u00e1c t\u1ed5 ch\u1ee9c c\u1ea7n kh\u1ea3 n\u0103ng gi\u00e1m s\u00e1t li\u00ean t\u1ee5c, s\u0103n l\u00f9ng m\u1ed1i \u0111e d\u1ecda (threat hunting), v\u00e0 ph\u1ea3n h\u1ed3i s\u1ef1 c\u1ed1 (incident response) trong m\u00f4i tr\u01b0\u1eddng doanh nghi\u1ec7p, \u0111\u1eb7c bi\u1ec7t l\u00e0 c\u00e1c m\u00f4i tr\u01b0\u1eddng ngo\u1ea1i tuy\u1ebfn, c\u00e1ch ly m\u1ea1ng (air-gapped), ho\u1eb7c y\u00eau c\u1ea7u tri\u1ec3n khai t\u1ea1i ch\u1ed7 (on-premises). Carbon Black EDR s\u1eed d\u1ee5ng c\u00f4ng ngh\u1ec7 ph\u00e2n t\u00edch h\u00e0nh vi (behavioral analytics) v\u00e0 m\u00e1y h\u1ecdc (machine learning) \u0111\u1ec3 ph\u00e1t hi\u1ec7n c\u00e1c m\u1ed1i \u0111e d\u1ecda tinh vi nh\u01b0 ransomware, malware, ho\u1eb7c c\u00e1c cu\u1ed9c t\u1ea5n c\u00f4ng kh\u00f4ng d\u1ef1a v\u00e0o t\u1ec7p (fileless attacks). N\u1ec1n t\u1ea3ng n\u00e0y t\u00edch h\u1ee3p v\u1edbi <strong>Carbon Black Cloud<\/strong>, cung c\u1ea5p kh\u1ea3 n\u0103ng ghi l\u1ea1i v\u00e0 l\u01b0u tr\u1eef d\u1eef li\u1ec7u ho\u1ea1t \u0111\u1ed9ng c\u1ee7a \u0111i\u1ec3m cu\u1ed1i \u0111\u1ec3 ph\u00e2n t\u00edch chi ti\u1ebft, h\u1ed7 tr\u1ee3 c\u00e1c t\u1ed5 ch\u1ee9c tu\u00e2n th\u1ee7 c\u00e1c ti\u00eau chu\u1ea9n nh\u01b0 <strong>HIPAA<\/strong>, <strong>SOC2<\/strong>, v\u00e0 <strong>GDPR<\/strong>.<\/p>\n<h4 dir=\"auto\"><span style=\"font-size: 16px\"><strong>T\u00ednh n\u0103ng n\u1ed5i b\u1eadt c\u1ee7a Carbon Black EDR<\/strong><\/span><\/h4>\n<ol dir=\"auto\">\n<li><strong>Gi\u00e1m s\u00e1t \u0111i\u1ec3m cu\u1ed1i th\u1eddi gian th\u1ef1c<\/strong>:\n<ul dir=\"auto\">\n<li><strong>Continuous Monitoring<\/strong>: Ghi l\u1ea1i to\u00e0n b\u1ed9 ho\u1ea1t \u0111\u1ed9ng c\u1ee7a \u0111i\u1ec3m cu\u1ed1i (t\u1ec7p, quy tr\u00ecnh, k\u1ebft n\u1ed1i m\u1ea1ng) \u0111\u1ec3 cung c\u1ea5p kh\u1ea3 n\u0103ng quan s\u00e1t chi ti\u1ebft, ngay c\u1ea3 trong m\u00f4i tr\u01b0\u1eddng ngo\u1ea1i tuy\u1ebfn.<\/li>\n<li><strong>Behavioral Analytics<\/strong>: Ph\u00e1t hi\u1ec7n c\u00e1c h\u00e0nh vi b\u1ea5t th\u01b0\u1eddng b\u1eb1ng c\u00e1ch ph\u00e2n t\u00edch h\u00e0nh vi c\u1ee7a \u1ee9ng d\u1ee5ng v\u00e0 ng\u01b0\u1eddi d\u00f9ng, gi\u1ea3m thi\u1ec3u nguy c\u01a1 t\u1eeb c\u00e1c m\u1ed1i \u0111e d\u1ecda ch\u01b0a bi\u1ebft.<\/li>\n<\/ul>\n<\/li>\n<li><strong>S\u0103n l\u00f9ng m\u1ed1i \u0111e d\u1ecda v\u00e0 ph\u1ea3n h\u1ed3i s\u1ef1 c\u1ed1<\/strong>:\n<ul dir=\"auto\">\n<li><strong>Threat Hunting<\/strong>: C\u00f4ng c\u1ee5 <strong>Live Query<\/strong> v\u00e0 <strong>Investigate<\/strong> cho ph\u00e9p th\u1ef1c hi\u1ec7n c\u00e1c truy v\u1ea5n chi ti\u1ebft (SQL-like) tr\u00ean d\u1eef li\u1ec7u \u0111i\u1ec3m cu\u1ed1i \u0111\u1ec3 t\u00ecm ki\u1ebfm m\u1ed1i \u0111e d\u1ecda.<\/li>\n<li><strong>Live Response<\/strong>: K\u1ebft n\u1ed1i tr\u1ef1c ti\u1ebfp \u0111\u1ebfn \u0111i\u1ec3m cu\u1ed1i \u0111\u1ec3 c\u00e1ch ly, \u0111i\u1ec1u tra, ho\u1eb7c kh\u1eafc ph\u1ee5c s\u1ef1 c\u1ed1, gi\u1ea3m thi\u1ec3u th\u1eddi gian ng\u1eebng ho\u1ea1t \u0111\u1ed9ng.<\/li>\n<\/ul>\n<\/li>\n<li><strong>T\u00edch h\u1ee3p v\u00e0 kh\u1ea3 n\u0103ng m\u1edf r\u1ed9ng<\/strong>:\n<ul dir=\"auto\">\n<li><strong>Carbon Black Cloud<\/strong>: Cung c\u1ea5p giao di\u1ec7n qu\u1ea3n l\u00fd t\u1eadp trung, t\u00edch h\u1ee3p v\u1edbi c\u00e1c c\u00f4ng c\u1ee5 SIEM (Splunk, QRadar), v\u00e0 h\u1ed7 tr\u1ee3 API cho t\u1ef1 \u0111\u1ed9ng h\u00f3a.<\/li>\n<li><strong>H\u1ed7 tr\u1ee3 \u0111a n\u1ec1n t\u1ea3ng<\/strong>: T\u01b0\u01a1ng th\u00edch v\u1edbi Windows, macOS, Linux, v\u00e0 c\u00e1c m\u00f4i tr\u01b0\u1eddng \u0111\u00e1m m\u00e2y.<\/li>\n<\/ul>\n<\/li>\n<li><strong>B\u1ea3o m\u1eadt v\u00e0 tu\u00e2n th\u1ee7<\/strong>:\n<ul dir=\"auto\">\n<li><strong>Compliance Tools<\/strong>: H\u1ed7 tr\u1ee3 tu\u00e2n th\u1ee7 c\u00e1c ti\u00eau chu\u1ea9n nh\u01b0 HIPAA, GDPR, v\u1edbi c\u00e1c t\u00ednh n\u0103ng nh\u01b0 m\u00e3 h\u00f3a d\u1eef li\u1ec7u, nh\u1eadt k\u00fd s\u1ef1 ki\u1ec7n (event logs), v\u00e0 ki\u1ec3m tra b\u1ea3o m\u1eadt (security auditing).<\/li>\n<li><strong>Whitelisting\/Blacklisting<\/strong>: Ki\u1ec3m so\u00e1t \u1ee9ng d\u1ee5ng \u0111\u1ec3 ng\u0103n ch\u1eb7n c\u00e1c ph\u1ea7n m\u1ec1m \u0111\u1ed9c h\u1ea1i ho\u1eb7c kh\u00f4ng \u0111\u01b0\u1ee3c ph\u00e9p.<\/li>\n<\/ul>\n<\/li>\n<li><strong>\u1ee8ng d\u1ee5ng th\u1ef1c t\u1ebf<\/strong>:\n<ul dir=\"auto\">\n<li><strong>Doanh nghi\u1ec7p l\u1edbn<\/strong>: B\u1ea3o v\u1ec7 m\u1ea1ng, m\u00e1y ch\u1ee7, v\u00e0 \u0111i\u1ec3m cu\u1ed1i trong c\u00e1c ng\u00e0nh nh\u01b0 t\u00e0i ch\u00ednh, y t\u1ebf, ho\u1eb7c c\u00f4ng ngh\u1ec7.<\/li>\n<li><strong>Trung t\u00e2m \u0111i\u1ec1u h\u00e0nh an ninh (SOC)<\/strong>: H\u1ed7 tr\u1ee3 \u0111\u1ed9i ng\u0169 SOC v\u1edbi kh\u1ea3 n\u0103ng gi\u00e1m s\u00e1t, ph\u00e2n t\u00edch, v\u00e0 ph\u1ea3n h\u1ed3i nhanh.<\/li>\n<\/ul>\n<\/li>\n<\/ol>\n<\/div>\n<\/div>\n<\/div>\n<\/div>\n<\/div>\n<\/div>\n<\/div>\n<div class=\"bb8b555 mgz-element mgz-element-row full_width_row\">\n<div class=\"mgz-element-inner bb8b555-s\">\n<div class=\"inner-content mgz-container\">\n<div class=\"cp1l4nl mgz-element mgz-element-column mgz-col-xs-12\">\n<div class=\"mgz-element-inner cp1l4nl-s\">\n<div class=\"gowkx81 mgz-element mgz-child mgz-element-text\">\n<div class=\"mgz-element-inner gowkx81-s\">\n<h4><strong><span style=\"font-size: 16px\">So s\u00e1nh t\u00ednh n\u0103ng c\u00e1c g\u00f3i b\u1ea3n quy\u1ec1n Carbon Black EDR<\/span><\/strong><\/h4>\n<table border=\"1\" cellpadding=\"5\" cellspacing=\"5\">\n<thead>\n<tr>\n<th><strong>T\u00ednh n\u0103ng<\/strong><\/th>\n<th><strong>Cloud Endpoint Standard<\/strong><\/th>\n<th><strong>Cloud Endpoint Advanced<\/strong><\/th>\n<th><strong>Cloud Endpoint Enterprise<\/strong><\/th>\n<\/tr>\n<\/thead>\n<tbody>\n<tr>\n<td><strong>Th\u1eddi h\u1ea1n<\/strong><\/td>\n<td>H\u00e0ng n\u0103m<\/td>\n<td>H\u00e0ng n\u0103m<\/td>\n<td>H\u00e0ng n\u0103m<\/td>\n<\/tr>\n<tr>\n<td><strong>Gi\u00e1m s\u00e1t th\u1eddi gian th\u1ef1c<\/strong><\/td>\n<td>C\u00f3<\/td>\n<td>C\u00f3<\/td>\n<td>C\u00f3<\/td>\n<\/tr>\n<tr>\n<td><strong>Behavioral Analytics<\/strong><\/td>\n<td>C\u01a1 b\u1ea3n<\/td>\n<td>N\u00e2ng cao<\/td>\n<td>N\u00e2ng cao<\/td>\n<\/tr>\n<tr>\n<td><strong>Threat Hunting<\/strong><\/td>\n<td>C\u01a1 b\u1ea3n (Live Query)<\/td>\n<td>N\u00e2ng cao (Live Query, Investigate)<\/td>\n<td>N\u00e2ng cao (Live Query, Investigate)<\/td>\n<\/tr>\n<tr>\n<td><strong>Live Response<\/strong><\/td>\n<td>Kh\u00f4ng<\/td>\n<td>C\u00f3<\/td>\n<td>C\u00f3<\/td>\n<\/tr>\n<tr>\n<td><strong>T\u00edch h\u1ee3p Carbon Black Cloud<\/strong><\/td>\n<td>C\u00f3<\/td>\n<td>C\u00f3<\/td>\n<td>C\u00f3<\/td>\n<\/tr>\n<tr>\n<td><strong>Whitelisting\/Blacklisting<\/strong><\/td>\n<td>C\u00f3<\/td>\n<td>C\u00f3<\/td>\n<td>C\u00f3<\/td>\n<\/tr>\n<tr>\n<td><strong>Vulnerability Scanning<\/strong><\/td>\n<td>C\u01a1 b\u1ea3n<\/td>\n<td>N\u00e2ng cao<\/td>\n<td>N\u00e2ng cao<\/td>\n<\/tr>\n<tr>\n<td><strong>Compliance Tools<\/strong><\/td>\n<td>HIPAA, GDPR<\/td>\n<td>HIPAA, GDPR, SOC2<\/td>\n<td>HIPAA, GDPR, SOC2<\/td>\n<\/tr>\n<tr>\n<td><strong>API Integration<\/strong><\/td>\n<td>Kh\u00f4ng<\/td>\n<td>C\u00f3<\/td>\n<td>C\u00f3<\/td>\n<\/tr>\n<tr>\n<td><strong>Cloud Analysis<\/strong><\/td>\n<td>Kh\u00f4ng<\/td>\n<td>C\u00f3<\/td>\n<td>C\u00f3<\/td>\n<\/tr>\n<tr>\n<td><strong>Managed Detection and Response (MDR)<\/strong><\/td>\n<td>Kh\u00f4ng<\/td>\n<td>T\u00f9y ch\u1ecdn (~$32.99\/\u0111i\u1ec3m cu\u1ed1i\/n\u0103m)<\/td>\n<td>T\u00f9y ch\u1ecdn (~$32.99\/\u0111i\u1ec3m cu\u1ed1i\/n\u0103m)<\/td>\n<\/tr>\n<tr>\n<td><strong>H\u1ed7 tr\u1ee3<\/strong><\/td>\n<td>C\u1ed9ng \u0111\u1ed3ng, email<\/td>\n<td>24\/7, \u01b0u ti\u00ean<\/td>\n<td>24\/7, \u01b0u ti\u00ean cao<\/td>\n<\/tr>\n<tr>\n<td><strong>S\u1ed1 \u0111i\u1ec3m cu\u1ed1i t\u1ed1i thi\u1ec3u<\/strong><\/td>\n<td>5<\/td>\n<td>5<\/td>\n<td>5<\/td>\n<\/tr>\n<tr>\n<td><strong>Ph\u1ea1m vi s\u1eed d\u1ee5ng<\/strong><\/td>\n<td>Doanh nghi\u1ec7p nh\u1ecf, m\u00f4i tr\u01b0\u1eddng c\u01a1 b\u1ea3n<\/td>\n<td>Doanh nghi\u1ec7p v\u1eeba, c\u1ea7n ph\u1ea3n h\u1ed3i s\u1ef1 c\u1ed1<\/td>\n<td>Doanh nghi\u1ec7p l\u1edbn, c\u1ea7n t\u00edch h\u1ee3p v\u00e0 MDR<\/td>\n<\/tr>\n<tr>\n<td><strong>Khuy\u1ebfn ngh\u1ecb<\/strong><\/td>\n<td>Doanh nghi\u1ec7p nh\u1ecf, ng\u00e2n s\u00e1ch h\u1ea1n ch\u1ebf<\/td>\n<td>Doanh nghi\u1ec7p v\u1eeba, c\u1ea7n threat hunting<\/td>\n<td>Doanh nghi\u1ec7p l\u1edbn, c\u1ea7n b\u1ea3o m\u1eadt to\u00e0n di\u1ec7n<\/td>\n<\/tr>\n<\/tbody>\n<\/table>\n<p><\/div>\n<\/div>\n<\/div>\n<\/div>\n<\/div>\n<\/div>\n<\/div>\n<div class=\"n6usenk mgz-element mgz-element-row full_width_row\">\n<div class=\"mgz-element-inner n6usenk-s\">\n<div class=\"inner-content mgz-container\">\n<div class=\"ta4i9x8 mgz-element mgz-element-column mgz-col-xs-12\">\n<div class=\"mgz-element-inner ta4i9x8-s\">\n<div class=\"wlkmmcl mgz-element mgz-child mgz-element-text\">\n<div class=\"mgz-element-inner wlkmmcl-s\">\n<div style=\"padding: 15px\"><\/div>\n<div style=\"font-family: TAHOMA;font-size: 16pt;font-weight: bold;color: white;background: #0078d4;padding: 20px;width: 100%\">Mua Carbon Black b\u1ea3n quy\u1ec1n t\u1ea1i AzSoft<\/div>\n<table style=\"width: 100%\">\n<tbody>\n<tr>\n<td style=\"font-family: TAHOMA;font-size: 13pt;padding: 10px 20px;text-align: justify;line-height: 150%;width: 90.8445%\">\n<p>Soft365 \u0111\u01b0\u1ee3c ch\u1ee9ng nh\u1eadn l\u00e0 \u0111\u1ed1i t\u00e1c cung c\u1ea5p b\u1ea3n quy\u1ec1n Carbon Black t\u1ea1i Vi\u1ec7t Nam. Tr\u1ea3i qua 15 n\u0103m h\u00ecnh th\u00e0nh ph\u00e1t tri\u1ec3n v\u00e0 gi\u1eef v\u1eefng v\u1ecb th\u1ebf tr\u00ean th\u1ecb tr\u01b0\u1eddng, ch\u00fang t\u00f4i t\u1ef1 h\u00e0o mang \u0111\u1ebfn cho qu\u00fd kh\u00e1ch h\u00e0ng gi\u1ea3i ph\u00e1p ph\u1ea7n m\u1ec1m b\u1ea3n quy\u1ec1n ch\u00ednh h\u00e3ng v\u1edbi m\u1ee9c gi\u00e1 \u01b0u \u0111\u00e3i, d\u1ecbch v\u1ee5 t\u01b0 v\u1ea5n v\u00e0 h\u1ed7 tr\u1ee3 ho\u00e0n h\u1ea3o.<\/p>\n<p><\/p>\n<p><img decoding=\"async\" src=\"http:\/\/azsoft.com\/wp-content\/uploads\/2025\/08\/slack_icon-5.png\" width=\"15\" title=\"slack_icon-5\"> H\u1ed7 tr\u1ee3 t\u01b0 v\u1ea5n \u2013 k\u1ef9 thu\u1eadt k\u1ecbp th\u1eddi: T\u01b0 v\u1ea5n v\u00e0 gi\u1ea3i quy\u1ebft c\u00e1c v\u1ea5n \u0111\u1ec1 k\u1ef9 thu\u1eadt 24\/7 t\u1ea5t c\u1ea3 c\u00e1c ng\u00e0y trong tu\u1ea7n.<\/p>\n<p><img decoding=\"async\" src=\"http:\/\/azsoft.com\/wp-content\/uploads\/2025\/08\/slack_icon-5.png\" width=\"15\" title=\"slack_icon-5\"> \u0110\u1ed1i t\u00e1c uy t\u00edn \u2013 Gi\u00e1 c\u1ea3 c\u1ea1nh tranh: Cung c\u1ea5p ph\u1ea7n m\u1ec1m b\u1ea3n quy\u1ec1n t\u1edbi kh\u00e1ch h\u00e0ng v\u1edbi gi\u00e1 t\u1ed1t nh\u1ea5t<\/p>\n<p><img decoding=\"async\" src=\"http:\/\/azsoft.com\/wp-content\/uploads\/2025\/08\/slack_icon-5.png\" width=\"15\" title=\"slack_icon-5\"> Tri\u1ec3n khai nhanh ch\u00f3ng \u2013 chuy\u00ean nghi\u1ec7p: \u0110\u1ed9i ng\u0169 k\u1ef9 thu\u1eadt c\u00f3 nhi\u1ec1u n\u0103m kinh nghi\u1ec7m trong vi\u1ec7c tri\u1ec3n khai.<\/p>\n<\/td>\n<td style=\"width: 9.08445%\"><\/td>\n<\/tr>\n<\/tbody>\n<\/table>\n<\/div>\n<\/div>\n<\/div>\n<\/div>\n<\/div>\n<\/div>\n<\/div>\n<\/div>\n<\/div>\n<\/div>\n<table class=\"data table additional-attributes table1\" id=\"product-attribute-specs-table\">\n<caption class=\"table-caption\">More Information<\/caption>\n<tbody>\n<tr>\n<th class=\"col label\" scope=\"row\">H\u00e3ng<\/th>\n<td class=\"col data\" data-th=\"H\u00e3ng\">Broadcom<\/td>\n<\/tr>\n<tr>\n<th class=\"col label\" scope=\"row\">H\u00ecnh th\u1ee9c c\u1ea5p ph\u00e9p<\/th>\n<td class=\"col data\" data-th=\"H\u00ecnh th\u1ee9c c\u1ea5p ph\u00e9p\">License<\/td>\n<\/tr>\n<tr>\n<th class=\"col label\" scope=\"row\">Ph\u00e2n kh\u00fac kh\u00e1ch h\u00e0ng<\/th>\n<td class=\"col data\" data-th=\"Ph\u00e2n kh\u00fac kh\u00e1ch h\u00e0ng\">Doanh nghi\u1ec7p SMB, Doanh nghi\u1ec7p Enterprise<\/td>\n<\/tr>\n<tr>\n<th class=\"col label\" scope=\"row\">Lo\u1ea1i h\u00ecnh \u0111\u0103ng k\u00fd<\/th>\n<td class=\"col data\" data-th=\"Lo\u1ea1i h\u00ecnh \u0111\u0103ng k\u00fd\">Thu\u00ea bao<\/td>\n<\/tr>\n<tr>\n<th class=\"col label\" scope=\"row\">B\u1ed9 gi\u1ea3i ph\u00e1p<\/th>\n<td class=\"col data\" data-th=\"B\u1ed9 gi\u1ea3i ph\u00e1p\">B\u1ea3o m\u1eadt EDR<\/td>\n<\/tr>\n<\/tbody>\n<\/table>\n<table class=\"data table additional-attributes table1\" id=\"product-attribute-specs-table\">\n<caption class=\"table-caption\">More Information<\/caption>\n<tbody>\n<tr>\n<th class=\"col label\" scope=\"row\">H\u00e3ng<\/th>\n<td class=\"col data\" data-th=\"H\u00e3ng\">Broadcom<\/td>\n<\/tr>\n<tr>\n<th class=\"col label\" scope=\"row\">H\u00ecnh th\u1ee9c c\u1ea5p ph\u00e9p<\/th>\n<td class=\"col data\" data-th=\"H\u00ecnh th\u1ee9c c\u1ea5p ph\u00e9p\">License<\/td>\n<\/tr>\n<tr>\n<th class=\"col label\" scope=\"row\">Ph\u00e2n kh\u00fac kh\u00e1ch h\u00e0ng<\/th>\n<td class=\"col data\" data-th=\"Ph\u00e2n kh\u00fac kh\u00e1ch h\u00e0ng\">Doanh nghi\u1ec7p SMB, Doanh nghi\u1ec7p Enterprise<\/td>\n<\/tr>\n<tr>\n<th class=\"col label\" scope=\"row\">Lo\u1ea1i h\u00ecnh \u0111\u0103ng k\u00fd<\/th>\n<td class=\"col data\" data-th=\"Lo\u1ea1i h\u00ecnh \u0111\u0103ng k\u00fd\">Thu\u00ea bao<\/td>\n<\/tr>\n<tr>\n<th class=\"col label\" scope=\"row\">B\u1ed9 gi\u1ea3i ph\u00e1p<\/th>\n<td class=\"col data\" data-th=\"B\u1ed9 gi\u1ea3i ph\u00e1p\">B\u1ea3o m\u1eadt EDR<\/td>\n<\/tr>\n<\/tbody>\n<\/table>","protected":false},"excerpt":{"rendered":"<table class=\"table-attributes table2\">\n<tbody>\n<tr>\n<th scope=\"row\">H\u00e3ng<\/th>\n<td data-th=\"H\u00e3ng\">\n                                            Broadcom                                          <\/td>\n<\/tr>\n<tr>\n<th scope=\"row\">H\u00ecnh th\u1ee9c c\u1ea5p ph\u00e9p<\/th>\n<td data-th=\"H\u00ecnh th\u1ee9c c\u1ea5p ph\u00e9p\">\n                                            License                                          <\/td>\n<\/tr>\n<tr>\n<th scope=\"row\">Ph\u00e2n kh\u00fac kh\u00e1ch h\u00e0ng<\/th>\n<td data-th=\"Ph\u00e2n kh\u00fac kh\u00e1ch h\u00e0ng\">\n                                            Doanh nghi\u1ec7p SMB, Doanh nghi\u1ec7p Enterprise                                          <\/td>\n<\/tr>\n<tr>\n<th scope=\"row\">Lo\u1ea1i h\u00ecnh \u0111\u0103ng k\u00fd<\/th>\n<td data-th=\"Lo\u1ea1i h\u00ecnh \u0111\u0103ng k\u00fd\">\n                                            Thu\u00ea bao                                          <\/td>\n<\/tr>\n<tr>\n<th scope=\"row\">B\u1ed9 gi\u1ea3i ph\u00e1p<\/th>\n<td data-th=\"B\u1ed9 gi\u1ea3i ph\u00e1p\">\n                                            B\u1ea3o m\u1eadt EDR                                          <\/td>\n<\/tr>\n<\/tbody>\n<\/table>","protected":false},"featured_media":41981,"comment_status":"closed","ping_status":"closed","template":"","meta":[],"pwb-brand":[],"product_cat":[3045],"product_tag":[3368,5625,25,55,3461,3585,27],"class_list":{"0":"post-41980","1":"product","2":"type-product","3":"status-publish","4":"has-post-thumbnail","6":"product_cat-bao-mat-he-thong","7":"product_tag-bao-ve-mang","8":"product_tag-carbon-black-edr","9":"product_tag-man","10":"product_tag-run","11":"product_tag-tot","12":"product_tag-vmware","13":"product_tag-white","15":"first","16":"instock","17":"shipping-taxable","18":"product-type-simple"},"brands":[],"_links":{"self":[{"href":"https:\/\/azsoft.com\/pt\/wp-json\/wp\/v2\/product\/41980","targetHints":{"allow":["GET"]}}],"collection":[{"href":"https:\/\/azsoft.com\/pt\/wp-json\/wp\/v2\/product"}],"about":[{"href":"https:\/\/azsoft.com\/pt\/wp-json\/wp\/v2\/types\/product"}],"replies":[{"embeddable":true,"href":"https:\/\/azsoft.com\/pt\/wp-json\/wp\/v2\/comments?post=41980"}],"wp:featuredmedia":[{"embeddable":true,"href":"https:\/\/azsoft.com\/pt\/wp-json\/wp\/v2\/media\/41981"}],"wp:attachment":[{"href":"https:\/\/azsoft.com\/pt\/wp-json\/wp\/v2\/media?parent=41980"}],"wp:term":[{"taxonomy":"pwb-brand","embeddable":true,"href":"https:\/\/azsoft.com\/pt\/wp-json\/wp\/v2\/pwb-brand?post=41980"},{"taxonomy":"product_cat","embeddable":true,"href":"https:\/\/azsoft.com\/pt\/wp-json\/wp\/v2\/product_cat?post=41980"},{"taxonomy":"product_tag","embeddable":true,"href":"https:\/\/azsoft.com\/pt\/wp-json\/wp\/v2\/product_tag?post=41980"}],"curies":[{"name":"wp","href":"https:\/\/api.w.org\/{rel}","templated":true}]}}