{"id":41206,"date":"2025-04-18T20:45:07","date_gmt":"2025-04-18T13:45:07","guid":{"rendered":"http:\/\/azsoft.com\/-product-\/uncategorized\/phan-mem-sql-backup-master-pro-license\/"},"modified":"2025-04-18T20:45:25","modified_gmt":"2025-04-18T13:45:25","slug":"phan-mem-sql-backup-master-pro-license","status":"publish","type":"product","link":"https:\/\/azsoft.com\/pt\/-product-\/phan-mem\/co-so-du-lieu\/backup-database\/phan-mem-sql-backup-master-pro-license\/","title":{"rendered":"Ph\u1ea7n m\u1ec1m SQL Backup Master Pro License"},"content":{"rendered":"<div class=\"product attribute description\">\n<div class=\"value\">\n<div class=\"magezon-builder magezon-builder-preload\">\n<div class=\"yfjwur7 mgz-element mgz-element-row full_width_row\">\n<div class=\"mgz-element-inner yfjwur7-s\">\n<div class=\"inner-content mgz-container\">\n<div class=\"sv5lfw5 mgz-element mgz-element-column mgz-col-xs-12\">\n<div class=\"mgz-element-inner sv5lfw5-s\">\n<div class=\"fiq1q2j mgz-element mgz-child mgz-element-text\">\n<div class=\"mgz-element-inner fiq1q2j-s\">\n<div>\n<h3 dir=\"auto\" class=\"\"><span style=\"font-size: 16px\"><strong>Gi\u1edbi thi\u1ec7u v\u1ec1 ph\u1ea7n m\u1ec1m SQL Backup Master Pro<\/strong><\/span><\/h3>\n<p dir=\"auto\" class=\"break-words\">SQL Backup Master Pro l\u00e0 m\u1ed9t ph\u1ea7n m\u1ec1m sao l\u01b0u c\u01a1 s\u1edf d\u1eef li\u1ec7u SQL Server m\u1ea1nh m\u1ebd, \u0111\u01b0\u1ee3c ph\u00e1t tri\u1ec3n b\u1edfi Key Metric Software. Ph\u1ea7n m\u1ec1m n\u00e0y gi\u00fap ng\u01b0\u1eddi d\u00f9ng d\u1ec5 d\u00e0ng sao l\u01b0u c\u01a1 s\u1edf d\u1eef li\u1ec7u SQL Server l\u00ean c\u00e1c d\u1ecbch v\u1ee5 l\u01b0u tr\u1eef \u0111\u00e1m m\u00e2y ph\u1ed5 bi\u1ebfn nh\u01b0 Dropbox, Google Drive, Amazon S3, Microsoft Azure, OneDrive, Box, Backblaze, ho\u1eb7c l\u01b0u v\u00e0o \u1ed5 \u0111\u0129a c\u1ee5c b\u1ed9, m\u1ea1ng, ho\u1eb7c m\u00e1y ch\u1ee7 FTP. V\u1edbi giao di\u1ec7n th\u00e2n thi\u1ec7n, SQL Backup Master Pro h\u1ed7 tr\u1ee3 sao l\u01b0u to\u00e0n ph\u1ea7n (full), sao l\u01b0u vi sai (differential), v\u00e0 sao l\u01b0u nh\u1eadt k\u00fd giao d\u1ecbch (transaction log), c\u00f9ng c\u00e1c t\u00ednh n\u0103ng n\u00e9n, m\u00e3 h\u00f3a AES-256, l\u1eadp l\u1ecbch t\u1ef1 \u0111\u1ed9ng, v\u00e0 th\u00f4ng b\u00e1o qua email. Ph\u1ea7n m\u1ec1m ph\u00f9 h\u1ee3p cho c\u1ea3 ng\u01b0\u1eddi d\u00f9ng c\u00e1 nh\u00e2n v\u00e0 doanh nghi\u1ec7p, cung c\u1ea5p gi\u1ea3i ph\u00e1p sao l\u01b0u an to\u00e0n, hi\u1ec7u qu\u1ea3, v\u00e0 d\u1ec5 qu\u1ea3n l\u00fd, \u0111\u1ed3ng th\u1eddi t\u00edch h\u1ee3p kh\u1ea3 n\u0103ng kh\u00f4i ph\u1ee5c c\u01a1 s\u1edf d\u1eef li\u1ec7u nhanh ch\u00f3ng trong tr\u01b0\u1eddng h\u1ee3p s\u1ef1 c\u1ed1.<\/p>\n<p dir=\"auto\" class=\"break-words\">Phi\u00ean b\u1ea3n Pro cung c\u1ea5p c\u00e1c t\u00ednh n\u0103ng n\u00e2ng cao nh\u01b0 h\u1ed7 tr\u1ee3 nhi\u1ec1u \u0111\u00edch \u0111\u1ebfn sao l\u01b0u, t\u00edch h\u1ee3p \u0111\u00e1m m\u00e2y m\u1edf r\u1ed9ng, v\u00e0 b\u00e1o c\u00e1o ph\u00e2n t\u00edch chi ti\u1ebft, ph\u00f9 h\u1ee3p cho c\u00e1c t\u1ed5 ch\u1ee9c c\u1ea7n qu\u1ea3n l\u00fd kh\u1ed1i l\u01b0\u1ee3ng d\u1eef li\u1ec7u l\u1edbn. Ph\u1ea7n m\u1ec1m ch\u1ea1y tr\u00ean Windows (h\u1ed7 tr\u1ee3 Windows 7\/8\/10\/11 v\u00e0 Windows Server 2008-2025) v\u00e0 t\u01b0\u01a1ng th\u00edch v\u1edbi t\u1ea5t c\u1ea3 c\u00e1c phi\u00ean b\u1ea3n SQL Server t\u1eeb 2005 \u0111\u1ebfn 2022, bao g\u1ed3m Express, Standard, v\u00e0 Enterprise.<\/p>\n<h4><span style=\"font-size: 16px\"><strong>So s\u00e1nh t\u00ednh n\u0103ng SQL Backup Master Pro 7 v\u1edbi c\u00e1c phi\u00ean b\u1ea3n c\u0169<\/strong><\/span><\/h4>\n<table border=\"1\" cellpadding=\"5\" cellspacing=\"5\">\n<thead>\n<tr>\n<th><strong>T\u00ednh n\u0103ng<\/strong><\/th>\n<th><strong>SQL Backup Master Pro 7 (2024-2025)<\/strong><\/th>\n<th><strong>SQL Backup Master Pro 6 (2023)<\/strong><\/th>\n<th><strong>SQL Backup Master Pro 5 (2020)<\/strong><\/th>\n<th><strong>SQL Backup Master Pro 4 (2018)<\/strong><\/th>\n<\/tr>\n<\/thead>\n<tbody>\n<tr>\n<td><strong>H\u1ec7 \u0111i\u1ec1u h\u00e0nh h\u1ed7 tr\u1ee3<\/strong><\/td>\n<td>Windows 7\/8\/8.1\/10\/11, Server 2008\/2012\/2016\/2019\/2022\/2025<\/td>\n<td>Windows 7\/8\/8.1\/10\/11, Server 2008\/2012\/2016\/2019\/2022<\/td>\n<td>Windows 7\/8\/8.1\/10, Server 2008\/2012\/2016\/2019<\/td>\n<td>Windows XP\/Vista\/7\/8\/10, Server 2003\/2008\/2012\/2016<\/td>\n<\/tr>\n<tr>\n<td><strong>Phi\u00ean b\u1ea3n SQL Server<\/strong><\/td>\n<td>2005-2022 (Express, Standard, Enterprise)<\/td>\n<td>2005-2019<\/td>\n<td>2005-2017<\/td>\n<td>2005-2016<\/td>\n<\/tr>\n<tr>\n<td><strong>K\u00edch th\u01b0\u1edbc t\u1ec7p c\u00e0i \u0111\u1eb7t<\/strong><\/td>\n<td>~34 MB (v7.9.903.0)<\/td>\n<td>~16 MB (v6.4.641)<\/td>\n<td>~15 MB<\/td>\n<td>~10 MB<\/td>\n<\/tr>\n<tr>\n<td><strong>Sao l\u01b0u \u0111\u00e1m m\u00e2y<\/strong><\/td>\n<td>Dropbox, Google Drive, OneDrive, Amazon S3, Azure, Box, Backblaze, Google Cloud Storage<\/td>\n<td>Dropbox, Google Drive, OneDrive, Amazon S3, Azure, Box, Backblaze<\/td>\n<td>Dropbox, Google Drive, OneDrive, Amazon S3, Azure<\/td>\n<td>Dropbox, Google Drive, Amazon S3, Azure<\/td>\n<\/tr>\n<tr>\n<td><strong>Sao l\u01b0u FTP<\/strong><\/td>\n<td>FTP, SFTP, FTPS (h\u1ed7 tr\u1ee3 ti\u1ebfp t\u1ee5c t\u1ea3i l\u00ean)<\/td>\n<td>FTP, SFTP, FTPS<\/td>\n<td>FTP, SFTP<\/td>\n<td>FTP<\/td>\n<\/tr>\n<tr>\n<td><strong>Lo\u1ea1i sao l\u01b0u<\/strong><\/td>\n<td>Full, Differential, Transaction Log<\/td>\n<td>Full, Differential, Transaction Log<\/td>\n<td>Full, Differential, Transaction Log<\/td>\n<td>Full, Differential<\/td>\n<\/tr>\n<tr>\n<td><strong>N\u00e9n sao l\u01b0u<\/strong><\/td>\n<td>7-Zip (\u0111a lu\u1ed3ng, t\u00f9y ch\u1ecdn \u0111\u01a1n lu\u1ed3ng), ZIP<\/td>\n<td>7-Zip (\u0111a lu\u1ed3ng), ZIP<\/td>\n<td>ZIP, 7-Zip (h\u1ea1n ch\u1ebf)<\/td>\n<td>ZIP<\/td>\n<\/tr>\n<tr>\n<td><strong>M\u00e3 h\u00f3a<\/strong><\/td>\n<td>AES-256<\/td>\n<td>AES-256<\/td>\n<td>AES-256<\/td>\n<td>AES-256<\/td>\n<\/tr>\n<tr>\n<td><strong>L\u1eadp l\u1ecbch sao l\u01b0u<\/strong><\/td>\n<td>L\u1eadp l\u1ecbch n\u00e2ng cao, th\u1eed l\u1ea1i khi th\u1ea5t b\u1ea1i, t\u00f9y ch\u1ec9nh t\u1ea7n su\u1ea5t<\/td>\n<td>L\u1eadp l\u1ecbch n\u00e2ng cao, th\u1eed l\u1ea1i khi th\u1ea5t b\u1ea1i<\/td>\n<td>L\u1eadp l\u1ecbch c\u01a1 b\u1ea3n<\/td>\n<td>L\u1eadp l\u1ecbch c\u01a1 b\u1ea3n<\/td>\n<\/tr>\n<tr>\n<td><strong>Th\u00f4ng b\u00e1o email<\/strong><\/td>\n<td>T\u00f9y ch\u1ec9nh ch\u1ee7 \u0111\u1ec1, th\u00f4ng b\u00e1o th\u00e0nh c\u00f4ng\/th\u1ea5t b\u1ea1i ri\u00eang cho t\u1eebng lo\u1ea1i sao l\u01b0u<\/td>\n<td>T\u00f9y ch\u1ec9nh ch\u1ee7 \u0111\u1ec1, th\u00f4ng b\u00e1o chung<\/td>\n<td>Th\u00f4ng b\u00e1o c\u01a1 b\u1ea3n<\/td>\n<td>Th\u00f4ng b\u00e1o c\u01a1 b\u1ea3n<\/td>\n<\/tr>\n<tr>\n<td><strong>B\u00e1o c\u00e1o v\u00e0 ph\u00e2n t\u00edch<\/strong><\/td>\n<td>B\u1ea3ng \u0111i\u1ec1u khi\u1ec3n Home view, b\u00e1o c\u00e1o l\u1ecbch s\u1eed sao l\u01b0u, th\u1ed1ng k\u00ea dung l\u01b0\u1ee3ng, b\u00e1o c\u00e1o SQL Server system<\/td>\n<td>B\u00e1o c\u00e1o c\u01a1 b\u1ea3n, kh\u00f4ng c\u00f3 Home view<\/td>\n<td>Kh\u00f4ng c\u00f3 b\u00e1o c\u00e1o chi ti\u1ebft<\/td>\n<td>Kh\u00f4ng c\u00f3 b\u00e1o c\u00e1o<\/td>\n<\/tr>\n<tr>\n<td><strong>Kh\u00f4i ph\u1ee5c c\u01a1 s\u1edf d\u1eef li\u1ec7u<\/strong><\/td>\n<td>T\u00edch h\u1ee3p c\u00f4ng c\u1ee5 kh\u00f4i ph\u1ee5c, h\u1ed7 tr\u1ee3 kh\u00f4i ph\u1ee5c \u0111\u1ebfn th\u1eddi \u0111i\u1ec3m l\u1ed7i<\/td>\n<td>T\u00edch h\u1ee3p kh\u00f4i ph\u1ee5c c\u01a1 b\u1ea3n<\/td>\n<td>Kh\u00f4i ph\u1ee5c th\u1ee7 c\u00f4ng<\/td>\n<td>Kh\u00f4i ph\u1ee5c th\u1ee7 c\u00f4ng<\/td>\n<\/tr>\n<tr>\n<td><strong>Qu\u1ea3n l\u00fd nh\u1eadt k\u00fd<\/strong><\/td>\n<td>Tr\u00ecnh xem nh\u1eadt k\u00fd n\u00e2ng cao, xu\u1ea5t HTML, t\u1ed1i \u01b0u h\u00f3a b\u1ed9 nh\u1edb<\/td>\n<td>Tr\u00ecnh xem nh\u1eadt k\u00fd c\u01a1 b\u1ea3n<\/td>\n<td>Tr\u00ecnh xem nh\u1eadt k\u00fd \u0111\u01a1n gi\u1ea3n<\/td>\n<td>Tr\u00ecnh xem nh\u1eadt k\u00fd \u0111\u01a1n gi\u1ea3n<\/td>\n<\/tr>\n<tr>\n<td><strong>T\u00edch h\u1ee3p k\u1ecbch b\u1ea3n<\/strong><\/td>\n<td>Ch\u1ea1y SQL ho\u1eb7c batch script tr\u01b0\u1edbc\/sau sao l\u01b0u<\/td>\n<td>Ch\u1ea1y SQL ho\u1eb7c batch script<\/td>\n<td>Ch\u1ea1y batch script<\/td>\n<td>Kh\u00f4ng h\u1ed7 tr\u1ee3<\/td>\n<\/tr>\n<tr>\n<td><strong>H\u1ed7 tr\u1ee3 7-Zip<\/strong><\/td>\n<td>C\u1ea3i ti\u1ebfn hi\u1ec7u su\u1ea5t, b\u00e1o c\u00e1o ti\u1ebfn \u0111\u1ed9, t\u00f9y ch\u1ecdn \u0111\u01a1n lu\u1ed3ng<\/td>\n<td>H\u1ed7 tr\u1ee3 c\u01a1 b\u1ea3n<\/td>\n<td>H\u1ea1n ch\u1ebf<\/td>\n<td>Kh\u00f4ng h\u1ed7 tr\u1ee3<\/td>\n<\/tr>\n<tr>\n<td><strong>Giao di\u1ec7n ng\u01b0\u1eddi d\u00f9ng<\/strong><\/td>\n<td>Giao di\u1ec7n hi\u1ec7n \u0111\u1ea1i, h\u1ed7 tr\u1ee3 ch\u1ee7 \u0111\u1ec1 (Dark Blue, v.v.), c\u1ea3i ti\u1ebfn UX<\/td>\n<td>Giao di\u1ec7n c\u01a1 b\u1ea3n, \u00edt t\u00f9y ch\u1ec9nh<\/td>\n<td>Giao di\u1ec7n c\u0169<\/td>\n<td>Giao di\u1ec7n c\u0169<\/td>\n<\/tr>\n<tr>\n<td><strong>T\u1ef1 \u0111\u1ed9ng x\u00f3a sao l\u01b0u c\u0169<\/strong><\/td>\n<td>C\u00f3, t\u00f9y ch\u1ec9nh theo th\u1eddi gian<\/td>\n<td>C\u00f3<\/td>\n<td>C\u00f3<\/td>\n<td>Kh\u00f4ng<\/td>\n<\/tr>\n<tr>\n<td><strong>H\u1ed7 tr\u1ee3 SQL Server Express<\/strong><\/td>\n<td>C\u1ea3i ti\u1ebfn ph\u00e1t hi\u1ec7n instance<\/td>\n<td>H\u1ed7 tr\u1ee3 c\u01a1 b\u1ea3n<\/td>\n<td>H\u1ed7 tr\u1ee3 c\u01a1 b\u1ea3n<\/td>\n<td>H\u1ed7 tr\u1ee3 c\u01a1 b\u1ea3n<\/td>\n<\/tr>\n<tr>\n<td><strong>Seguran\u00e7a<\/strong><\/td>\n<td>C\u1eadp nh\u1eadt 7-Zip v24.08 (kh\u1eafc ph\u1ee5c CVE-2024-11477), c\u1ea3i ti\u1ebfn m\u00e3 h\u00f3a<\/td>\n<td>B\u1ea3o m\u1eadt c\u01a1 b\u1ea3n<\/td>\n<td>B\u1ea3o m\u1eadt c\u01a1 b\u1ea3n<\/td>\n<td>B\u1ea3o m\u1eadt c\u01a1 b\u1ea3n<\/td>\n<\/tr>\n<tr>\n<td><strong>C\u1eadp nh\u1eadt g\u1ea7n nh\u1ea5t<\/strong><\/td>\n<td>Th\u00e1ng 3\/2025 (v7.9.903.0)<\/td>\n<td>Th\u00e1ng 10\/2023 (v6.4.641)<\/td>\n<td>2020<\/td>\n<td>2018<\/td>\n<\/tr>\n<\/tbody>\n<\/table>\n<p><strong>Ghi ch\u00fa<\/strong>:<\/p>\n<ul>\n<li><strong>Phi\u00ean b\u1ea3n 7<\/strong>: Gi\u1edbi thi\u1ec7u b\u1ea3ng \u0111i\u1ec1u khi\u1ec3n Home view, c\u1ea3i ti\u1ebfn b\u00e1o c\u00e1o ph\u00e2n t\u00edch, t\u1ed1i \u01b0u h\u00f3a 7-Zip, h\u1ed7 tr\u1ee3 Windows Server 2025, v\u00e0 giao di\u1ec7n hi\u1ec7n \u0111\u1ea1i h\u01a1n. T\u0103ng c\u01b0\u1eddng t\u00edch h\u1ee3p \u0111\u00e1m m\u00e2y v\u00e0 qu\u1ea3n l\u00fd nh\u1eadt k\u00fd.<\/li>\n<li><strong>Phi\u00ean b\u1ea3n 6<\/strong>: B\u1ed5 sung Backblaze, c\u1ea3i ti\u1ebfn l\u1eadp l\u1ecbch, v\u00e0 h\u1ed7 tr\u1ee3 SQL Server 2019, nh\u01b0ng thi\u1ebfu b\u00e1o c\u00e1o chi ti\u1ebft v\u00e0 Home view.<\/li>\n<li><strong>Phi\u00ean b\u1ea3n 5<\/strong>: H\u1ed7 tr\u1ee3 n\u00e9n 7-Zip c\u01a1 b\u1ea3n, nh\u01b0ng giao di\u1ec7n v\u00e0 t\u00ednh n\u0103ng b\u00e1o c\u00e1o h\u1ea1n ch\u1ebf.<\/li>\n<li><strong>Phi\u00ean b\u1ea3n 4<\/strong>: Phi\u00ean b\u1ea3n c\u01a1 b\u1ea3n, thi\u1ebfu nhi\u1ec1u t\u00ednh n\u0103ng hi\u1ec7n \u0111\u1ea1i nh\u01b0 ch\u1ea1y k\u1ecbch b\u1ea3n, b\u00e1o c\u00e1o, v\u00e0 h\u1ed7 tr\u1ee3 \u0111\u00e1m m\u00e2y m\u1edf r\u1ed9ng.<\/li>\n<\/ul>\n<p><strong>Ngu\u1ed3n<\/strong>: Th\u00f4ng tin t\u1ed5ng h\u1ee3p t\u1eeb trang web ch\u00ednh th\u1ee9c c\u1ee7a SQL Backup Master (www.sqlbackupmaster.com).<\/p>\n<\/div>\n<\/div>\n<\/div>\n<\/div>\n<\/div>\n<\/div>\n<\/div>\n<\/div>\n<div class=\"fuwn55t mgz-element mgz-element-row full_width_row\">\n<div class=\"mgz-element-inner fuwn55t-s\">\n<div class=\"inner-content mgz-container\">\n<div class=\"y5ptchs mgz-element mgz-element-column mgz-col-xs-12\">\n<div class=\"mgz-element-inner y5ptchs-s\">\n<div class=\"wgxhfr4 mgz-element mgz-child mgz-element-text\">\n<div class=\"mgz-element-inner wgxhfr4-s\">\n<div style=\"padding: 15px\"><\/div>\n<div style=\"font-family: TAHOMA;font-size: 16pt;font-weight: bold;color: white;background: #0078d4;padding: 20px;width: 100%\">Mua ph\u1ea7n m\u1ec1m SQL Backup Master Pro b\u1ea3n quy\u1ec1n t\u1ea1i AzSoft<\/div>\n<table style=\"width: 100%\">\n<tbody>\n<tr>\n<td style=\"font-family: TAHOMA;font-size: 13pt;padding: 10px 20px;text-align: justify;line-height: 150%;width: 92.7388%\">\n<p>Soft365 \u0111\u01b0\u1ee3c ch\u1ee9ng nh\u1eadn l\u00e0 \u0111\u1ed1i t\u00e1c cung c\u1ea5p b\u1ea3n quy\u1ec1n ph\u1ea7n m\u1ec1m SQL Backup Master Pro ch\u00ednh h\u00e3ng t\u1ea1i Vi\u1ec7t Nam.\u00a0Tr\u1ea3i qua 15 n\u0103m h\u00ecnh th\u00e0nh ph\u00e1t tri\u1ec3n v\u00e0 gi\u1eef v\u1eefng v\u1ecb th\u1ebf tr\u00ean th\u1ecb tr\u01b0\u1eddng, ch\u00fang t\u00f4i t\u1ef1 h\u00e0o mang \u0111\u1ebfn cho qu\u00fd kh\u00e1ch h\u00e0ng gi\u1ea3i ph\u00e1p ph\u1ea7n m\u1ec1m b\u1ea3n quy\u1ec1n ch\u00ednh h\u00e3ng v\u1edbi m\u1ee9c gi\u00e1 \u01b0u \u0111\u00e3i, d\u1ecbch v\u1ee5 t\u01b0 v\u1ea5n v\u00e0 h\u1ed7 tr\u1ee3 ho\u00e0n h\u1ea3o.<\/p>\n<p><\/p>\n<p><img decoding=\"async\" src=\"http:\/\/azsoft.com\/wp-content\/uploads\/2025\/04\/slack_icon-2.png\" width=\"15\" title=\"slack_icon-2\"> H\u1ed7 tr\u1ee3 t\u01b0 v\u1ea5n \u2013 k\u1ef9 thu\u1eadt k\u1ecbp th\u1eddi: T\u01b0 v\u1ea5n v\u00e0 gi\u1ea3i quy\u1ebft c\u00e1c v\u1ea5n \u0111\u1ec1 k\u1ef9 thu\u1eadt 24\/7 t\u1ea5t c\u1ea3 c\u00e1c ng\u00e0y trong tu\u1ea7n.<\/p>\n<p><img decoding=\"async\" src=\"http:\/\/azsoft.com\/wp-content\/uploads\/2025\/04\/slack_icon-2.png\" width=\"15\" title=\"slack_icon-2\"> \u0110\u1ed1i t\u00e1c uy t\u00edn \u2013 Gi\u00e1 c\u1ea3 c\u1ea1nh tranh: Cung c\u1ea5p ph\u1ea7n m\u1ec1m b\u1ea3n quy\u1ec1n t\u1edbi kh\u00e1ch h\u00e0ng v\u1edbi gi\u00e1 t\u1ed1t nh\u1ea5t<\/p>\n<p><img decoding=\"async\" src=\"http:\/\/azsoft.com\/wp-content\/uploads\/2025\/04\/slack_icon-2.png\" width=\"15\" title=\"slack_icon-2\"> Tri\u1ec3n khai nhanh ch\u00f3ng \u2013 chuy\u00ean nghi\u1ec7p: \u0110\u1ed9i ng\u0169 k\u1ef9 thu\u1eadt c\u00f3 nhi\u1ec1u n\u0103m kinh nghi\u1ec7m trong vi\u1ec7c tri\u1ec3n khai.<\/p>\n<\/td>\n<td style=\"width: 7.19021%\"><\/td>\n<\/tr>\n<\/tbody>\n<\/table>\n<\/div>\n<\/div>\n<\/div>\n<\/div>\n<\/div>\n<\/div>\n<\/div>\n<\/div>\n<\/div>\n<\/div>\n<table class=\"data table additional-attributes table1\" id=\"product-attribute-specs-table\">\n<caption class=\"table-caption\">More Information<\/caption>\n<tbody>\n<tr>\n<th class=\"col label\" scope=\"row\">H\u00e3ng<\/th>\n<td class=\"col data\" data-th=\"H\u00e3ng\">Key Metric Software<\/td>\n<\/tr>\n<tr>\n<th class=\"col label\" scope=\"row\">H\u00ecnh th\u1ee9c c\u1ea5p ph\u00e9p<\/th>\n<td class=\"col data\" data-th=\"H\u00ecnh th\u1ee9c c\u1ea5p ph\u00e9p\">License<\/td>\n<\/tr>\n<tr>\n<th class=\"col label\" scope=\"row\">Ph\u00e2n kh\u00fac kh\u00e1ch h\u00e0ng<\/th>\n<td class=\"col data\" data-th=\"Ph\u00e2n kh\u00fac kh\u00e1ch h\u00e0ng\">Doanh nghi\u1ec7p SMB, Doanh nghi\u1ec7p Enterprise<\/td>\n<\/tr>\n<tr>\n<th class=\"col label\" scope=\"row\">Lo\u1ea1i h\u00ecnh \u0111\u0103ng k\u00fd<\/th>\n<td class=\"col data\" data-th=\"Lo\u1ea1i h\u00ecnh \u0111\u0103ng k\u00fd\">V\u0129nh vi\u1ec5n<\/td>\n<\/tr>\n<tr>\n<th class=\"col label\" scope=\"row\">B\u1ed9 gi\u1ea3i ph\u00e1p<\/th>\n<td class=\"col data\" data-th=\"B\u1ed9 gi\u1ea3i ph\u00e1p\">Banco de dados de backup<\/td>\n<\/tr>\n<tr>\n<th class=\"col label\" scope=\"row\">Tr\u1ea1ng th\u00e1i h\u00e0ng<\/th>\n<td class=\"col data\" data-th=\"Tr\u1ea1ng th\u00e1i h\u00e0ng\">C\u00f2n h\u00e0ng<\/td>\n<\/tr>\n<\/tbody>\n<\/table>\n<table class=\"data table additional-attributes table1\" id=\"product-attribute-specs-table\">\n<caption class=\"table-caption\">More Information<\/caption>\n<tbody>\n<tr>\n<th class=\"col label\" scope=\"row\">H\u00e3ng<\/th>\n<td class=\"col data\" data-th=\"H\u00e3ng\">Key Metric Software<\/td>\n<\/tr>\n<tr>\n<th class=\"col label\" scope=\"row\">H\u00ecnh th\u1ee9c c\u1ea5p ph\u00e9p<\/th>\n<td class=\"col data\" data-th=\"H\u00ecnh th\u1ee9c c\u1ea5p ph\u00e9p\">License<\/td>\n<\/tr>\n<tr>\n<th class=\"col label\" scope=\"row\">Ph\u00e2n kh\u00fac kh\u00e1ch h\u00e0ng<\/th>\n<td class=\"col data\" data-th=\"Ph\u00e2n kh\u00fac kh\u00e1ch h\u00e0ng\">Doanh nghi\u1ec7p SMB, Doanh nghi\u1ec7p Enterprise<\/td>\n<\/tr>\n<tr>\n<th class=\"col label\" scope=\"row\">Lo\u1ea1i h\u00ecnh \u0111\u0103ng k\u00fd<\/th>\n<td class=\"col data\" data-th=\"Lo\u1ea1i h\u00ecnh \u0111\u0103ng k\u00fd\">V\u0129nh vi\u1ec5n<\/td>\n<\/tr>\n<tr>\n<th class=\"col label\" scope=\"row\">B\u1ed9 gi\u1ea3i ph\u00e1p<\/th>\n<td class=\"col data\" data-th=\"B\u1ed9 gi\u1ea3i ph\u00e1p\">Banco de dados de backup<\/td>\n<\/tr>\n<tr>\n<th class=\"col label\" scope=\"row\">Tr\u1ea1ng th\u00e1i h\u00e0ng<\/th>\n<td class=\"col data\" data-th=\"Tr\u1ea1ng th\u00e1i h\u00e0ng\">C\u00f2n h\u00e0ng<\/td>\n<\/tr>\n<\/tbody>\n<\/table>","protected":false},"excerpt":{"rendered":"<table class=\"table-attributes table2\">\n<tbody>\n<tr>\n<th scope=\"row\">H\u00e3ng<\/th>\n<td data-th=\"H\u00e3ng\">\n                                            Key Metric Software                                          <\/td>\n<\/tr>\n<tr>\n<th scope=\"row\">H\u00ecnh th\u1ee9c c\u1ea5p ph\u00e9p<\/th>\n<td data-th=\"H\u00ecnh th\u1ee9c c\u1ea5p ph\u00e9p\">\n                                            License                                          <\/td>\n<\/tr>\n<tr>\n<th scope=\"row\">Ph\u00e2n kh\u00fac kh\u00e1ch h\u00e0ng<\/th>\n<td data-th=\"Ph\u00e2n kh\u00fac kh\u00e1ch h\u00e0ng\">\n                                            Doanh nghi\u1ec7p SMB, Doanh nghi\u1ec7p Enterprise                                          <\/td>\n<\/tr>\n<tr>\n<th scope=\"row\">Lo\u1ea1i h\u00ecnh \u0111\u0103ng k\u00fd<\/th>\n<td data-th=\"Lo\u1ea1i h\u00ecnh \u0111\u0103ng k\u00fd\">\n                                            V\u0129nh vi\u1ec5n                                          <\/td>\n<\/tr>\n<tr>\n<th scope=\"row\">B\u1ed9 gi\u1ea3i ph\u00e1p<\/th>\n<td data-th=\"B\u1ed9 gi\u1ea3i ph\u00e1p\">\n                                            Banco de dados de backup                                          <\/td>\n<\/tr>\n<tr>\n<th scope=\"row\">Tr\u1ea1ng th\u00e1i h\u00e0ng<\/th>\n<td data-th=\"Tr\u1ea1ng th\u00e1i h\u00e0ng\">\n<p>            <span class=\"tit\"><i class=\"porto-icon-ok\"><\/i> C\u00f2n h\u00e0ng<\/span><\/p>\n<\/td>\n<\/tr>\n<\/tbody>\n<\/table>","protected":false},"featured_media":41207,"comment_status":"closed","ping_status":"closed","template":"","meta":[],"pwb-brand":[],"product_cat":[3040],"product_tag":[5334,5486,5487,3493,25,3756,3812,5155,3461],"class_list":{"0":"post-41206","1":"product","2":"type-product","3":"status-publish","4":"has-post-thumbnail","6":"product_cat-backup-database","7":"product_tag-co-so","8":"product_tag-data","9":"product_tag-database","10":"product_tag-express","11":"product_tag-man","12":"product_tag-microsoft-azure","13":"product_tag-ptc","14":"product_tag-server","15":"product_tag-tot","17":"first","18":"instock","19":"shipping-taxable","20":"product-type-simple"},"brands":[],"_links":{"self":[{"href":"https:\/\/azsoft.com\/pt\/wp-json\/wp\/v2\/product\/41206","targetHints":{"allow":["GET"]}}],"collection":[{"href":"https:\/\/azsoft.com\/pt\/wp-json\/wp\/v2\/product"}],"about":[{"href":"https:\/\/azsoft.com\/pt\/wp-json\/wp\/v2\/types\/product"}],"replies":[{"embeddable":true,"href":"https:\/\/azsoft.com\/pt\/wp-json\/wp\/v2\/comments?post=41206"}],"wp:featuredmedia":[{"embeddable":true,"href":"https:\/\/azsoft.com\/pt\/wp-json\/wp\/v2\/media\/41207"}],"wp:attachment":[{"href":"https:\/\/azsoft.com\/pt\/wp-json\/wp\/v2\/media?parent=41206"}],"wp:term":[{"taxonomy":"pwb-brand","embeddable":true,"href":"https:\/\/azsoft.com\/pt\/wp-json\/wp\/v2\/pwb-brand?post=41206"},{"taxonomy":"product_cat","embeddable":true,"href":"https:\/\/azsoft.com\/pt\/wp-json\/wp\/v2\/product_cat?post=41206"},{"taxonomy":"product_tag","embeddable":true,"href":"https:\/\/azsoft.com\/pt\/wp-json\/wp\/v2\/product_tag?post=41206"}],"curies":[{"name":"wp","href":"https:\/\/api.w.org\/{rel}","templated":true}]}}