{"id":39160,"date":"2024-10-02T04:45:37","date_gmt":"2024-10-01T21:45:37","guid":{"rendered":"http:\/\/azsoft.com\/-product-\/uncategorized\/may-tinh-de-ban-dell-xps-desktop-8960-core-i7-14700-2x8gb-ddr5-1tb-ssd-nvidiar-geforce-rtx-4060-8gb-gddr6win-11-ma-san-pham-xpsi74060w1-16g-1t\/"},"modified":"2024-10-02T04:45:43","modified_gmt":"2024-10-01T21:45:43","slug":"may-tinh-de-ban-dell-xps-desktop-8960-core-i7-14700-2x8gb-ddr5-1tb-ssd-nvidiar-geforce-rtx-4060-8gb-gddr6win-11-ma-san-pham-xpsi74060w1-16g-1t","status":"publish","type":"product","link":"https:\/\/azsoft.com\/pt\/-product-\/hardware\/workstation\/dell-workstation\/may-tinh-de-ban-dell-xps-desktop-8960-core-i7-14700-2x8gb-ddr5-1tb-ssd-nvidiar-geforce-rtx-4060-8gb-gddr6win-11-ma-san-pham-xpsi74060w1-16g-1t\/","title":{"rendered":"M\u00e1y t\u00ednh \u0111\u1ec3 b\u00e0n Dell XPS Desktop 8960, Core i7-14700, 2x8GB DDR5 , 1TB SSD, NVIDIA(R) GeForce RTX 4060 8GB GDDR6,Win 11 M\u00e3 s\u1ea3n ph\u1ea9m: XPSI74060W1-16G-1T"},"content":{"rendered":"<div class=\"showText tabs\" id=\"tab2\">\n                                    <\/div>","protected":false},"excerpt":{"rendered":"<ul>\n<p>B\u1ed9 VXL: Core i7 14700 2.1Ghz<\/p>\n<p>B\u1ed9 nh\u1edb RAM: 16GB (2x 8GB) DDR5 5600MHz<\/p>\n<p>\u1ed4 c\u1ee9ng: 1Tb SSD<\/p>\n<p>Card \u0111\u1ed3 h\u1ecda: RTX 4060 8Gb<\/p>\n<p>H\u1ec7 \u0111i\u1ec1u h\u00e0nh: Windows 11 Home\u00a0<\/p>\n<\/ul>","protected":false},"featured_media":39161,"comment_status":"closed","ping_status":"closed","template":"","meta":[],"pwb-brand":[],"product_cat":[3102],"product_tag":[5157],"class_list":{"0":"post-39160","1":"product","2":"type-product","3":"status-publish","4":"has-post-thumbnail","6":"product_cat-dell-workstation","7":"product_tag-desktop","9":"first","10":"instock","11":"shipping-taxable","12":"product-type-simple"},"brands":[],"_links":{"self":[{"href":"https:\/\/azsoft.com\/pt\/wp-json\/wp\/v2\/product\/39160","targetHints":{"allow":["GET"]}}],"collection":[{"href":"https:\/\/azsoft.com\/pt\/wp-json\/wp\/v2\/product"}],"about":[{"href":"https:\/\/azsoft.com\/pt\/wp-json\/wp\/v2\/types\/product"}],"replies":[{"embeddable":true,"href":"https:\/\/azsoft.com\/pt\/wp-json\/wp\/v2\/comments?post=39160"}],"wp:featuredmedia":[{"embeddable":true,"href":"https:\/\/azsoft.com\/pt\/wp-json\/wp\/v2\/media\/39161"}],"wp:attachment":[{"href":"https:\/\/azsoft.com\/pt\/wp-json\/wp\/v2\/media?parent=39160"}],"wp:term":[{"taxonomy":"pwb-brand","embeddable":true,"href":"https:\/\/azsoft.com\/pt\/wp-json\/wp\/v2\/pwb-brand?post=39160"},{"taxonomy":"product_cat","embeddable":true,"href":"https:\/\/azsoft.com\/pt\/wp-json\/wp\/v2\/product_cat?post=39160"},{"taxonomy":"product_tag","embeddable":true,"href":"https:\/\/azsoft.com\/pt\/wp-json\/wp\/v2\/product_tag?post=39160"}],"curies":[{"name":"wp","href":"https:\/\/api.w.org\/{rel}","templated":true}]}}