{"id":24686,"date":"2024-07-12T06:49:07","date_gmt":"2024-07-11T23:49:07","guid":{"rendered":"http:\/\/azsoft.com\/-product-\/uncategorized\/phan-mem-autodesk-product-design-manufacturing-collection-commercial-single-user-3-year-subscription-renewal-switched-from-m2s-year-4-may-2020-multi-user-21-trade-in-02ji1-004400-l348\/"},"modified":"2024-07-13T15:19:08","modified_gmt":"2024-07-13T08:19:08","slug":"phan-mem-autodesk-product-design-manufacturing-collection-commercial-single-user-3-year-subscription-renewal-switched-from-m2s-year-4-may-2020-multi-user-21-trade-in-02ji1-004400-l348","status":"publish","type":"product","link":"https:\/\/azsoft.com\/pt\/-product-\/phan-mem\/thiet-ke-do-hoa\/cad-cam-cae\/phan-mem-autodesk-product-design-manufacturing-collection-commercial-single-user-3-year-subscription-renewal-switched-from-m2s-year-4-may-2020-multi-user-21-trade-in-02ji1-004400-l348\/","title":{"rendered":"Ph\u1ea7n m\u1ec1m Autodesk Product Design &amp; Manufacturing Collection Commercial Single-user 3-Year Subscription Renewal Switched From M2S (Year 4) May 2020 Multi-User 2:1 Trade-In (02JI1-004400-L348)"},"content":{"rendered":"<div class=\"additional-attributes-wrapper table-wrapper\">\n<table class=\"data table additional-attributes table1\" id=\"product-attribute-specs-table\">\n<caption class=\"table-caption\">More Information<\/caption>\n<tbody>\n<tr>\n<th class=\"col label\" scope=\"row\">H\u00e3ng<\/th>\n<td class=\"col data\" data-th=\"H\u00e3ng\">Autodesk<\/td>\n<\/tr>\n<tr>\n<th class=\"col label\" scope=\"row\">Product Line<\/th>\n<td class=\"col data\" data-th=\"Product Line\">Product Design &amp; Manufacturing<\/td>\n<\/tr>\n<tr>\n<th class=\"col label\" scope=\"row\">H\u00ecnh th\u1ee9c c\u1ea5p ph\u00e9p<\/th>\n<td class=\"col data\" data-th=\"H\u00ecnh th\u1ee9c c\u1ea5p ph\u00e9p\">ELD<\/td>\n<\/tr>\n<tr>\n<th class=\"col label\" scope=\"row\">Ph\u00e2n kh\u00fac kh\u00e1ch h\u00e0ng<\/th>\n<td class=\"col data\" data-th=\"Ph\u00e2n kh\u00fac kh\u00e1ch h\u00e0ng\">SMB<\/td>\n<\/tr>\n<tr>\n<th class=\"col label\" scope=\"row\">Lo\u1ea1i h\u00ecnh \u0111\u0103ng k\u00fd<\/th>\n<td class=\"col data\" data-th=\"Lo\u1ea1i h\u00ecnh \u0111\u0103ng k\u00fd\">Thu\u00ea bao<\/td>\n<\/tr>\n<tr>\n<th class=\"col label\" scope=\"row\">C\u00e0i \u0111\u1eb7t h\u1ec7 th\u1ed1ng<\/th>\n<td class=\"col data\" data-th=\"C\u00e0i \u0111\u1eb7t h\u1ec7 th\u1ed1ng\">M\u00e1y tr\u1ea1m<\/td>\n<\/tr>\n<tr>\n<th class=\"col label\" scope=\"row\">Tr\u1ea1ng th\u00e1i h\u00e0ng<\/th>\n<td class=\"col data\" data-th=\"Tr\u1ea1ng th\u00e1i h\u00e0ng\">C\u00f2n h\u00e0ng<\/td>\n<\/tr>\n<\/tbody>\n<\/table><\/div>","protected":false},"excerpt":{"rendered":"<table class=\"table-attributes table2\">\n<tbody>\n<tr>\n<th scope=\"row\">H\u00e3ng<\/th>\n<td data-th=\"H\u00e3ng\">\n                                            Autodesk                                          <\/td>\n<\/tr>\n<tr>\n<th scope=\"row\">Product Line<\/th>\n<td data-th=\"Product Line\">\n                                            Product Design &amp; Manufacturing                                          <\/td>\n<\/tr>\n<tr>\n<th scope=\"row\">H\u00ecnh th\u1ee9c c\u1ea5p ph\u00e9p<\/th>\n<td data-th=\"H\u00ecnh th\u1ee9c c\u1ea5p ph\u00e9p\">\n                                            ELD                                          <\/td>\n<\/tr>\n<tr>\n<th scope=\"row\">Ph\u00e2n kh\u00fac kh\u00e1ch h\u00e0ng<\/th>\n<td data-th=\"Ph\u00e2n kh\u00fac kh\u00e1ch h\u00e0ng\">\n                                            SMB                                          <\/td>\n<\/tr>\n<tr>\n<th scope=\"row\">Lo\u1ea1i h\u00ecnh \u0111\u0103ng k\u00fd<\/th>\n<td data-th=\"Lo\u1ea1i h\u00ecnh \u0111\u0103ng k\u00fd\">\n                                            Thu\u00ea bao                                          <\/td>\n<\/tr>\n<tr>\n<th scope=\"row\">C\u00e0i \u0111\u1eb7t h\u1ec7 th\u1ed1ng<\/th>\n<td data-th=\"C\u00e0i \u0111\u1eb7t h\u1ec7 th\u1ed1ng\">\n                                            M\u00e1y tr\u1ea1m                                          <\/td>\n<\/tr>\n<tr>\n<th scope=\"row\">Tr\u1ea1ng th\u00e1i h\u00e0ng<\/th>\n<td data-th=\"Tr\u1ea1ng th\u00e1i h\u00e0ng\">\n<p>            <span class=\"tit\"><i class=\"porto-icon-ok\"><\/i> C\u00f2n h\u00e0ng<\/span><\/p>\n<\/td>\n<\/tr>\n<\/tbody>\n<\/table>","protected":false},"featured_media":24687,"comment_status":"closed","ping_status":"closed","template":"","meta":[],"pwb-brand":[4037],"product_cat":[3054],"product_tag":[3270,25,2849,3901],"class_list":{"0":"post-24686","1":"product","2":"type-product","3":"status-publish","4":"has-post-thumbnail","6":"pwb-brand-autodesk","7":"product_cat-cad-cam-cae","8":"product_tag-autodesk","9":"product_tag-man","10":"product_tag-switch","11":"product_tag-user","13":"first","14":"instock","15":"shipping-taxable","16":"product-type-simple"},"brands":[{"id":4037,"name":"Autodesk","slug":"autodesk"}],"_links":{"self":[{"href":"https:\/\/azsoft.com\/pt\/wp-json\/wp\/v2\/product\/24686","targetHints":{"allow":["GET"]}}],"collection":[{"href":"https:\/\/azsoft.com\/pt\/wp-json\/wp\/v2\/product"}],"about":[{"href":"https:\/\/azsoft.com\/pt\/wp-json\/wp\/v2\/types\/product"}],"replies":[{"embeddable":true,"href":"https:\/\/azsoft.com\/pt\/wp-json\/wp\/v2\/comments?post=24686"}],"wp:featuredmedia":[{"embeddable":true,"href":"https:\/\/azsoft.com\/pt\/wp-json\/wp\/v2\/media\/24687"}],"wp:attachment":[{"href":"https:\/\/azsoft.com\/pt\/wp-json\/wp\/v2\/media?parent=24686"}],"wp:term":[{"taxonomy":"pwb-brand","embeddable":true,"href":"https:\/\/azsoft.com\/pt\/wp-json\/wp\/v2\/pwb-brand?post=24686"},{"taxonomy":"product_cat","embeddable":true,"href":"https:\/\/azsoft.com\/pt\/wp-json\/wp\/v2\/product_cat?post=24686"},{"taxonomy":"product_tag","embeddable":true,"href":"https:\/\/azsoft.com\/pt\/wp-json\/wp\/v2\/product_tag?post=24686"}],"curies":[{"name":"wp","href":"https:\/\/api.w.org\/{rel}","templated":true}]}}