{"id":20757,"date":"2024-07-11T14:36:13","date_gmt":"2024-07-11T07:36:13","guid":{"rendered":"http:\/\/azsoft.com\/-product-\/uncategorized\/tat-ca-nhat-ban\/"},"modified":"2024-07-11T14:36:28","modified_gmt":"2024-07-11T07:36:28","slug":"tat-ca-nhat-ban","status":"publish","type":"product","link":"https:\/\/azsoft.com\/pt\/-product-\/phan-mem\/e-books\/tat-ca-nhat-ban\/","title":{"rendered":"\u201cT\u1ea5t c\u1ea3 Nh\u1eadt B\u1ea3n\u201d"},"content":{"rendered":"<div class=\"b-product__description_text\">\n<p>Programas <strong>\u201cAll Japan\u201d<\/strong> l\u00e0 m\u1ed9t t\u1eadp h\u1ee3p c\u00e1c danh m\u1ee5c \u0111i\u1ec7n t\u1eed c\u00e1c b\u1ed9 ph\u1eadn \u00f4 t\u00f4, bao g\u1ed3m \u00f4 t\u00f4 v\u00e0 xe t\u1ea3i Nh\u1eadt B\u1ea3n v\u1edbi tay tr\u00e1i v\u00e0 tay ph\u1ea3i, H\u00e0n Qu\u1ed1c v\u00e0 Trung Qu\u1ed1c. Gi\u1ea3i ph\u00e1p \u201cT\u1ea5t c\u1ea3 Nh\u1eadt B\u1ea3n\u201d c\u0169ng cung c\u1ea5p c\u00e1c ch\u01b0\u01a1ng tr\u00ecnh ph\u1ee5 tr\u1ee3 v\u00e0 ch\u1eef th\u1eadp cho ph\u00e9p b\u1ea1n xem kh\u1ea3 n\u0103ng \u00e1p d\u1ee5ng c\u1ee7a c\u00e1c b\u1ed9 ph\u1eadn v\u00e0 ch\u1ecdn s\u1ed1 b\u1ed9 ph\u1eadn kh\u00f4ng g\u1ed1c (tr\u00f9ng l\u1eb7p)<\/p>\n<p>. <\/p>\n<li>Th\u00e0nh\n<p><strong>ph\u1ea7n l\u1eafp r\u00e1p<\/strong><\/p>\n<p> T\u1ea5t <\/p>\n<li>\n<li>\n<li>\n<li>\n<li>\n<li>\n<li>\n<li>\n<li>\n<li>\n<p><strong>c\u1ea3 b\u00e1nh xe tr\u00e1i c\u1ee7a Nh\u1eadt B\u1ea3n<\/strong><strong>:<\/strong><\/p>\n<ul>\n<li>Mitsubishi (Ch\u00e2u \u00c2u, T\u1ed5ng h\u1ee3p, M\u1ef9, Nh\u1eadt B\u1ea3n) Nissan+Infiniti (EL, GL, USA, CA, ER, GR, SP) Toyo+Lexus (Euro, General, Nh\u1eadt B\u1ea3n, Hoa K\u1ef3)<\/li>\n<li>HINO (LHD &amp; RHD) Nh\u1eb9\/Trung b\u00ecnh\n<li>\/N\u1eb7ng\n<li>Isuzu To\u00e0n c\u1ea7u Subaru Euro Mazda Euro Honda General Zuki To\u00e0n c\u1ea7u Daihatsu Mazda USA Honda Euro Honda th\u1ecb tr\u01b0\u1eddng n\u1ed9i \u0111\u1ecba Nh\u1eadt B\u1ea3n (Subaru<\/li>\n<p> A<\/li>\n<p> cura Nh\u1eadt B\u1ea3n)<\/li>\n<\/ul>\n<\/li>\n<\/li>\n<\/li>\n<\/li>\n<\/li>\n<\/li>\n<\/li>\n<\/li>\n<\/li>\n<\/li>\n<\/li>\n<p><\/p>\n<p><strong><\/strong><\/p>\n<li>\n<p><strong><\/p>\n<ul>\n<li>\n<li>\n<li>\n<li>\n<li>\n<li>\n<li>\n<li>\n<li>\n<p><strong><\/p>\n<li>tay l\u00e1i b\u00ean ph\u1ea3i) Xe\n<ul>\n<li>t\u1ea3i\n<li>Toyota + Lexus<\/li>\n<p> Mitsubishi FUSO<\/li>\n<li>Daihatsu\n<li>Honda\n<li>Subaru\n<li>Nissan\n<li>HINO<\/li>\n<li>Isuzu<\/li>\n<p> Nissan<\/li>\n<p> Diesel UD Mitsubishi <\/p>\n<li>Mazda<\/li>\n<li>Suzuki<\/li>\n<\/li>\n<li>Denso<\/li>\n<p> Honda<\/li>\n<p> Nh\u1eadt B\u1ea3n RUS H\u00e0n Qu\u1ed1c Hyundai Kia H\u00e0n Qu\u1ed1c Hyundai Yong Kia Hoa K\u1ef3 Daewoo Hyundai Hoa <\/p>\n<li>K\u1ef3 Hyundai<\/li>\n<\/li>\n<li>Galloper, Santamo, \u0111\u1ed5i m\u1edbi Trung Qu\u1ed1c BYD Flyer,<\/li>\n<\/ul>\n<p> Fyer 3<\/li>\n<p><\/strong><\/p>\n<\/li>\n<\/li>\n<\/li>\n<\/li>\n<\/li>\n<\/li>\n<\/li>\n<\/li>\n<\/li>\n<\/ul>\n<p><\/strong><\/p>\n<\/li>\n<ul>\n<li><\/li>\n<\/ul>\n<li>\n<li>\n<li>\n<li>\n<li>\n<li>\n<li>\n<li>\n<li>\n<li>\n<li>\n<li>\n<li>\n<li>\n<li>\n<li>\n<li><strong>\n<li>\n<li>Geely MK\n<li>Lifan<\/li>\n<li>Chery EPC<\/li>\n<li>Geely SK\n<li>Great Wall (Deer, PickUp, Hover, Safe, G5) XINKAI PICKUP X3 Thay th\u1ebf, B\u1ea3n sao, TecDoc Bosch ESI Crosses (Phi\u00ean b\u1ea3n \u0111\u1ea7y \u0111\u1ee7) M\u00e1y\n<li>b\u01a1m Atris 555 AISIN AISIN AISIN Aled Nippon AMC ASCO-AISIN<\/li>\n<p><strong>AS<\/strong><\/p>\n<p> VA BANDO Bosal CENTRA Champion CTR Denso Depo EIKO Th\u1eaft l\u01b0ng EXEDY (DAIKIN)<\/li>\n<\/li>\n<p> N\u1ebfn FEBI Ferodo<\/li>\n<\/li>\n<p><\/strong><\/li>\n<\/li>\n<\/li>\n<\/li>\n<\/li>\n<\/li>\n<\/li>\n<\/li>\n<\/li>\n<\/li>\n<\/li>\n<\/li>\n<\/li>\n<\/li>\n<\/li>\n<\/li>\n<\/li>\n<li><\/li>\n<li>\n<li>B\u1ed9 l\u1ecdc\n<li>GATES<\/li>\n<li>\n<li>\n<li>\n<li>Hans Pries<\/li>\n<li>HDK<\/li>\n<li>HKT<\/li>\n<li>Jsakura\n<li>KILEN (Lesjofors) Knecht KOYO\n<li>KYB KY<\/li>\n<p> OSAN Lesjofors<\/li>\n<p> MANN-FILTER MAN<\/li>\n<li>\n<li>\n<li>\n<li>NOL<\/li>\n<\/li>\n<li>Maruichi<\/li>\n<p> Meyle MITSUBOSHI Moog MR MUSASHI Ph\u1ed1t d\u1ea7u NGK Nisshinbo NKN NPR NPW NTN OBK Osram Qsten RBI AT B\u1ed9 t\u1ea3n nhi\u1ec7t SCT SEIWA SI<\/li>\n<\/li>\n<\/li>\n<\/li>\n<\/li>\n<p> DEM STONE cho danh m\u1ee5c JPN<\/li>\n<\/li>\n<p><\/p>\n<ul>\n<li>\n<li>\n<li>\n<li>\n<li>\n<li>\n<li>\n<li>\n<li>\n<li>\n<li>\n<li>\n<li>\n<li>\n<li>\n<li>\n<li> <\/li>\n<\/li>\n<\/li>\n<\/li>\n<\/li>\n<\/li>\n<\/li>\n<\/li>\n<\/li>\n<\/li>\n<\/li>\n<\/li>\n<\/li>\n<\/li>\n<\/li>\n<\/li>\n<\/li>\n<li><\/li>\n<\/ul>\n<\/div>\n<li>\n<li>\n<li>\n<li>\n<li>\n<li>\n<li>\n<li>\n<li>M\u00e1\n<li>phanh Sumico SUMITOMO V\u00f2ng<\/li>\n<li>bi \u0111\u1ed9ng c\u01a1\n<li>SUN<\/li>\n<p> TAIHO C\u1ea3m <\/p>\n<li>bi\u1ebfn TAMA N\u1eafp t\u1ea3n nhi\u1ec7t TAMA B\u1ed9 \u0111i\u1ec1u nhi\u1ec7t TAMA THO TOKICO TRICO TRW UNION URW WYNN&#8217;S<\/li>\n<li>Zex\n<li>el bosch (<\/li>\n<p>Zd+ Zx+Zw) V\u00f2ng bi Zexel bosch (Zd+ Zx+Zw)<\/li>\n<\/li>\n<\/li>\n<\/li>\n<\/li>\n<\/li>\n<\/li>\n<\/li>\n<\/li>\n<\/li>\n<\/li>","protected":false},"excerpt":{"rendered":"<p>M\u1ed9t b\u1ed9 s\u01b0u t\u1eadp c\u00e1c danh m\u1ee5c \u0111i\u1ec7n t\u1eed v\u1ec1 ph\u1ee5 t\u00f9ng \u00f4 t\u00f4, bao g\u1ed3m \u00f4 t\u00f4 v\u00e0 xe t\u1ea3i l\u00e1i tr\u00e1i v\u00e0 tay ph\u1ea3i c\u1ee7a Nh\u1eadt B\u1ea3n, H\u00e0n Qu\u1ed1c v\u00e0 Trung Qu\u1ed1c.<\/p>","protected":false},"featured_media":20758,"comment_status":"closed","ping_status":"closed","template":"","meta":[],"pwb-brand":[],"product_cat":[3026],"product_tag":[3288,29,25,55],"class_list":{"0":"post-20757","1":"product","2":"type-product","3":"status-publish","4":"has-post-thumbnail","6":"product_cat-e-books","7":"product_tag-danh-muc-xe-hoi","8":"product_tag-diesel","9":"product_tag-man","10":"product_tag-run","12":"first","13":"instock","14":"shipping-taxable","15":"product-type-simple"},"brands":[],"_links":{"self":[{"href":"https:\/\/azsoft.com\/pt\/wp-json\/wp\/v2\/product\/20757","targetHints":{"allow":["GET"]}}],"collection":[{"href":"https:\/\/azsoft.com\/pt\/wp-json\/wp\/v2\/product"}],"about":[{"href":"https:\/\/azsoft.com\/pt\/wp-json\/wp\/v2\/types\/product"}],"replies":[{"embeddable":true,"href":"https:\/\/azsoft.com\/pt\/wp-json\/wp\/v2\/comments?post=20757"}],"wp:featuredmedia":[{"embeddable":true,"href":"https:\/\/azsoft.com\/pt\/wp-json\/wp\/v2\/media\/20758"}],"wp:attachment":[{"href":"https:\/\/azsoft.com\/pt\/wp-json\/wp\/v2\/media?parent=20757"}],"wp:term":[{"taxonomy":"pwb-brand","embeddable":true,"href":"https:\/\/azsoft.com\/pt\/wp-json\/wp\/v2\/pwb-brand?post=20757"},{"taxonomy":"product_cat","embeddable":true,"href":"https:\/\/azsoft.com\/pt\/wp-json\/wp\/v2\/product_cat?post=20757"},{"taxonomy":"product_tag","embeddable":true,"href":"https:\/\/azsoft.com\/pt\/wp-json\/wp\/v2\/product_tag?post=20757"}],"curies":[{"name":"wp","href":"https:\/\/api.w.org\/{rel}","templated":true}]}}