{"id":20097,"date":"2024-07-11T12:15:53","date_gmt":"2024-07-11T05:15:53","guid":{"rendered":"http:\/\/azsoft.com\/-product-\/uncategorized\/fastreport-net\/"},"modified":"2024-07-11T12:16:01","modified_gmt":"2024-07-11T05:16:01","slug":"fastreport-net","status":"publish","type":"product","link":"https:\/\/azsoft.com\/pt\/-product-\/phan-mem\/programming-phan-mem\/other-libraries\/fastreport-net\/","title":{"rendered":"FastReport.net"},"content":{"rendered":"<div class=\"b-product__description_text\">\n<p><strong>FastReport.net l\u00e0 m\u1ed9t tr\u00ecnh<\/strong> t\u1ea1o b\u00e1o c\u00e1o v\u1edbi c\u00e1c t\u00ednh n\u0103ng m\u1edf r\u1ed9ng cho Windows Forms, ASP.NET v\u00e0 MVC Framework. <span>T\u01b0\u01a1ng th\u00edch v\u1edbi Microsoft Visual Studio 2005 &#8211; 2017, .Net Framework 2.0-4.x, .Net Core 2.0. <\/p>\n<p>S\u1eed d\u1ee5ng <strong>FastReport.net<\/strong>, b\u1ea1n c\u00f3 th\u1ec3 t\u1ea1o c\u00e1c b\u00e1o c\u00e1o ho\u1ea1t \u0111\u1ed9ng \u0111\u1ed9c l\u1eadp v\u1edbi \u1ee9ng d\u1ee5ng. <strong>FastReport.net<\/strong> c\u00f3 th\u1ec3 \u0111\u01b0\u1ee3c s\u1eed d\u1ee5ng nh\u01b0 m\u1ed9t gi\u1ea3i ph\u00e1p b\u00e1o c\u00e1o \u0111\u1ed9c l\u1eadp<\/span><\/p>\n<p>.<\/p>\n<p><strong style=\"font-size: 13.12px\">Ch\u1ee9c n\u0103ng:<\/strong><\/p>\n<ul>\n<li>B\u1ea1n c\u00f3 th\u1ec3 k\u1ebft n\u1ed1i v\u1edbi b\u1ea5t k\u1ef3 c\u01a1 s\u1edf d\u1eef li\u1ec7u n\u00e0o, s\u1eed d\u1ee5ng b\u1ea5t k\u1ef3 b\u1ea3ng n\u00e0o c\u1ee7a n\u00f3 ho\u1eb7c t\u1ea1o truy v\u1ea5n c\u1ee7a ri\u00eang b\u1ea1n trong SQL;<\/li>\n<li>b\u1ea1n c\u00f3 th\u1ec3 th\u00eam m\u1ed9t ho\u1eb7c nhi\u1ec1u bi\u1ec3u m\u1eabu h\u1ed9p tho\u1ea1i v\u00e0o b\u00e1o c\u00e1o \u0111\u1ec3 truy v\u1ea5n tham s\u1ed1 tr\u01b0\u1edbc khi ch\u1ea1y b\u00e1o c\u00e1o;<\/li>\n<li>s\u1eed d\u1ee5ng t\u1eadp l\u1ec7nh t\u00edch h\u1ee3p, b\u1ea1n c\u00f3 th\u1ec3 qu\u1ea3n l\u00fd t\u01b0\u01a1ng t\u00e1c gi\u1eefa c\u00e1c \u0111i\u1ec1u khi\u1ec3n bi\u1ec3u m\u1eabu h\u1ed9p tho\u1ea1i v\u00e0 th\u1ef1c hi\u1ec7n x\u1eed l\u00fd d\u1eef li\u1ec7u ph\u1ee9c t\u1ea1p;<\/li>\n<li>cu\u1ed1i c\u00f9ng, b\u1ea1n c\u00f3 th\u1ec3 xem k\u1ebft qu\u1ea3 trong c\u1eeda s\u1ed5 xem tr\u01b0\u1edbc, in b\u00e1o c\u00e1o ho\u1eb7c l\u01b0u n\u00f3 \u1edf<\/li>\n<p> nhi\u1ec1u \u0111\u1ecbnh d\u1ea1ng ph\u1ed5 bi\u1ebfn.<\/ul>\n<p><strong>C\u00e1c t\u00ednh n\u0103ng:<\/strong><\/p>\n<ul>\n<li>FastReport.net \u0111\u01b0\u1ee3c vi\u1ebft b\u1eb1ng C # v\u00e0 ch\u1ec9 ch\u1ee9a m\u00e3 \u0111\u01b0\u1ee3c qu\u1ea3n l\u00fd. N\u00f3 t\u01b0\u01a1ng th\u00edch v\u1edbi.NET Framework 2.0 tr\u1edf l\u00ean. NET Framework 1.x kh\u00f4ng \u0111\u01b0\u1ee3c h\u1ed7 tr\u1ee3<\/li>\n<p>. <\/p>\n<li>FastReport.net \u0111i k\u00e8m v\u1edbi m\u00e3 ngu\u1ed3n (phi\u00ean b\u1ea3n chuy\u00ean nghi\u1ec7p). B\u1ea1n c\u00f3 th\u1ec3 \u0111i\u1ec1u ch\u1ec9nh n\u00f3 theo nhu c\u1ea7u c\u1ee7a ri\u00eang b\u1ea1n.<\/li>\n<li>Gi\u00e1 c\u1ea3 h\u1ee3p l\u00fd v\u00e0 ch\u00ednh s\u00e1ch c\u1ea5p ph\u00e9p. Gi\u00e1 gi\u1ea5y ph\u00e9p bao g\u1ed3m m\u1ed9t nh\u00e0 thi\u1ebft k\u1ebf tr\u1ef1c quan &#8211; b\u1ea1n c\u00f3 th\u1ec3 cung c\u1ea5p cho ng\u01b0\u1eddi d\u00f9ng c\u01a1 h\u1ed9i t\u1ef1 ph\u00e1t tri\u1ec3n b\u00e1o c\u00e1o. Kh\u00f4ng y\u00eau c\u1ea7u th\u00eam ph\u00ed t\u1eeb b\u1ea1n!<\/li>\n<li>Tr\u00ecnh t\u1ea1o b\u00e1o c\u00e1o FastReport.net cho ph\u00e9p b\u1ea1n th\u00eam b\u1ea3n \u0111\u1ed3 \u0111\u1ecba l\u00fd v\u00e0o b\u00e1o c\u00e1o b\u1eb1ng c\u00e1ch s\u1eed d\u1ee5ng \u0111\u1ed1i t\u01b0\u1ee3ng b\u1ea3n \u0111\u1ed3, \u0111i\u1ec1u n\u00e0y s\u1ebd l\u00e0m cho b\u00e1o c\u00e1o c\u00f3 li\u00ean quan \u0111\u1ebfn ch\u1ee7 \u0111\u1ec1 th\u1eadm ch\u00ed c\u00f2n t\u01b0\u01a1ng t\u00e1c h\u01a1n.<\/li>\n<li>S\u1ef1 h\u1ed7 tr\u1ee3 cho c\u00e1c d\u1ecbch v\u1ee5 \u0111\u00e1m m\u00e2y \u0111\u01b0\u1ee3c t\u00edch h\u1ee3p v\u00e0o FastReport.net gi\u00fap b\u1ea1n c\u00f3 th\u1ec3 l\u01b0u b\u00e1o c\u00e1o v\u00e0o m\u1ed9t trong ba t\u00e0i nguy\u00ean: Google Drive, SkyDrive, DropBox.<\/li>\n<p> Ki\u1ebfn <\/p>\n<li>tr\u00fac m\u1edf r\u1ed9ng c\u1ee7a FastReport.net cho ph\u00e9p b\u1ea1n t\u1ea1o v\u00e0 k\u1ebft n\u1ed1i c\u00e1c \u0111\u1ed1i t\u01b0\u1ee3ng c\u1ee7a ri\u00eang b\u1ea1n, xu\u1ea5t b\u1ed9 l\u1ecdc, ch\u1ee9c n\u0103ng, tr\u00ecnh h\u01b0\u1edbng d\u1eabn v\u00e0 c\u00f4ng c\u1ee5 c\u01a1 s\u1edf d\u1eef li\u1ec7u v\u00e0o b\u00e1o c\u00e1o. N\u1ebfu c\u00e1c t\u00f9y ch\u1ecdn c\u00f3 s\u1eb5n kh\u00f4ng \u0111\u1ee7 cho b\u1ea1n, h\u00e3y m\u1edf r\u1ed9ng ch\u00fang<\/li>\n<p>. <\/p>\n<li>H\u1ed7 tr\u1ee3 \u0111\u1ecbnh d\u1ea1ng RDL: kh\u1ea3 n\u0103ng m\u1edf v\u00e0 l\u01b0u \u1edf \u0111\u1ecbnh d\u1ea1ng n\u00e0y.<\/li>\n<li>H\u1ed7 tr\u1ee3 nh\u1eadp b\u00e1o c\u00e1o Crystal Reports.<\/li>\n<li>R\u1ea5t nh\u1ecf g\u1ecdn v\u00e0 th\u1ef1c s\u1ef1 nhanh ch\u00f3ng. <span style=\"font-size: 13.12px\"><\/span><\/li>\n<\/ul>\n<iframe src=\"https:\/\/www.youtube.com\/embed\/G5tQ8-qLaC4\" frameborder width=\"560\" height=\"315\"><\/iframe>\n<p><strong style=\"font-size: 13.12px\">M\u1edbi trong phi\u00ean b\u1ea3n 2018.3:<\/strong><\/p>\n<ul>\n<li>C\u00e1c k\u1ebft n\u1ed1i \u0111\u00e3 \u0111\u01b0\u1ee3c th\u00eam v\u00e0o c\u00e1c c\u01a1 s\u1edf d\u1eef li\u1ec7u kh\u00e1c nhau trong kho Nuget. C\u00e1c k\u1ebft n\u1ed1i n\u00e0y c\u00f3 th\u1ec3 \u0111\u01b0\u1ee3c s\u1eed d\u1ee5ng trong c\u1ea3 \u1ee9ng d\u1ee5ng.Net Core v\u00e0 Windows Forms<\/li>\n<p>. <\/ul>\n<li>Th\u01b0 vi\u1ec7n c\u1ee7a.NET Core hi\u1ec7n t\u01b0\u01a1ng th\u00edch v\u1edbi h\u1ec7 \u0111i\u1ec1u h\u00e0nh macOS.<\/li>\n<li>M\u00e3 v\u1ea1ch hi\u1ec7n \u0111\u01b0\u1ee3c xu\u1ea5t sang PDF v\u00e0 HTML d\u01b0\u1edbi d\u1ea1ng h\u00ecnh \u1ea3nh vector.<\/li><\/div>","protected":false},"excerpt":{"rendered":"<p>FastReport.net l\u00e0 tr\u00ecnh t\u1ea1o b\u00e1o c\u00e1o v\u1edbi c\u00e1c t\u00ednh n\u0103ng m\u1edf r\u1ed9ng cho c\u00e1c nh\u00e0 ph\u00e1t tri\u1ec3n s\u1eed d\u1ee5ng c\u00e1c s\u1ea3n ph\u1ea9m Microsoft Visual Studio ho\u1eb7c b\u1ea5t k\u1ef3 m\u00f4i tr\u01b0\u1eddng ph\u00e1t tri\u1ec3n n\u00e0o kh\u00e1c ho\u1ea1t \u0111\u1ed9ng v\u1edbi.NET Framework.<\/p>","protected":false},"featured_media":20098,"comment_status":"closed","ping_status":"closed","template":"","meta":[],"pwb-brand":[],"product_cat":[3004],"product_tag":[3781,3601],"class_list":{"0":"post-20097","1":"product","2":"type-product","3":"status-publish","4":"has-post-thumbnail","6":"product_cat-other-libraries","7":"product_tag-bao-cao-nhanh-llc","8":"product_tag-thiet-ke-truc-quan","10":"first","11":"instock","12":"shipping-taxable","13":"product-type-simple"},"brands":[],"_links":{"self":[{"href":"https:\/\/azsoft.com\/pt\/wp-json\/wp\/v2\/product\/20097","targetHints":{"allow":["GET"]}}],"collection":[{"href":"https:\/\/azsoft.com\/pt\/wp-json\/wp\/v2\/product"}],"about":[{"href":"https:\/\/azsoft.com\/pt\/wp-json\/wp\/v2\/types\/product"}],"replies":[{"embeddable":true,"href":"https:\/\/azsoft.com\/pt\/wp-json\/wp\/v2\/comments?post=20097"}],"wp:featuredmedia":[{"embeddable":true,"href":"https:\/\/azsoft.com\/pt\/wp-json\/wp\/v2\/media\/20098"}],"wp:attachment":[{"href":"https:\/\/azsoft.com\/pt\/wp-json\/wp\/v2\/media?parent=20097"}],"wp:term":[{"taxonomy":"pwb-brand","embeddable":true,"href":"https:\/\/azsoft.com\/pt\/wp-json\/wp\/v2\/pwb-brand?post=20097"},{"taxonomy":"product_cat","embeddable":true,"href":"https:\/\/azsoft.com\/pt\/wp-json\/wp\/v2\/product_cat?post=20097"},{"taxonomy":"product_tag","embeddable":true,"href":"https:\/\/azsoft.com\/pt\/wp-json\/wp\/v2\/product_tag?post=20097"}],"curies":[{"name":"wp","href":"https:\/\/api.w.org\/{rel}","templated":true}]}}