{"id":19039,"date":"2024-07-11T08:04:52","date_gmt":"2024-07-11T01:04:52","guid":{"rendered":"http:\/\/azsoft.com\/-product-\/uncategorized\/st-petersburg-va-moi-truong-xung-quanh-cau-do-so-021-loat-bai-nghe-thuat-se-cuu-the-gioi\/"},"modified":"2024-07-15T12:03:17","modified_gmt":"2024-07-15T05:03:17","slug":"st-petersburg-va-moi-truong-xung-quanh-cau-do-so-021-loat-bai-nghe-thuat-se-cuu-the-gioi","status":"publish","type":"product","link":"https:\/\/azsoft.com\/pt\/-product-\/phan-mem\/education-and-science-phan-mem\/other-programs-education-and-science-phan-mem\/st-petersburg-va-moi-truong-xung-quanh-cau-do-so-021-loat-bai-nghe-thuat-se-cuu-the-gioi\/","title":{"rendered":"\u201cST. PETERSBURG V\u00c0 M\u00d4I TR\u01af\u1edcNG XUNG QUANH\u201d C\u00e2u \u0111\u1ed1 s\u1ed1 021, lo\u1ea1t b\u00e0i: \u201cNgh\u1ec7 thu\u1eadt s\u1ebd c\u1ee9u th\u1ebf gi\u1edbi!\u201d"},"content":{"rendered":"<div class=\"b-product__description_text\">\n<p>C\u00e2u \u0111\u1ed1: \u201cNgh\u1ec7 thu\u1eadt s\u1ebd c\u1ee9u th\u1ebf gi\u1edbi!\u201d M\u1ed9t c\u00e2u \u0111\u1ed1 \u0111a c\u1ea5p v\u1edbi m\u1ed9t s\u1ed1 l\u01b0\u1ee3ng l\u1edbn c\u00e1c h\u00ecnh minh h\u1ecda g\u1ed1c. Saint Petersburg v\u00e0 c\u00e1c v\u00f9ng l\u00e2n c\u1eadn Ngh\u1ec7 thu\u1eadt. Tranh. <\/p>\n<p>C\u00e2u \u0111\u1ed1: \u201cNgh\u1ec7 thu\u1eadt s\u1ebd c\u1ee9u th\u1ebf gi\u1edbi!\u201d ph\u00e1t tri\u1ec3n: t\u01b0 duy th\u1ecb gi\u00e1c, ngh\u1ec7 thu\u1eadt v\u00e0 logic. N\u00e2ng cao k\u1ef9 n\u0103ng: tr\u1ef1c gi\u00e1c, suy lu\u1eadn, gi\u1edbi thi\u1ec7u, d\u1ecbch thu\u1eadt. Anh \u1ea5y r\u00e8n luy\u1ec7n: \u00fd ch\u00ed, t\u1ef1 ki\u1ec3m so\u00e1t v\u00e0 s\u1ee9c ch\u1ecbu \u0111\u1ef1ng. N\u00f3 th\u1ea5m nhu\u1ea7n: gu th\u1ea9m m\u1ef9 ngh\u1ec7 thu\u1eadt, l\u00f2ng t\u1ed1t, s\u1ef1 r\u00f5 r\u00e0ng c\u1ee7a suy ngh\u0129, s\u00e1ng t\u00e1c, khi\u1ebfu h\u00e0i h\u01b0\u1edbc v\u00e0 h\u00e0i h\u00f2a. T\u0103ng: t\u01b0 duy nh\u1eadn th\u1ee9c. Tr\u00f2 ch\u01a1i r\u1ea5t h\u1eefu \u00edch cho c\u1ea3 ng\u01b0\u1eddi l\u1edbn v\u00e0 tr\u1ebb em. <\/p>\n<p>T\u1ec7p c\u00e0i \u0111\u1eb7t ch\u1ee9a 10 h\u00ecnh minh h\u1ecda theo ch\u1ee7 \u0111\u1ec1 v\u1ec1 c\u00e1c b\u1ee9c tranh c\u1ee7a Heinrich Lubman v\u00e0 ch\u01b0\u01a1ng tr\u00ecnh c\u00e2u \u0111\u1ed1: \u201cNgh\u1ec7 thu\u1eadt s\u1ebd c\u1ee9u th\u1ebf gi\u1edbi!\u201d. Tr\u00f2 ch\u01a1i c\u00f3 10 c\u1ea5p \u0111\u1ed9 kh\u00f3 v\u00e0 ch\u1ebf \u0111\u1ed9 th\u1ebb \u0111a c\u1ea5p, g\u1ee3i \u00fd v\u00e0 ti\u1ec1n th\u01b0\u1edfng. N\u00f3 cho ph\u00e9p b\u1ea1n t\u0103ng kh\u1ed1i l\u01b0\u1ee3ng c\u00e2u \u0111\u1ed1 b\u1eb1ng c\u00e1ch mua lo\u1ea1t tr\u00f2 ch\u01a1i theo ch\u1ee7 \u0111\u1ec1<\/p>\n<\/div>\n<p>.<\/p>","protected":false},"excerpt":{"rendered":"<p>C\u00e2u \u0111\u1ed1: \u201cNgh\u1ec7 thu\u1eadt s\u1ebd c\u1ee9u th\u1ebf gi\u1edbi!\u201d M\u1ed9t c\u00e2u \u0111\u1ed1 \u0111a c\u1ea5p v\u1edbi m\u1ed9t s\u1ed1 l\u01b0\u1ee3ng l\u1edbn c\u00e1c h\u00ecnh minh h\u1ecda g\u1ed1c. Saint Petersburg v\u00e0 c\u00e1c v\u00f9ng l\u00e2n c\u1eadn Ngh\u1ec7 thu\u1eadt. Tranh.<\/p>","protected":false},"featured_media":19040,"comment_status":"closed","ping_status":"closed","template":"","meta":[],"pwb-brand":[4962],"product_cat":[2984],"product_tag":[25,3461,3410],"class_list":{"0":"post-19039","1":"product","2":"type-product","3":"status-publish","4":"has-post-thumbnail","6":"pwb-brand-lubman-ru","7":"product_cat-other-programs-education-and-science-phan-mem","8":"product_tag-man","9":"product_tag-tot","10":"product_tag-truyen-thong-lubman-ru","12":"first","13":"instock","14":"shipping-taxable","15":"product-type-simple"},"brands":[{"id":4962,"name":"??? Lubman.ru","slug":"lubman-ru"}],"_links":{"self":[{"href":"https:\/\/azsoft.com\/pt\/wp-json\/wp\/v2\/product\/19039","targetHints":{"allow":["GET"]}}],"collection":[{"href":"https:\/\/azsoft.com\/pt\/wp-json\/wp\/v2\/product"}],"about":[{"href":"https:\/\/azsoft.com\/pt\/wp-json\/wp\/v2\/types\/product"}],"replies":[{"embeddable":true,"href":"https:\/\/azsoft.com\/pt\/wp-json\/wp\/v2\/comments?post=19039"}],"wp:featuredmedia":[{"embeddable":true,"href":"https:\/\/azsoft.com\/pt\/wp-json\/wp\/v2\/media\/19040"}],"wp:attachment":[{"href":"https:\/\/azsoft.com\/pt\/wp-json\/wp\/v2\/media?parent=19039"}],"wp:term":[{"taxonomy":"pwb-brand","embeddable":true,"href":"https:\/\/azsoft.com\/pt\/wp-json\/wp\/v2\/pwb-brand?post=19039"},{"taxonomy":"product_cat","embeddable":true,"href":"https:\/\/azsoft.com\/pt\/wp-json\/wp\/v2\/product_cat?post=19039"},{"taxonomy":"product_tag","embeddable":true,"href":"https:\/\/azsoft.com\/pt\/wp-json\/wp\/v2\/product_tag?post=19039"}],"curies":[{"name":"wp","href":"https:\/\/api.w.org\/{rel}","templated":true}]}}