{"id":16134,"date":"2024-07-10T21:02:08","date_gmt":"2024-07-10T14:02:08","guid":{"rendered":"http:\/\/azsoft.com\/-product-\/uncategorized\/may-tram-alto-10\/"},"modified":"2024-07-15T11:43:57","modified_gmt":"2024-07-15T04:43:57","slug":"may-tram-alto-10","status":"publish","type":"product","link":"https:\/\/azsoft.com\/pt\/-product-\/phan-mem\/os\/linux-and-unix-os\/may-tram-alto-10\/","title":{"rendered":"M\u00e1y tr\u1ea1m Alto 10"},"content":{"rendered":"<div class=\"b-product__description_text\">\n<p><strong>Alt Workstation 10<\/strong> l\u00e0 m\u1ed9t b\u1ea3n ph\u00e2n ph\u1ed1i d\u1ef1a tr\u00ean l\u00f5i Linux bao g\u1ed3m m\u1ed9t h\u1ec7 \u0111i\u1ec1u h\u00e0nh v\u00e0 m\u1ed9t t\u1eadp h\u1ee3p c\u00e1c \u1ee9ng d\u1ee5ng cho c\u00f4ng vi\u1ec7c \u0111\u1ea7y \u0111\u1ee7.<\/p>\n<li>\n<p>H\u1ec7 th\u1ed1ng c\u00f3 th\u1ec3 \u0111\u01b0\u1ee3c s\u1eed d\u1ee5ng \u0111\u1ec3 gi\u1ea3i quy\u1ebft m\u1ed9t lo\u1ea1t c\u00e1c t\u00e1c v\u1ee5:<\/p>\n<li>l\u00e0m vi\u1ec7c tr\u00ean Internet (tr\u00ecnh duy\u1ec7t web, e-mail, nh\u1eafn tin t\u1ee9c th\u1eddi);<\/li>\n<li>l\u00e0m vi\u1ec7c trong m\u1ea1ng c\u00f4ng ty, bao g\u1ed3m c\u1ea5u tr\u00fac mi\u1ec1n (c\u1ea3 Microsoft AD v\u00e0 Alt Server \u0111\u1ec1u c\u00f3 th\u1ec3 ho\u1ea1t \u0111\u1ed9ng nh\u01b0 b\u1ed9 \u0111i\u1ec1u khi\u1ec3n mi\u1ec1n): ch\u00ednh s\u00e1ch nh\u00f3m \u0111\u01b0\u1ee3c h\u1ed7 tr\u1ee3 \u0111\u1ec3 t\u00edch h\u1ee3p v\u00e0o c\u01a1 s\u1edf h\u1ea1 t\u1ea7ng Active Directory; l\u00e0m vi\u1ec7c v\u1edbi c\u00e1c t\u00e0i li\u1ec7u v\u0103n ph\u00f2ng \u1edf<\/li>\n<li>nhi\u1ec1u \u0111\u1ecbnh d\u1ea1ng kh\u00e1c nhau (v\u0103n b\u1ea3n, b\u1ea3ng t\u00ednh, b\u1ea3n tr\u00ecnh b\u00e0y, t\u1ec7p pdf); l\u00e0m vi\u1ec7c v\u1edbi t\u00e0i li\u1ec7u \u0111\u1ed3 h\u1ecda vector v\u00e0 raster,<\/li>\n<p>;<\/li>\n<ul>\n<li>l\u00e0m vi\u1ec7c v\u1edbi \u00e2m thanh <\/li>\n<p>; <\/p>\n<li>l\u00e0m vi\u1ec7c v\u1edbi video v\u00e0 screencast; qu\u00e9t v\u00e0 nh\u1eadn d\u1ea1ng v\u0103n b\u1ea3n; l\u00e0m vi\u1ec7c v\u1edbi kho l\u01b0u tr\u1eef;<\/li>\n<li>l\u00e0m vi\u1ec7c v\u1edbi<\/li>\n<li>t\u00e0i nguy\u00ean\n<li>\u0111\u00e1m m\u00e2y<\/li>\n<p> ho\u1eb7c chia s\u1ebb (v\u00ed d\u1ee5<\/li>\n<\/ul>\n<p>: ownCloud). <\/p>\n<p>G\u00f3i ph\u00e2n ph\u1ed1i bao g\u1ed3m b\u1ed9 \u1ee9ng d\u1ee5ng v\u0103n ph\u00f2ng \u0111a ch\u1ee9c n\u0103ng LibreOffice Still.<\/p>\n<p>M\u1ed9t m\u00f4i tr\u01b0\u1eddng \u0111\u1ed3 h\u1ecda th\u00e2n thi\u1ec7n v\u1edbi ng\u01b0\u1eddi d\u00f9ng (MATE trong <strong>Alt Work<\/strong> station ho\u1eb7c KDE Plasma trong Alt Workstation K) cho ph\u00e9p ng\u01b0\u1eddi d\u00f9ng d\u1ec5 d\u00e0ng th\u00edch \u1ee9ng v\u1edbi h\u1ec7 \u0111i\u1ec1u h\u00e0nh m\u1edbi. Ch\u01b0\u01a1ng tr\u00ecnh c\u1ea5u h\u00ecnh \u0111\u1ed3 h\u1ecda Alterator cho ph\u00e9p b\u1ea1n \u0111\u1ecbnh c\u1ea5u h\u00ecnh h\u1ec7 th\u1ed1ng, th\u00eam m\u00e1y in v\u00e0 c\u00e1c<\/p>\n<p> thi\u1ebft b\u1ecb ngo\u1ea1i vi kh\u00e1c<\/p><\/div>\n<p>. <\/p>\n<p>Ng\u00f4n ng\u1eef ch\u00ednh c\u1ee7a giao di\u1ec7n <strong>Alt Workstation<\/strong> OS l\u00e0 ti\u1ebfng Nga v\u00e0 b\u1ea1n c\u0169ng c\u00f3 th\u1ec3 ch\u1ecdn c\u00e1c ng\u00f4n ng\u1eef kh\u00e1c ngo\u00e0i ra.<\/p>","protected":false},"excerpt":{"rendered":"<p><strong><\/strong>Alt Workstation l\u00e0 m\u1ed9t b\u1ea3n ph\u00e2n ph\u1ed1i d\u1ef1a tr\u00ean l\u00f5i Linux bao g\u1ed3m m\u1ed9t h\u1ec7 \u0111i\u1ec1u h\u00e0nh v\u00e0 m\u1ed9t t\u1eadp h\u1ee3p c\u00e1c \u1ee9ng d\u1ee5ng cho c\u00f4ng vi\u1ec7c \u0111\u1ea7y \u0111\u1ee7, h\u1ed7 tr\u1ee3 c\u00e1c thi\u1ebft b\u1ecb b\u1ed5 sung kh\u00e1c nhau. <span style=\"font-family: Times New Roman,Times,serif\"><span style=\"font-size: 12pt\">Alt<\/span><\/span> <span style=\"font-family: Times New Roman,Times,serif\"><span style=\"font-size: 12pt\">Posto de trabalho<\/span><\/span> \u0111\u01b0\u1ee3c thi\u1ebft k\u1ebf \u0111\u1ec3 c\u00e0i \u0111\u1eb7t tr\u00ean c\u1ea3 m\u00e1y v\u1eadt l\u00fd v\u00e0 \u1ea3o<\/p>\n<p>.<\/p>","protected":false},"featured_media":16135,"comment_status":"closed","ping_status":"closed","template":"","meta":[],"pwb-brand":[3988],"product_cat":[2900],"product_tag":[3375],"class_list":{"0":"post-16134","1":"product","2":"type-product","3":"status-publish","4":"has-post-thumbnail","6":"pwb-brand-microsoft","7":"product_cat-linux-and-unix-os","8":"product_tag-da-bazan-spo","10":"first","11":"instock","12":"shipping-taxable","13":"product-type-simple"},"brands":[{"id":3988,"name":"Microsoft","slug":"microsoft"}],"_links":{"self":[{"href":"https:\/\/azsoft.com\/pt\/wp-json\/wp\/v2\/product\/16134","targetHints":{"allow":["GET"]}}],"collection":[{"href":"https:\/\/azsoft.com\/pt\/wp-json\/wp\/v2\/product"}],"about":[{"href":"https:\/\/azsoft.com\/pt\/wp-json\/wp\/v2\/types\/product"}],"replies":[{"embeddable":true,"href":"https:\/\/azsoft.com\/pt\/wp-json\/wp\/v2\/comments?post=16134"}],"wp:featuredmedia":[{"embeddable":true,"href":"https:\/\/azsoft.com\/pt\/wp-json\/wp\/v2\/media\/16135"}],"wp:attachment":[{"href":"https:\/\/azsoft.com\/pt\/wp-json\/wp\/v2\/media?parent=16134"}],"wp:term":[{"taxonomy":"pwb-brand","embeddable":true,"href":"https:\/\/azsoft.com\/pt\/wp-json\/wp\/v2\/pwb-brand?post=16134"},{"taxonomy":"product_cat","embeddable":true,"href":"https:\/\/azsoft.com\/pt\/wp-json\/wp\/v2\/product_cat?post=16134"},{"taxonomy":"product_tag","embeddable":true,"href":"https:\/\/azsoft.com\/pt\/wp-json\/wp\/v2\/product_tag?post=16134"}],"curies":[{"name":"wp","href":"https:\/\/api.w.org\/{rel}","templated":true}]}}