{"id":41561,"date":"2025-06-20T15:16:56","date_gmt":"2025-06-20T08:16:56","guid":{"rendered":"http:\/\/azsoft.com\/-product-\/uncategorized\/thiet-bi-luu-tru-nas-synology-ds225-2-bay-ma-san-pham-ds225\/"},"modified":"2025-06-20T15:18:27","modified_gmt":"2025-06-20T08:18:27","slug":"thiet-bi-luu-tru-nas-synology-ds225-2-bay-ma-san-pham-ds225","status":"publish","type":"product","link":"https:\/\/azsoft.com\/ja\/-product-\/hardware\/storage\/synology\/thiet-bi-luu-tru-nas-synology-ds225-2-bay-ma-san-pham-ds225\/","title":{"rendered":"Thi\u1ebft b\u1ecb l\u01b0u tr\u1eef NAS Synology DS225+ 2 Bay M\u00e3 s\u1ea3n ph\u1ea9m: DS225+"},"content":{"rendered":"<div class=\"showText tabs\" id=\"tab2\">\n                                    <\/div>","protected":false},"excerpt":{"rendered":"<ul>\n<p><strong><span style=\"font-size: 11pt;font-family: Arial, sans-serif;vertical-align: baseline\">Th\u00f4ng tin s\u1ea3n ph\u1ea9m <\/span>Thi\u1ebft b\u1ecb l\u01b0u tr\u1eef NAS Synology DS225+ 2 Bay<\/strong><\/p>\n<ul>\n<li>NAS 2 khay, h\u1ed7 tr\u1ee3 \u1ed5 c\u1ee9ng 3.5&#8243;\/2.5&#8243; SATA HDD\/SSD<\/li>\n<li>CPU Intel Celeron J4125, 4 nh\u00e2n, t\u1ed1c \u0111\u1ed9 2.0 GHz (burst 2.7 GHz)<\/li>\n<li>RAM 2GB DDR4 (c\u00f3 th\u1ec3 n\u00e2ng c\u1ea5p l\u00ean 6GB)<\/li>\n<li>1 c\u1ed5ng LAN 2.5GbE, 2 c\u1ed5ng USB 3.2 Gen 1<\/li>\n<li>H\u1ed7 tr\u1ee3 RAID 0\/1, SHR, snapshot, \u0111\u1ed3ng b\u1ed9 \u0111\u00e1m m\u00e2y v\u00e0 gi\u00e1m s\u00e1t camera<\/li>\n<\/ul>\n<\/ul>","protected":false},"featured_media":41562,"comment_status":"closed","ping_status":"closed","template":"","meta":[],"pwb-brand":[],"product_cat":[3095],"product_tag":[5154,2841,5445],"class_list":{"0":"post-41561","1":"product","2":"type-product","3":"status-publish","4":"has-post-thumbnail","6":"product_cat-synology","7":"product_tag-cpu","8":"product_tag-hdd","9":"product_tag-intel","11":"first","12":"instock","13":"shipping-taxable","14":"product-type-simple"},"brands":[],"_links":{"self":[{"href":"https:\/\/azsoft.com\/ja\/wp-json\/wp\/v2\/product\/41561","targetHints":{"allow":["GET"]}}],"collection":[{"href":"https:\/\/azsoft.com\/ja\/wp-json\/wp\/v2\/product"}],"about":[{"href":"https:\/\/azsoft.com\/ja\/wp-json\/wp\/v2\/types\/product"}],"replies":[{"embeddable":true,"href":"https:\/\/azsoft.com\/ja\/wp-json\/wp\/v2\/comments?post=41561"}],"wp:featuredmedia":[{"embeddable":true,"href":"https:\/\/azsoft.com\/ja\/wp-json\/wp\/v2\/media\/41562"}],"wp:attachment":[{"href":"https:\/\/azsoft.com\/ja\/wp-json\/wp\/v2\/media?parent=41561"}],"wp:term":[{"taxonomy":"pwb-brand","embeddable":true,"href":"https:\/\/azsoft.com\/ja\/wp-json\/wp\/v2\/pwb-brand?post=41561"},{"taxonomy":"product_cat","embeddable":true,"href":"https:\/\/azsoft.com\/ja\/wp-json\/wp\/v2\/product_cat?post=41561"},{"taxonomy":"product_tag","embeddable":true,"href":"https:\/\/azsoft.com\/ja\/wp-json\/wp\/v2\/product_tag?post=41561"}],"curies":[{"name":"wp","href":"https:\/\/api.w.org\/{rel}","templated":true}]}}