{"id":41037,"date":"2025-03-06T18:30:36","date_gmt":"2025-03-06T11:30:36","guid":{"rendered":"http:\/\/azsoft.com\/-product-\/uncategorized\/phan-mem-microsoft-entra-suite\/"},"modified":"2025-03-06T18:37:42","modified_gmt":"2025-03-06T11:37:42","slug":"phan-mem-microsoft-entra-suite","status":"publish","type":"product","link":"https:\/\/azsoft.com\/ja\/-product-\/phan-mem\/phan-mem-bao-mat\/bao-mat-he-thong\/phan-mem-microsoft-entra-suite\/","title":{"rendered":"Ph\u1ea7n m\u1ec1m Microsoft Entra Suite"},"content":{"rendered":"<div class=\"product attribute description\">\n<div class=\"value\">\n<div class=\"magezon-builder magezon-builder-preload\">\n<div class=\"igsitcj mgz-element mgz-element-row full_width_row\">\n<div class=\"mgz-element-inner igsitcj-s\">\n<div class=\"inner-content mgz-container\">\n<div class=\"s7lcpij mgz-element mgz-element-column mgz-col-xs-12\">\n<div class=\"mgz-element-inner s7lcpij-s\">\n<div class=\"vb9r0up mgz-element mgz-child mgz-element-text\">\n<div class=\"mgz-element-inner vb9r0up-s\">\n<h4><span style=\"font-size: 16px\"><strong>Gi\u1edbi thi\u1ec7u v\u1ec1 ph\u1ea7n m\u1ec1m Microsoft Entra Suite<\/strong><\/span><\/h4>\n<p><strong>Microsoft Entra Suite<\/strong> cung c\u1ea5p c\u00e1c gi\u1ea3i ph\u00e1p qu\u1ea3n l\u00fd b\u1ea3o m\u1eadt v\u00e0 truy c\u1eadp to\u00e0n di\u1ec7n cho c\u00e1c t\u1ed5 ch\u1ee9c. N\u00f3 k\u1ebft h\u1ee3p qu\u1ea3n l\u00fd danh t\u00ednh, truy c\u1eadp m\u1ea1ng v\u00e0 c\u00e1c t\u00ednh n\u0103ng b\u1ea3o m\u1eadt n\u00e2ng cao \u0111\u1ec3 \u0111\u1ea3m b\u1ea3o truy c\u1eadp an to\u00e0n v\u00e0 hi\u1ec7u qu\u1ea3 v\u00e0o c\u00e1c \u1ee9ng d\u1ee5ng v\u00e0 d\u1eef li\u1ec7u. V\u1edbi c\u00e1c nguy\u00ean t\u1eafc Zero Trust v\u00e0 t\u00edch h\u1ee3p li\u1ec1n m\u1ea1ch v\u1edbi c\u00e1c s\u1ea3n ph\u1ea9m kh\u00e1c c\u1ee7a Microsoft, n\u00f3 t\u0103ng c\u01b0\u1eddng b\u1ea3o m\u1eadt v\u00e0 \u0111\u01a1n gi\u1ea3n h\u00f3a vi\u1ec7c qu\u1ea3n l\u00fd.<\/p>\n<p><strong>Microsoft Entra Suite<\/strong> l\u00e0 gi\u1ea3i ph\u00e1p qu\u1ea3n l\u00fd truy c\u1eadp to\u00e0n di\u1ec7n d\u1ef1a tr\u00ean \u0111\u00e1m m\u00e2y \u0111\u01b0\u1ee3c thi\u1ebft k\u1ebf \u0111\u1ec3 c\u1ea3i thi\u1ec7n t\u00ednh b\u1ea3o m\u1eadt v\u00e0 hi\u1ec7u qu\u1ea3 c\u1ee7a c\u00e1c t\u1ed5 ch\u1ee9c. Gi\u1ea3i ph\u00e1p n\u00e0y k\u1ebft h\u1ee3p danh t\u00ednh v\u00e0 quy\u1ec1n truy c\u1eadp m\u1ea1ng \u0111\u1ec3 \u0111\u1ea3m b\u1ea3o nh\u00e2n vi\u00ean c\u00f3 th\u1ec3 truy c\u1eadp an to\u00e0n v\u00e0o c\u00e1c \u1ee9ng d\u1ee5ng v\u00e0 t\u00e0i nguy\u00ean, c\u1ea3 tr\u00ean \u0111\u00e1m m\u00e2y v\u00e0 t\u1ea1i ch\u1ed7, t\u1eeb b\u1ea5t k\u1ef3 v\u1ecb tr\u00ed n\u00e0o.<\/p>\n<p>M\u1ed9t trong nh\u1eefng t\u00ednh n\u0103ng ch\u00ednh c\u1ee7a Microsoft Entra Suite l\u00e0 t\u00edch h\u1ee3p c\u00e1c nguy\u00ean t\u1eafc Zero Trust. \u0110i\u1ec1u n\u00e0y c\u00f3 ngh\u0129a l\u00e0 quy\u1ec1n truy c\u1eadp v\u00e0o t\u00e0i nguy\u00ean ch\u1ec9 \u0111\u01b0\u1ee3c c\u1ea5p d\u1ef1a tr\u00ean x\u00e1c minh nghi\u00eam ng\u1eb7t v\u00e0 quy\u1ec1n t\u1ed1i thi\u1ec3u, gi\u00fap t\u0103ng c\u01b0\u1eddng b\u1ea3o m\u1eadt v\u00e0 ng\u0103n ch\u1eb7n truy c\u1eadp tr\u00e1i ph\u00e9p. B\u1ed9 ph\u1ea7n m\u1ec1m cung c\u1ea5p m\u1ed9t n\u01a1i th\u1ed1ng nh\u1ea5t \u0111\u1ec3 b\u1ea3o m\u1eadt danh t\u00ednh v\u00e0 quy\u1ec1n truy c\u1eadp, gi\u00fap qu\u1ea3n l\u00fd \u0111\u01a1n gi\u1ea3n v\u00e0 minh b\u1ea1ch h\u01a1n.<\/p>\n<p>B\u1ed9 s\u1ea3n ph\u1ea9m bao g\u1ed3m nhi\u1ec1u th\u00e0nh ph\u1ea7n kh\u00e1c nhau, ch\u1eb3ng h\u1ea1n nh\u01b0 Microsoft Entra Private Access , cung c\u1ea5p quy\u1ec1n truy c\u1eadp an to\u00e0n v\u00e0o c\u00e1c \u1ee9ng d\u1ee5ng v\u00e0 t\u00e0i nguy\u00ean ri\u00eang t\u01b0 m\u00e0 kh\u00f4ng c\u1ea7n VPN truy\u1ec1n th\u1ed1ng, gi\u00fap gi\u1ea3m \u0111\u1ed9 ph\u1ee9c t\u1ea1p v\u00e0 chi ph\u00ed v\u1eadn h\u00e0nh. Ngo\u00e0i ra, c\u00f2n c\u00f3 Microsoft Entra Internet Access , m\u1ed9t C\u1ed5ng web an to\u00e0n b\u1ea3o v\u1ec7 kh\u1ecfi l\u01b0u l\u01b0\u1ee3ng truy c\u1eadp internet c\u00f3 h\u1ea1i v\u00e0 n\u1ed9i dung kh\u00f4ng mong mu\u1ed1n.<\/p>\n<p>Microsoft Entra ID Governance l\u00e0 m\u1ed9t th\u00e0nh ph\u1ea7n quan tr\u1ecdng kh\u00e1c, \u0111\u1ea3m b\u1ea3o qu\u1ea3n l\u00fd t\u1ef1 \u0111\u1ed9ng danh t\u00ednh v\u00e0 quy\u1ec1n truy c\u1eadp, do \u0111\u00f3, \u0111\u00fang ng\u01b0\u1eddi c\u00f3 quy\u1ec1n truy c\u1eadp v\u00e0o \u0111\u00fang \u1ee9ng d\u1ee5ng v\u00e0 d\u1ecbch v\u1ee5 v\u00e0o \u0111\u00fang th\u1eddi \u0111i\u1ec3m. Microsoft Entra ID Protection cung c\u1ea5p c\u00e1c t\u00ednh n\u0103ng b\u1ea3o m\u1eadt n\u00e2ng cao \u0111\u1ec3 ng\u0103n ch\u1eb7n vi ph\u1ea1m danh t\u00ednh theo th\u1eddi gian th\u1ef1c b\u1eb1ng c\u00e1ch s\u1eed d\u1ee5ng m\u00e1y h\u1ecdc ti\u00ean ti\u1ebfn v\u00e0 ch\u00ednh s\u00e1ch truy c\u1eadp th\u00edch \u1ee9ng.<\/p>\n<p>Cu\u1ed1i c\u00f9ng, Microsoft Entra Verified ID cung c\u1ea5p d\u1ecbch v\u1ee5 \u0111\u01b0\u1ee3c qu\u1ea3n l\u00fd cho th\u00f4ng tin x\u00e1c th\u1ef1c c\u00f3 th\u1ec3 x\u00e1c minh, cho ph\u00e9p x\u00e1c minh danh t\u00ednh theo th\u1eddi gian th\u1ef1c theo c\u00e1ch an to\u00e0n v\u00e0 b\u1ea3o m\u1eadt. T\u1ea5t c\u1ea3 nh\u1eefng \u0111i\u1ec1u n\u00e0y g\u00f3p ph\u1ea7n c\u1ea3i thi\u1ec7n tr\u1ea3i nghi\u1ec7m ng\u01b0\u1eddi d\u00f9ng b\u1eb1ng c\u00e1ch th\u1ef1c thi nh\u1ea5t qu\u00e1n nguy\u00ean t\u1eafc v\u1ec1 quy\u1ec1n t\u1ed1i thi\u1ec3u v\u00e0 quy\u1ec1n truy c\u1eadp li\u1ec1n m\u1ea1ch v\u00e0o t\u00e0i nguy\u00ean.<\/p>\n<p><\/p>\n<p>T\u00f3m l\u1ea1i, Microsoft Entra Suite l\u00e0 gi\u1ea3i ph\u00e1p m\u1ea1nh m\u1ebd gi\u00fap c\u00e1c t\u1ed5 ch\u1ee9c t\u0103ng c\u01b0\u1eddng kh\u1ea3 n\u0103ng b\u1ea3o m\u1eadt v\u00e0 qu\u1ea3n l\u00fd hi\u1ec7u qu\u1ea3 quy\u1ec1n truy c\u1eadp v\u00e0o c\u00e1c t\u00e0i nguy\u00ean quan tr\u1ecdng.<\/p>\n<p>Microsoft Entra Suite c\u00f3 s\u1eb5n d\u01b0\u1edbi d\u1ea1ng \u0111\u0103ng k\u00fd theo ng\u01b0\u1eddi d\u00f9ng. C\u1ea7n c\u00f3 \u0111\u0103ng k\u00fd Microsoft Entra ID P1 ho\u1eb7c P2 (ho\u1eb7c \u0111\u0103ng k\u00fd kh\u00e1c bao g\u1ed3m \u0111i\u1ec1u n\u00e0y) \u0111\u1ec3 s\u1eed d\u1ee5ng Microsoft Entra Suite.<\/p>\n<h4><span style=\"font-size: 16px\"><strong>B\u1ea3ng so s\u00e1nh t\u00ednh n\u0103ng c\u1ee7a Microsoft Entra ID Governance<\/strong><\/span><\/h4>\n<div class=\"has-inner-focus\">\n<table aria-label=\"Table 1\" class=\"table table-sm margin-top-none\">\n<thead>\n<tr>\n<th>Feature<\/th>\n<th>Free<\/th>\n<th>Microsoft Entra ID P1<\/th>\n<th>Microsoft Entra ID P2<\/th>\n<th>Microsoft Entra ID Governance<\/th>\n<th>Microsoft Entra Suite<\/th>\n<\/tr>\n<\/thead>\n<tbody>\n<tr>\n<td>API-driven provisioning<\/td>\n<td><\/td>\n<td>\u2705<\/td>\n<td>\u2705<\/td>\n<td>\u2705<\/td>\n<td>\u2705<\/td>\n<\/tr>\n<tr>\n<td>HR-driven provisioning<\/td>\n<td><\/td>\n<td>\u2705<\/td>\n<td>\u2705<\/td>\n<td>\u2705<\/td>\n<td>\u2705<\/td>\n<\/tr>\n<tr>\n<td>Automated user provisioning to SaaS apps<\/td>\n<td>\u2705<\/td>\n<td>\u2705<\/td>\n<td>\u2705<\/td>\n<td>\u2705<\/td>\n<td>\u2705<\/td>\n<\/tr>\n<tr>\n<td>Automated group provisioning to SaaS apps<\/td>\n<td><\/td>\n<td>\u2705<\/td>\n<td>\u2705<\/td>\n<td>\u2705<\/td>\n<td>\u2705<\/td>\n<\/tr>\n<tr>\n<td>Automated provisioning to on-premises apps<\/td>\n<td><\/td>\n<td>\u2705<\/td>\n<td>\u2705<\/td>\n<td>\u2705<\/td>\n<td>\u2705<\/td>\n<\/tr>\n<tr>\n<td>Conditional Access &#8211; Terms of use attestation<\/td>\n<td><\/td>\n<td>\u2705<\/td>\n<td>\u2705<\/td>\n<td>\u2705<\/td>\n<td>\u2705<\/td>\n<\/tr>\n<tr>\n<td>Entitlement management &#8211; Capabilities previously generally available in Microsoft Entra ID P2<\/td>\n<td><\/td>\n<td><\/td>\n<td>\u2705<\/td>\n<td>\u2705<\/td>\n<td>\u2705<\/td>\n<\/tr>\n<tr>\n<td>Entitlement management &#8211; Conditional Access Scoping<\/td>\n<td><\/td>\n<td><\/td>\n<td>\u2705<\/td>\n<td>\u2705<\/td>\n<td>\u2705<\/td>\n<\/tr>\n<tr>\n<td>Entitlement management MyAccess Search<\/td>\n<td><\/td>\n<td><\/td>\n<td>\u2705<\/td>\n<td>\u2705<\/td>\n<td>\u2705<\/td>\n<\/tr>\n<tr>\n<td>Entitlement management with Verified ID<\/td>\n<td><\/td>\n<td><\/td>\n<td><\/td>\n<td>\u2705<\/td>\n<td>\u2705<\/td>\n<\/tr>\n<tr>\n<td>Entitlement management &#8211; Custom Extensions (Logic Apps)<\/td>\n<td><\/td>\n<td><\/td>\n<td><\/td>\n<td>\u2705<\/td>\n<td>\u2705<\/td>\n<\/tr>\n<tr>\n<td>Entitlement management &#8211; Auto Assignment Policies<\/td>\n<td><\/td>\n<td><\/td>\n<td><\/td>\n<td>\u2705<\/td>\n<td>\u2705<\/td>\n<\/tr>\n<tr>\n<td>Entitlement management &#8211; Directly Assign Any User (Preview)<\/td>\n<td><\/td>\n<td><\/td>\n<td><\/td>\n<td>\u2705<\/td>\n<td>\u2705<\/td>\n<\/tr>\n<tr>\n<td>Entitlement management &#8211; Mark guest as governed<\/td>\n<td><\/td>\n<td><\/td>\n<td><\/td>\n<td>\u2705<\/td>\n<td>\u2705<\/td>\n<\/tr>\n<tr>\n<td>Entitlement management &#8211; Manage the lifecycle of external users<\/td>\n<td><\/td>\n<td><\/td>\n<td>\u2705<\/td>\n<td>\u2705<\/td>\n<td>\u2705<\/td>\n<\/tr>\n<tr>\n<td>My Access portal<\/td>\n<td><\/td>\n<td><\/td>\n<td>\u2705<\/td>\n<td>\u2705<\/td>\n<td>\u2705<\/td>\n<\/tr>\n<tr>\n<td>Entitlement management &#8211; Microsoft Entra Roles (Preview)<\/td>\n<td><\/td>\n<td><\/td>\n<td><\/td>\n<td>\u2705<\/td>\n<td>\u2705<\/td>\n<\/tr>\n<tr>\n<td>Entitlement management &#8211; Request access packages on-behalf-of (Preview)<\/td>\n<td><\/td>\n<td><\/td>\n<td><\/td>\n<td>\u2705<\/td>\n<td>\u2705<\/td>\n<\/tr>\n<tr>\n<td>Entitlement management &#8211; Sponsors Policy<\/td>\n<td><\/td>\n<td><\/td>\n<td><\/td>\n<td>\u2705<\/td>\n<td>\u2705<\/td>\n<\/tr>\n<tr>\n<td>Privileged Identity Management (PIM)<\/td>\n<td><\/td>\n<td><\/td>\n<td>\u2705<\/td>\n<td>\u2705<\/td>\n<td>\u2705<\/td>\n<\/tr>\n<tr>\n<td>PIM For Groups<\/td>\n<td><\/td>\n<td><\/td>\n<td>\u2705<\/td>\n<td>\u2705<\/td>\n<td>\u2705<\/td>\n<\/tr>\n<tr>\n<td>PIM Conditional Access Controls<\/td>\n<td><\/td>\n<td><\/td>\n<td>\u2705<\/td>\n<td>\u2705<\/td>\n<td>\u2705<\/td>\n<\/tr>\n<tr>\n<td>Access reviews &#8211; Capabilities previously generally available in Microsoft Entra ID P2<\/td>\n<td><\/td>\n<td><\/td>\n<td>\u2705<\/td>\n<td>\u2705<\/td>\n<td>\u2705<\/td>\n<\/tr>\n<tr>\n<td>Access reviews &#8211; PIM For Groups (Preview)<\/td>\n<td><\/td>\n<td><\/td>\n<td><\/td>\n<td>\u2705<\/td>\n<td>\u2705<\/td>\n<\/tr>\n<tr>\n<td>Access reviews &#8211; Inactive Users reviews<\/td>\n<td><\/td>\n<td><\/td>\n<td><\/td>\n<td>\u2705<\/td>\n<td>\u2705<\/td>\n<\/tr>\n<tr>\n<td>Access Reviews &#8211; Inactive Users recommendations<\/td>\n<td><\/td>\n<td><\/td>\n<td>\u2705<\/td>\n<td>\u2705<\/td>\n<td>\u2705<\/td>\n<\/tr>\n<tr>\n<td>Access reviews &#8211; Machine learning assisted access certifications and reviews<\/td>\n<td><\/td>\n<td><\/td>\n<td><\/td>\n<td>\u2705<\/td>\n<td>\u2705<\/td>\n<\/tr>\n<tr>\n<td>Lifecycle Workflows (LCW)<\/td>\n<td><\/td>\n<td><\/td>\n<td><\/td>\n<td>\u2705<\/td>\n<td>\u2705<\/td>\n<\/tr>\n<tr>\n<td>LCW + Custom Extensions (Logic Apps)<\/td>\n<td><\/td>\n<td><\/td>\n<td><\/td>\n<td>\u2705<\/td>\n<td>\u2705<\/td>\n<\/tr>\n<tr>\n<td>Identity governance dashboard<\/td>\n<td><\/td>\n<td>\u2705<\/td>\n<td>\u2705<\/td>\n<td>\u2705<\/td>\n<td>\u2705<\/td>\n<\/tr>\n<tr>\n<td>Insights and reporting &#8211; Inactive guest accounts<\/td>\n<td><\/td>\n<td><\/td>\n<td><\/td>\n<td>\u2705<\/td>\n<td>\u2705<\/td>\n<\/tr>\n<\/tbody>\n<\/table>\n<\/div>\n<\/div>\n<\/div>\n<\/div>\n<\/div>\n<\/div>\n<\/div>\n<\/div>\n<div class=\"s78av3g mgz-element mgz-element-row full_width_row\">\n<div class=\"mgz-element-inner s78av3g-s\">\n<div class=\"inner-content mgz-container\">\n<div class=\"p1c3xmv mgz-element mgz-element-column mgz-col-xs-12\">\n<div class=\"mgz-element-inner p1c3xmv-s\">\n<div class=\"w1u31f6 mgz-element mgz-child mgz-element-text\">\n<div class=\"mgz-element-inner w1u31f6-s\">\n<h4><span style=\"font-size: 16px\"><strong>C\u00e1c c\u00e2u h\u1ecfi th\u01b0\u1eddng g\u1eb7p khi mua Microsoft Entra\u00a0<\/strong><\/span><\/h4>\n<\/div>\n<\/div>\n<div class=\"wwvs0wy mgz-element mgz-child mgz-element-toggle\">\n<div class=\"mgz-element-inner wwvs0wy-s\">\n<div class=\"mgz-toggle mgz-toggle-icon mgz-toggle-icon-default mgz-toggle-icon-size-md\" data-mage-init='{\"collapsible\":{ \"active\": false, \"openedState\": \"mgz-active\", \"animate\": {\"duration\":400,\"easing\":\"easeOutCubic\"}, \"collapsible\": true, \"icons\": {\"header\": \"fas mgz-fa-plus\", \"activeHeader\": \"fas mgz-fa-minus\"} }}'>\n<div class=\"mgz-toggle-title\" data-role=\"title\">\n<h4 data-role=\"trigger\"><span>Microsoft Entra Suite l\u00e0 g\u00ec?<\/span> <\/h4>\n<\/div>\n<div class=\"mgz-toggle-content\" data-role=\"content\">\n<p><strong>Microsoft Entra Suite<\/strong> l\u00e0 gi\u1ea3i ph\u00e1p truy c\u1eadp an to\u00e0n to\u00e0n di\u1ec7n nh\u1ea5t trong ng\u00e0nh d\u00e0nh cho l\u1ef1c l\u01b0\u1ee3ng lao \u0111\u1ed9ng. Microsoft Entra Suite cung c\u1ea5p gi\u1ea3i ph\u00e1p truy c\u1eadp ng\u01b0\u1eddi d\u00f9ng <strong>Zero Trust to\u00e0n di\u1ec7n<\/strong> nh\u1ea5t v\u00e0 cho ph\u00e9p c\u00e1c t\u1ed5 ch\u1ee9c h\u1ed9i t\u1ee5 c\u00f4ng c\u1ee5 ch\u00ednh s\u00e1ch truy c\u1eadp tr\u00ean c\u00e1c danh t\u00ednh, \u0111i\u1ec3m cu\u1ed1i v\u00e0 m\u1ea1ng ri\u00eang v\u00e0 c\u00f4ng c\u1ed9ng.<\/p>\n<\/div>\n<\/div>\n<\/div>\n<\/div>\n<div class=\"mwksnn7 mgz-element mgz-child mgz-element-toggle\">\n<div class=\"mgz-element-inner mwksnn7-s\">\n<div class=\"mgz-toggle mgz-toggle-icon mgz-toggle-icon-default mgz-toggle-icon-size-md\" data-mage-init='{\"collapsible\":{ \"active\": false, \"openedState\": \"mgz-active\", \"animate\": {\"duration\":400,\"easing\":\"easeOutCubic\"}, \"collapsible\": true, \"icons\": {\"header\": \"fas mgz-fa-plus\", \"activeHeader\": \"fas mgz-fa-minus\"} }}'>\n<div class=\"mgz-toggle-title\" data-role=\"title\">\n<h4 data-role=\"trigger\"><span>Microsoft Entra Suite bao g\u1ed3m nh\u1eefng s\u1ea3n ph\u1ea9m n\u00e0o?<\/span> <\/h4>\n<\/div>\n<div class=\"mgz-toggle-content\" data-role=\"content\">\n<ul>\n<li><strong>Microsoft Entra Private Access<\/strong> \u2013 Zero Trust Network Access t\u1eadp trung v\u00e0o danh t\u00ednh, b\u1ea3o m\u1eadt quy\u1ec1n truy c\u1eadp v\u00e0o c\u00e1c \u1ee9ng d\u1ee5ng v\u00e0 t\u00e0i nguy\u00ean ri\u00eang t\u01b0, \u0111\u1ed3ng th\u1eddi gi\u1ea3m \u0111\u1ed9 ph\u1ee9c t\u1ea1p v\u00e0 chi ph\u00ed v\u1eadn h\u00e0nh b\u1eb1ng c\u00e1ch thay th\u1ebf c\u00e1c VPN c\u0169.<\/li>\n<li><strong>Microsoft Entra Internet Access<\/strong> \u2013 C\u1ed5ng b\u1ea3o m\u1eadt web (SWG) t\u1eadp trung v\u00e0o danh t\u00ednh d\u00e0nh cho c\u00e1c \u1ee9ng d\u1ee5ng SaaS v\u00e0 l\u01b0u l\u01b0\u1ee3ng truy c\u1eadp internet gi\u00fap b\u1ea3o v\u1ec7 ch\u1ed1ng l\u1ea1i l\u01b0u l\u01b0\u1ee3ng truy c\u1eadp internet \u0111\u1ed9c h\u1ea1i, n\u1ed9i dung kh\u00f4ng an to\u00e0n ho\u1eb7c kh\u00f4ng tu\u00e2n th\u1ee7 v\u00e0 c\u00e1c m\u1ed1i \u0111e d\u1ecda kh\u00e1c t\u1eeb internet m\u1edf.<\/li>\n<li><strong>Microsoft Entra ID Governance<\/strong> \u2013 gi\u1ea3i ph\u00e1p qu\u1ea3n tr\u1ecb v\u00e0 qu\u1ea3n l\u00fd danh t\u00ednh ho\u00e0n ch\u1ec9nh gi\u00fap t\u1ef1 \u0111\u1ed9ng h\u00f3a v\u00f2ng \u0111\u1eddi danh t\u00ednh v\u00e0 quy\u1ec1n truy c\u1eadp \u0111\u1ec3 \u0111\u1ea3m b\u1ea3o r\u1eb1ng \u0111\u00fang ng\u01b0\u1eddi c\u00f3 quy\u1ec1n truy c\u1eadp \u0111\u00fang v\u00e0o \u0111\u00fang \u1ee9ng d\u1ee5ng v\u00e0 d\u1ecbch v\u1ee5 v\u00e0o \u0111\u00fang th\u1eddi \u0111i\u1ec3m.<\/li>\n<li><strong>Microsoft Entra ID Protection<\/strong> \u2013 gi\u1ea3i ph\u00e1p nh\u1eadn d\u1ea1ng ti\u00ean ti\u1ebfn gi\u00fap ng\u0103n ch\u1eb7n h\u00e0nh vi x\u00e2m ph\u1ea1m danh t\u00ednh theo th\u1eddi gian th\u1ef1c b\u1eb1ng c\u00e1c ph\u01b0\u01a1ng ph\u00e1p x\u00e1c th\u1ef1c c\u00f3 \u0111\u1ed9 \u0111\u1ea3m b\u1ea3o cao, \u0111\u00e1nh gi\u00e1 r\u1ee7i ro v\u00e0 m\u1ed1i \u0111e d\u1ecda t\u1ef1 \u0111\u1ed9ng v\u00e0 ch\u00ednh s\u00e1ch truy c\u1eadp th\u00edch \u1ee9ng \u0111\u01b0\u1ee3c h\u1ed7 tr\u1ee3 b\u1edfi c\u00f4ng ngh\u1ec7 m\u00e1y h\u1ecdc ti\u00ean ti\u1ebfn (c\u0169ng c\u00f3 trong Microsoft Entra ID P2).<\/li>\n<li><strong>Microsoft Entra Verified ID<\/strong> &#8211; d\u1ecbch v\u1ee5 th\u00f4ng tin x\u00e1c th\u1ef1c c\u00f3 th\u1ec3 x\u00e1c minh \u0111\u01b0\u1ee3c qu\u1ea3n l\u00fd d\u1ef1a tr\u00ean c\u00e1c ti\u00eau chu\u1ea9n m\u1edf cho ph\u00e9p x\u00e1c minh danh t\u00ednh theo th\u1eddi gian th\u1ef1c theo c\u00e1ch an to\u00e0n v\u00e0 t\u00f4n tr\u1ecdng quy\u1ec1n ri\u00eang t\u01b0. Microsoft Entra Suite bao g\u1ed3m c\u00e1c ch\u1ee9c n\u0103ng Verified ID cao c\u1ea5p, b\u1eaft \u0111\u1ea7u b\u1eb1ng Face Check.<\/li>\n<\/ul>\n<\/div>\n<\/div>\n<\/div>\n<\/div>\n<div class=\"cvfdhg1 mgz-element mgz-child mgz-element-toggle\">\n<div class=\"mgz-element-inner cvfdhg1-s\">\n<div class=\"mgz-toggle mgz-toggle-icon mgz-toggle-icon-default mgz-toggle-icon-size-md\" data-mage-init='{\"collapsible\":{ \"active\": false, \"openedState\": \"mgz-active\", \"animate\": {\"duration\":400,\"easing\":\"easeOutCubic\"}, \"collapsible\": true, \"icons\": {\"header\": \"fas mgz-fa-plus\", \"activeHeader\": \"fas mgz-fa-minus\"} }}'>\n<div class=\"mgz-toggle-title\" data-role=\"title\">\n<h4 data-role=\"trigger\"><span>L\u00e0m th\u1ebf n\u00e0o \u0111\u1ec3 mua Microsoft Entra?<\/span> <\/h4>\n<\/div>\n<div class=\"mgz-toggle-content\" data-role=\"content\">\n<p>\u0110\u1ec3 mua Microsoft Entra, h\u00e3y b\u1eaft \u0111\u1ea7u b\u1eb1ng c\u00e1ch \u0111\u0103ng k\u00fd gi\u1ea5y ph\u00e9p Microsoft Entra ID P1 ho\u1eb7c P2, c\u0169ng c\u00f3 th\u1ec3 \u0111\u01b0\u1ee3c mua nh\u01b0 m\u1ed9t ph\u1ea7n c\u1ee7a gi\u1ea5y ph\u00e9p Microsoft 365 E3 v\u00e0 E5. C\u00e1c s\u1ea3n ph\u1ea9m kh\u00e1c trong nh\u00f3m Microsoft Entra c\u00f3 th\u1ec3 \u0111\u01b0\u1ee3c mua d\u01b0\u1edbi d\u1ea1ng gi\u1ea3i ph\u00e1p b\u1ed5 sung ho\u1eb7c \u0111\u1ed9c l\u1eadp.<\/p>\n<\/div>\n<\/div>\n<\/div>\n<\/div>\n<\/div>\n<\/div>\n<\/div>\n<\/div>\n<\/div>\n<div class=\"ktokktj mgz-element mgz-element-row full_width_row\">\n<div class=\"mgz-element-inner ktokktj-s\">\n<div class=\"inner-content mgz-container\">\n<div class=\"iduxhtc mgz-element mgz-element-column mgz-col-xs-12\">\n<div class=\"mgz-element-inner iduxhtc-s\">\n<div class=\"gcd0xp6 mgz-element mgz-child mgz-element-text\">\n<div class=\"mgz-element-inner gcd0xp6-s\">\n<div style=\"font-family: TAHOMA;font-size: 16pt;font-weight: bold;color: white;background: #0078d4;padding: 20px;width: 100%\">Mua Microsoft Entra Suite b\u1ea3n quy\u1ec1n t\u1ea1i AzSoft<\/div>\n<table style=\"width: 100%\">\n<tbody>\n<tr>\n<td style=\"font-family: TAHOMA;font-size: 13pt;padding-bottom: 10px;padding: 10px 20px;text-align: justify;line-height: 150%\">\n<p>Soft365 \u0111\u01b0\u1ee3c ch\u1ee9ng nh\u1eadn l\u00e0 <span style=\"text-decoration: underline\">Solution Partner h\u00e0ng \u0111\u1ea7u c\u1ee7a Microsoft t\u1ea1i Vi\u1ec7t Nam.<\/span> Tr\u1ea3i qua 15 n\u0103m h\u00ecnh th\u00e0nh ph\u00e1t tri\u1ec3n v\u00e0 gi\u1eef v\u1eefng v\u1ecb th\u1ebf tr\u00ean th\u1ecb tr\u01b0\u1eddng, ch\u00fang t\u00f4i t\u1ef1 h\u00e0o mang \u0111\u1ebfn cho qu\u00fd kh\u00e1ch h\u00e0ng gi\u1ea3i ph\u00e1p ph\u1ea7n m\u1ec1m b\u1ea3n quy\u1ec1n ch\u00ednh h\u00e3ng v\u1edbi m\u1ee9c gi\u00e1 \u01b0u \u0111\u00e3i, d\u1ecbch v\u1ee5 t\u01b0 v\u1ea5n v\u00e0 h\u1ed7 tr\u1ee3 ho\u00e0n h\u1ea3o.<\/p>\n<p><\/p>\n<p><img decoding=\"async\" src=\"http:\/\/azsoft.com\/wp-content\/uploads\/2025\/03\/slack_icon.png\" width=\"15\" title=\"slack_icon\"> H\u1ed7 tr\u1ee3 t\u01b0 v\u1ea5n \u2013 k\u1ef9 thu\u1eadt k\u1ecbp th\u1eddi: T\u01b0 v\u1ea5n v\u00e0 gi\u1ea3i quy\u1ebft c\u00e1c v\u1ea5n \u0111\u1ec1 k\u1ef9 thu\u1eadt 24\/7 t\u1ea5t c\u1ea3 c\u00e1c ng\u00e0y trong tu\u1ea7n.<\/p>\n<p><img decoding=\"async\" src=\"http:\/\/azsoft.com\/wp-content\/uploads\/2025\/03\/slack_icon.png\" width=\"15\" title=\"slack_icon\"> \u0110\u1ed1i t\u00e1c uy t\u00edn \u2013 Gi\u00e1 c\u1ea3 c\u1ea1nh tranh: Cung c\u1ea5p ph\u1ea7n m\u1ec1m b\u1ea3n quy\u1ec1n t\u1edbi kh\u00e1ch h\u00e0ng v\u1edbi gi\u00e1 t\u1ed1t nh\u1ea5t<\/p>\n<p><img decoding=\"async\" src=\"http:\/\/azsoft.com\/wp-content\/uploads\/2025\/03\/slack_icon.png\" width=\"15\" title=\"slack_icon\"> Tri\u1ec3n khai nhanh ch\u00f3ng \u2013 chuy\u00ean nghi\u1ec7p: \u0110\u1ed9i ng\u0169 k\u1ef9 thu\u1eadt c\u00f3 nhi\u1ec1u n\u0103m kinh nghi\u1ec7m trong vi\u1ec7c tri\u1ec3n khai.<\/p>\n<\/td>\n<td style=\"width: 30%;vertical-align: center\"><img decoding=\"async\" src=\"http:\/\/azsoft.com\/wp-content\/uploads\/2025\/03\/20181122151355_logo_1_.gif\" style=\"margin-left: auto;margin-right: auto\" title=\"20181122151355_logo_1_\"><\/td>\n<\/tr>\n<\/tbody>\n<\/table>\n<\/div>\n<\/div>\n<\/div>\n<\/div>\n<\/div>\n<\/div>\n<\/div>\n<div class=\"dk6hbqq mgz-element mgz-element-row full_width_row\">\n<div class=\"mgz-element-inner dk6hbqq-s\">\n<div class=\"inner-content mgz-container\">\n<div class=\"vngjxvf mgz-element mgz-element-column mgz-col-xs-12 mgz-element-column-empty\">\n<div class=\"mgz-element-inner vngjxvf-s\"><\/div>\n<\/div>\n<\/div>\n<\/div>\n<\/div>\n<\/div>\n<\/div>\n<\/div>\n<table class=\"data table additional-attributes table1\" id=\"product-attribute-specs-table\">\n<caption class=\"table-caption\">More Information<\/caption>\n<tbody>\n<tr>\n<th class=\"col label\" scope=\"row\">H\u00e3ng<\/th>\n<td class=\"col data\" data-th=\"H\u00e3ng\">Microsoft<\/td>\n<\/tr>\n<tr>\n<th class=\"col label\" scope=\"row\">Product Line<\/th>\n<td class=\"col data\" data-th=\"Product Line\">Microsoft Security<\/td>\n<\/tr>\n<tr>\n<th class=\"col label\" scope=\"row\">H\u00ecnh th\u1ee9c c\u1ea5p ph\u00e9p<\/th>\n<td class=\"col data\" data-th=\"H\u00ecnh th\u1ee9c c\u1ea5p ph\u00e9p\">CSP<\/td>\n<\/tr>\n<tr>\n<th class=\"col label\" scope=\"row\">Ph\u00e2n kh\u00fac kh\u00e1ch h\u00e0ng<\/th>\n<td class=\"col data\" data-th=\"Ph\u00e2n kh\u00fac kh\u00e1ch h\u00e0ng\">Enterprise<\/td>\n<\/tr>\n<tr>\n<th class=\"col label\" scope=\"row\">Lo\u1ea1i h\u00ecnh \u0111\u0103ng k\u00fd<\/th>\n<td class=\"col data\" data-th=\"Lo\u1ea1i h\u00ecnh \u0111\u0103ng k\u00fd\">Thu\u00ea bao<\/td>\n<\/tr>\n<tr>\n<th class=\"col label\" scope=\"row\">Tr\u1ea1ng th\u00e1i h\u00e0ng<\/th>\n<td class=\"col data\" data-th=\"Tr\u1ea1ng th\u00e1i h\u00e0ng\">C\u00f2n h\u00e0ng<\/td>\n<\/tr>\n<\/tbody>\n<\/table>\n<table class=\"data table additional-attributes table1\" id=\"product-attribute-specs-table\">\n<caption class=\"table-caption\">More Information<\/caption>\n<tbody>\n<tr>\n<th class=\"col label\" scope=\"row\">H\u00e3ng<\/th>\n<td class=\"col data\" data-th=\"H\u00e3ng\">Microsoft<\/td>\n<\/tr>\n<tr>\n<th class=\"col label\" scope=\"row\">Product Line<\/th>\n<td class=\"col data\" data-th=\"Product Line\">Microsoft Security<\/td>\n<\/tr>\n<tr>\n<th class=\"col label\" scope=\"row\">H\u00ecnh th\u1ee9c c\u1ea5p ph\u00e9p<\/th>\n<td class=\"col data\" data-th=\"H\u00ecnh th\u1ee9c c\u1ea5p ph\u00e9p\">CSP<\/td>\n<\/tr>\n<tr>\n<th class=\"col label\" scope=\"row\">Ph\u00e2n kh\u00fac kh\u00e1ch h\u00e0ng<\/th>\n<td class=\"col data\" data-th=\"Ph\u00e2n kh\u00fac kh\u00e1ch h\u00e0ng\">Enterprise<\/td>\n<\/tr>\n<tr>\n<th class=\"col label\" scope=\"row\">Lo\u1ea1i h\u00ecnh \u0111\u0103ng k\u00fd<\/th>\n<td class=\"col data\" data-th=\"Lo\u1ea1i h\u00ecnh \u0111\u0103ng k\u00fd\">Thu\u00ea bao<\/td>\n<\/tr>\n<tr>\n<th class=\"col label\" scope=\"row\">Tr\u1ea1ng th\u00e1i h\u00e0ng<\/th>\n<td class=\"col data\" data-th=\"Tr\u1ea1ng th\u00e1i h\u00e0ng\">C\u00f2n h\u00e0ng<\/td>\n<\/tr>\n<\/tbody>\n<\/table>","protected":false},"excerpt":{"rendered":"<table class=\"table-attributes table2\">\n<tbody>\n<tr>\n<th scope=\"row\">H\u00e3ng<\/th>\n<td data-th=\"H\u00e3ng\">\n                                            Microsoft                                          <\/td>\n<\/tr>\n<tr>\n<th scope=\"row\">Product Line<\/th>\n<td data-th=\"Product Line\">\n                                            Microsoft Security                                          <\/td>\n<\/tr>\n<tr>\n<th scope=\"row\">H\u00ecnh th\u1ee9c c\u1ea5p ph\u00e9p<\/th>\n<td data-th=\"H\u00ecnh th\u1ee9c c\u1ea5p ph\u00e9p\">\n                                            CSP                                          <\/td>\n<\/tr>\n<tr>\n<th scope=\"row\">Ph\u00e2n kh\u00fac kh\u00e1ch h\u00e0ng<\/th>\n<td data-th=\"Ph\u00e2n kh\u00fac kh\u00e1ch h\u00e0ng\">\n                                            Enterprise                                          <\/td>\n<\/tr>\n<tr>\n<th scope=\"row\">Lo\u1ea1i h\u00ecnh \u0111\u0103ng k\u00fd<\/th>\n<td data-th=\"Lo\u1ea1i h\u00ecnh \u0111\u0103ng k\u00fd\">\n                                            Thu\u00ea bao                                          <\/td>\n<\/tr>\n<tr>\n<th scope=\"row\">Tr\u1ea1ng th\u00e1i h\u00e0ng<\/th>\n<td data-th=\"Tr\u1ea1ng th\u00e1i h\u00e0ng\">\n<p>            <span class=\"tit\"><i class=\"porto-icon-ok\"><\/i> C\u00f2n h\u00e0ng<\/span><\/p>\n<\/td>\n<\/tr>\n<\/tbody>\n<\/table>","protected":false},"featured_media":41038,"comment_status":"closed","ping_status":"closed","template":"","meta":[],"pwb-brand":[],"product_cat":[3045],"product_tag":[3849,5455,3363,25,5468,55,3461,3872,3901],"class_list":{"0":"post-41037","1":"product","2":"type-product","3":"status-publish","4":"has-post-thumbnail","6":"product_cat-bao-mat-he-thong","7":"product_tag-cong-web","8":"product_tag-danh-cho","9":"product_tag-extension","10":"product_tag-man","11":"product_tag-microsoft-entra-suite","12":"product_tag-run","13":"product_tag-tot","14":"product_tag-trai-nghiem","15":"product_tag-user","17":"first","18":"instock","19":"shipping-taxable","20":"product-type-simple"},"brands":[],"_links":{"self":[{"href":"https:\/\/azsoft.com\/ja\/wp-json\/wp\/v2\/product\/41037","targetHints":{"allow":["GET"]}}],"collection":[{"href":"https:\/\/azsoft.com\/ja\/wp-json\/wp\/v2\/product"}],"about":[{"href":"https:\/\/azsoft.com\/ja\/wp-json\/wp\/v2\/types\/product"}],"replies":[{"embeddable":true,"href":"https:\/\/azsoft.com\/ja\/wp-json\/wp\/v2\/comments?post=41037"}],"wp:featuredmedia":[{"embeddable":true,"href":"https:\/\/azsoft.com\/ja\/wp-json\/wp\/v2\/media\/41038"}],"wp:attachment":[{"href":"https:\/\/azsoft.com\/ja\/wp-json\/wp\/v2\/media?parent=41037"}],"wp:term":[{"taxonomy":"pwb-brand","embeddable":true,"href":"https:\/\/azsoft.com\/ja\/wp-json\/wp\/v2\/pwb-brand?post=41037"},{"taxonomy":"product_cat","embeddable":true,"href":"https:\/\/azsoft.com\/ja\/wp-json\/wp\/v2\/product_cat?post=41037"},{"taxonomy":"product_tag","embeddable":true,"href":"https:\/\/azsoft.com\/ja\/wp-json\/wp\/v2\/product_tag?post=41037"}],"curies":[{"name":"wp","href":"https:\/\/api.w.org\/{rel}","templated":true}]}}