{"id":41024,"date":"2025-03-04T18:47:45","date_gmt":"2025-03-04T11:47:45","guid":{"rendered":"http:\/\/azsoft.com\/-product-\/uncategorized\/phan-mem-symantec-endpoint-security-enterprise-hybrid-subscription-license-with-support\/"},"modified":"2025-03-04T18:47:45","modified_gmt":"2025-03-04T11:47:45","slug":"phan-mem-symantec-endpoint-security-enterprise-hybrid-subscription-license-with-support","status":"publish","type":"product","link":"https:\/\/azsoft.com\/ja\/-product-\/phan-mem\/phan-mem-bao-mat\/bao-mat-he-thong\/phan-mem-symantec-endpoint-security-enterprise-hybrid-subscription-license-with-support\/","title":{"rendered":"Ph\u1ea7n m\u1ec1m Symantec Endpoint Security Enterprise, Hybrid Subscription License with Support"},"content":{"rendered":"<div class=\"product attribute description\">\n<div class=\"value\">\n<div class=\"magezon-builder magezon-builder-preload\">\n<div class=\"ef2cxxf mgz-element mgz-element-row full_width_row\">\n<div class=\"mgz-element-inner ef2cxxf-s\">\n<div class=\"inner-content mgz-container\">\n<div class=\"iuwktlp mgz-element mgz-element-column mgz-col-xs-12\">\n<div class=\"mgz-element-inner iuwktlp-s\">\n<div class=\"msgnysq mgz-element mgz-child mgz-element-text\">\n<div class=\"mgz-element-inner msgnysq-s\">\n<h4><span style=\"font-size: 16px\"><strong>Gi\u1edbi thi\u1ec7u v\u1ec1 ph\u1ea7n m\u1ec1m Symantec Endpoint Security Enterprise<\/strong><\/span><\/h4>\n<p><strong>Symantec Endpoint Security Enterprise<\/strong> cung c\u1ea5p kh\u1ea3 n\u0103ng b\u1ea3o v\u1ec7 h\u00e0ng \u0111\u1ea7u trong ng\u00e0nh cho m\u1ecdi thi\u1ebft b\u1ecb v\u1edbi kh\u1ea3 n\u0103ng qu\u1ea3n l\u00fd \u0111\u00e1m m\u00e2y, t\u1ea1i ch\u1ed7 ho\u1eb7c k\u1ebft h\u1ee3p.<\/p>\n<p><strong>Symantec Endpoint Security Enterprise<\/strong> cung c\u1ea5p n\u1ec1n t\u1ea3ng b\u1ea3o m\u1eadt \u0111i\u1ec3m cu\u1ed1i t\u00edch h\u1ee3p, ho\u00e0n ch\u1ec9nh nh\u1ea5t tr\u00ean h\u00e0nh tinh. L\u00e0 gi\u1ea3i ph\u00e1p t\u1ea1i ch\u1ed7, k\u1ebft h\u1ee3p ho\u1eb7c d\u1ef1a tr\u00ean \u0111\u00e1m m\u00e2y, n\u1ec1n t\u1ea3ng Symantec t\u00e1c nh\u00e2n \u0111\u01a1n b\u1ea3o v\u1ec7 t\u1ea5t c\u1ea3 c\u00e1c thi\u1ebft b\u1ecb \u0111i\u1ec3m cu\u1ed1i truy\u1ec1n th\u1ed1ng v\u00e0 di \u0111\u1ed9ng c\u1ee7a b\u1ea1n v\u00e0 s\u1eed d\u1ee5ng tr\u00ed tu\u1ec7 nh\u00e2n t\u1ea1o (AI) \u0111\u1ec3 t\u1ed1i \u01b0u h\u00f3a c\u00e1c quy\u1ebft \u0111\u1ecbnh b\u1ea3o m\u1eadt. H\u1ec7 th\u1ed1ng qu\u1ea3n l\u00fd d\u1ef1a tr\u00ean \u0111\u00e1m m\u00e2y th\u1ed1ng nh\u1ea5t gi\u00fap \u0111\u01a1n gi\u1ea3n h\u00f3a vi\u1ec7c b\u1ea3o v\u1ec7, ph\u00e1t hi\u1ec7n v\u00e0 ph\u1ea3n h\u1ed3i t\u1ea5t c\u1ea3 c\u00e1c m\u1ed1i \u0111e d\u1ecda n\u00e2ng cao nh\u1eafm v\u00e0o c\u00e1c \u0111i\u1ec3m cu\u1ed1i c\u1ee7a b\u1ea1n.<\/p>\n<ul>\n<li><strong>Duy tr\u00ec ho\u1ea1t \u0111\u1ed9ng kinh doanh c\u1ee7a b\u1ea1n<\/strong>. C\u00e1c \u0111i\u1ec3m cu\u1ed1i b\u1ecb x\u00e2m ph\u1ea1m c\u00f3 th\u1ec3 g\u00e2y gi\u00e1n \u0111o\u1ea1n nghi\u00eam tr\u1ecdng cho doanh nghi\u1ec7p. Ph\u00f2ng ng\u1eeba t\u1ea5n c\u00f4ng s\u00e1ng t\u1ea1o v\u00e0 gi\u1ea3m b\u1ec1 m\u1eb7t t\u1ea5n c\u00f4ng mang l\u1ea1i kh\u1ea3 n\u0103ng b\u1ea3o m\u1eadt m\u1ea1nh nh\u1ea5t trong to\u00e0n b\u1ed9 v\u00f2ng \u0111\u1eddi t\u1ea5n c\u00f4ng (v\u00ed d\u1ee5: ph\u1ea7n m\u1ec1m \u0111\u1ed9c h\u1ea1i \u1ea9n, \u0111\u00e1nh c\u1eafp th\u00f4ng tin x\u00e1c th\u1ef1c, kh\u00f4ng c\u00f3 t\u1ec7p v\u00e0 c\u00e1c cu\u1ed9c t\u1ea5n c\u00f4ng &#8220;s\u1ed1ng ngo\u00e0i \u0111\u1ea5t \u0111ai&#8221;).<\/li>\n<li><strong>Ng\u0103n ch\u1eb7n t\u00ecnh hu\u1ed1ng x\u1ea5u nh\u1ea5t<\/strong>. Vi ph\u1ea1m to\u00e0n di\u1ec7n l\u00e0 c\u01a1n \u00e1c m\u1ed9ng t\u1ed3i t\u1ec7 nh\u1ea5t c\u1ee7a CISO. Ph\u00e1t hi\u1ec7n v\u00e0 kh\u1eafc ph\u1ee5c c\u00e1c m\u1ed1i \u0111e d\u1ecda dai d\u1eb3ng b\u1eb1ng ph\u00e2n t\u00edch t\u1ea5n c\u00f4ng tinh vi v\u00e0 ng\u0103n ch\u1eb7n h\u00e0nh vi tr\u1ed9m th\u00f4ng tin x\u00e1c th\u1ef1c AD.<\/li>\n<li><strong>Qu\u1ea3n l\u00fd th\u00f4ng minh h\u01a1n. L\u00e0m vi\u1ec7c \u00edt h\u01a1n<\/strong>. T\u1ef1 \u0111\u1ed9ng h\u00f3a th\u00f4ng minh v\u00e0 qu\u1ea3n l\u00fd ch\u00ednh s\u00e1ch do AI h\u01b0\u1edbng d\u1eabn n\u00e2ng cao n\u0103ng su\u1ea5t c\u1ee7a qu\u1ea3n tr\u1ecb vi\u00ean; C\u00e1c chuy\u00ean gia c\u1ee7a Symantec c\u1ee7ng c\u1ed1 c\u00e1c nh\u00f3m SOC \u0111\u1ec3 \u0111\u00e1p \u1ee9ng nhu c\u1ea7u c\u1ee7a kh\u00e1ch h\u00e0ng m\u00e0 kh\u00f4ng c\u1ea7n thu\u00ea th\u00eam nh\u00e2n s\u1ef1.<\/li>\n<li><strong>Qu\u1ea3n l\u00fd m\u1ecdi th\u1ee9 \u1edf m\u1ed9t n\u01a1i<\/strong>. Integrated Cyber \u200b\u200bDefense Manager (ICDm) l\u00e0 m\u1ed9t b\u1ea3ng \u0111i\u1ec1u khi\u1ec3n qu\u1ea3n l\u00fd \u0111\u00e1m m\u00e2y duy nh\u1ea5t gi\u00fap t\u0103ng c\u01b0\u1eddng kh\u1ea3 n\u0103ng b\u1ea3o m\u1eadt \u0111i\u1ec3m cu\u1ed1i t\u1ed5ng th\u1ec3.<\/li>\n<li><strong>B\u1ea3o m\u1eadt \u0111i\u1ec3m cu\u1ed1i \u0111\u01b0\u1ee3c cung c\u1ea5p theo c\u00e1ch c\u1ee7a b\u1ea1n<\/strong>. V\u1edbi m\u1ed9t t\u00e1c nh\u00e2n duy nh\u1ea5t, b\u1ea3o v\u1ec7 tr\u00ean c\u00e1c thi\u1ebft b\u1ecb truy\u1ec1n th\u1ed1ng v\u00e0 di \u0111\u1ed9ng, v\u00e0 qu\u1ea3n l\u00fd t\u1ea1i ch\u1ed7, \u0111\u00e1m m\u00e2y ho\u1eb7c k\u1ebft h\u1ee3p.<\/li>\n<\/ul>\n<p><img decoding=\"async\" src=\"http:\/\/azsoft.com\/wp-content\/uploads\/2025\/03\/sep_compare-3.jpg\" title=\"sep_compare-3\"><\/p>\n<\/div>\n<\/div>\n<\/div>\n<\/div>\n<\/div>\n<\/div>\n<\/div>\n<\/div>\n<\/div>\n<\/div>\n<table class=\"data table additional-attributes table1\" id=\"product-attribute-specs-table\">\n<caption class=\"table-caption\">More Information<\/caption>\n<tbody>\n<tr>\n<th class=\"col label\" scope=\"row\">H\u00e3ng<\/th>\n<td class=\"col data\" data-th=\"H\u00e3ng\">Symantec<\/td>\n<\/tr>\n<tr>\n<th class=\"col label\" scope=\"row\">H\u00ecnh th\u1ee9c c\u1ea5p ph\u00e9p<\/th>\n<td class=\"col data\" data-th=\"H\u00ecnh th\u1ee9c c\u1ea5p ph\u00e9p\">License<\/td>\n<\/tr>\n<tr>\n<th class=\"col label\" scope=\"row\">Ph\u00e2n kh\u00fac kh\u00e1ch h\u00e0ng<\/th>\n<td class=\"col data\" data-th=\"Ph\u00e2n kh\u00fac kh\u00e1ch h\u00e0ng\">Enterprise<\/td>\n<\/tr>\n<tr>\n<th class=\"col label\" scope=\"row\">Lo\u1ea1i h\u00ecnh \u0111\u0103ng k\u00fd<\/th>\n<td class=\"col data\" data-th=\"Lo\u1ea1i h\u00ecnh \u0111\u0103ng k\u00fd\">Thu\u00ea bao<\/td>\n<\/tr>\n<tr>\n<th class=\"col label\" scope=\"row\">C\u00e0i \u0111\u1eb7t h\u1ec7 th\u1ed1ng<\/th>\n<td class=\"col data\" data-th=\"C\u00e0i \u0111\u1eb7t h\u1ec7 th\u1ed1ng\">M\u00e1y ch\u1ee7<\/td>\n<\/tr>\n<tr>\n<th class=\"col label\" scope=\"row\">Tr\u1ea1ng th\u00e1i h\u00e0ng<\/th>\n<td class=\"col data\" data-th=\"Tr\u1ea1ng th\u00e1i h\u00e0ng\">C\u00f2n h\u00e0ng<\/td>\n<\/tr>\n<\/tbody>\n<\/table>\n<table class=\"data table additional-attributes table1\" id=\"product-attribute-specs-table\">\n<caption class=\"table-caption\">More Information<\/caption>\n<tbody>\n<tr>\n<th class=\"col label\" scope=\"row\">H\u00e3ng<\/th>\n<td class=\"col data\" data-th=\"H\u00e3ng\">Symantec<\/td>\n<\/tr>\n<tr>\n<th class=\"col label\" scope=\"row\">H\u00ecnh th\u1ee9c c\u1ea5p ph\u00e9p<\/th>\n<td class=\"col data\" data-th=\"H\u00ecnh th\u1ee9c c\u1ea5p ph\u00e9p\">License<\/td>\n<\/tr>\n<tr>\n<th class=\"col label\" scope=\"row\">Ph\u00e2n kh\u00fac kh\u00e1ch h\u00e0ng<\/th>\n<td class=\"col data\" data-th=\"Ph\u00e2n kh\u00fac kh\u00e1ch h\u00e0ng\">Enterprise<\/td>\n<\/tr>\n<tr>\n<th class=\"col label\" scope=\"row\">Lo\u1ea1i h\u00ecnh \u0111\u0103ng k\u00fd<\/th>\n<td class=\"col data\" data-th=\"Lo\u1ea1i h\u00ecnh \u0111\u0103ng k\u00fd\">Thu\u00ea bao<\/td>\n<\/tr>\n<tr>\n<th class=\"col label\" scope=\"row\">C\u00e0i \u0111\u1eb7t h\u1ec7 th\u1ed1ng<\/th>\n<td class=\"col data\" data-th=\"C\u00e0i \u0111\u1eb7t h\u1ec7 th\u1ed1ng\">M\u00e1y ch\u1ee7<\/td>\n<\/tr>\n<tr>\n<th class=\"col label\" scope=\"row\">Tr\u1ea1ng th\u00e1i h\u00e0ng<\/th>\n<td class=\"col data\" data-th=\"Tr\u1ea1ng th\u00e1i h\u00e0ng\">C\u00f2n h\u00e0ng<\/td>\n<\/tr>\n<\/tbody>\n<\/table>","protected":false},"excerpt":{"rendered":"<table class=\"table-attributes table2\">\n<tbody>\n<tr>\n<th scope=\"row\">H\u00e3ng<\/th>\n<td data-th=\"H\u00e3ng\">\n                                            Symantec                                          <\/td>\n<\/tr>\n<tr>\n<th scope=\"row\">H\u00ecnh th\u1ee9c c\u1ea5p ph\u00e9p<\/th>\n<td data-th=\"H\u00ecnh th\u1ee9c c\u1ea5p ph\u00e9p\">\n                                            License                                          <\/td>\n<\/tr>\n<tr>\n<th scope=\"row\">Ph\u00e2n kh\u00fac kh\u00e1ch h\u00e0ng<\/th>\n<td data-th=\"Ph\u00e2n kh\u00fac kh\u00e1ch h\u00e0ng\">\n                                            Enterprise                                          <\/td>\n<\/tr>\n<tr>\n<th scope=\"row\">Lo\u1ea1i h\u00ecnh \u0111\u0103ng k\u00fd<\/th>\n<td data-th=\"Lo\u1ea1i h\u00ecnh \u0111\u0103ng k\u00fd\">\n                                            Thu\u00ea bao                                          <\/td>\n<\/tr>\n<tr>\n<th scope=\"row\">C\u00e0i \u0111\u1eb7t h\u1ec7 th\u1ed1ng<\/th>\n<td data-th=\"C\u00e0i \u0111\u1eb7t h\u1ec7 th\u1ed1ng\">\n                                            M\u00e1y ch\u1ee7                                          <\/td>\n<\/tr>\n<tr>\n<th scope=\"row\">Tr\u1ea1ng th\u00e1i h\u00e0ng<\/th>\n<td data-th=\"Tr\u1ea1ng th\u00e1i h\u00e0ng\">\n<p>            <span class=\"tit\"><i class=\"porto-icon-ok\"><\/i> C\u00f2n h\u00e0ng<\/span><\/p>\n<\/td>\n<\/tr>\n<\/tbody>\n<\/table>","protected":false},"featured_media":41025,"comment_status":"closed","ping_status":"closed","template":"","meta":[],"pwb-brand":[],"product_cat":[3045],"product_tag":[5467,25,3790,5427],"class_list":{"0":"post-41024","1":"product","2":"type-product","3":"status-publish","4":"has-post-thumbnail","6":"product_cat-bao-mat-he-thong","7":"product_tag-endpoint-security-enterprise","8":"product_tag-man","9":"product_tag-subscription-license-with-support","10":"product_tag-symantec","12":"first","13":"instock","14":"shipping-taxable","15":"product-type-simple"},"brands":[],"_links":{"self":[{"href":"https:\/\/azsoft.com\/ja\/wp-json\/wp\/v2\/product\/41024","targetHints":{"allow":["GET"]}}],"collection":[{"href":"https:\/\/azsoft.com\/ja\/wp-json\/wp\/v2\/product"}],"about":[{"href":"https:\/\/azsoft.com\/ja\/wp-json\/wp\/v2\/types\/product"}],"replies":[{"embeddable":true,"href":"https:\/\/azsoft.com\/ja\/wp-json\/wp\/v2\/comments?post=41024"}],"wp:featuredmedia":[{"embeddable":true,"href":"https:\/\/azsoft.com\/ja\/wp-json\/wp\/v2\/media\/41025"}],"wp:attachment":[{"href":"https:\/\/azsoft.com\/ja\/wp-json\/wp\/v2\/media?parent=41024"}],"wp:term":[{"taxonomy":"pwb-brand","embeddable":true,"href":"https:\/\/azsoft.com\/ja\/wp-json\/wp\/v2\/pwb-brand?post=41024"},{"taxonomy":"product_cat","embeddable":true,"href":"https:\/\/azsoft.com\/ja\/wp-json\/wp\/v2\/product_cat?post=41024"},{"taxonomy":"product_tag","embeddable":true,"href":"https:\/\/azsoft.com\/ja\/wp-json\/wp\/v2\/product_tag?post=41024"}],"curies":[{"name":"wp","href":"https:\/\/api.w.org\/{rel}","templated":true}]}}