{"id":40511,"date":"2024-11-23T14:15:47","date_gmt":"2024-11-23T07:15:47","guid":{"rendered":"http:\/\/azsoft.com\/-product-\/uncategorized\/chuyen-hevc-sang-mp4\/"},"modified":"2024-11-23T14:16:04","modified_gmt":"2024-11-23T07:16:04","slug":"chuyen-hevc-sang-mp4","status":"publish","type":"product","link":"https:\/\/azsoft.com\/ja\/-product-\/phan-mem\/multimedia\/converters-and-encoders\/chuyen-hevc-sang-mp4\/","title":{"rendered":"Chuy\u1ec3n HEVC sang MP4"},"content":{"rendered":"<div class=\"b-product__description_text\">\n<p>HEVC sang MP4 Converter: M\u1ed9t gi\u1ea3i ph\u00e1p \u0111\u01a1n gi\u1ea3n cho video c\u1ee7a b\u1ea1n!<\/p>\n<p>Chuy\u1ec3n \u0111\u1ed5i <b>HEVC sang MP4<\/b> l\u00e0 g\u00ec?<\/p>\n<p><b>HEVC to MP4 Converter<\/b> l\u00e0 m\u1ed9t \u1ee9ng d\u1ee5ng s\u00e1ng t\u1ea1o \u0111\u01b0\u1ee3c thi\u1ebft k\u1ebf \u0111\u1ec3 nhanh ch\u00f3ng v\u00e0 d\u1ec5 d\u00e0ng chuy\u1ec3n \u0111\u1ed5i c\u00e1c t\u1ec7p video t\u1eeb \u0111\u1ecbnh d\u1ea1ng HEVC (M\u00e3 h\u00f3a video hi\u1ec7u qu\u1ea3 cao, c\u00f2n \u0111\u01b0\u1ee3c g\u1ecdi l\u00e0 H.265) sang \u0111\u1ecbnh d\u1ea1ng MP4 \u0111\u01b0\u1ee3c s\u1eed d\u1ee5ng r\u1ed9ng r\u00e3i. \u0110\u00e2y l\u00e0 gi\u1ea3i ph\u00e1p ho\u00e0n h\u1ea3o cho nh\u1eefng ng\u01b0\u1eddi d\u00f9ng mu\u1ed1n d\u1ec5 d\u00e0ng chia s\u1ebb video c\u1ee7a h\u1ecd tr\u00ean nhi\u1ec1u n\u1ec1n t\u1ea3ng v\u00e0 thi\u1ebft b\u1ecb.<\/p>\n<p>\u0110i\u1ec1u n\u00e0y ho\u1ea1t \u0111\u1ed9ng nh\u01b0 th\u1ebf n\u00e0o?<\/p>\n<ul>\n<ul>\n<li><b>Ch\u1ecdn t\u1ec7p<\/b>: Ch\u1ec9 c\u1ea7n ch\u1ec9 \u0111\u1ecbnh v\u1ecb tr\u00ed t\u1ec7p video HEVC c\u1ee7a b\u1ea1n.<\/li>\n<\/ul>\n<\/ul>\n<ul>\n<ul>\n<li><b>Chuy\u1ec3n \u0111\u1ed5i t\u1ee9c<\/b> th\u00ec: \u1ee8ng d\u1ee5ng c\u1ee7a ch\u00fang t\u00f4i t\u1ef1 \u0111\u1ed9ng chuy\u1ec3n \u0111\u1ed5i video \u0111\u00e3 ch\u1ecdn sang \u0111\u1ecbnh d\u1ea1ng MP4.<\/li>\n<\/ul>\n<\/ul>\n<ul>\n<ul>\n<li><b>S\u1eb5n s\u00e0ng s\u1eed d\u1ee5ng:<\/b> Video \u0111\u00e3 chuy\u1ec3n \u0111\u1ed5i \u0111\u01b0\u1ee3c l\u01b0u trong c\u00f9ng m\u1ed9t th\u01b0 m\u1ee5c v\u00e0 n\u00f3 s\u1ebd t\u1ef1 \u0111\u1ed9ng \u0111\u01b0\u1ee3c m\u1edf cho b\u1ea1n.<\/li>\n<\/ul>\n<\/ul>\n<p> \u01afu <\/p>\n<p>\u0111i\u1ec3m c\u1ee7a c\u00f4ng c\u1ee5 chuy\u1ec3n \u0111\u1ed5i HEVC sang MP4: D<\/p>\n<ul>\n<ul>\n<li><b>\u1ec5 s\u1eed d\u1ee5ng<\/b>: Giao di\u1ec7n tr\u1ef1c quan gi\u00fap chuy\u1ec3n \u0111\u1ed5i c\u00f3 th\u1ec3 truy c\u1eadp ngay c\u1ea3 \u0111\u1ed1i v\u1edbi<\/li>\n<\/ul>\n<\/ul>\n<p> ng\u01b0\u1eddi m\u1edbi b\u1eaft \u0111\u1ea7u. <\/p>\n<ul>\n<ul>\n<li><b>T\u1ed1c \u0111\u1ed9<\/b>: Chuy\u1ec3n \u0111\u1ed5i nhanh gi\u00fap b\u1ea1n ti\u1ebft ki\u1ec7m th\u1eddi gian.<\/li>\n<\/ul>\n<\/ul>\n<ul>\n<ul>\n<li><b>Ch\u1ea5t l\u01b0\u1ee3ng<\/b>: Duy tr\u00ec ch\u1ea5t l\u01b0\u1ee3ng video cao trong qu\u00e1 tr\u00ecnh chuy\u1ec3n \u0111\u1ed5i.<\/li>\n<\/ul>\n<\/ul>\n<ul>\n<ul>\n<li><b>B\u1ea3o m\u1eadt<\/b>: N\u00f3 ho\u1ea1t \u0111\u1ed9ng c\u1ee5c b\u1ed9 tr\u00ean m\u00e1y t\u00ednh c\u1ee7a b\u1ea1n, m\u00e0 kh\u00f4ng t\u1ea3i t\u1ec7p l\u00ean Internet.<\/li>\n<\/ul>\n<\/ul>\n<ul>\n<ul>\n<li><b>Kh\u1ea3 n\u0103ng<\/b> t\u01b0\u01a1ng th\u00edch: C\u00e1c t\u1ec7p MP4 \u0111\u00e3 chuy\u1ec3n \u0111\u1ed5i c\u00f3 th\u1ec3 \u0111\u01b0\u1ee3c m\u1edf tr\u00ean b\u1ea5t k\u1ef3 thi\u1ebft b\u1ecb n\u00e0o.<\/li>\n<\/ul>\n<\/ul>\n<p>T\u1ea1i sao b\u1ea1n n\u00ean th\u1eed n\u00f3?<\/p>\n<ul>\n<ul>\n<li><b>T\u00ednh linh ho\u1ea1t:<\/b> \u0110\u1ecbnh d\u1ea1ng MP4 \u0111\u01b0\u1ee3c h\u1ed7 tr\u1ee3 b\u1edfi t\u1ea5t c\u1ea3 c\u00e1c thi\u1ebft b\u1ecb v\u00e0 n\u1ec1n t\u1ea3ng, gi\u00fap d\u1ec5 d\u00e0ng chia s\u1ebb video.<\/li>\n<\/ul>\n<\/ul>\n<ul>\n<ul>\n<li><b>C\u00e0i \u0111\u1eb7t t\u1ef1 \u0111\u1ed9ng FFmpeg<\/b>: Khi b\u1ea1n kh\u1edfi ch\u1ea1y l\u1ea7n \u0111\u1ea7u ti\u00ean, \u1ee9ng d\u1ee5ng s\u1ebd t\u1ef1 \u0111\u1ed9ng t\u1ea3i xu\u1ed1ng v\u00e0 c\u00e0i \u0111\u1eb7t c\u00e1c th\u00e0nh ph\u1ea7n FFmpeg c\u1ea7n thi\u1ebft.<\/li>\n<\/ul>\n<\/ul>\n<ul>\n<ul>\n<li><b>B\u1ea3o qu\u1ea3n b\u1ea3n g\u1ed1c<\/b>: \u1ee8ng d\u1ee5ng kh\u00f4ng x\u00f3a c\u00e1c t\u1ec7p HEVC g\u1ed1c, cho ph\u00e9p b\u1ea1n gi\u1eef b\u1ea3n g\u1ed1c.<\/li>\n<\/ul>\n<\/ul>\n<ul>\n<ul>\n<li><b>Thu\u1eadn ti\u1ec7n<\/b>: T\u1ef1 \u0111\u1ed9ng m\u1edf m\u1ed9t th\u01b0 m\u1ee5c sau khi chuy\u1ec3n \u0111\u1ed5i gi\u00fap b\u1ea1n ti\u1ebft ki\u1ec7m th\u1eddi gian.<\/li>\n<\/ul>\n<\/ul>\n<ul>\n<ul>\n<li><b>Mi\u1ec5n ph\u00ed s\u1eed d\u1ee5ng<\/b>: Phi\u00ean b\u1ea3n mi\u1ec5n ph\u00ed c\u1ee7a \u1ee9ng d\u1ee5ng c\u00f3 gi\u1edbi h\u1ea1n x\u1eed l\u00fd video 10 gi\u00e2y, nh\u01b0ng kh\u00f4ng c\u00f3 gi\u1edbi h\u1ea1n v\u1ec1 s\u1ed1 l\u01b0\u1ee3ng chuy\u1ec3n \u0111\u1ed5i.<\/li>\n<\/ul>\n<\/ul>\n<p>S\u1eb5n s\u00e0ng \u0111\u1ec3 l\u00e0m vi\u1ec7c v\u1edbi video c\u1ee7a b\u1ea1n d\u1ec5 d\u00e0ng h\u01a1n?<\/p>\n<p>T\u1ea3i xu\u1ed1ng HEVC to MP4 Converter ngay b\u00e2y gi\u1edd v\u00e0 xem vi\u1ec7c l\u00e0m vi\u1ec7c v\u1edbi video HEVC tr\u00ean b\u1ea5t k\u1ef3 m\u00e1y t\u00ednh n\u00e0o d\u1ec5 d\u00e0ng nh\u01b0 th\u1ebf n\u00e0o!<\/p>\n<p><b><i>L\u01b0u \u00fd:<\/i><\/b> L\u1ea7n <i>kh\u1edfi ch\u1ea1y \u0111\u1ea7u ti\u00ean y\u00eau c\u1ea7u k\u1ebft n\u1ed1i internet \u0111\u1ec3 t\u1ef1 \u0111\u1ed9ng c\u00e0i \u0111\u1eb7t FFmpeg. Sau \u0111\u00f3, b\u1ed9 chuy\u1ec3n \u0111\u1ed5i c\u00f3 th\u1ec3 ho\u1ea1t \u0111\u1ed9ng m\u00e0 kh\u00f4ng c\u1ea7n k\u1ebft n\u1ed1i m\u1ea1ng.<\/i><\/p>\n<\/div>\n<p>\u0110\u1eebng \u0111\u1ec3 \u0111\u1ecbnh d\u1ea1ng t\u1ec7p gi\u1edbi h\u1ea1n c\u00e1c t\u00f9y ch\u1ecdn c\u1ee7a b\u1ea1n &#8211; chuy\u1ec3n \u0111\u1ed5i, chia s\u1ebb v\u00e0 th\u01b0\u1edfng th\u1ee9c video c\u1ee7a b\u1ea1n v\u1edbi HEVC to MP4 Converter!<\/p>","protected":false},"excerpt":{"rendered":"<p>HEVC sang MP4 Converter: M\u1ed9t gi\u1ea3i ph\u00e1p \u0111\u01a1n gi\u1ea3n cho video c\u1ee7a b\u1ea1n! Chuy\u1ec3n \u0111\u1ed5i HEVC sang MP4 l\u00e0 g\u00ec? HEVC to MP4 Converter l\u00e0 m\u1ed9t \u1ee9ng d\u1ee5ng s\u00e1ng t\u1ea1o \u0111\u01b0\u1ee3c thi\u1ebft k\u1ebf \u0111\u1ec3 nhanh ch\u00f3ng v\u00e0 d\u1ec5 d\u00e0ng chuy\u1ec3n \u0111\u1ed5i c\u00e1c t\u1ec7p video t\u1eeb \u0111\u1ecbnh d\u1ea1ng HEVC (M\u00e3 h\u00f3a video hi\u1ec7u qu\u1ea3 cao, c\u00f2n \u0111\u01b0\u1ee3c g\u1ecdi l\u00e0 H.265) sang \u0111\u1ecbnh d\u1ea1ng MP4 \u0111\u01b0\u1ee3c s\u1eed d\u1ee5ng r\u1ed9ng r\u00e3i. \u0110\u00e2y l\u00e0 gi\u1ea3i ph\u00e1p ho\u00e0n h\u1ea3o cho nh\u1eefng ng\u01b0\u1eddi d\u00f9ng mu\u1ed1n d\u1ec5 d\u00e0ng chia s\u1ebb video c\u1ee7a h\u1ecd tr\u00ean nhi\u1ec1u n\u1ec1n t\u1ea3ng v\u00e0 thi\u1ebft b\u1ecb. \u0110i\u1ec1u n\u00e0y ho\u1ea1t \u0111\u1ed9ng nh\u01b0 th\u1ebf n\u00e0o? Ch\u1ecdn t\u1ec7p: Ch\u1ec9 c\u1ea7n ch\u1ec9 \u0111\u1ecbnh v\u1ecb tr\u00ed t\u1ec7p video [&#8230;]","protected":false},"featured_media":40512,"comment_status":"closed","ping_status":"closed","template":"","meta":[],"pwb-brand":[],"product_cat":[2921],"product_tag":[5393],"class_list":{"0":"post-40511","1":"product","2":"type-product","3":"status-publish","4":"has-post-thumbnail","6":"product_cat-converters-and-encoders","7":"product_tag-da-chuyen-doi","9":"first","10":"instock","11":"shipping-taxable","12":"product-type-simple"},"brands":[],"_links":{"self":[{"href":"https:\/\/azsoft.com\/ja\/wp-json\/wp\/v2\/product\/40511","targetHints":{"allow":["GET"]}}],"collection":[{"href":"https:\/\/azsoft.com\/ja\/wp-json\/wp\/v2\/product"}],"about":[{"href":"https:\/\/azsoft.com\/ja\/wp-json\/wp\/v2\/types\/product"}],"replies":[{"embeddable":true,"href":"https:\/\/azsoft.com\/ja\/wp-json\/wp\/v2\/comments?post=40511"}],"wp:featuredmedia":[{"embeddable":true,"href":"https:\/\/azsoft.com\/ja\/wp-json\/wp\/v2\/media\/40512"}],"wp:attachment":[{"href":"https:\/\/azsoft.com\/ja\/wp-json\/wp\/v2\/media?parent=40511"}],"wp:term":[{"taxonomy":"pwb-brand","embeddable":true,"href":"https:\/\/azsoft.com\/ja\/wp-json\/wp\/v2\/pwb-brand?post=40511"},{"taxonomy":"product_cat","embeddable":true,"href":"https:\/\/azsoft.com\/ja\/wp-json\/wp\/v2\/product_cat?post=40511"},{"taxonomy":"product_tag","embeddable":true,"href":"https:\/\/azsoft.com\/ja\/wp-json\/wp\/v2\/product_tag?post=40511"}],"curies":[{"name":"wp","href":"https:\/\/api.w.org\/{rel}","templated":true}]}}