{"id":39501,"date":"2024-10-11T08:00:42","date_gmt":"2024-10-11T01:00:42","guid":{"rendered":"http:\/\/azsoft.com\/-product-\/uncategorized\/ngon-ngu-nga-bach-khoa-toan-thu-tuong-tac-cho-truong-trung-hoc\/"},"modified":"2024-10-11T08:00:51","modified_gmt":"2024-10-11T01:00:51","slug":"ngon-ngu-nga-bach-khoa-toan-thu-tuong-tac-cho-truong-trung-hoc","status":"publish","type":"product","link":"https:\/\/azsoft.com\/ja\/-product-\/phan-mem\/education-and-science-phan-mem\/for-schoolchildren-grades-5-9\/ngon-ngu-nga-bach-khoa-toan-thu-tuong-tac-cho-truong-trung-hoc\/","title":{"rendered":"\u201cNg\u00f4n ng\u1eef Nga. B\u00e1ch khoa to\u00e0n th\u01b0 t\u01b0\u01a1ng t\u00e1c cho tr\u01b0\u1eddng trung h\u1ecdc\u201d"},"content":{"rendered":"<div class=\"b-product__description_text\">\n<p>\u201cNg\u00f4n ng\u1eef Nga. B\u00e1ch khoa to\u00e0n th\u01b0 t\u01b0\u01a1ng t\u00e1c cho c\u00e1c tr\u01b0\u1eddng trung h\u1ecdc\u201d l\u00e0 m\u1ed9t h\u01b0\u1edbng d\u1eabn \u0111a ph\u01b0\u01a1ng ti\u1ec7n cho ph\u00e9p b\u1ea1n ki\u1ec3m tra ki\u1ebfn th\u1ee9c c\u1ee7a tr\u1ebb, th\u1ef1c h\u00e0nh ch\u00ednh t\u1ea3 v\u00e0 l\u1eb7p l\u1ea1i v\u1edbi b\u00e9 c\u00e1c ch\u1ee7 \u0111\u1ec1 ti\u1ebfng Nga ch\u00ednh \u0111\u01b0\u1ee3c h\u1ecdc \u1edf<\/p>\n<p> l\u1edbp 5-9. <\/p>\n<p>M\u1ed7i ch\u1ee7 \u0111\u1ec1 trong h\u01b0\u1edbng d\u1eabn n\u00e0y \u0111\u01b0\u1ee3c minh h\u1ecda b\u1eb1ng \u00e1p ph\u00edch gi\u1ea3i th\u00edch v\u1edbi c\u00e1c quy t\u1eafc v\u00e0 v\u00ed d\u1ee5.<\/p>\n<p><\/p>\n<p><strong>H\u01b0\u1edbng d\u1eabn s\u1eed d\u1ee5ng ng\u00f4n ng\u1eef ti\u1ebfng Nga t\u01b0\u01a1ng t\u00e1c n\u00e0y c\u00f3 ba ch\u1ebf \u0111\u1ed9 ho\u1ea1t \u0111\u1ed9ng:<\/strong><\/p>\n<p>Ch\u1ebf \u0111\u1ed9 \u201cH\u1ecdc t\u1eadp\u201d<\/p>\n<p>\u0110\u01b0\u1ee3c thi\u1ebft k\u1ebf \u0111\u1ec3 s\u1eed d\u1ee5ng b\u1edfi h\u1ecdc sinh trong qu\u00e1 tr\u00ecnh gi\u00e1o d\u1ee5c. Anh ta ch\u1ecdn m\u1ed9t ch\u1ee7 \u0111\u1ec1 v\u00e0 hu\u1ea5n luy\u1ec7n vi\u00ean t\u1ea1o ra m\u1ed9t nhi\u1ec7m v\u1ee5. Nhi\u1ec7m v\u1ee5 ti\u1ebfp theo v\u1ec1 ch\u1ee7 \u0111\u1ec1 n\u00e0y c\u00f3 th\u1ec3 kh\u00e1c v\u1edbi nhi\u1ec7m v\u1ee5 tr\u01b0\u1edbc (m\u1ed7i ch\u1ee7 \u0111\u1ec1 bao g\u1ed3m v\u00e0i tr\u0103m nhi\u1ec7m v\u1ee5 v\u00e0 m\u00e1y t\u00ednh ch\u1ecdn ch\u00fang m\u1ed9t c\u00e1ch ng\u1eabu nhi\u00ean). Khi s\u1eed d\u1ee5ng ch\u1ebf \u0111\u1ed9 n\u00e0y, h\u1ecdc sinh kh\u00f4ng th\u1ec3 ph\u1ea1m sai l\u1ea7m (gi\u00e1o d\u1ee5c \u0111\u01b0\u1ee3c ti\u1ebfn h\u00e0nh b\u1eb1ng c\u00e1ch tr\u1ef1c ti\u1ebfp \u00e9p \u0111\u1ecdc vi\u1ebft).<\/p>\n<p>Ch\u1ebf \u0111\u1ed9 \u201cT\u1ef1 ki\u1ec3m tra\u201d <\/p>\n<p>c\u0169ng \u0111\u01b0\u1ee3c thi\u1ebft k\u1ebf \u0111\u1ec3 h\u1ecdc sinh s\u1eed d\u1ee5ng trong qu\u00e1 tr\u00ecnh gi\u00e1o d\u1ee5c. N\u00f3 kh\u00e1c v\u1edbi ch\u1ebf \u0111\u1ed9 h\u1ecdc t\u1eadp \u1edf ch\u1ed7 h\u1ecdc sinh \u0111\u01b0\u1ee3c trao quy\u1ec1n ph\u1ea1m sai l\u1ea7m v\u00e0 c\u01a1 h\u1ed9i s\u1eeda ch\u00fang \u0111\u1ec3 ti\u1ebfn h\u00e0nh nhi\u1ec7m v\u1ee5 ti\u1ebfp theo (gi\u00e1o d\u1ee5c \u0111\u01b0\u1ee3c ti\u1ebfn h\u00e0nh b\u1eb1ng c\u00e1ch nh\u1eb9 nh\u00e0ng bu\u1ed9c anh ta ph\u1ea3i bi\u1ebft ch\u1eef).<\/p>\n<p>Ch\u1ebf \u0111\u1ed9 ki\u1ec3m so\u00e1t ki\u1ebfn th\u1ee9c <\/p>\n<p>Trong ch\u1ebf \u0111\u1ed9 n\u00e0y, m\u1ed9t nh\u00f3m g\u1ed3m m\u1ed9t s\u1ed1 nhi\u1ec7m v\u1ee5 \u0111\u01b0\u1ee3c h\u00ecnh th\u00e0nh, vi\u1ec7c ho\u00e0n th\u00e0nh cho ph\u00e9p b\u1ea1n \u0111\u00e1nh gi\u00e1 kh\u00e1ch quan ki\u1ebfn th\u1ee9c c\u1ee7a h\u1ecdc sinh v\u1ec1 ch\u1ee7 \u0111\u1ec1 \u0111\u00e3 ch\u1ecdn (\u0111i\u1ec3m \u0111\u01b0\u1ee3c \u0111\u1eb7t b\u1edfi m\u00e1y t\u00ednh). Ch\u1ebf \u0111\u1ed9 n\u00e0y \u0111\u1eb7c bi\u1ec7t thu\u1eadn ti\u1ec7n \u0111\u1ec3 th\u00fac \u0111\u1ea9y h\u1ecdc sinh ho\u1ea1t \u0111\u1ed9ng v\u1edbi s\u1ef1 hi\u1ec7n di\u1ec7n c\u1ee7a c\u00e1c y\u1ebfu t\u1ed1 th\u00fac \u0111\u1ea9y b\u1ed5 sung.<\/p>\n<\/div>\n<p>Thay \u0111\u1ed5i k\u00edch th\u01b0\u1edbc c\u1ee7a tr\u01b0\u1eddng l\u00e0m vi\u1ec7c c\u1ee7a tr\u00ecnh m\u00f4 ph\u1ecfng gi\u00fap b\u1ea1n c\u00f3 th\u1ec3 s\u1eed d\u1ee5ng n\u00f3 c\u1ea3 tr\u00ean m\u00e1y t\u00ednh th\u00f4ng th\u01b0\u1eddng \u0111\u1ec3 \u0111\u00e0o t\u1ea1o c\u00e1 nh\u00e2n v\u00e0 trong l\u1edbp h\u1ecdc b\u1eb1ng c\u00e1ch s\u1eed d\u1ee5ng b\u1ea3ng tr\u1eafng t\u01b0\u01a1ng t\u00e1c \u0111i\u1ec7n t\u1eed.<\/p>","protected":false},"excerpt":{"rendered":"<p>\u201cNg\u00f4n ng\u1eef Nga. B\u00e1ch khoa to\u00e0n th\u01b0 t\u01b0\u01a1ng t\u00e1c cho c\u00e1c tr\u01b0\u1eddng trung h\u1ecdc\u201d l\u00e0 m\u1ed9t cu\u1ed1n s\u00e1ch h\u01b0\u1edbng d\u1eabn \u0111a ph\u01b0\u01a1ng ti\u1ec7n cho ph\u00e9p b\u1ea1n ki\u1ec3m tra ki\u1ebfn th\u1ee9c c\u1ee7a tr\u1ebb, th\u1ef1c h\u00e0nh ch\u00ednh t\u1ea3 v\u00e0 l\u1eb7p l\u1ea1i v\u1edbi b\u00e9 c\u00e1c ch\u1ee7 \u0111\u1ec1 ch\u00ednh<\/p>\n<p> b\u1eb1ng ti\u1ebfng Nga \u0111\u01b0\u1ee3c h\u1ecdc \u1edf l\u1edbp 5-9.<\/p>","protected":false},"featured_media":39502,"comment_status":"closed","ping_status":"closed","template":"","meta":[],"pwb-brand":[],"product_cat":[2970],"product_tag":[55,3393],"class_list":{"0":"post-39501","1":"product","2":"type-product","3":"status-publish","4":"has-post-thumbnail","6":"product_cat-for-schoolchildren-grades-5-9","7":"product_tag-run","8":"product_tag-tap-doan-marco-polo","10":"first","11":"instock","12":"shipping-taxable","13":"product-type-simple"},"brands":[],"_links":{"self":[{"href":"https:\/\/azsoft.com\/ja\/wp-json\/wp\/v2\/product\/39501","targetHints":{"allow":["GET"]}}],"collection":[{"href":"https:\/\/azsoft.com\/ja\/wp-json\/wp\/v2\/product"}],"about":[{"href":"https:\/\/azsoft.com\/ja\/wp-json\/wp\/v2\/types\/product"}],"replies":[{"embeddable":true,"href":"https:\/\/azsoft.com\/ja\/wp-json\/wp\/v2\/comments?post=39501"}],"wp:featuredmedia":[{"embeddable":true,"href":"https:\/\/azsoft.com\/ja\/wp-json\/wp\/v2\/media\/39502"}],"wp:attachment":[{"href":"https:\/\/azsoft.com\/ja\/wp-json\/wp\/v2\/media?parent=39501"}],"wp:term":[{"taxonomy":"pwb-brand","embeddable":true,"href":"https:\/\/azsoft.com\/ja\/wp-json\/wp\/v2\/pwb-brand?post=39501"},{"taxonomy":"product_cat","embeddable":true,"href":"https:\/\/azsoft.com\/ja\/wp-json\/wp\/v2\/product_cat?post=39501"},{"taxonomy":"product_tag","embeddable":true,"href":"https:\/\/azsoft.com\/ja\/wp-json\/wp\/v2\/product_tag?post=39501"}],"curies":[{"name":"wp","href":"https:\/\/api.w.org\/{rel}","templated":true}]}}