{"id":39051,"date":"2024-09-12T20:15:42","date_gmt":"2024-09-12T13:15:42","guid":{"rendered":"http:\/\/azsoft.com\/-product-\/uncategorized\/cac-quy-tac-toan-hoc-va-bai-tap-lop-5-6\/"},"modified":"2024-09-12T20:15:51","modified_gmt":"2024-09-12T13:15:51","slug":"cac-quy-tac-toan-hoc-va-bai-tap-lop-5-6","status":"publish","type":"product","link":"https:\/\/azsoft.com\/ja\/-product-\/phan-mem\/education-and-science-phan-mem\/for-schoolchildren-grades-5-9\/cac-quy-tac-toan-hoc-va-bai-tap-lop-5-6\/","title":{"rendered":"C\u00e1c quy t\u1eafc to\u00e1n h\u1ecdc v\u00e0 b\u00e0i t\u1eadp. L\u1edbp 5-6"},"content":{"rendered":"<div class=\"b-product__description_text\">\n<p><strong>\u201cC\u00e1c quy t\u1eafc v\u00e0 b\u00e0i t\u1eadp to\u00e1n h\u1ecdc. L\u1edbp 5-6\u201d<\/strong> l\u00e0 m\u1ed9t h\u01b0\u1edbng d\u1eabn t\u01b0\u01a1ng t\u00e1c cho ph\u00e9p b\u1ea1n ki\u1ec3m tra tr\u00ecnh \u0111\u1ed9 ki\u1ebfn th\u1ee9c c\u1ee7a tr\u1ebb, l\u1eb7p l\u1ea1i v\u1edbi tr\u1ebb t\u1ea5t c\u1ea3 c\u00e1c ch\u1ee7 \u0111\u1ec1 to\u00e1n h\u1ecdc \u0111\u01b0\u1ee3c h\u1ecdc \u1edf l\u1edbp 5-6 v\u00e0 th\u1ef1c h\u00e0nh gi\u1ea3i quy\u1ebft t\u1ea5t c\u1ea3 c\u00e1c lo\u1ea1i v\u1ea5n \u0111\u1ec1 v\u00e0 v\u00ed d\u1ee5 g\u1eb7p ph\u1ea3i.<\/p>\n<p><strong>Ch\u1ebf \u0111\u1ed9 ho\u1ea1t \u0111\u1ed9ng:<\/strong><\/p>\n<ul>\n<li><strong><em>Ch\u1ebf \u0111\u1ed9 \u0111\u00e0o t\u1ea1o.<\/em><\/strong> <br \/>\u0110\u01b0\u1ee3c thi\u1ebft k\u1ebf \u0111\u1ec3 s\u1eed d\u1ee5ng b\u1edfi sinh vi\u00ean trong qu\u00e1 tr\u00ecnh gi\u00e1o d\u1ee5c. Anh ta ch\u1ecdn m\u1ed9t ch\u1ee7 \u0111\u1ec1 v\u00e0 hu\u1ea5n luy\u1ec7n vi\u00ean t\u1ea1o ra m\u1ed9t nhi\u1ec7m v\u1ee5. M\u1ed7i nhi\u1ec7m v\u1ee5 ti\u1ebfp theo v\u1ec1 ch\u1ee7 \u0111\u1ec1 n\u00e0y kh\u00e1c v\u1edbi nhi\u1ec7m v\u1ee5 tr\u01b0\u1edbc trong c\u00e1c tham s\u1ed1<\/li>\n<p>. <\/p>\n<li><strong><em>Ch\u1ebf \u0111\u1ed9 l\u00e0m vi\u1ec7c \u0111\u1ed9c l\u1eadp.<\/em><\/strong> <br \/>\u0110\u01b0\u1ee3c thi\u1ebft k\u1ebf \u0111\u1ec3 \u0111\u00e0o t\u1ea1o sinh vi\u00ean gi\u1ea3i quy\u1ebft m\u1ed9t lo\u1ea1t c\u00e1c nhi\u1ec7m v\u1ee5 t\u01b0\u01a1ng t\u1ef1. H\u1ecdc sinh \u0111\u01b0\u1ee3c giao m\u1ed9t ch\u1ee7 \u0111\u1ec1 v\u00e0 m\u1ed9t s\u1ed1 nhi\u1ec7m v\u1ee5, v\u00e0 tr\u00ecnh m\u00f4 ph\u1ecfng t\u1ea1o ra m\u1ed9t lo\u1ea1t c\u00e1c nhi\u1ec7m v\u1ee5 v\u1ec1 ch\u1ee7 \u0111\u1ec1 n\u00e0y. B\u1ea1n kh\u00f4ng th\u1ec3 ti\u1ebfn h\u00e0nh gi\u1ea3i quy\u1ebft nhi\u1ec7m v\u1ee5 ti\u1ebfp theo m\u00e0 kh\u00f4ng gi\u1ea3i quy\u1ebft nhi\u1ec7m v\u1ee5 tr\u01b0\u1edbc \u0111\u00f3 m\u1ed9t c\u00e1ch ch\u00ednh x\u00e1c<\/li>\n<p>. <\/p>\n<li><strong><em>Ch\u1ebf \u0111\u1ed9 \u0111i\u1ec1u khi\u1ec3n.<\/em><\/strong> <br \/>Trong ch\u1ebf \u0111\u1ed9 n\u00e0y, m\u1ed9t nh\u00f3m g\u1ed3m m\u1ed9t s\u1ed1 nhi\u1ec7m v\u1ee5 \u0111\u01b0\u1ee3c h\u00ecnh th\u00e0nh, gi\u1ea3i ph\u00e1p cho ph\u00e9p b\u1ea1n \u0111\u00e1nh gi\u00e1 kh\u00e1ch quan ki\u1ebfn th\u1ee9c h\u1ecdc t\u1eadp v\u1ec1 ch\u1ee7 \u0111\u1ec1 \u0111\u00e3 ch\u1ecdn (\u0111i\u1ec3m s\u1ed1 \u0111\u01b0\u1ee3c \u0111\u1eb7t b\u1edfi m\u00e1y t\u00ednh). Ch\u1ebf \u0111\u1ed9 n\u00e0y \u0111\u1eb7c bi\u1ec7t thu\u1eadn ti\u1ec7n \u0111\u1ec3 th\u00fac \u0111\u1ea9y h\u1ecdc sinh ho\u1ea1t \u0111\u1ed9ng v\u1edbi s\u1ef1 hi\u1ec7n di\u1ec7n c\u1ee7a c\u00e1c y\u1ebfu t\u1ed1 th\u00fac \u0111\u1ea9y b\u1ed5 sung.<\/li>\n<\/ul>\n<\/div>\n<p>Thay \u0111\u1ed5i k\u00edch th\u01b0\u1edbc c\u1ee7a tr\u01b0\u1eddng l\u00e0m vi\u1ec7c c\u1ee7a tr\u00ecnh m\u00f4 ph\u1ecfng gi\u00fap b\u1ea1n c\u00f3 th\u1ec3 s\u1eed d\u1ee5ng n\u00f3 c\u1ea3 tr\u00ean m\u00e1y t\u00ednh th\u00f4ng th\u01b0\u1eddng \u0111\u1ec3 \u0111\u00e0o t\u1ea1o c\u00e1 nh\u00e2n v\u00e0 trong l\u1edbp h\u1ecdc b\u1eb1ng c\u00e1ch s\u1eed d\u1ee5ng b\u1ea3ng tr\u1eafng t\u01b0\u01a1ng t\u00e1c \u0111i\u1ec7n t\u1eed.<\/p>","protected":false},"excerpt":{"rendered":"<p>\u201cC\u00e1c quy t\u1eafc v\u00e0 b\u00e0i t\u1eadp to\u00e1n h\u1ecdc. L\u1edbp 5-6\u201d l\u00e0 m\u1ed9t h\u01b0\u1edbng d\u1eabn t\u01b0\u01a1ng t\u00e1c cho ph\u00e9p b\u1ea1n ki\u1ec3m tra tr\u00ecnh \u0111\u1ed9 ki\u1ebfn th\u1ee9c c\u1ee7a tr\u1ebb, l\u1eb7p l\u1ea1i v\u1edbi b\u00e9 t\u1ea5t c\u1ea3 c\u00e1c ch\u1ee7 \u0111\u1ec1 to\u00e1n h\u1ecdc \u0111\u01b0\u1ee3c h\u1ecdc \u1edf l\u1edbp 5-6 v\u00e0 th\u1ef1c h\u00e0nh gi\u1ea3i quy\u1ebft t\u1ea5t c\u1ea3 c\u00e1c lo\u1ea1i v\u1ea5n \u0111\u1ec1 v\u00e0 v\u00ed d\u1ee5 g\u1eb7p ph\u1ea3i.<\/p>","protected":false},"featured_media":39052,"comment_status":"closed","ping_status":"closed","template":"","meta":[],"pwb-brand":[],"product_cat":[2970],"product_tag":[3393],"class_list":{"0":"post-39051","1":"product","2":"type-product","3":"status-publish","4":"has-post-thumbnail","6":"product_cat-for-schoolchildren-grades-5-9","7":"product_tag-tap-doan-marco-polo","9":"first","10":"instock","11":"shipping-taxable","12":"product-type-simple"},"brands":[],"_links":{"self":[{"href":"https:\/\/azsoft.com\/ja\/wp-json\/wp\/v2\/product\/39051","targetHints":{"allow":["GET"]}}],"collection":[{"href":"https:\/\/azsoft.com\/ja\/wp-json\/wp\/v2\/product"}],"about":[{"href":"https:\/\/azsoft.com\/ja\/wp-json\/wp\/v2\/types\/product"}],"replies":[{"embeddable":true,"href":"https:\/\/azsoft.com\/ja\/wp-json\/wp\/v2\/comments?post=39051"}],"wp:featuredmedia":[{"embeddable":true,"href":"https:\/\/azsoft.com\/ja\/wp-json\/wp\/v2\/media\/39052"}],"wp:attachment":[{"href":"https:\/\/azsoft.com\/ja\/wp-json\/wp\/v2\/media?parent=39051"}],"wp:term":[{"taxonomy":"pwb-brand","embeddable":true,"href":"https:\/\/azsoft.com\/ja\/wp-json\/wp\/v2\/pwb-brand?post=39051"},{"taxonomy":"product_cat","embeddable":true,"href":"https:\/\/azsoft.com\/ja\/wp-json\/wp\/v2\/product_cat?post=39051"},{"taxonomy":"product_tag","embeddable":true,"href":"https:\/\/azsoft.com\/ja\/wp-json\/wp\/v2\/product_tag?post=39051"}],"curies":[{"name":"wp","href":"https:\/\/api.w.org\/{rel}","templated":true}]}}