{"id":38590,"date":"2024-08-24T19:44:15","date_gmt":"2024-08-24T12:44:15","guid":{"rendered":"http:\/\/azsoft.com\/-product-\/uncategorized\/mot-hanh-trinh-am-nhac-qua-nhung-buc-tranh-cua-heinrich-lubman\/"},"modified":"2024-08-24T19:44:25","modified_gmt":"2024-08-24T12:44:25","slug":"mot-hanh-trinh-am-nhac-qua-nhung-buc-tranh-cua-heinrich-lubman","status":"publish","type":"product","link":"https:\/\/azsoft.com\/ja\/-product-\/phan-mem\/e-books\/mot-hanh-trinh-am-nhac-qua-nhung-buc-tranh-cua-heinrich-lubman\/","title":{"rendered":"M\u1ed9t h\u00e0nh tr\u00ecnh \u00e2m nh\u1ea1c qua nh\u1eefng b\u1ee9c tranh c\u1ee7a Heinrich Lubman"},"content":{"rendered":"<div class=\"b-product__description_text\">\n M\u1ed9t h\u00e0nh tr\u00ecnh \u00e2m nh\u1ea1c qua c\u00e1c b\u1ee9c tranh c\u1ee7a Heinrich Lubman l\u00e0 m\u1ed9t b\u1ed9 phim video, trong \u0111\u00f3 b\u1ea1n c\u00f3 th\u1ec3 xem c\u00e1c b\u1ee9c tranh t\u1eeb chuy\u1ebfn \u0111i c\u1ee7a ngh\u1ec7 s\u0129 \u0111\u1ebfn m\u1ed9t s\u1ef1 \u1ee9ng bi\u1ebfn tr\u00ean b\u00e0n ph\u00edm. Tranh v\u1edbi t\u1ea7m nh\u00ecn c\u1ee7a: Altai, Carpathians, Georgia, Armenia, Lithuania, Latvia, Estonia, Belarus, Crimea, Baikal, Urals, T\u00e2y Ban Nha, Ph\u00e1p, \u00dd, H\u00e0 Lan, mi\u1ec1n B\u1eafc Nga, Uzbekistan, Kyrgyzstan, Kazakhstan, Tajikistan, Ukraine, H\u1ed3 Baikal, Valaam, Solovkov, Kizhi, V\u00f9ng Moscow v\u00e0 V\u00e0nh \u0111ai v\u00e0ng c\u1ee7a Nga. B\u1ed9 phim \u1edf \u0111\u1ecbnh d\u1ea1ng avi gi\u00fap b\u1ecf qua c\u00e1c v\u1ea5n \u0111\u1ec1 c\u1ea5p b\u00e1ch, th\u01b0 gi\u00e3n, \u0111\u1ea1t \u0111\u01b0\u1ee3c s\u1ef1 h\u00e0i h\u00f2a v\u00e0 \u0111\u1ea1t \u0111\u01b0\u1ee3c s\u1ef1 h\u00e0i h\u00f2a v\u00e0 V\u00e0nh \u0111ai v\u00e0ng c\u1ee7a Nga. B\u1ed9 phim \u1edf \u0111\u1ecbnh d\u1ea1ng avi gi\u00fap b\u1ecf qua c\u00e1c v\u1ea5n \u0111\u1ec1 c\u1ea5p b\u00e1ch, th\u01b0 gi\u00e3n, \u0111\u1ea1t \u0111\u01b0\u1ee3c s\u1ef1 h\u00e0i h\u00f2a v\u00e0 \u0111\u1ea1t \u0111\u01b0\u1ee3c s\u1ef1 h\u00e0i h\u00f2a v\u00e0 V\u00e0nh \u0111ai v\u00e0ng c\u1ee7a Nga. gi\u1ea3i quy\u1ebft c\u00e1c v\u1ea5n \u0111\u1ec1 ph\u1ee9c t\u1ea1p<\/div>\n<p>. <\/p>\n<p>T\u1ea5t c\u1ea3 nh\u1eefng ng\u01b0\u1eddi t\u1eed t\u1ebf s\u1ebd t\u00ecm th\u1ea5y ni\u1ec1m vui tinh th\u1ea7n, thanh l\u1ecdc v\u00e0 l\u00e0m gi\u00e0u trong th\u1ebf gi\u1edbi ngh\u1ec7 thu\u1eadt, th\u00f4ng qua s\u1ee9c m\u1ea1nh c\u1ee7a h\u1ed9i h\u1ecda v\u00e0 \u00e2m nh\u1ea1c. Th\u01b0\u1edfng th\u1ee9c xem!<\/p>","protected":false},"excerpt":{"rendered":"<p>M\u1ed9t h\u00e0nh tr\u00ecnh \u00e2m nh\u1ea1c qua c\u00e1c b\u1ee9c tranh c\u1ee7a Heinrich Lubman l\u00e0 m\u1ed9t b\u1ed9 phim video, trong \u0111\u00f3 b\u1ea1n c\u00f3 th\u1ec3 xem c\u00e1c b\u1ee9c tranh t\u1eeb chuy\u1ebfn \u0111i c\u1ee7a ngh\u1ec7 s\u0129 \u0111\u1ebfn m\u1ed9t s\u1ef1 \u1ee9ng bi\u1ebfn tr\u00ean b\u00e0n ph\u00edm. Tranh v\u1edbi t\u1ea7m nh\u00ecn c\u1ee7a: Altai, Carpathians, Georgia, Armenia, Lithuania, Latvia, Estonia, Belarus, Crimea, Baikal, Urals, T\u00e2y Ban Nha, Ph\u00e1p, \u00dd, H\u00e0 Lan, mi\u1ec1n B\u1eafc Nga, Uzbekistan, Kyrgyzstan, Kazakhstan, Tajikistan, Ukraine, H\u1ed3 Baikal, Valaam, Solovkov, Kizhi, V\u00f9ng Moscow v\u00e0 V\u00e0nh \u0111ai v\u00e0ng c\u1ee7a Nga. B\u1ed9 phim \u1edf \u0111\u1ecbnh d\u1ea1ng avi gi\u00fap b\u1ecf qua c\u00e1c v\u1ea5n \u0111\u1ec1 c\u1ea5p b\u00e1ch, th\u01b0 gi\u00e3n, \u0111\u1ea1t \u0111\u01b0\u1ee3c s\u1ef1 h\u00e0i h\u00f2a v\u00e0 \u0111\u1ea1t \u0111\u01b0\u1ee3c s\u1ef1 h\u00e0i [&#8230;]","protected":false},"featured_media":38591,"comment_status":"closed","ping_status":"closed","template":"","meta":[],"pwb-brand":[],"product_cat":[3026],"product_tag":[25,3410],"class_list":{"0":"post-38590","1":"product","2":"type-product","3":"status-publish","4":"has-post-thumbnail","6":"product_cat-e-books","7":"product_tag-man","8":"product_tag-truyen-thong-lubman-ru","10":"first","11":"instock","12":"shipping-taxable","13":"product-type-simple"},"brands":[],"_links":{"self":[{"href":"https:\/\/azsoft.com\/ja\/wp-json\/wp\/v2\/product\/38590","targetHints":{"allow":["GET"]}}],"collection":[{"href":"https:\/\/azsoft.com\/ja\/wp-json\/wp\/v2\/product"}],"about":[{"href":"https:\/\/azsoft.com\/ja\/wp-json\/wp\/v2\/types\/product"}],"replies":[{"embeddable":true,"href":"https:\/\/azsoft.com\/ja\/wp-json\/wp\/v2\/comments?post=38590"}],"wp:featuredmedia":[{"embeddable":true,"href":"https:\/\/azsoft.com\/ja\/wp-json\/wp\/v2\/media\/38591"}],"wp:attachment":[{"href":"https:\/\/azsoft.com\/ja\/wp-json\/wp\/v2\/media?parent=38590"}],"wp:term":[{"taxonomy":"pwb-brand","embeddable":true,"href":"https:\/\/azsoft.com\/ja\/wp-json\/wp\/v2\/pwb-brand?post=38590"},{"taxonomy":"product_cat","embeddable":true,"href":"https:\/\/azsoft.com\/ja\/wp-json\/wp\/v2\/product_cat?post=38590"},{"taxonomy":"product_tag","embeddable":true,"href":"https:\/\/azsoft.com\/ja\/wp-json\/wp\/v2\/product_tag?post=38590"}],"curies":[{"name":"wp","href":"https:\/\/api.w.org\/{rel}","templated":true}]}}