{"id":19791,"date":"2024-07-11T10:55:40","date_gmt":"2024-07-11T03:55:40","guid":{"rendered":"http:\/\/azsoft.com\/-product-\/uncategorized\/asp-net-voi-devextreme\/"},"modified":"2024-07-15T12:24:16","modified_gmt":"2024-07-15T05:24:16","slug":"asp-net-voi-devextreme","status":"publish","type":"product","link":"https:\/\/azsoft.com\/ja\/-product-\/phan-mem\/programming-phan-mem\/software-development\/asp-net-voi-devextreme\/","title":{"rendered":"ASP.NET v\u1edbi DevExtreme"},"content":{"rendered":"<div class=\"b-product__description_text\">\n<p>Ph\u1ea7n m\u1ec1m <strong>DevExpress ASP.NET<\/strong> l\u00e0 m\u1ed9t b\u1ed9 g\u1ed3m h\u01a1n 90 th\u00e0nh ph\u1ea7n qu\u1ea3n l\u00fd ASP.NET v\u00e0 th\u01b0 vi\u1ec7n cho m\u00f4i tr\u01b0\u1eddng Visual Studio. C\u00e1c y\u1ebfu t\u1ed1 web \u0111\u01b0\u1ee3c t\u1ed1i \u01b0u h\u00f3a c\u1ee7a DXperience ASP.NET cho ph\u00e9p c\u00e1c nh\u00e0 ph\u00e1t tri\u1ec3n t\u1ea1o ra c\u00e1c<\/p>\n<p> \u1ee9ng d\u1ee5ng linh ho\u1ea1t \u0111\u00e1p \u1ee9ng c\u00e1c th\u00e1ch th\u1ee9c kinh doanh c\u1ee5 th\u1ec3.<\/p>\n<p><strong>Nh\u00f3m th\u00e0nh ph\u1ea7n DevExpress ASP.NET:<\/strong><\/p>\n<ul>\n<li>B\u00e1o <span style=\"font-size: 12.8000001907349px\">c\u00e1o DevExpress<\/span> <span style=\"font-size: 12.8000001907349px\">&#8211;<\/span> <span style=\"font-size: 12.8000001907349px\">c\u00f4ng c\u1ee5 \u0111\u1ec3 qu\u1ea3n l\u00fd b\u00e1o c\u00e1o WYSIWYG, k\u1ebft xu\u1ea5t v\u00e0 in giao di\u1ec7n ng\u01b0\u1eddi d\u00f9ng,<\/span> thi\u1ebft l\u1eadp b\u00e1o c\u00e1o b\u1edfi ng\u01b0\u1eddi d\u00f9ng cu\u1ed1i.<\/li>\n<li>Bi\u1ec3u \u0111\u1ed3 <span style=\"font-size: 12.8000001907349px\">DevExpress <span style=\"font-size: 12.8000001907349px\">&#8211;<\/span> c\u00f4ng<\/span> <span style=\"font-size: 12.8000001907349px\">c\u1ee5 qu\u1ea3n l\u00fd \u0111\u1ec3 x\u00e2y d\u1ef1ng tr\u1ef1c quan h\u00f3a d\u1eef li\u1ec7u d\u01b0\u1edbi d\u1ea1ng bi\u1ec3u \u0111\u1ed3 v\u00e0 bi\u1ec3u \u0111\u1ed3 hai v\u00e0 ba chi\u1ec1u.<\/span><\/li>\n<li><span style=\"font-size: 12.8000001907349px\">DevExpress MVC Extensions<\/span> <span style=\"font-size: 12.8000001907349px\">&#8211;<\/span> <span style=\"font-size: 12.8000001907349px\">h\u01a1n 35 th\u00e0nh ph\u1ea7n qu\u1ea3n l\u00fd MVC, bao g\u1ed3m hi\u1ec3n th\u1ecb d\u01b0\u1edbi d\u1ea1ng b\u1ea3ng, bi\u1ec3u \u0111\u1ed3 v\u00e0 bi\u1ec3u \u0111\u1ed3, b\u00e1o c\u00e1o, tr\u00ecnh ch\u1ec9nh s\u1eeda HTML, \u0111i\u1ec1u h\u01b0\u1edbng v\u00e0 tr\u00ecnh ch\u1ec9nh s\u1eeda<\/span> d\u1eef li\u1ec7u.<\/li>\n<li><span style=\"font-size: 12.8000001907349px\">DevExpress Grid View<\/span> <span style=\"font-size: 12.8000001907349px\">l\u00e0<\/span> m\u1ed9t <span style=\"font-size: 12.8000001907349px\">th\u01b0 vi\u1ec7n to\u00e0n di\u1ec7n g\u1ed3m c\u00e1c b\u1ea3ng t\u00ednh v\u00e0 tr\u00ecnh ch\u1ec9nh s\u1eeda b\u1ea3ng t\u00ednh<\/span>.<\/li>\n<li><span style=\"font-size: 12.8000001907349px\">DevExpress Navigation<\/span> <span style=\"font-size: 12.8000001907349px\">&#8211;<\/span> <span style=\"font-size: 12.8000001907349px\">h\u01a1n 20 th\u00e0nh ph\u1ea7n ASP.NET \u0111\u1ec3<\/span> \u0111i\u1ec1u h\u01b0\u1edbng v\u00e0 hi\u1ec3n th\u1ecb d\u1eef li\u1ec7u.<\/li>\n<li><span style=\"font-size: 12.8000001907349px\">DevExpress Scheduler<\/span> <span style=\"font-size: 12.8000001907349px\">&#8211;<\/span> <span style=\"font-size: 12.8000001907349px\">th\u01b0 vi\u1ec7n c\u1ee7a c\u00e1c b\u1ed9 l\u1eadp l\u1ecbch theo phong c\u00e1ch Microsoft Outlook \u0111\u1ea7y \u0111\u1ee7 ch\u1ee9c n\u0103ng, giao di\u1ec7n ng\u01b0\u1eddi d\u00f9ng s\u1eb5n s\u00e0ng s\u1eed d\u1ee5ng v\u00e0 c\u00e1c t\u00f9y ch\u1ecdn t\u00edch h\u1ee3p \u0111\u1ec3 \u0111\u1ecbnh c\u1ea5u h\u00ecnh c\u00e1c tham s\u1ed1 c\u1ee7a ng\u01b0\u1eddi d\u00f9ng<\/span> cu\u1ed1i.<\/li>\n<li><span style=\"font-size: 12.8000001907349px\">DevExpress HTML Editor <span style=\"font-size: 12.8000001907349px\">\u2014<\/span> c\u00e1c<\/span> <span style=\"font-size: 12.8000001907349px\">th\u00e0nh ph\u1ea7n \u0111\u1ec3 ch\u1ec9nh s\u1eeda<\/span> m\u00e3 HTML.<\/li>\n<li><span style=\"font-size: 12.8000001907349px\">DevExpress Pivot Grid<\/span> <span style=\"font-size: 12.8000001907349px\">l\u00e0<\/span> <span style=\"font-size: 12.8000001907349px\">m\u1ed9t gi\u1ea3i ph\u00e1p to\u00e0n di\u1ec7n \u0111\u1ec3 thu th\u1eadp v\u00e0 ph\u00e2n t\u00edch d\u1eef li\u1ec7u, c\u0169ng nh\u01b0 t\u1ea1o b\u00e1o c\u00e1o tr\u1ef1c quan d\u01b0\u1edbi d\u1ea1ng b\u1ea3ng t\u00f3m t\u1eaft<\/span>.<\/li>\n<li><span style=\"font-size: 12.8000001907349px\">DevExpress TreeList<\/span> <span style=\"font-size: 12.8000001907349px\">&#8211;<\/span> <span style=\"font-size: 12.8000001907349px\">hi\u1ec3n th\u1ecb d\u1eef li\u1ec7u d\u01b0\u1edbi d\u1ea1ng c\u1ea5u tr\u00fac c\u00e2y (cha m\u1eb9 &#8211;<\/span> con).<\/li>\n<li><span style=\"font-size: 12.8000001907349px\">DevExpress Gauges<\/span> <span style=\"font-size: 12.8000001907349px\">&#8211;<\/span> <span style=\"font-size: 12.8000001907349px\">h\u01a1n 150 c\u00e0i \u0111\u1eb7t tr\u01b0\u1edbc cho thang \u0111o tuy\u1ebfn t\u00ednh, tr\u00f2n, k\u1ef9 thu\u1eadt s\u1ed1, ch\u1ec9 b\u00e1o tr\u1ea1ng th\u00e1i, v.v<\/span>.<\/li>\n<li>Tr\u00ecnh ch\u1ec9nh s\u1eeda <span style=\"font-size: 12.8000001907349px\">d\u1eef li\u1ec7u DevExpress<\/span> <span style=\"font-size: 12.8000001907349px\">l\u00e0<\/span> <span style=\"font-size: 12.8000001907349px\">h\u01a1n 20 c\u00f4ng c\u1ee5 ch\u1ec9nh s\u1eeda d\u1eef li\u1ec7u chuy\u00ean nghi\u1ec7p<\/span>.<\/li>\n<li><span style=\"font-size: 12.8000001907349px\">DevExpress Spell Checker<\/span> <span style=\"font-size: 12.8000001907349px\"><span style=\"font-size: 12.8000001907349px\">l\u00e0 tr\u00ecnh<\/span> ki\u1ec3m tra ch\u00ednh t\u1ea3 ki\u1ec3u Microsoft Office.<\/span><\/li>\n<li><span style=\"font-size: 12.8000001907349px\">DevExpress Themes and Skinning<\/span> <span style=\"font-size: 12.8000001907349px\">&#8211;<\/span> <span style=\"font-size: 12.8000001907349px\">c\u00f4ng c\u1ee5 qu\u1ea3n l\u00fd v\u00e0 th\u01b0 vi\u1ec7n ch\u1ee7 \u0111\u1ec1 \u0111\u1ec3 thi\u1ebft k\u1ebf \u1ee9ng d\u1ee5ng tr\u1ef1c quan<\/span>.<\/li>\n<li><span style=\"font-size: 12.8000001907349px\"><span style=\"font-size: 12.8000001907349px\"><span style=\"font-size: 12.8000001907349px\">ExpressPersistent Objects l\u00e0 m\u1ed9t m\u00e0n h\u00ecnh hi\u1ec3n th\u1ecb d\u1eef li\u1ec7u quan h\u1ec7 \u0111\u1ed1i t\u01b0\u1ee3ng trong su\u1ed1t cho c\u00e1c nh\u00e0 ph\u00e1t tri\u1ec3n web.<\/span><\/span><\/span><\/li>\n<\/ul><\/div>","protected":false},"excerpt":{"rendered":"<p>Ph\u1ea7n m\u1ec1m DevExpress ASP.NET l\u00e0 m\u1ed9t b\u1ed9 g\u1ed3m h\u01a1n 90 th\u00e0nh ph\u1ea7n qu\u1ea3n l\u00fd ASP.NET v\u00e0 th\u01b0 vi\u1ec7n cho m\u00f4i tr\u01b0\u1eddng Visual Studio. C\u00e1c y\u1ebfu t\u1ed1 web \u0111\u01b0\u1ee3c t\u1ed1i \u01b0u h\u00f3a c\u1ee7a DXperience ASP.NET cho ph\u00e9p c\u00e1c nh\u00e0 ph\u00e1t tri\u1ec3n t\u1ea1o ra c\u00e1c<\/p>\n<p> \u1ee9ng d\u1ee5ng linh ho\u1ea1t \u0111\u00e1p \u1ee9ng c\u00e1c th\u00e1ch th\u1ee9c kinh doanh c\u1ee5 th\u1ec3.<\/p>","protected":false},"featured_media":19792,"comment_status":"closed","ping_status":"closed","template":"","meta":[],"pwb-brand":[4827],"product_cat":[3005],"product_tag":[3493,3363,3782],"class_list":{"0":"post-19791","1":"product","2":"type-product","3":"status-publish","4":"has-post-thumbnail","6":"pwb-brand-developer-express","7":"product_cat-software-development","8":"product_tag-express","9":"product_tag-extension","10":"product_tag-nha-phat-trien-express","12":"first","13":"instock","14":"shipping-taxable","15":"product-type-simple"},"brands":[{"id":4827,"name":"Developer Express","slug":"developer-express"}],"_links":{"self":[{"href":"https:\/\/azsoft.com\/ja\/wp-json\/wp\/v2\/product\/19791","targetHints":{"allow":["GET"]}}],"collection":[{"href":"https:\/\/azsoft.com\/ja\/wp-json\/wp\/v2\/product"}],"about":[{"href":"https:\/\/azsoft.com\/ja\/wp-json\/wp\/v2\/types\/product"}],"replies":[{"embeddable":true,"href":"https:\/\/azsoft.com\/ja\/wp-json\/wp\/v2\/comments?post=19791"}],"wp:featuredmedia":[{"embeddable":true,"href":"https:\/\/azsoft.com\/ja\/wp-json\/wp\/v2\/media\/19792"}],"wp:attachment":[{"href":"https:\/\/azsoft.com\/ja\/wp-json\/wp\/v2\/media?parent=19791"}],"wp:term":[{"taxonomy":"pwb-brand","embeddable":true,"href":"https:\/\/azsoft.com\/ja\/wp-json\/wp\/v2\/pwb-brand?post=19791"},{"taxonomy":"product_cat","embeddable":true,"href":"https:\/\/azsoft.com\/ja\/wp-json\/wp\/v2\/product_cat?post=19791"},{"taxonomy":"product_tag","embeddable":true,"href":"https:\/\/azsoft.com\/ja\/wp-json\/wp\/v2\/product_tag?post=19791"}],"curies":[{"name":"wp","href":"https:\/\/api.w.org\/{rel}","templated":true}]}}