{"id":18741,"date":"2024-07-11T06:24:31","date_gmt":"2024-07-10T23:24:31","guid":{"rendered":"http:\/\/azsoft.com\/-product-\/uncategorized\/cay-su-song\/"},"modified":"2024-07-15T12:01:53","modified_gmt":"2024-07-15T05:01:53","slug":"cay-su-song","status":"publish","type":"product","link":"https:\/\/azsoft.com\/ja\/-product-\/phan-mem\/hobbies-and-interests\/cay-su-song\/","title":{"rendered":"C\u00e2y s\u1ef1 s\u1ed1ng"},"content":{"rendered":"<div class=\"b-product__description_text\">\n<p><strong>The Tree of Life<\/strong> l\u00e0 m\u1ed9t ch\u01b0\u01a1ng tr\u00ecnh x\u00e2y d\u1ef1ng c\u00e2y ph\u1ea3 h\u1ec7, l\u01b0u tr\u1eef v\u00e0 hi\u1ec3n th\u1ecb th\u00f4ng tin v\u1ec1 ng\u01b0\u1eddi th\u00e2n v\u00e0 c\u00e1c s\u1ef1 ki\u1ec7n trong cu\u1ed9c s\u1ed1ng c\u1ee7a h\u1ecd.<\/p>\n<p><strong>C\u00e1c t\u00ednh n\u0103ng ch\u00ednh:<\/strong><\/p>\n<ul>\n<li>X\u00e2y d\u1ef1ng m\u1ed9t c\u00e2y ph\u1ea3 h\u1ec7 c\u00e1 nh\u00e2n thu\u1ed9c b\u1ea5t k\u1ef3 lo\u1ea1i n\u00e0o (ch\u1ec9 h\u1ecd h\u00e0ng tr\u1ef1c ti\u1ebfp, h\u1ecd h\u00e0ng tr\u1ef1c ti\u1ebfp v\u1edbi anh ch\u1ecb em, h\u1ecd h\u00e0ng huy\u1ebft th\u1ed1ng, t\u1ea5t c\u1ea3 h\u1ecd h\u00e0ng) cho<\/li>\n<p> b\u1ea5t k\u1ef3 ng\u01b0\u1eddi \u0111\u01b0\u1ee3c ch\u1ecdn n\u00e0o. <\/p>\n<li>T\u00ednh t\u00ean c\u1ee7a c\u00e1c m\u1ee9c \u0111\u1ed9 quan h\u1ec7 h\u1ecd h\u00e0ng v\u00e0 hi\u1ec3n th\u1ecb ch\u00fang trong c\u00e2y gia ph\u1ea3.<\/li>\n<li>X\u00e2y d\u1ef1ng m\u1ed9t c\u00e2y ph\u1ea3 h\u1ec7 v\u1edbi h\u00ecnh \u1ea3nh.<\/li>\n<li>Thi\u1ebft l\u1eadp m\u1ed9t h\u00ecnh \u1ea3nh n\u1ec1n cho m\u1ed9t c\u00e1i c\u00e2y.<\/li>\n<li>Hi\u1ec3n th\u1ecb\/\u1ea9n v\u1ee3 ho\u1eb7c ch\u1ed3ng, v\u1ee3 ch\u1ed3ng ly h\u00f4n, con nu\u00f4i v\u00e0 cha m\u1eb9.<\/li>\n<li>T\u00f9y ch\u1ecdn hi\u1ec3n th\u1ecb tr\u00ean c\u00e2y n\u01a1i v\u00e0 ng\u00e0y sinh v\u00e0 \u0111\u00e1m c\u01b0\u1edbi, n\u01a1i c\u01b0 tr\u00fa, ngh\u1ec1 nghi\u1ec7p v\u00e0 c\u00e1c th\u00f4ng tin kh\u00e1c v\u1ec1 ng\u01b0\u1eddi \u0111\u00f3.<\/li>\n<li>T\u00ednh to\u00e1n th\u1ed1ng k\u00ea theo th\u1ebf h\u1ec7 ho\u1eb7c tr\u00ean c\u00e2y: s\u1ed1 ng\u01b0\u1eddi c\u00f2n s\u1ed1ng, nam\/n\u1eef, s\u1ed1 tr\u1ebb trung b\u00ecnh, tu\u1ed5i th\u1ecd trung b\u00ecnh, v.v.<\/li>\n<li>In c\u00e2y ph\u1ea3 h\u1ec7 tr\u00ean m\u00e1y in gia \u0111\u00ecnh A4, sau \u0111\u00f3 d\u00e1n c\u00e1c t\u1edd gi\u1ea5y l\u1ea1i v\u1edbi nhau.<\/li>\n<li>L\u01b0u c\u00e2y \u1edf b\u1ea5t k\u1ef3 t\u1ef7 l\u1ec7 n\u00e0o d\u01b0\u1edbi d\u1ea1ng h\u00ecnh \u1ea3nh PNG ho\u1eb7c SVG (\u0111\u1ecbnh d\u1ea1ng \u0111\u1ed3 h\u1ecda raster v\u00e0 vector), thu\u1eadn ti\u1ec7n cho vi\u1ec7c in v\u00e0 xem tr\u00ean m\u00e0n h\u00ecnh m\u00e1y t\u00ednh.<\/li>\n<li>Cho ph\u00e9p b\u1ea1n t\u1ea1o ra m\u1ed9t ng\u01b0\u1eddi kh\u00f4ng x\u00e1c \u0111\u1ecbnh gi\u1edbi t\u00ednh.<\/li>\n<li>N\u00f3 cho ph\u00e9p b\u1ea1n th\u00eam m\u1ed9t s\u1ed1 \u1ea3nh, \u00e2m thanh, video v\u00e0 b\u1ea5t k\u1ef3 t\u00e0i li\u1ec7u n\u00e0o kh\u00e1c cho m\u1ed9t ng\u01b0\u1eddi.<\/li>\n<li>N\u00f3 ch\u1ee9a m\u1ed9t c\u01a1 ch\u1ebf s\u1ef1 ki\u1ec7n cho ph\u00e9p b\u1ea1n t\u1ea1o ti\u1ec3u s\u1eed ph\u1ee9c t\u1ea1p.<\/li>\n<li>\u00d4ng t\u1ea1o ra nh\u1eefng b\u1ee9c tranh c\u00e2y ph\u1ea3 h\u1ec7 v\u1edbi ti\u1ec3u s\u1eed &#8211; m\u1ed9t c\u01a1 s\u1edf t\u1ed1t cho m\u1ed9t cu\u1ed1n s\u00e1ch v\u1ec1 c\u00e2y ph\u1ea3 h\u1ec7.<\/li>\n<li>N\u00f3 t\u1ef1 \u0111\u1ed9ng nh\u1eafc nh\u1edf b\u1ea1n sao l\u01b0u d\u1eef li\u1ec7u tr\u00ean \u1ed5 \u0111\u0129a ngo\u00e0i \u0111\u1ec3 ng\u0103n m\u1ea5t d\u1eef li\u1ec7u khi m\u00e1y t\u00ednh b\u1ecb h\u1ecfng.<\/li>\n<\/ul>\n<li>N\u00f3 l\u01b0u tr\u1eef t\u1ea5t c\u1ea3 d\u1eef li\u1ec7u \u0111\u1ea7u v\u00e0o ch\u1ec9 c\u1ee5c b\u1ed9, ngh\u0129a l\u00e0 tr\u00ean m\u00e1y t\u00ednh c\u1ee7a ng\u01b0\u1eddi d\u00f9ng, m\u00e0 kh\u00f4ng g\u1eedi ch\u00fang \u0111\u1ebfn Internet.<\/li>\n<p>Ph\u1ea7n m\u1ec1m n\u00e0y r\u1ea5t d\u1ec5 s\u1eed d\u1ee5ng &#8211; ngay c\u1ea3 tr\u1ebb em c\u0169ng c\u00f3 th\u1ec3 s\u1eed d\u1ee5ng n\u00f3. \u0110\u1ed3ng th\u1eddi, Tree of Life c\u00f3 nhi\u1ec1u t\u00ednh n\u0103ng: n\u00f3 t\u1ef1 \u0111\u1ed9ng x\u00e2y d\u1ef1ng c\u00e2y ph\u1ea3 h\u1ec7 cho b\u1ea5t k\u1ef3 ng\u01b0\u1eddi n\u00e0o, ch\u1ee9a c\u01a1 ch\u1ebf s\u1ef1 ki\u1ec7n cho ph\u00e9p b\u1ea1n t\u1ea1o ti\u1ec3u s\u1eed ph\u1ee9c t\u1ea1p, cho ph\u00e9p b\u1ea1n l\u01b0u tr\u1eef v\u0103n b\u1ea3n, \u1ea3nh, \u00e2m thanh v\u00e0 video v\u00e0 c\u00f3 kh\u1ea3 n\u0103ng t\u00ecm ki\u1ebfm, s\u1eafp x\u1ebfp v\u00e0 l\u1ecdc d\u1eef li\u1ec7u v\u00e0<\/p>\n<p> l\u1ea5y s\u1ed1 li\u1ec7u th\u1ed1ng k\u00ea. <\/p>\n<p><strong>Ng\u01b0\u1eddi chi\u1ebfn th\u1eafng Gi\u1ea3i th\u01b0\u1edfng Ph\u1ea7n m\u1ec1m qu\u1ed1c gia c\u1ee7a n\u0103m 2011<\/strong><\/p>\n<\/div>","protected":false},"excerpt":{"rendered":"<p>C\u00e2y s\u1ef1 s\u1ed1ng l\u00e0 m\u1ed9t ch\u01b0\u01a1ng tr\u00ecnh \u0111\u01a1n gi\u1ea3n v\u00e0 ch\u1ee9c n\u0103ng \u0111\u1ec3 x\u00e2y d\u1ef1ng c\u00e2y ph\u1ea3 h\u1ec7 \u0111\u1ea1i di\u1ec7n r\u00f5 r\u00e0ng cho c\u00e1c m\u1ed1i quan h\u1ec7 gia \u0111\u00ecnh, l\u01b0u tr\u1eef v\u00e0 hi\u1ec3n th\u1ecb th\u00f4ng tin v\u1ec1 con ng\u01b0\u1eddi v\u00e0 c\u00e1c s\u1ef1 ki\u1ec7n trong cu\u1ed9c s\u1ed1ng c\u1ee7a h\u1ecd.<\/p>","protected":false},"featured_media":18742,"comment_status":"closed","ping_status":"closed","template":"","meta":[],"pwb-brand":[4690],"product_cat":[3022],"product_tag":[3684,55,3461],"class_list":{"0":"post-18741","1":"product","2":"type-product","3":"status-publish","4":"has-post-thumbnail","6":"pwb-brand-genery-software","7":"product_cat-hobbies-and-interests","8":"product_tag-phan-mem-genery","9":"product_tag-run","10":"product_tag-tot","12":"first","13":"instock","14":"shipping-taxable","15":"product-type-simple"},"brands":[{"id":4690,"name":"Genery Software","slug":"genery-software"}],"_links":{"self":[{"href":"https:\/\/azsoft.com\/ja\/wp-json\/wp\/v2\/product\/18741","targetHints":{"allow":["GET"]}}],"collection":[{"href":"https:\/\/azsoft.com\/ja\/wp-json\/wp\/v2\/product"}],"about":[{"href":"https:\/\/azsoft.com\/ja\/wp-json\/wp\/v2\/types\/product"}],"replies":[{"embeddable":true,"href":"https:\/\/azsoft.com\/ja\/wp-json\/wp\/v2\/comments?post=18741"}],"wp:featuredmedia":[{"embeddable":true,"href":"https:\/\/azsoft.com\/ja\/wp-json\/wp\/v2\/media\/18742"}],"wp:attachment":[{"href":"https:\/\/azsoft.com\/ja\/wp-json\/wp\/v2\/media?parent=18741"}],"wp:term":[{"taxonomy":"pwb-brand","embeddable":true,"href":"https:\/\/azsoft.com\/ja\/wp-json\/wp\/v2\/pwb-brand?post=18741"},{"taxonomy":"product_cat","embeddable":true,"href":"https:\/\/azsoft.com\/ja\/wp-json\/wp\/v2\/product_cat?post=18741"},{"taxonomy":"product_tag","embeddable":true,"href":"https:\/\/azsoft.com\/ja\/wp-json\/wp\/v2\/product_tag?post=18741"}],"curies":[{"name":"wp","href":"https:\/\/api.w.org\/{rel}","templated":true}]}}