{"id":16436,"date":"2024-07-10T22:19:10","date_gmt":"2024-07-10T15:19:10","guid":{"rendered":"http:\/\/azsoft.com\/-product-\/uncategorized\/trinh-ghi-man-hinh-aiseesoft\/"},"modified":"2024-07-15T11:44:25","modified_gmt":"2024-07-15T04:44:25","slug":"trinh-ghi-man-hinh-aiseesoft","status":"publish","type":"product","link":"https:\/\/azsoft.com\/ja\/-product-\/phan-mem\/multimedia\/converters-and-encoders\/trinh-ghi-man-hinh-aiseesoft\/","title":{"rendered":"Tr\u00ecnh ghi m\u00e0n h\u00ecnh Aiseesoft"},"content":{"rendered":"<div class=\"b-product__description_text\">\n<p><strong>Aiseesoft Screen Recorder cho ph\u00e9p b\u1ea1n ghi l\u1ea1i b\u1ea5t k\u1ef3 video n\u00e0o<\/strong> tr\u00ean m\u00e0n h\u00ecnh c\u1ee7a m\u00ecnh m\u1ed9t c\u00e1ch d\u1ec5 d\u00e0ng. B\u1ea1n c\u00f3 th\u1ec3 s\u1eed d\u1ee5ng n\u00f3 \u0111\u1ec3 quay video YouTube tr\u1ef1c tuy\u1ebfn, tr\u00f2 ch\u01a1i, podcast, h\u1ed9i th\u1ea3o tr\u00ean web, b\u00e0i gi\u1ea3ng, thuy\u1ebft tr\u00ecnh, cu\u1ed9c g\u1ecdi Skype, h\u1ed9i ngh\u1ecb tr\u1ef1c tuy\u1ebfn, video webcam, v.v. \u1ede ch\u1ebf \u0111\u1ed9 to\u00e0n m\u00e0n h\u00ecnh ho\u1eb7c \u1edf k\u00edch th\u01b0\u1edbc m\u00e0n h\u00ecnh t\u00f9y ch\u1ec9nh<\/p>\n<p>.<\/p>\n<p>Trong khi ch\u1ee5p m\u00e0n h\u00ecnh, b\u1ea1n c\u00f3 th\u1ec3 l\u00e0m n\u1ed5i b\u1eadt chuy\u1ec3n \u0111\u1ed9ng c\u1ee7a con tr\u1ecf \u0111\u1ec3 d\u1ec5 theo d\u00f5i h\u01a1n. Ngo\u00e0i ra, c\u00f4ng ngh\u1ec7 m\u00e3 h\u00f3a video HD th\u1eddi gian th\u1ef1c \u201cBlue-light\u201d c\u00f3 th\u1ec3 \u0111\u1ea3m b\u1ea3o cho b\u1ea1n ch\u1ea5t l\u01b0\u1ee3ng h\u00ecnh \u1ea3nh v\u00e0 \u00e2m thanh tuy\u1ec7t v\u1eddi. T\u00ednh n\u0103ng ch\u1ee5p c\u1eeda s\u1ed5 kh\u00f3a cho ph\u00e9p b\u1ea1n l\u01b0u ho\u1ea1t \u0111\u1ed9ng ghi \u00e2m trong m\u1ed9t c\u1eeda s\u1ed5 c\u1ee5 th\u1ec3. V\u00ec v\u1eady, vi\u1ec7c ghi m\u00e0n h\u00ecnh kh\u00f4ng can thi\u1ec7p v\u00e0o c\u00e1c ho\u1ea1t \u0111\u1ed9ng kh\u00e1c. Video \u0111\u00e3 quay s\u1ebd \u0111\u01b0\u1ee3c l\u01b0u trong MP4, WMV, MOV, AVI, GIF, TS, v.v. D. \u0110\u1ec3 d\u1ec5 d\u00e0ng ph\u00e1t l\u1ea1i v\u00e0 chia s\u1ebb<\/p>\n<p>.<\/p>\n<p><strong>Ghi \u00e2m tr\u1ef1c tuy\u1ebfn, ph\u00e1t tr\u1ef1c tuy\u1ebfn \u00e2m thanh v\u00e0 gi\u1ecdng n\u00f3i micr\u00f4<\/strong><\/p>\n<p><strong>Aiseesoft Screen Recorder ch\u1ec9 c\u00f3 th\u1ec3 ghi l\u1ea1i \u00e2m thanh b\u00ean trong<\/strong> m\u00e1y t\u00ednh c\u1ee7a b\u1ea1n. T\u00ednh n\u0103ng n\u00e0y cho ph\u00e9p b\u1ea1n ghi l\u1ea1i nhi\u1ec1u \u00e2m nh\u1ea1c, radio ho\u1eb7c \u00e2m thanh tr\u1ef1c tuy\u1ebfn thay v\u00ec t\u1ea3i ch\u00fang xu\u1ed1ng \u1edf \u0111\u1ecbnh d\u1ea1ng MP3, WMA, AAC, M4A, FLAC, Ogg v\u00e0 Opus \u0111\u1ec3 ph\u00e1t l\u1ea1i d\u1ec5 d\u00e0ng. <br \/>Tr\u01b0\u1edbc khi ghi, b\u1ea1n \u0111\u01b0\u1ee3c ph\u00e9p th\u1ef1c hi\u1ec7n b\u1ea3n ghi \u00e2m th\u1eed nghi\u1ec7m \u0111\u1ec3 ghi l\u1ea1i b\u1eb1ng loa v\u00e0 micr\u00f4 \u0111\u1ec3 c\u00f3 tr\u1ea3i nghi\u1ec7m t\u1ed1t h\u01a1n. Ghi \u00e2m thanh ph\u00e1t tr\u1ef1c tuy\u1ebfn: Ghi l\u1ea1i b\u1ea5t k\u1ef3 \u00e2m thanh ph\u00e1t tr\u1ef1c tuy\u1ebfn n\u00e0o t\u1eeb \u00e2m thanh h\u1ec7 th\u1ed1ng \u0111\u1ec3 b\u1ea1n c\u00f3 th\u1ec3 c\u00f3 \u0111\u01b0\u1ee3c ch\u00ednh x\u00e1c ch\u1ea5t l\u01b0\u1ee3ng \u00e2m thanh g\u1ed1c. Ch\u1ee5p \u00e2m thanh tr\u1ef1c tuy\u1ebfn: Tr\u00ecnh l\u1ea5y \u00e2m thanh n\u00e0y c\u00f3 th\u1ec3 l\u01b0u b\u1ea5t k\u1ef3 \u00e2m thanh tr\u1ef1c tuy\u1ebfn n\u00e0o, bao g\u1ed3m b\u1ea3n \u00e2m thanh MV, gi\u1ecdng n\u00f3i trong video \u0111\u00e0o t\u1ea1o v\u00e0 h\u01a1n th\u1ebf n\u1eefa. Ghi \u00e2m gi\u1ecdng n\u00f3i micr\u00f4: Ch\u1ecdn \u00e2m thanh micr\u00f4 v\u00e0 t\u1eaft \u00e2m thanh h\u1ec7 th\u1ed1ng \u0111\u1ec3 th\u00eam l\u1eddi gi\u1ea3i th\u00edch b\u1eb1ng gi\u1ecdng n\u00f3i v\u00e0o<\/p>\n<p> b\u1ea3n tr\u00ecnh b\u00e0y video c\u1ee7a b\u1ea1n.<\/p>\n<p><strong>M\u1ed9t c\u00e1ch d\u1ec5 d\u00e0ng h\u01a1n \u0111\u1ec3 ch\u1ee5p \u1ea3nh<\/strong><\/p>\n<p>\u1ea2nh ch\u1ee5p nhanh l\u00e0 m\u1ed9t c\u00e1ch d\u1ec5 d\u00e0ng v\u00e0 h\u1eefu \u00edch \u0111\u1ec3 nhanh ch\u00f3ng l\u01b0u tr\u1eef th\u00f4ng tin quan tr\u1ecdng. B\u1ea1n c\u00f3 th\u1ec3 s\u1eed d\u1ee5ng n\u00f3 m\u1ed7i ng\u00e0y. Tr\u00ecnh ghi m\u00e0n h\u00ecnh n\u00e0y c\u0169ng c\u00f3 th\u1ec3 ho\u1ea1t \u0111\u1ed9ng nh\u01b0 m\u1ed9t \u1ee9ng d\u1ee5ng ch\u1ee5p nhanh m\u1ea1nh m\u1ebd \u0111\u1ec3 gi\u00fap b\u1ea1n ch\u1ee5p b\u1ea5t c\u1ee9 th\u1ee9 g\u00ec tr\u00ean m\u00e0n h\u00ecnh c\u1ee7a m\u00ecnh v\u00e0 l\u01b0u n\u00f3 d\u01b0\u1edbi d\u1ea1ng h\u00ecnh \u1ea3nh. B\u1ea1n c\u00f3 th\u1ec3 t\u1ef1 do t\u00f9y ch\u1ec9nh khu v\u1ef1c ch\u1ee5p v\u00e0 th\u00eam c\u00e1c th\u1ebb c\u00e1 nh\u00e2n c\u1ee7a m\u00ecnh, ch\u1eb3ng h\u1ea1n nh\u01b0 h\u00ecnh ch\u1eef nh\u1eadt, m\u0169i t\u00ean, d\u00f2ng v\u00e0 v\u0103n b\u1ea3n, v\u00e0o h\u00ecnh \u1ea3nh \u0111\u1ea7u ra. B\u1ea1n c\u00f3 th\u1ec3 l\u01b0u \u1ea3nh ch\u1ee5p nhanh d\u01b0\u1edbi d\u1ea1ng PNG, JPEG, BMP, GIF, TIFF, vv D theo nhu c\u1ea7u c\u1ee7a b\u1ea1n. T\u1ea5t nhi\u00ean, n\u00f3 \u0111i k\u00e8m v\u1edbi c\u00e1c t\u00ednh n\u0103ng ch\u1ec9nh s\u1eeda ch\u00ednh kh\u00e1c \u0111\u1ec3 gi\u00fap b\u1ea1n ch\u1ee5p \u1ea3nh.<\/p>\n<p><strong>Ch\u1ec9nh s\u1eeda b\u1ea3n ghi ho\u1eb7c \u1ea3nh ch\u1ee5p m\u00e0n h\u00ecnh<strong><\/strong><\/strong><\/p>\n<p><\/p>\n<p><strong>Aiseesoft Screen Recorder<\/strong> l\u00e0 m\u1ed9t ch\u01b0\u01a1ng tr\u00ecnh th\u1ef1c s\u1ef1 m\u1ea1nh m\u1ebd \u0111\u1ec3 ghi video\/\u00e2m thanh v\u00e0 ch\u1ee5p \u1ea3nh. N\u00f3 kh\u00f4ng ch\u1ec9 gi\u00fap b\u1ea1n ghi l\u1ea1i m\u00e0n h\u00ecnh, ch\u1ee5p \u00e2m thanh ho\u1eb7c ch\u1ee5p \u1ea3nh, n\u00f3 \u0111i k\u00e8m v\u1edbi r\u1ea5t nhi\u1ec1u t\u00ednh n\u0103ng ch\u1ec9nh s\u1eeda c\u1ea7n thi\u1ebft \u0111\u1ec3 gi\u00fap b\u1ea1n c\u00f3 \u0111\u01b0\u1ee3c t\u1ec7p \u0111\u1ea7u ra \u01b0a th\u00edch c\u1ee7a m\u00ecnh. Ch\u1ec9nh s\u1eeda video trong khi ghi: Th\u00eam m\u0169i t\u00ean, v\u0103n b\u1ea3n, d\u00f2ng, h\u00ecnh ch\u1eef nh\u1eadt, h\u00ecnh elip v\u00e0 h\u01a1n th\u1ebf n\u1eefa trong khi ghi, c\u1eaft video\/\u00e2m thanh \u0111\u00e3 ghi. C\u1eaft t\u1ec7p video ho\u1eb7c \u00e2m thanh \u0111\u00e3 ghi m\u1ed9t c\u00e1ch t\u1ef1 do \u0111\u1ec3 ch\u1ec9 l\u01b0u ph\u1ea7n h\u1eefu \u00edch. <br \/>Ch\u1ec9nh s\u1eeda \u1ea3nh ch\u1ee5p: D\u1ec5 d\u00e0ng \u0111\u1eb7t th\u1ebb c\u00e1 nh\u00e2n c\u1ee7a b\u1ea1n nh\u01b0 m\u0169i t\u00ean m\u1edbi, \u0111\u01b0\u1eddng, v\u0103n b\u1ea3n v\u00e0 nhi\u1ec1u th\u1ee9 kh\u00e1c tr\u00ean \u1ea3nh. C\u00e0i \u0111\u1eb7t kh\u00e1c: \u0110\u1eb7t c\u00e1c ph\u01b0\u01a1ng th\u1ee9c ghi m\u00e0n h\u00ecnh \u0111\u01b0\u1ee3c c\u00e1 nh\u00e2n h\u00f3a h\u01a1n, ph\u00edm n\u00f3ng v\u00e0 c\u00e1c t\u00f9y ch\u1ecdn \u0111\u1ea7u ra kh\u00e1c. \u0110\u1eb7t codec video, ch\u1ea5t l\u01b0\u1ee3ng, t\u1ed1c \u0111\u1ed9 khung h\u00ecnh, ch\u1ea5t l\u01b0\u1ee3ng \u00e2m thanh v\u00e0 h\u01a1n th\u1ebf n\u1eefa<\/p>\n<p>.                <\/p><\/div>","protected":false},"excerpt":{"rendered":"<p><strong>Aiseesoft Screen Recorder cho ph\u00e9p b\u1ea1n ghi l\u1ea1i b\u1ea5t k\u1ef3 video n\u00e0o<\/strong> tr\u00ean m\u00e0n h\u00ecnh c\u1ee7a m\u00ecnh m\u1ed9t c\u00e1ch d\u1ec5 d\u00e0ng. <\/p>\n<p>B\u1ea1n c\u00f3 th\u1ec3 s\u1eed d\u1ee5ng n\u00f3 \u0111\u1ec3 quay video YouTube tr\u1ef1c tuy\u1ebfn, tr\u00f2 ch\u01a1i, podcast, h\u1ed9i th\u1ea3o tr\u00ean web, b\u00e0i gi\u1ea3ng, thuy\u1ebft tr\u00ecnh, cu\u1ed9c g\u1ecdi Skype, h\u1ed9i ngh\u1ecb tr\u1ef1c tuy\u1ebfn, video webcam, v.v. \u1ede ch\u1ebf \u0111\u1ed9 to\u00e0n m\u00e0n h\u00ecnh ho\u1eb7c \u1edf k\u00edch th\u01b0\u1edbc m\u00e0n h\u00ecnh t\u00f9y ch\u1ec9nh.<\/p>","protected":false},"featured_media":16437,"comment_status":"closed","ping_status":"closed","template":"","meta":[],"pwb-brand":[4655],"product_cat":[2921],"product_tag":[3469,3461],"class_list":{"0":"post-16436","1":"product","2":"type-product","3":"status-publish","4":"has-post-thumbnail","6":"pwb-brand-aiseesoft","7":"product_cat-converters-and-encoders","8":"product_tag-aiseesoft","9":"product_tag-tot","11":"first","12":"instock","13":"shipping-taxable","14":"product-type-simple"},"brands":[{"id":4655,"name":"Aiseesoft","slug":"aiseesoft"}],"_links":{"self":[{"href":"https:\/\/azsoft.com\/ja\/wp-json\/wp\/v2\/product\/16436","targetHints":{"allow":["GET"]}}],"collection":[{"href":"https:\/\/azsoft.com\/ja\/wp-json\/wp\/v2\/product"}],"about":[{"href":"https:\/\/azsoft.com\/ja\/wp-json\/wp\/v2\/types\/product"}],"replies":[{"embeddable":true,"href":"https:\/\/azsoft.com\/ja\/wp-json\/wp\/v2\/comments?post=16436"}],"wp:featuredmedia":[{"embeddable":true,"href":"https:\/\/azsoft.com\/ja\/wp-json\/wp\/v2\/media\/16437"}],"wp:attachment":[{"href":"https:\/\/azsoft.com\/ja\/wp-json\/wp\/v2\/media?parent=16436"}],"wp:term":[{"taxonomy":"pwb-brand","embeddable":true,"href":"https:\/\/azsoft.com\/ja\/wp-json\/wp\/v2\/pwb-brand?post=16436"},{"taxonomy":"product_cat","embeddable":true,"href":"https:\/\/azsoft.com\/ja\/wp-json\/wp\/v2\/product_cat?post=16436"},{"taxonomy":"product_tag","embeddable":true,"href":"https:\/\/azsoft.com\/ja\/wp-json\/wp\/v2\/product_tag?post=16436"}],"curies":[{"name":"wp","href":"https:\/\/api.w.org\/{rel}","templated":true}]}}