{"id":10800,"date":"2024-07-08T18:20:11","date_gmt":"2024-07-08T11:20:11","guid":{"rendered":"http:\/\/azsoft.com\/-product-\/uncategorized\/microsoft-outlook-2021\/"},"modified":"2024-07-13T14:12:23","modified_gmt":"2024-07-13T07:12:23","slug":"microsoft-outlook-2021","status":"publish","type":"product","link":"https:\/\/azsoft.com\/ja\/-product-\/phan-mem\/microsoft-outlook-2021\/","title":{"rendered":"Microsoft Outlook 2021"},"content":{"rendered":"<div class=\"b-product__description_text\">\n<p><a name=\"top\"><\/a><a class=\"js-anchor\" style=\"text-decoration: none\" href=\"https:\/\/azsoft.com\/ja\/software\/office-software\/ms-office\/microsoft-outlook-2021-\/#capabilities\">T\u00ednh n\u0103ng\u201d T\u00f9y<\/a> <a class=\"js-anchor\" style=\"text-decoration: none\" href=\"https:\/\/azsoft.com\/ja\/software\/office-software\/ms-office\/microsoft-outlook-2021-\/#buy\">ch\u1ecdn mua h\u00e0ng\u201d<\/a><\/p>\n<p><\/p>\n<p><strong>Microsoft Outlook 2021<\/strong> l\u00e0 phi\u00ean b\u1ea3n m\u1edbi c\u1ee7a \u1ee9ng d\u1ee5ng l\u1ecbch v\u00e0 email ph\u1ed5 bi\u1ebfn. Thi\u1ebft k\u1ebf ng\u1eafn g\u1ecdn v\u00e0 c\u00e1c c\u01a1 ch\u1ebf hi\u1ec7n \u0111\u1ea1i h\u00f3a \u0111\u1ec3 s\u1eafp x\u1ebfp v\u00e0 x\u1eed l\u00fd tin nh\u1eafn cho ph\u00e9p b\u1ea1n ch\u00fa \u00fd nhi\u1ec1u h\u01a1n \u0111\u1ebfn c\u00e1c ch\u1eef c\u00e1i quan tr\u1ecdng v\u00e0 t\u0103ng hi\u1ec7u qu\u1ea3 c\u00f4ng vi\u1ec7c c\u1ee7a b\u1ea1n. B\u00e2y gi\u1edd n\u00f3 d\u1ec5 d\u00e0ng v\u00e0 thu\u1eadn ti\u1ec7n h\u01a1n \u0111\u1ec3 l\u00e0m vi\u1ec7c v\u1edbi email<\/p>\n<p>.<\/p>\n<p>V\u1edbi Outlook, b\u1ea1n s\u1ebd lu\u00f4n gi\u1eef li\u00ean l\u1ea1c. D\u1ecbch v\u1ee5 b\u01b0u ch\u00ednh, c\u00f4ng c\u1ee5 t\u00ecm ki\u1ebfm, m\u1ea1ng c\u00e1 nh\u00e2n, c\u00f4ng ty v\u00e0 x\u00e3 h\u1ed9i v\u00e0 c\u00e1c c\u00f4ng c\u1ee5 giao ti\u1ebfp kh\u00e1c \u0111\u01b0\u1ee3c k\u1ebft h\u1ee3p h\u00e0i h\u00f2a trong m\u1ed9t giao di\u1ec7n. Outlook cung c\u1ea5p b\u1ea3o v\u1ec7 d\u1eef li\u1ec7u su\u1ed1t ng\u00e0y \u0111\u00eam v\u00e0 b\u1ea1n c\u0169ng c\u00f3 th\u1ec3 t\u1ef1 gi\u1eef d\u1eef li\u1ec7u c\u1ee7a m\u00ecnh \u1edf ch\u1ebf \u0111\u1ed9 ri\u00eang t\u01b0<\/p>\n<p>.<\/p>\n<p><a name=\"capabilities\"><\/a>C\u00e1c <a class=\"js-anchor\" style=\"text-decoration: none\" href=\"https:\/\/azsoft.com\/ja\/software\/office-software\/ms-office\/microsoft-outlook-2021-\/#buy\">t\u00f9y ch\u1ecdn mua<\/a> <a class=\"js-anchor\" style=\"text-decoration: none\" href=\"https:\/\/azsoft.com\/ja\/software\/office-software\/ms-office\/microsoft-outlook-2021-\/#top\">h\u00e0ng \u0111\u1ea7u<\/a><\/p>\n<p><\/p>\n<p><strong>C\u00e1c t\u00ednh n\u0103ng c\u1ee7a Microsoft Outlook 2021:<\/strong><\/p>\n<ul>\n<li>S\u1eed d\u1ee5ng <strong>t\u00ecm ki\u1ebfm nhanh<\/strong> \u0111\u1ec3 t\u00ecm email.<\/li>\n<li>N <strong>hanh ch\u00f3ng d\u1ecbch th\u01b0 email<\/strong> sang h\u01a1n 70 ng\u00f4n ng\u1eef v\u00e0 xem b\u1ea3ng \u0111i\u1ec3m ngay trong Outlook.<\/li>\n<li>T\u1ea5t c\u1ea3 <strong>c\u00e1c th\u01b0 t\u1eeb \u0111\u1ebfn \u0111\u01b0\u1ee3c h\u1ec7 th\u1ed1ng h\u00f3a<\/strong> theo c\u00e1c quy t\u1eafc v\u00e0 tham s\u1ed1 do ng\u01b0\u1eddi d\u00f9ng \u0111\u1eb7t ra.<\/li>\n<li>Th\u00eam ghi ch\u00fa v\u00e0o h\u00ecnh \u1ea3nh trong email ho\u1eb7c v\u1ebd tr\u00ean m\u1ed9t khung v\u1ebd ri\u00eang b\u1eb1ng ng\u00f3n tay, b\u00fat ho\u1eb7c chu\u1ed9t.<\/li>\n<li>S\u1eed d\u1ee5ng c\u1eadp nh\u1eadt ph\u01b0\u01a1ng ti\u1ec7n truy\u1ec1n th\u00f4ng ch\u1ee9ng kho\u00e1n.<\/li>\n<li><strong>C\u00e1c c\u00f4ng c\u1ee5 \u0111\u1ec3 nhanh ch\u00f3ng xem<\/strong> chi ti\u1ebft ng\u01b0\u1eddi nh\u1eadn, cu\u1ed9c h\u1eb9n v\u00e0 l\u1ecbch tr\u00ecnh.<\/li>\n<li>M\u1ed9t tr\u01b0\u1eddng nh\u1eadp m\u1edbi cho c\u00e1c gi\u00e1 tr\u1ecb <strong>m\u00e0u<\/strong> th\u1eadp l\u1ee5c ph\u00e2n \u0111\u00e3 \u0111\u01b0\u1ee3c th\u00eam v\u00e0o h\u1ed9p tho\u1ea1i M\u00e0u s\u1eafc.<\/li>\n<li>L\u00e0m vi\u1ec7c v\u1edbi h\u00ecnh \u1ea3nh <strong>SVG<\/strong>.<\/li>\n<li>Thi\u1ebft l\u1eadp t\u00e0i kho\u1ea3n d\u1ec5 d\u00e0ng v\u1edbi kh\u1ea3 n\u0103ng k\u1ebft h\u1ee3p h\u1ed9p th\u01b0, s\u1ed5 \u0111\u1ecba ch\u1ec9 v\u00e0 l\u1ecbch.<\/li>\n<li>Ch\u1ee9c <strong>n\u0103ng hi\u1ec3n th\u1ecb tr\u1ef1c<\/strong> quan kh\u00f4ng gian tr\u1ed1ng trong h\u1ed9p th\u01b0.<\/li>\n<li><strong>Contact Manager<\/strong> cho ph\u00e9p b\u1ea1n qu\u1ea3n l\u00fd c\u00e1c li\u00ean h\u1ec7 v\u00e0 m\u1ed1i quan h\u1ec7 v\u1edbi kh\u00e1ch h\u00e0ng ti\u1ec1m n\u0103ng. N\u00f3 ch\u1ee9a c\u00e1c c\u00f4ng c\u1ee5 ti\u1ebfp th\u1ecb v\u00e0 qu\u1ea3n l\u00fd d\u1ef1 \u00e1n. N\u00f3 cho ph\u00e9p b\u1ea1n k\u1ebft h\u1ee3p v\u00e0 t\u1ef1 \u0111\u1ed9ng h\u00f3a t\u1ea5t c\u1ea3 th\u00f4ng tin kh\u00e1ch h\u00e0ng \u1edf m\u1ed9t n\u01a1i, l\u00e0m vi\u1ec7c v\u1edbi th\u00f4ng tin n\u00e0y c\u00f9ng v\u1edbi \u0111\u1ed3ng nghi\u1ec7p, c\u0169ng nh\u01b0 b\u00ean ngo\u00e0i v\u0103n ph\u00f2ng c\u1ee7a b\u1ea1n<\/li>\n<p>. <\/p>\n<li><strong>L\u01b0u t\u1ea5t c\u1ea3 c\u00e1c t\u1ec7p d\u1ef1 \u00e1n<\/strong>, t\u00e0i li\u1ec7u v\u00e0 th\u01b0 c\u00f9ng nhau trong th\u01b0 m\u1ee5c h\u1ed9p th\u01b0 c\u00f4ng c\u1ed9ng c\u1ee7a trang web. D\u1ec5 d\u00e0ng qu\u1ea3n l\u00fd c\u00e1c m\u1ee5c n\u00e0y khi b\u1ea1n l\u00e0m vi\u1ec7c, s\u1eed d\u1ee5ng c\u00e1c kh\u1ea3 n\u0103ng k\u1ebft h\u1ee3p c\u1ee7a Outlook, SharePoint v\u00e0 Exchange<\/li>\n<p>.<\/ul>\n<li>S\u1eed d\u1ee5ng c\u00e1c <strong>nh\u00f3m trong Outlook 2021<\/strong>, c\u00e1c th\u00e0nh vi\u00ean trong nh\u00f3m c\u00f3 th\u1ec3 ti\u1ebfn h\u00e0nh t\u1eadp trung t\u1ea5t c\u1ea3 c\u00e1c cu\u1ed9c tr\u00f2 chuy\u1ec7n qua email c\u1ee7a h\u1ecd v\u1edbi nh\u1eadt k\u00fd chi ti\u1ebft, t\u1ea1o s\u1ef1 ki\u1ec7n nh\u00f3m, tham gia c\u00e1c nh\u00f3m hi\u1ec7n c\u00f3 v\u00e0 t\u1ea1o c\u00e1c nh\u00f3m m\u1edbi.<\/li>\n<p><a name=\"buy\"><\/a><a class=\"js-anchor\" style=\"text-decoration: none\" href=\"https:\/\/azsoft.com\/ja\/software\/office-software\/ms-office\/microsoft-outlook-2021-\/#top\">L\u00ean tr\u00ean<\/a><\/p>\n<\/p><\/div>","protected":false},"excerpt":{"rendered":"<p>Microsoft Outlook l\u00e0 m\u1ed9t \u1ee9ng d\u1ee5ng email v\u00e0 l\u1ecbch ph\u1ed5 bi\u1ebfn. Thi\u1ebft k\u1ebf ng\u1eafn g\u1ecdn v\u00e0 c\u00e1c c\u01a1 ch\u1ebf hi\u1ec7n \u0111\u1ea1i h\u00f3a \u0111\u1ec3 s\u1eafp x\u1ebfp v\u00e0 x\u1eed l\u00fd tin nh\u1eafn cho ph\u00e9p b\u1ea1n ch\u00fa \u00fd nhi\u1ec1u h\u01a1n \u0111\u1ebfn c\u00e1c ch\u1eef c\u00e1i quan tr\u1ecdng v\u00e0 t\u0103ng hi\u1ec7u qu\u1ea3 c\u00f4ng vi\u1ec7c c\u1ee7a b\u1ea1n. B\u00e2y gi\u1edd n\u00f3 d\u1ec5 d\u00e0ng v\u00e0 thu\u1eadn ti\u1ec7n h\u01a1n \u0111\u1ec3 l\u00e0m vi\u1ec7c v\u1edbi email trong Outlook<\/p>\n<p>.<\/p>","protected":false},"featured_media":10801,"comment_status":"closed","ping_status":"closed","template":"","meta":[],"pwb-brand":[3988],"product_cat":[2836],"product_tag":[25,55],"class_list":{"0":"post-10800","1":"product","2":"type-product","3":"status-publish","4":"has-post-thumbnail","6":"pwb-brand-microsoft","7":"product_cat-phan-mem","8":"product_tag-man","9":"product_tag-run","11":"first","12":"instock","13":"shipping-taxable","14":"product-type-simple"},"brands":[{"id":3988,"name":"Microsoft","slug":"microsoft"}],"_links":{"self":[{"href":"https:\/\/azsoft.com\/ja\/wp-json\/wp\/v2\/product\/10800","targetHints":{"allow":["GET"]}}],"collection":[{"href":"https:\/\/azsoft.com\/ja\/wp-json\/wp\/v2\/product"}],"about":[{"href":"https:\/\/azsoft.com\/ja\/wp-json\/wp\/v2\/types\/product"}],"replies":[{"embeddable":true,"href":"https:\/\/azsoft.com\/ja\/wp-json\/wp\/v2\/comments?post=10800"}],"wp:featuredmedia":[{"embeddable":true,"href":"https:\/\/azsoft.com\/ja\/wp-json\/wp\/v2\/media\/10801"}],"wp:attachment":[{"href":"https:\/\/azsoft.com\/ja\/wp-json\/wp\/v2\/media?parent=10800"}],"wp:term":[{"taxonomy":"pwb-brand","embeddable":true,"href":"https:\/\/azsoft.com\/ja\/wp-json\/wp\/v2\/pwb-brand?post=10800"},{"taxonomy":"product_cat","embeddable":true,"href":"https:\/\/azsoft.com\/ja\/wp-json\/wp\/v2\/product_cat?post=10800"},{"taxonomy":"product_tag","embeddable":true,"href":"https:\/\/azsoft.com\/ja\/wp-json\/wp\/v2\/product_tag?post=10800"}],"curies":[{"name":"wp","href":"https:\/\/api.w.org\/{rel}","templated":true}]}}